{"id":1385,"date":"2024-10-09T16:33:18","date_gmt":"2024-10-09T14:33:18","guid":{"rendered":"https:\/\/eurosalesman.com\/?page_id=1385"},"modified":"2025-02-13T10:33:34","modified_gmt":"2025-02-13T09:33:34","slug":"solution-analytics","status":"publish","type":"page","link":"https:\/\/eurosalesman.com\/de\/solution-analytics\/","title":{"rendered":"Analytik"},"content":{"rendered":"<div data-elementor-type=\"wp-page\" data-elementor-id=\"1385\" class=\"elementor elementor-1385\" data-elementor-post-type=\"page\">\n\t\t\t\t<div class=\"elementor-element elementor-element-42222dd e-con-full e-flex e-con e-parent\" data-id=\"42222dd\" data-element_type=\"container\" data-e-type=\"container\" data-settings=\"{&quot;background_background&quot;:&quot;classic&quot;}\">\n\t\t<div class=\"elementor-element elementor-element-05e17a3 e-flex e-con-boxed e-con e-child\" data-id=\"05e17a3\" data-element_type=\"container\" data-e-type=\"container\">\n\t\t\t\t\t<div class=\"e-con-inner\">\n\t\t\t\t<div class=\"elementor-element elementor-element-97556fa elementor-invisible elementor-widget elementor-widget-heading\" data-id=\"97556fa\" data-element_type=\"widget\" data-e-type=\"widget\" data-settings=\"{&quot;_animation&quot;:&quot;fadeIn&quot;}\" data-widget_type=\"heading.default\">\n\t\t\t\t<div class=\"elementor-widget-container\">\n\t\t\t\t\t<h1 class=\"elementor-heading-title elementor-size-default\">Analytik<\/h1>\t\t\t\t<\/div>\n\t\t\t\t<\/div>\n\t\t\t\t\t<\/div>\n\t\t\t\t<\/div>\n\t\t\t\t<div class=\"elementor-element elementor-element-0db2bf3 elementor-widget__width-initial elementor-absolute elementor-widget-mobile__width-inherit elementor-invisible elementor-widget elementor-widget-image\" data-id=\"0db2bf3\" data-element_type=\"widget\" data-e-type=\"widget\" data-settings=\"{&quot;_position&quot;:&quot;absolute&quot;,&quot;_animation&quot;:&quot;slideInRight&quot;}\" data-widget_type=\"image.default\">\n\t\t\t\t<div class=\"elementor-widget-container\">\n\t\t\t\t\t\t\t\t\t\t\t\t\t\t\t<img fetchpriority=\"high\" decoding=\"async\" width=\"800\" height=\"398\" src=\"https:\/\/eurosalesman.com\/wp-content\/uploads\/dl.beatsnoop.com-3000-0No9QwKcFH-1024x510.jpg\" class=\"attachment-large size-large wp-image-1196\" alt=\"dl.beatsnoop.com-3000-0No9QwKcFH\" srcset=\"https:\/\/eurosalesman.com\/wp-content\/uploads\/dl.beatsnoop.com-3000-0No9QwKcFH-1024x510.jpg 1024w, https:\/\/eurosalesman.com\/wp-content\/uploads\/dl.beatsnoop.com-3000-0No9QwKcFH-512x255.jpg 512w, https:\/\/eurosalesman.com\/wp-content\/uploads\/dl.beatsnoop.com-3000-0No9QwKcFH-256x128.jpg 256w, https:\/\/eurosalesman.com\/wp-content\/uploads\/dl.beatsnoop.com-3000-0No9QwKcFH-768x383.jpg 768w, https:\/\/eurosalesman.com\/wp-content\/uploads\/dl.beatsnoop.com-3000-0No9QwKcFH-1536x765.jpg 1536w, https:\/\/eurosalesman.com\/wp-content\/uploads\/dl.beatsnoop.com-3000-0No9QwKcFH-2048x1020.jpg 2048w\" sizes=\"(max-width: 800px) 100vw, 800px\" \/>\t\t\t\t\t\t\t\t\t\t\t\t\t\t\t<\/div>\n\t\t\t\t<\/div>\n\t\t\t\t<\/div>\n\t\t<div class=\"elementor-element elementor-element-08d0e0a e-flex e-con-boxed e-con e-parent\" data-id=\"08d0e0a\" data-element_type=\"container\" data-e-type=\"container\">\n\t\t\t\t\t<div class=\"e-con-inner\">\n\t\t\t\t<div class=\"elementor-element elementor-element-dc575f0 elementor-widget elementor-widget-theme-post-excerpt\" data-id=\"dc575f0\" data-element_type=\"widget\" data-e-type=\"widget\" data-widget_type=\"theme-post-excerpt.default\">\n\t\t\t\t<div class=\"elementor-widget-container\">\n\t\t\t\t\tBei Eurosalesman glauben wir, dass Wissen Macht ist. Aus diesem Grund nutzen wir Google Analytics, um umfassende Einblicke in die Leistung der auf unserer Plattform erstellten Anzeigen zu erhalten. Durch die Nutzung dieses leistungsstarken Tools bieten wir unseren Kunden detaillierte, umsetzbare Daten, die die Entscheidungsfindung verbessern, Marketingstrategien optimieren und die Kapitalrendite maximieren.\t\t\t\t<\/div>\n\t\t\t\t<\/div>\n\t\t\t\t<div class=\"elementor-element elementor-element-64e3296 elementor-widget-divider--view-line elementor-widget elementor-widget-divider\" data-id=\"64e3296\" data-element_type=\"widget\" data-e-type=\"widget\" data-widget_type=\"divider.default\">\n\t\t\t\t<div class=\"elementor-widget-container\">\n\t\t\t\t\t\t\t<div class=\"elementor-divider\">\n\t\t\t<span class=\"elementor-divider-separator\">\n\t\t\t\t\t\t<\/span>\n\t\t<\/div>\n\t\t\t\t\t\t<\/div>\n\t\t\t\t<\/div>\n\t\t\t\t\t<\/div>\n\t\t\t\t<\/div>\n\t\t<div class=\"elementor-element elementor-element-25b29c9 e-flex e-con-boxed e-con e-parent\" data-id=\"25b29c9\" data-element_type=\"container\" data-e-type=\"container\">\n\t\t\t\t\t<div class=\"e-con-inner\">\n\t\t\t\t<div class=\"elementor-element elementor-element-31f8ca4 elementor-widget elementor-widget-heading\" data-id=\"31f8ca4\" data-element_type=\"widget\" data-e-type=\"widget\" data-widget_type=\"heading.default\">\n\t\t\t\t<div class=\"elementor-widget-container\">\n\t\t\t\t\t<h2 class=\"elementor-heading-title elementor-size-default\">Maximieren Sie Ihre Werbewirkung mit Google Analytics &amp; Eurosalesman\u00ae\n<\/h2>\t\t\t\t<\/div>\n\t\t\t\t<\/div>\n\t\t\t\t<div class=\"elementor-element elementor-element-d331778 elementor-widget elementor-widget-text-editor\" data-id=\"d331778\" data-element_type=\"widget\" data-e-type=\"widget\" data-widget_type=\"text-editor.default\">\n\t\t\t\t<div class=\"elementor-widget-container\">\n\t\t\t\t\t\t\t\t\t\n<h3>Warum<strong> Google Analytics?<\/strong><\/h3>\n<p>Google Analytics ist die weltweit f\u00fchrende <strong>Webanalysedienst<\/strong>die Unternehmen mit <strong>ausf\u00fchrliche Berichte<\/strong> \u00fcber ihr Publikum, ihre Traffic-Quellen und ihre Konversionsleistung. So geht's <strong>Die Integration von Eurosalesman\u00ae in Google Analytics kommt Ihren Werbekampagnen zugute:<\/strong><\/p>\n<h4><br \/>Detaillierte Publikumseinblicke<\/h4>\n<p>Erhalten Sie eine <strong>ein klares Bild davon, wer Ihre Kunden sind<\/strong>, woher sie kommen und wie sie mit Ihren Anzeigen interagieren. <strong>Google Analytics liefert demografische und geografische Daten<\/strong>und erm\u00f6glicht es Ihnen <strong>Verfeinern Sie Ihr Messaging<\/strong> f\u00fcr bestimmte Zielgruppen und maximieren das Engagement.<\/p>\n<h4><strong><br \/><\/strong>Datenverfolgung in Echtzeit<\/h4>\n<p>\u00dcberwachen Sie die <strong>Leistung Ihrer Anzeigen sofort<\/strong>. Berichte in Echtzeit helfen Ihnen <strong>Kampagnen im laufenden Betrieb anpassen<\/strong>Dadurch wird sichergestellt, dass Ihre Werbegelder immer dort ausgegeben werden, wo sie die gr\u00f6\u00dfte Wirkung erzielen.<\/p>\n<h4><strong><br \/><\/strong>Umfassende Verkehrsanalyse<\/h4>\n<p>Identifizieren Sie <strong>welche Verkehrsquellen die meisten Besucher anziehen<\/strong> auf Ihre Anzeigen - egal, ob sie von <strong>organische Suche, soziale Medien, direkter Verkehr oder Empfehlungsseiten<\/strong>. Dieser Einblick hilft Unternehmen <strong>in leistungsf\u00e4hige Kan\u00e4le investieren<\/strong> und ihre Budgets effizienter zu verteilen.<\/p>\n<h4><br \/>Conversion Tracking &amp; Zielmessung<\/h4>\n<p>Was messen <strong>wirklich wichtig<\/strong>-Verk\u00e4ufe, Anmeldungen, Anfragen oder jede andere wichtige Aktion. Google Analytics hilft bei der Verfolgung <strong>wie gut Ihre Anzeigen Besucher in Kunden verwandeln<\/strong>und erm\u00f6glicht es Ihnen <strong>Verfeinerung Ihrer Strategien f\u00fcr maximale Wirkung<\/strong>.<\/p>\n<h4><strong><br \/><\/strong>Verhaltensanalysen f\u00fcr verbessertes Engagement<\/h4>\n<p>Verstehen Sie <strong>wie Nutzer auf Ihrer Website navigieren<\/strong> und mit Ihren Inhalten interagieren. Durch die Analyse von <strong>Metriken zu Nutzerstr\u00f6men und Engagement<\/strong>k\u00f6nnen Sie Landing Pages und Werbematerialien optimieren, um <strong>Konversionen steigern und Absprungraten senken<\/strong>.<\/p>\n<h4><strong><br \/><\/strong>Benutzerdefinierte Berichte und Dashboards<\/h4>\n<p>Schneider <strong>Analyse-Dashboards<\/strong> an Ihre gesch\u00e4ftlichen Anforderungen anpassen. Mit Google Analytics k\u00f6nnen Sie <strong>benutzerdefinierte Berichte erstellen<\/strong> die sich auf <strong>wichtige Leistungsindikatoren (KPIs)<\/strong> relevant f\u00fcr Ihre Kampagnen, was die Datenanalyse <strong>schnell und umsetzbar<\/strong>.<\/p>\n\t\t\t\t\t\t\t\t<\/div>\n\t\t\t\t<\/div>\n\t\t\t\t<div class=\"elementor-element elementor-element-186ba9f elementor-widget elementor-widget-image\" data-id=\"186ba9f\" data-element_type=\"widget\" data-e-type=\"widget\" data-widget_type=\"image.default\">\n\t\t\t\t<div class=\"elementor-widget-container\">\n\t\t\t\t\t\t\t\t\t\t\t\t\t\t\t<img decoding=\"async\" width=\"2457\" height=\"1566\" src=\"https:\/\/eurosalesman.com\/wp-content\/uploads\/dl.beatsnoop.com-3000-nVdOcX1YhR.jpg\" class=\"attachment-full size-full wp-image-1202\" alt=\"dl.beatsnoop.com-3000-nVdOcX1YhR\" srcset=\"https:\/\/eurosalesman.com\/wp-content\/uploads\/dl.beatsnoop.com-3000-nVdOcX1YhR.jpg 2457w, https:\/\/eurosalesman.com\/wp-content\/uploads\/dl.beatsnoop.com-3000-nVdOcX1YhR-512x326.jpg 512w, https:\/\/eurosalesman.com\/wp-content\/uploads\/dl.beatsnoop.com-3000-nVdOcX1YhR-1024x653.jpg 1024w, https:\/\/eurosalesman.com\/wp-content\/uploads\/dl.beatsnoop.com-3000-nVdOcX1YhR-256x163.jpg 256w, https:\/\/eurosalesman.com\/wp-content\/uploads\/dl.beatsnoop.com-3000-nVdOcX1YhR-768x489.jpg 768w, https:\/\/eurosalesman.com\/wp-content\/uploads\/dl.beatsnoop.com-3000-nVdOcX1YhR-1536x979.jpg 1536w, https:\/\/eurosalesman.com\/wp-content\/uploads\/dl.beatsnoop.com-3000-nVdOcX1YhR-2048x1305.jpg 2048w\" sizes=\"(max-width: 2457px) 100vw, 2457px\" \/>\t\t\t\t\t\t\t\t\t\t\t\t\t\t\t<\/div>\n\t\t\t\t<\/div>\n\t\t\t\t<div class=\"elementor-element elementor-element-a9e834c elementor-widget elementor-widget-text-editor\" data-id=\"a9e834c\" data-element_type=\"widget\" data-e-type=\"widget\" data-widget_type=\"text-editor.default\">\n\t\t\t\t<div class=\"elementor-widget-container\">\n\t\t\t\t\t\t\t\t\t<h3>Kombination von Analytik und Marktzugang: Ein m\u00e4chtiger Vorteil<\/h3>\n<h4>\u00a0<\/h4>\n<h4>Gezielte Werbung in \u00fcber 70 globalen M\u00e4rkten<\/h4>\n<p>Mit Google Analytics k\u00f6nnen Unternehmen <strong>gezielte Werbung mit Pr\u00e4zision<\/strong>. Der Zugang von Eurosalesman\u00ae zu <strong>Nationale Marktdom\u00e4nen (ccTLDs)<\/strong> gew\u00e4hrleistet, dass die Unternehmen <strong>Kunden in bestimmten Regionen mit lokal optimierten Strategien erreichen<\/strong>.<\/p>\n<h4><br \/>Lokalisierte Kampagnen-Strategien<\/h4>\n<p>Unterschiedliche M\u00e4rkte <strong>unterschiedlich reagieren<\/strong> zur Werbung. Google Analytics offenbart <strong>wie Kunden mit Ihren Anzeigen in verschiedenen Regionen umgehen<\/strong>und erm\u00f6glicht es Ihnen,:<\/p>\n<ul>\n<li><strong>Anpassen der Nachrichten\u00fcbermittlung<\/strong> f\u00fcr unterschiedliche kulturelle Pr\u00e4ferenzen<\/li>\n<li><strong>Optimieren von Werbemitteln<\/strong> auf Grund <strong>regionale Engagement-Trends<\/strong><\/li>\n<li><strong>Konversionen erh\u00f6hen<\/strong> durch ma\u00dfgeschneiderte Angebote f\u00fcr lokale Zielgruppen<\/li>\n<\/ul>\n<p>Ob Sie nun Werbung in <strong>New York, Paris, Tokio, Lagos oder Sydney<\/strong>Eurosalesman\u00ae stellt sicher, dass Ihre Anzeigen <strong>Kontakte zu den richtigen Personen auf den richtigen M\u00e4rkten<\/strong>.<\/p>\n<h4><br \/>Kontinuierliche Optimierung f\u00fcr maximalen ROI<\/h4>\n<p>Verwenden Sie <strong>A\/B-Tests, regionale Vergleiche und Engagement-Metriken<\/strong> um Ihre Werbestrategie zu verfeinern. Durch die Kombination <strong>Einblicke in Google Analytics mit dem Marktzugang von Eurosalesman\u00ae<\/strong>k\u00f6nnen Unternehmen:<\/p>\n<ul>\n<li><strong>Testen Sie mehrere Anzeigenvarianten, um den besten Inhalt zu finden<\/strong><\/li>\n<li><strong>Anpassung von Kampagnen auf der Grundlage von Erkenntnissen \u00fcber regionale Daten<\/strong><\/li>\n<li><strong>Optimieren Sie f\u00fcr mehr Engagement, niedrigere Kosten und h\u00f6here Ums\u00e4tze<\/strong><\/li>\n<\/ul>\n<h4><br \/>Datengest\u00fctzte Entscheidungsfindung<\/h4>\n<p>Machen Sie <strong>strategische, datengest\u00fctzte Marketingentscheidungen<\/strong> mit Google Analytics. Mit <strong>detaillierte Leistungseinblicke<\/strong>k\u00f6nnen Sie:<\/p>\n<ul>\n<li><strong>Effizientere Zuweisung von Werbebudgets<\/strong><\/li>\n<li><strong>In leistungsstarke M\u00e4rkte investieren<\/strong><\/li>\n<li><strong>Identifizierung ungenutzter Expansionsm\u00f6glichkeiten<\/strong><\/li>\n<\/ul>\n<p><!-- \/wp:paragraph --><\/p>\t\t\t\t\t\t\t\t<\/div>\n\t\t\t\t<\/div>\n\t\t\t\t\t<\/div>\n\t\t\t\t<\/div>\n\t\t<div class=\"elementor-element elementor-element-0b1f324 e-con-full e-flex e-con e-parent\" data-id=\"0b1f324\" data-element_type=\"container\" data-e-type=\"container\" data-settings=\"{&quot;background_background&quot;:&quot;classic&quot;}\">\n\t\t<div class=\"elementor-element elementor-element-e19bc2b e-con-full e-flex e-con e-child\" data-id=\"e19bc2b\" data-element_type=\"container\" data-e-type=\"container\">\n\t\t\t\t<div class=\"elementor-element elementor-element-446f235 elementor-invisible elementor-widget elementor-widget-heading\" data-id=\"446f235\" data-element_type=\"widget\" data-e-type=\"widget\" data-settings=\"{&quot;_animation&quot;:&quot;fadeIn&quot;}\" data-widget_type=\"heading.default\">\n\t\t\t\t<div class=\"elementor-widget-container\">\n\t\t\t\t\t<h2 class=\"elementor-heading-title elementor-size-default\">M\u00f6chten Sie Ihr Gesch\u00e4ft heute ankurbeln?<\/h2>\t\t\t\t<\/div>\n\t\t\t\t<\/div>\n\t\t\t\t<div class=\"elementor-element elementor-element-3c8c550 elementor-invisible elementor-widget elementor-widget-text-editor\" data-id=\"3c8c550\" data-element_type=\"widget\" data-e-type=\"widget\" data-settings=\"{&quot;_animation&quot;:&quot;fadeIn&quot;,&quot;_animation_delay&quot;:300}\" data-widget_type=\"text-editor.default\">\n\t\t\t\t<div class=\"elementor-widget-container\">\n\t\t\t\t\t\t\t\t\t<p>Setzen Sie sich noch heute mit uns in Verbindung, um mehr dar\u00fcber zu erfahren, wie wir Ihnen helfen k\u00f6nnen, Ihre Marketingziele mit Pr\u00e4zision und Vertrauen zu erreichen.<\/p>\t\t\t\t\t\t\t\t<\/div>\n\t\t\t\t<\/div>\n\t\t\t\t<div class=\"elementor-element elementor-element-efbfb9a elementor-align-justify elementor-widget__width-initial elementor-invisible elementor-widget elementor-widget-button\" data-id=\"efbfb9a\" data-element_type=\"widget\" data-e-type=\"widget\" data-settings=\"{&quot;_animation&quot;:&quot;fadeIn&quot;,&quot;_animation_delay&quot;:600}\" data-widget_type=\"button.default\">\n\t\t\t\t<div class=\"elementor-widget-container\">\n\t\t\t\t\t\t\t\t\t<div class=\"elementor-button-wrapper\">\n\t\t\t\t\t<a class=\"elementor-button elementor-button-link elementor-size-sm\" href=\"https:\/\/eurosalesman.com\/de\/about\/contact\/\">\n\t\t\t\t\t\t<span class=\"elementor-button-content-wrapper\">\n\t\t\t\t\t\t\t\t\t<span class=\"elementor-button-text\">Kontaktieren Sie uns<\/span>\n\t\t\t\t\t<\/span>\n\t\t\t\t\t<\/a>\n\t\t\t\t<\/div>\n\t\t\t\t\t\t\t\t<\/div>\n\t\t\t\t<\/div>\n\t\t\t\t<\/div>\n\t\t<div class=\"elementor-element elementor-element-cea26a3 e-con-full e-flex e-con e-child\" data-id=\"cea26a3\" data-element_type=\"container\" data-e-type=\"container\" data-settings=\"{&quot;background_background&quot;:&quot;classic&quot;}\">\n\t\t\t\t<\/div>\n\t\t\t\t<\/div>\n\t\t\t\t<\/div>","protected":false},"excerpt":{"rendered":"<p>Bei Eurosalesman glauben wir, dass Wissen Macht ist. Aus diesem Grund nutzen wir Google Analytics, um umfassende Einblicke in die Leistung der auf unserer Plattform erstellten Anzeigen zu erhalten. Durch die Nutzung dieses leistungsstarken Tools bieten wir unseren Kunden detaillierte, umsetzbare Daten, die die Entscheidungsfindung verbessern, Marketingstrategien optimieren und die Kapitalrendite maximieren.<\/p>","protected":false},"author":3,"featured_media":0,"parent":0,"menu_order":0,"comment_status":"closed","ping_status":"closed","template":"","meta":{"_seopress_robots_primary_cat":"","_seopress_titles_title":"","_seopress_titles_desc":"","_seopress_robots_index":"","footnotes":""},"class_list":["post-1385","page","type-page","status-publish","hentry"],"_links":{"self":[{"href":"https:\/\/eurosalesman.com\/de\/wp-json\/wp\/v2\/pages\/1385","targetHints":{"allow":["GET"]}}],"collection":[{"href":"https:\/\/eurosalesman.com\/de\/wp-json\/wp\/v2\/pages"}],"about":[{"href":"https:\/\/eurosalesman.com\/de\/wp-json\/wp\/v2\/types\/page"}],"author":[{"embeddable":true,"href":"https:\/\/eurosalesman.com\/de\/wp-json\/wp\/v2\/users\/3"}],"replies":[{"embeddable":true,"href":"https:\/\/eurosalesman.com\/de\/wp-json\/wp\/v2\/comments?post=1385"}],"version-history":[{"count":13,"href":"https:\/\/eurosalesman.com\/de\/wp-json\/wp\/v2\/pages\/1385\/revisions"}],"predecessor-version":[{"id":1859,"href":"https:\/\/eurosalesman.com\/de\/wp-json\/wp\/v2\/pages\/1385\/revisions\/1859"}],"wp:attachment":[{"href":"https:\/\/eurosalesman.com\/de\/wp-json\/wp\/v2\/media?parent=1385"}],"curies":[{"name":"wp","href":"https:\/\/api.w.org\/{rel}","templated":true}]}}