{"id":1397,"date":"2024-10-09T16:38:34","date_gmt":"2024-10-09T14:38:34","guid":{"rendered":"https:\/\/eurosalesman.com\/?page_id=1397"},"modified":"2024-11-21T14:23:12","modified_gmt":"2024-11-21T13:23:12","slug":"ai","status":"publish","type":"page","link":"https:\/\/eurosalesman.com\/de\/ai\/","title":{"rendered":"AI"},"content":{"rendered":"<div data-elementor-type=\"wp-page\" data-elementor-id=\"1397\" class=\"elementor elementor-1397\" data-elementor-post-type=\"page\">\n\t\t\t\t<div class=\"elementor-element elementor-element-08918d0 e-con-full e-flex e-con e-parent\" data-id=\"08918d0\" data-element_type=\"container\" data-e-type=\"container\" data-settings=\"{&quot;background_background&quot;:&quot;classic&quot;}\">\n\t\t<div class=\"elementor-element elementor-element-a0d0aec e-flex e-con-boxed e-con e-child\" data-id=\"a0d0aec\" data-element_type=\"container\" data-e-type=\"container\">\n\t\t\t\t\t<div class=\"e-con-inner\">\n\t\t\t\t<div class=\"elementor-element elementor-element-8015925 elementor-invisible elementor-widget elementor-widget-heading\" data-id=\"8015925\" data-element_type=\"widget\" data-e-type=\"widget\" data-settings=\"{&quot;_animation&quot;:&quot;fadeIn&quot;}\" data-widget_type=\"heading.default\">\n\t\t\t\t<div class=\"elementor-widget-container\">\n\t\t\t\t\t<h1 class=\"elementor-heading-title elementor-size-default\">AI<\/h1>\t\t\t\t<\/div>\n\t\t\t\t<\/div>\n\t\t\t\t\t<\/div>\n\t\t\t\t<\/div>\n\t\t\t\t<div class=\"elementor-element elementor-element-94d5b96 elementor-widget__width-initial elementor-absolute elementor-widget-mobile__width-inherit elementor-invisible elementor-widget elementor-widget-image\" data-id=\"94d5b96\" data-element_type=\"widget\" data-e-type=\"widget\" data-settings=\"{&quot;_position&quot;:&quot;absolute&quot;,&quot;_animation&quot;:&quot;slideInRight&quot;}\" data-widget_type=\"image.default\">\n\t\t\t\t<div class=\"elementor-widget-container\">\n\t\t\t\t\t\t\t\t\t\t\t\t\t\t\t<img fetchpriority=\"high\" decoding=\"async\" width=\"800\" height=\"427\" src=\"https:\/\/eurosalesman.com\/wp-content\/uploads\/dl.beatsnoop.com-3000-msjnWEStYO-1024x546.jpg\" class=\"attachment-large size-large wp-image-1200\" alt=\"dl.beatsnoop.com-3000-msjnWEStYO\" srcset=\"https:\/\/eurosalesman.com\/wp-content\/uploads\/dl.beatsnoop.com-3000-msjnWEStYO-1024x546.jpg 1024w, https:\/\/eurosalesman.com\/wp-content\/uploads\/dl.beatsnoop.com-3000-msjnWEStYO-512x273.jpg 512w, https:\/\/eurosalesman.com\/wp-content\/uploads\/dl.beatsnoop.com-3000-msjnWEStYO-256x136.jpg 256w, https:\/\/eurosalesman.com\/wp-content\/uploads\/dl.beatsnoop.com-3000-msjnWEStYO-768x409.jpg 768w, https:\/\/eurosalesman.com\/wp-content\/uploads\/dl.beatsnoop.com-3000-msjnWEStYO-1536x819.jpg 1536w, https:\/\/eurosalesman.com\/wp-content\/uploads\/dl.beatsnoop.com-3000-msjnWEStYO-2048x1092.jpg 2048w\" sizes=\"(max-width: 800px) 100vw, 800px\" \/>\t\t\t\t\t\t\t\t\t\t\t\t\t\t\t<\/div>\n\t\t\t\t<\/div>\n\t\t\t\t<\/div>\n\t\t<div class=\"elementor-element elementor-element-7a0614e e-flex e-con-boxed e-con e-parent\" data-id=\"7a0614e\" data-element_type=\"container\" data-e-type=\"container\">\n\t\t\t\t\t<div class=\"e-con-inner\">\n\t\t\t\t<div class=\"elementor-element elementor-element-3b41e9b elementor-widget elementor-widget-theme-post-excerpt\" data-id=\"3b41e9b\" data-element_type=\"widget\" data-e-type=\"widget\" data-widget_type=\"theme-post-excerpt.default\">\n\t\t\t\t<div class=\"elementor-widget-container\">\n\t\t\t\t\tIn der schnelllebigen digitalen Welt von heute braucht man mehr als nur gute Ideen, um der Konkurrenz voraus zu sein - man braucht intelligente Tools, die einem helfen, diese Ideen effizient und effektiv umzusetzen. Bei Eurosalesman nutzen wir die Kraft der k\u00fcnstlichen Intelligenz (KI), um die Art und Weise, wie unsere Kunden ihre Werbeinhalte erstellen und optimieren, zu ver\u00e4ndern und es einfacher denn je zu machen, mit Ihrem Publikum in Kontakt zu treten und Ihre Marketingziele zu erreichen.\t\t\t\t<\/div>\n\t\t\t\t<\/div>\n\t\t\t\t<div class=\"elementor-element elementor-element-a2643bc elementor-widget-divider--view-line elementor-widget elementor-widget-divider\" data-id=\"a2643bc\" data-element_type=\"widget\" data-e-type=\"widget\" data-widget_type=\"divider.default\">\n\t\t\t\t<div class=\"elementor-widget-container\">\n\t\t\t\t\t\t\t<div class=\"elementor-divider\">\n\t\t\t<span class=\"elementor-divider-separator\">\n\t\t\t\t\t\t<\/span>\n\t\t<\/div>\n\t\t\t\t\t\t<\/div>\n\t\t\t\t<\/div>\n\t\t\t\t\t<\/div>\n\t\t\t\t<\/div>\n\t\t<div class=\"elementor-element elementor-element-2c2cf15 e-flex e-con-boxed e-con e-parent\" data-id=\"2c2cf15\" data-element_type=\"container\" data-e-type=\"container\">\n\t\t\t\t\t<div class=\"e-con-inner\">\n\t\t\t\t<div class=\"elementor-element elementor-element-0bc0460 elementor-widget elementor-widget-heading\" data-id=\"0bc0460\" data-element_type=\"widget\" data-e-type=\"widget\" data-widget_type=\"heading.default\">\n\t\t\t\t<div class=\"elementor-widget-container\">\n\t\t\t\t\t<h2 class=\"elementor-heading-title elementor-size-default\"><h2 data-elementor-setting-key=\"title\" data-pen-placeholder=\"Type Here...\" style=\"font-family: var( --e-global-typography-primary-font-family ), Sans-serif;font-weight: var( --e-global-typography-primary-font-weight );line-height: var( --e-global-typography-primary-line-height );font-size: var( --e-global-typography-primary-font-size );text-transform: none;font-style: normal;letter-spacing: var( --e-global-typography-primary-letter-spacing )\">Verst\u00e4rken Sie Ihre Werbung mit AI-gesteuerter Inhaltserstellung<span style=\"color: var( --e-global-color-primary );font-family: var( --e-global-typography-primary-font-family ), Sans-serif;font-size: var( --e-global-typography-primary-font-size );font-style: var( --e-global-typography-primary-font-style );font-weight: var( --e-global-typography-primary-font-weight );letter-spacing: var( --e-global-typography-primary-letter-spacing );text-transform: var( --e-global-typography-primary-text-transform );text-align: var(--text-align);background-color: var( --e-global-color-43e86c6 )\"><\/span><\/h2><\/h2>\t\t\t\t<\/div>\n\t\t\t\t<\/div>\n\t\t\t\t<div class=\"elementor-element elementor-element-98b7bf7 elementor-widget elementor-widget-text-editor\" data-id=\"98b7bf7\" data-element_type=\"widget\" data-e-type=\"widget\" data-widget_type=\"text-editor.default\">\n\t\t\t\t<div class=\"elementor-widget-container\">\n\t\t\t\t\t\t\t\t\t<p><\/p><p><span style=\"font-weight: bolder;\">Die Macht der KI im Marketing<\/span><\/p><p>KI revolutioniert die Art und Weise, wie Unternehmen Marketing betreiben. Durch den Einsatz fortschrittlicher Algorithmen und maschinellen Lernens kann KI riesige Datenmengen analysieren, Muster erkennen und Erkenntnisse liefern, die eine bessere Entscheidungsfindung erm\u00f6glichen. Hier erfahren Sie, wie KI die Marketinglandschaft umgestaltet:<\/p><ol><li style=\"font-size: 16px;\"><p><span style=\"font-weight: bolder;\">Effizienz und Geschwindigkeit<\/span>: KI automatisiert zeitaufw\u00e4ndige Aufgaben und erm\u00f6glicht es Unternehmen, sich auf Strategie und Kreativit\u00e4t zu konzentrieren. Egal, ob es um die Analyse von Kundendaten, die Vorhersage von Markttrends oder die Erstellung von Inhalten geht: KI kann diese Aufgaben schneller und pr\u00e4ziser erledigen als Menschen, wodurch Ihr Team wertvolle Zeit gewinnt.<\/p><\/li><li style=\"font-size: 16px;\"><p><span style=\"font-weight: bolder;\">Personalisierung in gro\u00dfem Ma\u00dfstab<\/span>: Einer der wichtigsten Vorteile der KI ist ihre F\u00e4higkeit, personalisierte Erfahrungen zu liefern. Durch die Analyse des Nutzerverhaltens und der Vorlieben kann KI ma\u00dfgeschneiderte Inhalte erstellen, die den einzelnen Kunden ansprechen und so das Engagement und die Konversionsraten steigern.<\/p><\/li><li style=\"font-size: 16px;\"><p><span style=\"font-weight: bolder;\">Datengest\u00fctzte Einblicke<\/span>: KI zeichnet sich durch die Verarbeitung und Analyse gro\u00dfer Datenmengen aus und liefert Unternehmen verwertbare Erkenntnisse. Diese Erkenntnisse helfen dabei, herauszufinden, was funktioniert und was nicht, und erm\u00f6glichen eine schnelle Anpassung und Optimierung von Marketingstrategien.<\/p><\/li><li style=\"font-size: 16px;\"><p><span style=\"font-weight: bolder;\">Pr\u00e4diktive Analytik<\/span>: KI kann zuk\u00fcnftige Trends und Kundenverhalten auf der Grundlage historischer Daten vorhersagen, so dass Unternehmen Marktver\u00e4nderungen vorhersehen und der Konkurrenz einen Schritt voraus sein k\u00f6nnen. Dieser proaktive Ansatz stellt sicher, dass Ihre Marketingstrategien immer relevant und effektiv sind.<\/p><\/li><\/ol><p><\/p>\t\t\t\t\t\t\t\t<\/div>\n\t\t\t\t<\/div>\n\t\t\t\t<div class=\"elementor-element elementor-element-731f2fc elementor-widget elementor-widget-image\" data-id=\"731f2fc\" data-element_type=\"widget\" data-e-type=\"widget\" data-widget_type=\"image.default\">\n\t\t\t\t<div class=\"elementor-widget-container\">\n\t\t\t\t\t\t\t\t\t\t\t\t\t\t\t<img decoding=\"async\" width=\"1800\" height=\"1013\" src=\"https:\/\/eurosalesman.com\/wp-content\/uploads\/google-deepmind-tikhtH3QRSQ-unsplash.jpg\" class=\"attachment-full size-full wp-image-1209\" alt=\"google-deepmind-tikhtH3QRSQ-unsplash\" srcset=\"https:\/\/eurosalesman.com\/wp-content\/uploads\/google-deepmind-tikhtH3QRSQ-unsplash.jpg 1800w, https:\/\/eurosalesman.com\/wp-content\/uploads\/google-deepmind-tikhtH3QRSQ-unsplash-512x288.jpg 512w, https:\/\/eurosalesman.com\/wp-content\/uploads\/google-deepmind-tikhtH3QRSQ-unsplash-1024x576.jpg 1024w, https:\/\/eurosalesman.com\/wp-content\/uploads\/google-deepmind-tikhtH3QRSQ-unsplash-256x144.jpg 256w, https:\/\/eurosalesman.com\/wp-content\/uploads\/google-deepmind-tikhtH3QRSQ-unsplash-768x432.jpg 768w, https:\/\/eurosalesman.com\/wp-content\/uploads\/google-deepmind-tikhtH3QRSQ-unsplash-1536x864.jpg 1536w\" sizes=\"(max-width: 1800px) 100vw, 1800px\" \/>\t\t\t\t\t\t\t\t\t\t\t\t\t\t\t<\/div>\n\t\t\t\t<\/div>\n\t\t\t\t<div class=\"elementor-element elementor-element-0a74d9c elementor-widget elementor-widget-text-editor\" data-id=\"0a74d9c\" data-element_type=\"widget\" data-e-type=\"widget\" data-widget_type=\"text-editor.default\">\n\t\t\t\t<div class=\"elementor-widget-container\">\n\t\t\t\t\t\t\t\t\t<p><\/p><p><span style=\"font-weight: bolder;\">KI-gest\u00fctzte Inhaltserstellung mit Eurosalesman<\/span><\/p><p>Bei Eurosalesman gehen wir noch einen Schritt weiter, indem wir die KI direkt in den Page Builder unserer Plattform integrieren. Unsere KI-Funktionen rationalisieren den Prozess der Inhaltserstellung und machen es Ihnen leichter, \u00fcberzeugende und effektive Anzeigen zu erstellen, die Aufmerksamkeit erregen und zu Ergebnissen f\u00fchren. Hier erfahren Sie, wie unsere KI Ihre Werbema\u00dfnahmen unterst\u00fctzen kann:<\/p><ul><li style=\"font-size: 16px;\"><p><span style=\"font-weight: bolder;\">Intelligente Inhaltserstellung<\/span>: Mit unseren KI-gest\u00fctzten Tools k\u00f6nnen Sie schnell und m\u00fchelos hochwertige Inhalte f\u00fcr Ihre Anzeigen erstellen. Durch die Analyse Ihrer gesch\u00e4ftlichen Anforderungen, Zielgruppen und Branchentrends erstellt unsere KI Inhalte, die nicht nur ansprechend, sondern auch auf Ihre spezifischen Ziele zugeschnitten sind. Egal, ob Sie einpr\u00e4gsame \u00dcberschriften, \u00fcberzeugende Anzeigentexte oder \u00fcberzeugende Handlungsaufforderungen ben\u00f6tigen, unsere KI sorgt daf\u00fcr, dass Ihre Inhalte f\u00fcr den Erfolg optimiert sind.<\/p><\/li><li style=\"font-size: 16px;\"><p><span style=\"font-weight: bolder;\">Optimiert f\u00fcr Leistung<\/span>: Die Erstellung von Inhalten, die bei Ihrer Zielgruppe Anklang finden, ist f\u00fcr den Erfolg Ihrer Anzeigen entscheidend. Unsere KI analysiert Daten aus fr\u00fcheren Kampagnen, ermittelt, was am besten funktioniert, und wendet diese Erkenntnisse an, um Inhalte zu erstellen, die das Engagement und die Konversionen maximieren. Dieser datengesteuerte Ansatz stellt sicher, dass Ihre Anzeigen immer die beste Leistung bringen.<\/p><\/li><li style=\"font-size: 16px;\"><p><span style=\"font-weight: bolder;\">Anpassung an Ihre Bed\u00fcrfnisse<\/span>: Jedes Unternehmen ist einzigartig, und das gilt auch f\u00fcr seinen Werbebedarf. Unsere KI erm\u00f6glicht es Ihnen, Inhalte auf der Grundlage Ihrer spezifischen Ziele, Branche und Zielgruppe anzupassen. Ganz gleich, ob Sie die Markenbekanntheit steigern, den Absatz f\u00f6rdern oder Kunden ansprechen m\u00f6chten - unsere KI-Tools bieten die Flexibilit\u00e4t und Pr\u00e4zision, die Sie ben\u00f6tigen, um Ihre Ziele zu erreichen.<\/p><\/li><li style=\"font-size: 16px;\"><p><span style=\"font-weight: bolder;\">Kontinuierliche Verbesserung<\/span>: KI h\u00f6rt nicht bei der Erstellung von Inhalten auf - sie lernt und verbessert sich mit der Zeit. Durch die kontinuierliche Analyse der Leistung Ihrer Anzeigen passt unsere KI ihre Strategien zur Inhaltserstellung an und verfeinert sie. So wird sichergestellt, dass Ihre Marketingbem\u00fchungen effektiv und relevant bleiben, wenn sich die Marktbedingungen \u00e4ndern.<\/p><\/li><\/ul><p><\/p>\t\t\t\t\t\t\t\t<\/div>\n\t\t\t\t<\/div>\n\t\t\t\t\t<\/div>\n\t\t\t\t<\/div>\n\t\t<div class=\"elementor-element elementor-element-ac7066a e-con-full e-flex e-con e-parent\" data-id=\"ac7066a\" data-element_type=\"container\" data-e-type=\"container\" data-settings=\"{&quot;background_background&quot;:&quot;classic&quot;}\">\n\t\t<div class=\"elementor-element elementor-element-2bbd0ae e-con-full e-flex e-con e-child\" data-id=\"2bbd0ae\" data-element_type=\"container\" data-e-type=\"container\">\n\t\t\t\t<div class=\"elementor-element elementor-element-1886253 elementor-invisible elementor-widget elementor-widget-heading\" data-id=\"1886253\" data-element_type=\"widget\" data-e-type=\"widget\" data-settings=\"{&quot;_animation&quot;:&quot;fadeIn&quot;}\" data-widget_type=\"heading.default\">\n\t\t\t\t<div class=\"elementor-widget-container\">\n\t\t\t\t\t<h2 class=\"elementor-heading-title elementor-size-default\">M\u00f6chten Sie Ihr Gesch\u00e4ft heute ankurbeln?<\/h2>\t\t\t\t<\/div>\n\t\t\t\t<\/div>\n\t\t\t\t<div class=\"elementor-element elementor-element-faceb79 elementor-invisible elementor-widget elementor-widget-text-editor\" data-id=\"faceb79\" data-element_type=\"widget\" data-e-type=\"widget\" data-settings=\"{&quot;_animation&quot;:&quot;fadeIn&quot;,&quot;_animation_delay&quot;:300}\" data-widget_type=\"text-editor.default\">\n\t\t\t\t<div class=\"elementor-widget-container\">\n\t\t\t\t\t\t\t\t\t<p>Setzen Sie sich noch heute mit uns in Verbindung, um mehr dar\u00fcber zu erfahren, wie wir Ihnen helfen k\u00f6nnen, Ihre Marketingziele mit Pr\u00e4zision und Vertrauen zu erreichen.<\/p>\t\t\t\t\t\t\t\t<\/div>\n\t\t\t\t<\/div>\n\t\t\t\t<div class=\"elementor-element elementor-element-14c413e elementor-align-justify elementor-widget__width-initial elementor-invisible elementor-widget elementor-widget-button\" data-id=\"14c413e\" data-element_type=\"widget\" data-e-type=\"widget\" data-settings=\"{&quot;_animation&quot;:&quot;fadeIn&quot;,&quot;_animation_delay&quot;:600}\" data-widget_type=\"button.default\">\n\t\t\t\t<div class=\"elementor-widget-container\">\n\t\t\t\t\t\t\t\t\t<div class=\"elementor-button-wrapper\">\n\t\t\t\t\t<a class=\"elementor-button elementor-button-link elementor-size-sm\" href=\"https:\/\/eurosalesman.com\/de\/about\/contact\/\">\n\t\t\t\t\t\t<span class=\"elementor-button-content-wrapper\">\n\t\t\t\t\t\t\t\t\t<span class=\"elementor-button-text\">Kontaktieren Sie uns<\/span>\n\t\t\t\t\t<\/span>\n\t\t\t\t\t<\/a>\n\t\t\t\t<\/div>\n\t\t\t\t\t\t\t\t<\/div>\n\t\t\t\t<\/div>\n\t\t\t\t<\/div>\n\t\t<div class=\"elementor-element elementor-element-7ca93f2 e-con-full e-flex e-con e-child\" data-id=\"7ca93f2\" data-element_type=\"container\" data-e-type=\"container\" data-settings=\"{&quot;background_background&quot;:&quot;classic&quot;}\">\n\t\t\t\t<\/div>\n\t\t\t\t<\/div>\n\t\t\t\t<\/div>","protected":false},"excerpt":{"rendered":"<p>In der schnelllebigen digitalen Welt von heute braucht man mehr als nur gute Ideen, um der Konkurrenz voraus zu sein - man braucht intelligente Tools, die einem helfen, diese Ideen effizient und effektiv umzusetzen. Bei Eurosalesman nutzen wir die Kraft der k\u00fcnstlichen Intelligenz (KI), um die Art und Weise, wie unsere Kunden ihre Werbeinhalte erstellen und optimieren, zu ver\u00e4ndern und es einfacher denn je zu machen, mit Ihrem Publikum in Kontakt zu treten und Ihre Marketingziele zu erreichen.<\/p>","protected":false},"author":3,"featured_media":0,"parent":0,"menu_order":0,"comment_status":"closed","ping_status":"closed","template":"","meta":{"_seopress_robots_primary_cat":"","_seopress_titles_title":"","_seopress_titles_desc":"","_seopress_robots_index":"","footnotes":""},"class_list":["post-1397","page","type-page","status-publish","hentry"],"_links":{"self":[{"href":"https:\/\/eurosalesman.com\/de\/wp-json\/wp\/v2\/pages\/1397","targetHints":{"allow":["GET"]}}],"collection":[{"href":"https:\/\/eurosalesman.com\/de\/wp-json\/wp\/v2\/pages"}],"about":[{"href":"https:\/\/eurosalesman.com\/de\/wp-json\/wp\/v2\/types\/page"}],"author":[{"embeddable":true,"href":"https:\/\/eurosalesman.com\/de\/wp-json\/wp\/v2\/users\/3"}],"replies":[{"embeddable":true,"href":"https:\/\/eurosalesman.com\/de\/wp-json\/wp\/v2\/comments?post=1397"}],"version-history":[{"count":7,"href":"https:\/\/eurosalesman.com\/de\/wp-json\/wp\/v2\/pages\/1397\/revisions"}],"predecessor-version":[{"id":1716,"href":"https:\/\/eurosalesman.com\/de\/wp-json\/wp\/v2\/pages\/1397\/revisions\/1716"}],"wp:attachment":[{"href":"https:\/\/eurosalesman.com\/de\/wp-json\/wp\/v2\/media?parent=1397"}],"curies":[{"name":"wp","href":"https:\/\/api.w.org\/{rel}","templated":true}]}}