{"id":1403,"date":"2024-10-09T16:41:52","date_gmt":"2024-10-09T14:41:52","guid":{"rendered":"https:\/\/eurosalesman.com\/?page_id=1403"},"modified":"2025-02-03T13:48:39","modified_gmt":"2025-02-03T12:48:39","slug":"trademarks","status":"publish","type":"page","link":"https:\/\/eurosalesman.com\/de\/trademarks\/","title":{"rendered":"Markenzeichen"},"content":{"rendered":"<div data-elementor-type=\"wp-page\" data-elementor-id=\"1403\" class=\"elementor elementor-1403\" data-elementor-post-type=\"page\">\n\t\t\t\t<div class=\"elementor-element elementor-element-72113fb3 e-con-full e-flex e-con e-parent\" data-id=\"72113fb3\" data-element_type=\"container\" data-e-type=\"container\" data-settings=\"{&quot;background_background&quot;:&quot;classic&quot;}\">\n\t\t<div class=\"elementor-element elementor-element-4969b433 e-flex e-con-boxed e-con e-child\" data-id=\"4969b433\" data-element_type=\"container\" data-e-type=\"container\">\n\t\t\t\t\t<div class=\"e-con-inner\">\n\t\t\t\t<div class=\"elementor-element elementor-element-61d7f021 elementor-invisible elementor-widget elementor-widget-heading\" data-id=\"61d7f021\" data-element_type=\"widget\" data-e-type=\"widget\" data-settings=\"{&quot;_animation&quot;:&quot;fadeIn&quot;}\" data-widget_type=\"heading.default\">\n\t\t\t\t<div class=\"elementor-widget-container\">\n\t\t\t\t\t<h1 class=\"elementor-heading-title elementor-size-default\">Markenzeichen<\/h1>\t\t\t\t<\/div>\n\t\t\t\t<\/div>\n\t\t\t\t\t<\/div>\n\t\t\t\t<\/div>\n\t\t\t\t<div class=\"elementor-element elementor-element-5a9ced46 elementor-widget__width-initial elementor-absolute elementor-widget-mobile__width-inherit elementor-invisible elementor-widget elementor-widget-image\" data-id=\"5a9ced46\" data-element_type=\"widget\" data-e-type=\"widget\" data-settings=\"{&quot;_position&quot;:&quot;absolute&quot;,&quot;_animation&quot;:&quot;slideInRight&quot;}\" data-widget_type=\"image.default\">\n\t\t\t\t<div class=\"elementor-widget-container\">\n\t\t\t\t\t\t\t\t\t\t\t\t\t\t\t<img fetchpriority=\"high\" decoding=\"async\" width=\"800\" height=\"510\" src=\"https:\/\/eurosalesman.com\/wp-content\/uploads\/dl.beatsnoop.com-3000-DFAQElCj6f-1024x653.jpg\" class=\"attachment-large size-large wp-image-1198\" alt=\"dl.beatsnoop.com-3000-DFAQElCj6f\" srcset=\"https:\/\/eurosalesman.com\/wp-content\/uploads\/dl.beatsnoop.com-3000-DFAQElCj6f-1024x653.jpg 1024w, https:\/\/eurosalesman.com\/wp-content\/uploads\/dl.beatsnoop.com-3000-DFAQElCj6f-512x327.jpg 512w, https:\/\/eurosalesman.com\/wp-content\/uploads\/dl.beatsnoop.com-3000-DFAQElCj6f-256x163.jpg 256w, https:\/\/eurosalesman.com\/wp-content\/uploads\/dl.beatsnoop.com-3000-DFAQElCj6f-768x490.jpg 768w, https:\/\/eurosalesman.com\/wp-content\/uploads\/dl.beatsnoop.com-3000-DFAQElCj6f-1536x980.jpg 1536w, https:\/\/eurosalesman.com\/wp-content\/uploads\/dl.beatsnoop.com-3000-DFAQElCj6f-2048x1306.jpg 2048w\" sizes=\"(max-width: 800px) 100vw, 800px\" \/>\t\t\t\t\t\t\t\t\t\t\t\t\t\t\t<\/div>\n\t\t\t\t<\/div>\n\t\t\t\t<\/div>\n\t\t<div class=\"elementor-element elementor-element-3f55ad98 e-flex e-con-boxed e-con e-parent\" data-id=\"3f55ad98\" data-element_type=\"container\" data-e-type=\"container\">\n\t\t\t\t\t<div class=\"e-con-inner\">\n\t\t\t\t<div class=\"elementor-element elementor-element-593e40a8 elementor-widget elementor-widget-theme-post-excerpt\" data-id=\"593e40a8\" data-element_type=\"widget\" data-e-type=\"widget\" data-widget_type=\"theme-post-excerpt.default\">\n\t\t\t\t<div class=\"elementor-widget-container\">\n\t\t\t\t\tMarken sind mehr als nur Symbole oder Logos; sie repr\u00e4sentieren den Ruf, die Qualit\u00e4t und die Werte Ihrer Marke. Sie unterscheiden Ihre Produkte und Dienstleistungen von denen der Wettbewerber, und ein solider Markenschutz gew\u00e4hrleistet, dass Ihre Marke rechtlich gegen unbefugte Nutzung, Nachahmung und Verletzung gesch\u00fctzt ist. Dadurch wird nicht nur Ihr Unternehmen gesch\u00fctzt, sondern auch die Glaubw\u00fcrdigkeit und Vertrauensw\u00fcrdigkeit Ihrer Marke in den Augen der Kunden gest\u00e4rkt.\t\t\t\t<\/div>\n\t\t\t\t<\/div>\n\t\t\t\t<div class=\"elementor-element elementor-element-69d2bac4 elementor-widget-divider--view-line elementor-widget elementor-widget-divider\" data-id=\"69d2bac4\" data-element_type=\"widget\" data-e-type=\"widget\" data-widget_type=\"divider.default\">\n\t\t\t\t<div class=\"elementor-widget-container\">\n\t\t\t\t\t\t\t<div class=\"elementor-divider\">\n\t\t\t<span class=\"elementor-divider-separator\">\n\t\t\t\t\t\t<\/span>\n\t\t<\/div>\n\t\t\t\t\t\t<\/div>\n\t\t\t\t<\/div>\n\t\t\t\t<div class=\"elementor-element elementor-element-5d1c05f elementor-widget elementor-widget-heading\" data-id=\"5d1c05f\" data-element_type=\"widget\" data-e-type=\"widget\" data-widget_type=\"heading.default\">\n\t\t\t\t<div class=\"elementor-widget-container\">\n\t\t\t\t\t<h2 class=\"elementor-heading-title elementor-size-default\">Sch\u00fctzen Sie Ihre Marke mit Global Trademark Security<\/h2>\t\t\t\t<\/div>\n\t\t\t\t<\/div>\n\t\t\t\t<div class=\"elementor-element elementor-element-b55b5a4 elementor-widget elementor-widget-text-editor\" data-id=\"b55b5a4\" data-element_type=\"widget\" data-e-type=\"widget\" data-widget_type=\"text-editor.default\">\n\t\t\t\t<div class=\"elementor-widget-container\">\n\t\t\t\t\t\t\t\t\t\n<div class=\"flex-shrink-0 flex flex-col relative items-end\">\n<div class=\"pt-0\">\n<div class=\"gizmo-bot-avatar flex h-8 w-8 items-center justify-center overflow-hidden rounded-full\">\n<div class=\"relative p-1 rounded-sm flex items-center justify-center bg-token-main-surface-primary text-token-text-primary h-8 w-8\">\n<h3>Warum Warenzeichen wichtig sind<\/h3>\n<p>Warenzeichen sind <strong>mehr als nur Logos oder Symbole<\/strong>-sie sind die Grundlage f\u00fcr den Erfolg Ihrer Marke <strong>Identit\u00e4t, Ruf und Wettbewerbsvorteil<\/strong>. A <strong>starke Markenstrategie<\/strong> stellt sicher, dass Ihre Marke ist:<br \/><br \/>\u2714\ufe0f <strong>Rechtlich gesch\u00fctzt gegen Rechtsverletzungen und F\u00e4lschungen<\/strong><br \/>\u2714\ufe0f <strong>Leichte Unterscheidbarkeit von Wettbewerbern auf dem Markt<\/strong><br \/>\u2714\ufe0f <strong>Anerkannt und vertrauensw\u00fcrdig bei Kunden weltweit<\/strong><\/p>\n<p>Mit zunehmender <strong>weltweite Konkurrenz<\/strong>ist der Schutz Ihrer Unternehmensidentit\u00e4t wichtiger denn je. Deshalb bietet Eurosalesman\u00ae <strong>umfassende Dienstleistungen zum Schutz von Marken<\/strong>und stellen sicher, dass Ihre Marke erhalten bleibt <strong>sicher, konform und f\u00fcr langfristigen Erfolg positioniert<\/strong>.<\/p>\n<\/div>\n<\/div>\n<\/div>\n<\/div>\n\t\t\t\t\t\t\t\t<\/div>\n\t\t\t\t<\/div>\n\t\t\t\t<div class=\"elementor-element elementor-element-9cff7d0 elementor-widget-divider--view-line elementor-widget elementor-widget-divider\" data-id=\"9cff7d0\" data-element_type=\"widget\" data-e-type=\"widget\" data-widget_type=\"divider.default\">\n\t\t\t\t<div class=\"elementor-widget-container\">\n\t\t\t\t\t\t\t<div class=\"elementor-divider\">\n\t\t\t<span class=\"elementor-divider-separator\">\n\t\t\t\t\t\t<\/span>\n\t\t<\/div>\n\t\t\t\t\t\t<\/div>\n\t\t\t\t<\/div>\n\t\t\t\t<div class=\"elementor-element elementor-element-a3bb677 elementor-widget elementor-widget-text-editor\" data-id=\"a3bb677\" data-element_type=\"widget\" data-e-type=\"widget\" data-widget_type=\"text-editor.default\">\n\t\t\t\t<div class=\"elementor-widget-container\">\n\t\t\t\t\t\t\t\t\t\n<h3>Markenschutz mit Eurosalesman\u00ae - ein einzigartiger Vorteil<\/h3>\n<p>Eurosalesman\u00ae ist nicht nur eine Werbeplattform - es ist eine <strong>weltweit gesch\u00fctztes Gesch\u00e4ftsnetzwerk<\/strong> das integriert:<br \/><br \/>\u2714\ufe0f <strong>WIPO-registrierter Rechtsschutz (Reg.-Nr. 1317106, f\u00fcr 193 L\u00e4nder)<\/strong><br \/>\u2714\ufe0f <strong>Exklusive nationale Marktdom\u00e4nen (ccTLDs) f\u00fcr lokale Markensicherheit<\/strong><br \/>\u2714\ufe0f <strong>Globale Partnerschaften mit EUIPO, ICANN und WIPO zum Schutz Ihrer Marke<\/strong><\/p>\n<p>Im Gegensatz zu herk\u00f6mmlichen Online-Werbeplattformen gew\u00e4hrleistet Eurosalesman\u00ae, dass <strong>Jedes Unternehmen, das in unserem Netzwerk t\u00e4tig ist, profitiert von einem branchenf\u00fchrenden Markenschutz.<\/strong>.<\/p>\n<p>\ud83d\udd39 <strong>Sichern Sie Ihre Marke in \u00fcber 70 lokalen M\u00e4rkten mit National Market Domains (ccTLDs)<\/strong><br \/>\ud83d\udd39 <strong>Verhindern Sie die unbefugte Nutzung Ihrer Marke im Internet<\/strong><br \/>\ud83d\udd39 <strong>Aufbau einer vertrauensw\u00fcrdigen, rechtlich abgesicherten Pr\u00e4senz in den wichtigsten Wirtschaftsregionen der Welt<\/strong><\/p>\n\t\t\t\t\t\t\t\t<\/div>\n\t\t\t\t<\/div>\n\t\t\t\t<div class=\"elementor-element elementor-element-5c48c65 elementor-widget elementor-widget-image\" data-id=\"5c48c65\" data-element_type=\"widget\" data-e-type=\"widget\" data-widget_type=\"image.default\">\n\t\t\t\t<div class=\"elementor-widget-container\">\n\t\t\t\t\t\t\t\t\t\t\t\t\t\t\t<img decoding=\"async\" width=\"2457\" height=\"1567\" src=\"https:\/\/eurosalesman.com\/wp-content\/uploads\/dl.beatsnoop.com-3000-wPzkZRQlas.jpg\" class=\"attachment-full size-full wp-image-1199\" alt=\"dl.beatsnoop.com-3000-wPzkZRQlas\" srcset=\"https:\/\/eurosalesman.com\/wp-content\/uploads\/dl.beatsnoop.com-3000-wPzkZRQlas.jpg 2457w, https:\/\/eurosalesman.com\/wp-content\/uploads\/dl.beatsnoop.com-3000-wPzkZRQlas-512x327.jpg 512w, https:\/\/eurosalesman.com\/wp-content\/uploads\/dl.beatsnoop.com-3000-wPzkZRQlas-1024x653.jpg 1024w, https:\/\/eurosalesman.com\/wp-content\/uploads\/dl.beatsnoop.com-3000-wPzkZRQlas-256x163.jpg 256w, https:\/\/eurosalesman.com\/wp-content\/uploads\/dl.beatsnoop.com-3000-wPzkZRQlas-768x490.jpg 768w, https:\/\/eurosalesman.com\/wp-content\/uploads\/dl.beatsnoop.com-3000-wPzkZRQlas-1536x980.jpg 1536w, https:\/\/eurosalesman.com\/wp-content\/uploads\/dl.beatsnoop.com-3000-wPzkZRQlas-2048x1306.jpg 2048w\" sizes=\"(max-width: 2457px) 100vw, 2457px\" \/>\t\t\t\t\t\t\t\t\t\t\t\t\t\t\t<\/div>\n\t\t\t\t<\/div>\n\t\t\t\t<div class=\"elementor-element elementor-element-0fb9bbf elementor-widget elementor-widget-text-editor\" data-id=\"0fb9bbf\" data-element_type=\"widget\" data-e-type=\"widget\" data-widget_type=\"text-editor.default\">\n\t\t\t\t<div class=\"elementor-widget-container\">\n\t\t\t\t\t\t\t\t\t<h3>Globaler Online-Markenschutz mit ICANN<\/h3>\n<p>In der digitalen Welt von heute ist Ihr <strong>die Online-Pr\u00e4senz ist genauso wichtig wie Ihre physische Marktposition<\/strong>. <strong>ICANN (Internet Corporation for Assigned Names and Numbers)<\/strong> gew\u00e4hrleistet, dass die Marke <strong>Dom\u00e4nennamen bleiben gegen Cybersquatting und betr\u00fcgerische Nutzung gesch\u00fctzt<\/strong>.<\/p>\n<p>Eurosalesman\u00ae arbeitet mit ICANN zusammen, um:<br \/><br \/>\u2705 <strong>Sichern Sie sich die Domainnamen Ihrer Marke in den wichtigsten globalen M\u00e4rkten<\/strong><br \/>\u2705 <strong>Verhindern Sie, dass Wettbewerber Ihre Markenidentit\u00e4t online missbrauchen<\/strong><br \/>\u2705 <strong>Streitbeilegungsmechanismen zur Bek\u00e4mpfung von Dom\u00e4nenverletzungen einrichten<\/strong><\/p>\n<p>Mit der ICANN-Aufsicht bleibt Ihre Marke <strong>digital gesch\u00fctzt<\/strong> in der globalen Internet-Landschaft.<\/p>\n<p><!-- \/wp:paragraph --><\/p>\t\t\t\t\t\t\t\t<\/div>\n\t\t\t\t<\/div>\n\t\t\t\t<div class=\"elementor-element elementor-element-3fac080 elementor-widget-divider--view-line elementor-widget elementor-widget-divider\" data-id=\"3fac080\" data-element_type=\"widget\" data-e-type=\"widget\" data-widget_type=\"divider.default\">\n\t\t\t\t<div class=\"elementor-widget-container\">\n\t\t\t\t\t\t\t<div class=\"elementor-divider\">\n\t\t\t<span class=\"elementor-divider-separator\">\n\t\t\t\t\t\t<\/span>\n\t\t<\/div>\n\t\t\t\t\t\t<\/div>\n\t\t\t\t<\/div>\n\t\t\t\t<div class=\"elementor-element elementor-element-06aaf2a elementor-widget elementor-widget-text-editor\" data-id=\"06aaf2a\" data-element_type=\"widget\" data-e-type=\"widget\" data-widget_type=\"text-editor.default\">\n\t\t\t\t<div class=\"elementor-widget-container\">\n\t\t\t\t\t\t\t\t\t<h3>Internationaler Markenschutz bei der WIPO<\/h3>\n<p>F\u00fcr Unternehmen, die in die <strong>globale M\u00e4rkte au\u00dferhalb Europas<\/strong>Eurosalesman\u00ae arbeitet zusammen mit <strong>WIPO (Weltorganisation f\u00fcr geistiges Eigentum)<\/strong> zu bieten:<br \/><br \/>\ud83d\udd39 <strong>Registrierung von Marken in mehreren L\u00e4ndern mit einem einzigen Antrag<\/strong><br \/>\ud83d\udd39 <strong>Rechtsschutz gegen grenz\u00fcberschreitende Verst\u00f6\u00dfe<\/strong><br \/>\ud83d\udd39 <strong>Anerkennung nach dem Madrider System f\u00fcr internationale Markensicherheit<\/strong><\/p>\n<p>Die <strong>WIPO-Madrid-System<\/strong> vereinfacht <strong>weltweite Markenregistrierung<\/strong>um sicherzustellen, dass Ihr <strong>das geistige Eigentum ist in mehreren Rechtsordnungen gesch\u00fctzt, ohne dass separate Antr\u00e4ge gestellt werden m\u00fcssen<\/strong>.<\/p>\n<p>Mit einer von der WIPO unterst\u00fctzten Registrierung profitiert Ihr Unternehmen von:<br \/><br \/>\u2714\ufe0f <strong>Niedrigere Kosten f\u00fcr die Anmeldung von Marken in mehreren L\u00e4ndern<\/strong><br \/>\u2714\ufe0f <strong>Schnellere Bearbeitungszeiten f\u00fcr internationalen Markenschutz<\/strong><br \/>\u2714\ufe0f <strong>Nahtlose Verwaltung von Markenerneuerungen und Durchsetzung<\/strong><\/p>\n<p><!-- \/wp:paragraph --><\/p>\t\t\t\t\t\t\t\t<\/div>\n\t\t\t\t<\/div>\n\t\t\t\t\t<\/div>\n\t\t\t\t<\/div>\n\t\t<div class=\"elementor-element elementor-element-1150817d e-con-full e-flex e-con e-parent\" data-id=\"1150817d\" data-element_type=\"container\" data-e-type=\"container\" data-settings=\"{&quot;background_background&quot;:&quot;classic&quot;}\">\n\t\t<div class=\"elementor-element elementor-element-30c848fc e-con-full e-flex e-con e-child\" data-id=\"30c848fc\" data-element_type=\"container\" data-e-type=\"container\">\n\t\t\t\t<div class=\"elementor-element elementor-element-5fd159c9 elementor-invisible elementor-widget elementor-widget-heading\" data-id=\"5fd159c9\" data-element_type=\"widget\" data-e-type=\"widget\" data-settings=\"{&quot;_animation&quot;:&quot;fadeIn&quot;}\" data-widget_type=\"heading.default\">\n\t\t\t\t<div class=\"elementor-widget-container\">\n\t\t\t\t\t<h2 class=\"elementor-heading-title elementor-size-default\">M\u00f6chten Sie Ihr Gesch\u00e4ft heute ankurbeln?<\/h2>\t\t\t\t<\/div>\n\t\t\t\t<\/div>\n\t\t\t\t<div class=\"elementor-element elementor-element-18a69f95 elementor-invisible elementor-widget elementor-widget-text-editor\" data-id=\"18a69f95\" data-element_type=\"widget\" data-e-type=\"widget\" data-settings=\"{&quot;_animation&quot;:&quot;fadeIn&quot;,&quot;_animation_delay&quot;:300}\" data-widget_type=\"text-editor.default\">\n\t\t\t\t<div class=\"elementor-widget-container\">\n\t\t\t\t\t\t\t\t\t<p>Setzen Sie sich noch heute mit uns in Verbindung, um mehr dar\u00fcber zu erfahren, wie wir Ihnen helfen k\u00f6nnen, Ihre Marketingziele mit Pr\u00e4zision und Vertrauen zu erreichen.<\/p>\t\t\t\t\t\t\t\t<\/div>\n\t\t\t\t<\/div>\n\t\t\t\t<div class=\"elementor-element elementor-element-8e2bd2c elementor-align-justify elementor-widget__width-initial elementor-invisible elementor-widget elementor-widget-button\" data-id=\"8e2bd2c\" data-element_type=\"widget\" data-e-type=\"widget\" data-settings=\"{&quot;_animation&quot;:&quot;fadeIn&quot;,&quot;_animation_delay&quot;:600}\" data-widget_type=\"button.default\">\n\t\t\t\t<div class=\"elementor-widget-container\">\n\t\t\t\t\t\t\t\t\t<div class=\"elementor-button-wrapper\">\n\t\t\t\t\t<a class=\"elementor-button elementor-button-link elementor-size-sm\" href=\"https:\/\/eurosalesman.com\/de\/about\/contact\/\">\n\t\t\t\t\t\t<span class=\"elementor-button-content-wrapper\">\n\t\t\t\t\t\t\t\t\t<span class=\"elementor-button-text\">Kontaktieren Sie uns<\/span>\n\t\t\t\t\t<\/span>\n\t\t\t\t\t<\/a>\n\t\t\t\t<\/div>\n\t\t\t\t\t\t\t\t<\/div>\n\t\t\t\t<\/div>\n\t\t\t\t<\/div>\n\t\t<div class=\"elementor-element elementor-element-295d0164 e-con-full e-flex e-con e-child\" data-id=\"295d0164\" data-element_type=\"container\" data-e-type=\"container\" data-settings=\"{&quot;background_background&quot;:&quot;classic&quot;}\">\n\t\t\t\t<\/div>\n\t\t\t\t<\/div>\n\t\t\t\t<\/div>","protected":false},"excerpt":{"rendered":"<p>Marken sind mehr als nur Symbole oder Logos; sie repr\u00e4sentieren den Ruf, die Qualit\u00e4t und die Werte Ihrer Marke. Sie unterscheiden Ihre Produkte und Dienstleistungen von denen der Wettbewerber, und ein solider Markenschutz gew\u00e4hrleistet, dass Ihre Marke rechtlich gegen unbefugte Nutzung, Nachahmung und Verletzung gesch\u00fctzt ist. Dadurch wird nicht nur Ihr Unternehmen gesch\u00fctzt, sondern auch die Glaubw\u00fcrdigkeit und Vertrauensw\u00fcrdigkeit Ihrer Marke in den Augen der Kunden gest\u00e4rkt.<\/p>","protected":false},"author":3,"featured_media":0,"parent":0,"menu_order":0,"comment_status":"closed","ping_status":"closed","template":"","meta":{"_seopress_robots_primary_cat":"","_seopress_titles_title":"","_seopress_titles_desc":"","_seopress_robots_index":"","footnotes":""},"class_list":["post-1403","page","type-page","status-publish","hentry"],"_links":{"self":[{"href":"https:\/\/eurosalesman.com\/de\/wp-json\/wp\/v2\/pages\/1403","targetHints":{"allow":["GET"]}}],"collection":[{"href":"https:\/\/eurosalesman.com\/de\/wp-json\/wp\/v2\/pages"}],"about":[{"href":"https:\/\/eurosalesman.com\/de\/wp-json\/wp\/v2\/types\/page"}],"author":[{"embeddable":true,"href":"https:\/\/eurosalesman.com\/de\/wp-json\/wp\/v2\/users\/3"}],"replies":[{"embeddable":true,"href":"https:\/\/eurosalesman.com\/de\/wp-json\/wp\/v2\/comments?post=1403"}],"version-history":[{"count":13,"href":"https:\/\/eurosalesman.com\/de\/wp-json\/wp\/v2\/pages\/1403\/revisions"}],"predecessor-version":[{"id":1856,"href":"https:\/\/eurosalesman.com\/de\/wp-json\/wp\/v2\/pages\/1403\/revisions\/1856"}],"wp:attachment":[{"href":"https:\/\/eurosalesman.com\/de\/wp-json\/wp\/v2\/media?parent=1403"}],"curies":[{"name":"wp","href":"https:\/\/api.w.org\/{rel}","templated":true}]}}