{"id":2167,"date":"2025-03-07T12:09:01","date_gmt":"2025-03-07T11:09:01","guid":{"rendered":"https:\/\/eurosalesman.com\/?page_id=2167"},"modified":"2025-03-19T14:53:29","modified_gmt":"2025-03-19T13:53:29","slug":"country-code-cctld","status":"publish","type":"page","link":"https:\/\/eurosalesman.com\/de\/country-code-cctld\/","title":{"rendered":"L\u00e4ndercode (ccTLD)"},"content":{"rendered":"<div data-elementor-type=\"wp-page\" data-elementor-id=\"2167\" class=\"elementor elementor-2167\" data-elementor-post-type=\"page\">\n\t\t\t\t<div class=\"elementor-element elementor-element-5d7bb604 e-con-full e-flex e-con e-parent\" data-id=\"5d7bb604\" data-element_type=\"container\" data-e-type=\"container\" data-settings=\"{&quot;background_background&quot;:&quot;classic&quot;}\">\n\t\t<div class=\"elementor-element elementor-element-7b7bafc4 e-flex e-con-boxed e-con e-child\" data-id=\"7b7bafc4\" data-element_type=\"container\" data-e-type=\"container\">\n\t\t\t\t\t<div class=\"e-con-inner\">\n\t\t\t\t<div class=\"elementor-element elementor-element-5de76a46 elementor-invisible elementor-widget elementor-widget-heading\" data-id=\"5de76a46\" data-element_type=\"widget\" data-e-type=\"widget\" data-settings=\"{&quot;_animation&quot;:&quot;fadeIn&quot;}\" data-widget_type=\"heading.default\">\n\t\t\t\t<div class=\"elementor-widget-container\">\n\t\t\t\t\t<h1 class=\"elementor-heading-title elementor-size-default\">L\u00e4ndercode (ccTLD)<\/h1>\t\t\t\t<\/div>\n\t\t\t\t<\/div>\n\t\t\t\t\t<\/div>\n\t\t\t\t<\/div>\n\t\t\t\t<div class=\"elementor-element elementor-element-2e243b62 elementor-widget__width-initial elementor-absolute elementor-widget-mobile__width-inherit elementor-invisible elementor-widget elementor-widget-image\" data-id=\"2e243b62\" data-element_type=\"widget\" data-e-type=\"widget\" data-settings=\"{&quot;_position&quot;:&quot;absolute&quot;,&quot;_animation&quot;:&quot;slideInRight&quot;}\" data-widget_type=\"image.default\">\n\t\t\t\t<div class=\"elementor-widget-container\">\n\t\t\t\t\t\t\t\t\t\t\t\t\t\t\t<img fetchpriority=\"high\" decoding=\"async\" width=\"2048\" height=\"1305\" src=\"https:\/\/eurosalesman.com\/wp-content\/uploads\/cctld.jpg\" class=\"attachment-full size-full wp-image-2170\" alt=\"cctld\" srcset=\"https:\/\/eurosalesman.com\/wp-content\/uploads\/cctld.jpg 2048w, https:\/\/eurosalesman.com\/wp-content\/uploads\/cctld-512x326.jpg 512w, https:\/\/eurosalesman.com\/wp-content\/uploads\/cctld-1024x653.jpg 1024w, https:\/\/eurosalesman.com\/wp-content\/uploads\/cctld-256x163.jpg 256w, https:\/\/eurosalesman.com\/wp-content\/uploads\/cctld-768x489.jpg 768w, https:\/\/eurosalesman.com\/wp-content\/uploads\/cctld-1536x979.jpg 1536w, https:\/\/eurosalesman.com\/wp-content\/uploads\/cctld-600x382.jpg 600w\" sizes=\"(max-width: 2048px) 100vw, 2048px\" \/>\t\t\t\t\t\t\t\t\t\t\t\t\t\t\t<\/div>\n\t\t\t\t<\/div>\n\t\t\t\t<\/div>\n\t\t<div class=\"elementor-element elementor-element-0db3aaa e-flex e-con-boxed e-con e-parent\" data-id=\"0db3aaa\" data-element_type=\"container\" data-e-type=\"container\">\n\t\t\t\t\t<div class=\"e-con-inner\">\n\t\t\t\t<div class=\"elementor-element elementor-element-0055d70 elementor-widget-divider--view-line elementor-widget elementor-widget-divider\" data-id=\"0055d70\" data-element_type=\"widget\" data-e-type=\"widget\" data-widget_type=\"divider.default\">\n\t\t\t\t<div class=\"elementor-widget-container\">\n\t\t\t\t\t\t\t<div class=\"elementor-divider\">\n\t\t\t<span class=\"elementor-divider-separator\">\n\t\t\t\t\t\t<\/span>\n\t\t<\/div>\n\t\t\t\t\t\t<\/div>\n\t\t\t\t<\/div>\n\t\t<div class=\"elementor-element elementor-element-f2edc47 e-con-full e-flex e-con e-child\" data-id=\"f2edc47\" data-element_type=\"container\" data-e-type=\"container\">\n\t\t\t\t<div class=\"elementor-element elementor-element-f23dc2f elementor-widget elementor-widget-heading\" data-id=\"f23dc2f\" data-element_type=\"widget\" data-e-type=\"widget\" data-widget_type=\"heading.default\">\n\t\t\t\t<div class=\"elementor-widget-container\">\n\t\t\t\t\t<h2 class=\"elementor-heading-title elementor-size-default\">Lokal ist K\u00f6nig - Vertriebsgesellschaft Eurosalesman\u00ae<\/h2>\t\t\t\t<\/div>\n\t\t\t\t<\/div>\n\t\t\t\t<div class=\"elementor-element elementor-element-f20cd5e elementor-widget elementor-widget-text-editor\" data-id=\"f20cd5e\" data-element_type=\"widget\" data-e-type=\"widget\" data-widget_type=\"text-editor.default\">\n\t\t\t\t<div class=\"elementor-widget-container\">\n\t\t\t\t\t\t\t\t\t<div class=\"\"><span class=\"\" style=\"font-size: large;\"><span class=\"\"><b class=\"\">St\u00e4rken Sie Ihre Marke mit einer echten lokalen Top-Level-Domain weltweit vom Netzwerk Eurosalesman\u00ae<\/b><\/span><\/span><\/div><div class=\"\"><span class=\"\" style=\"font-size: large;\"><span class=\"\">Studien zeigen, dass fast 90% der lokalen Bev\u00f6lkerung es vorziehen, Gesch\u00e4fte auf ihren eigenen nationalen Websites zu t\u00e4tigen<\/span><\/span><\/div><div class=\"\"><span class=\"\" style=\"font-size: large;\"><span class=\"\">Eine echte nationale Top-Level-Domain erh\u00f6ht Ihre Sichtbarkeit und Auffindbarkeit und st\u00e4rkt das Vertrauen der lokalen Bev\u00f6lkerung in Ihr Online-Angebot.<\/span><\/span><\/div><div class=\"\">\u00a0<\/div><div class=\"\"><span class=\"\" style=\"font-size: large;\"><span class=\"\"><b class=\"\">Die Vorteile der Arbeit unter lokalen nationalen Top-Level-Domains im Internet<\/b><\/span><\/span><\/div><div class=\"\"><span class=\"\" style=\"font-size: large;\"><span class=\"\"><b class=\"\">Reduzieren Sie Risiken und Kosten:<\/b><\/span><\/span><span class=\"\"> Vermeiden Sie unn\u00f6tige Ausgaben f\u00fcr Markenschutz und Rechtsstreitigkeiten.<\/span><\/div><div class=\"\"><span class=\"\" style=\"font-size: large;\"><span class=\"\"><b class=\"\">Sch\u00fctzen Sie Ihre Marke<\/b><\/span><\/span><span class=\"\">: Verhindern Sie, dass Konkurrenten oder Betr\u00fcger Ihren Namen ausnutzen.<\/span><\/div><div class=\"\"><span class=\"\" style=\"font-size: large;\"><span class=\"\"><b class=\"\">Verst\u00e4rken Sie Ihre Pr\u00e4senz<\/b><\/span><\/span><span class=\"\">: St\u00e4rken Sie Ihre Marke und schaffen Sie Vertrauen auf dem lokalen und nationalen Markt.<\/span><\/div><p><!-- \/wp:paragraph --><\/p>\t\t\t\t\t\t\t\t<\/div>\n\t\t\t\t<\/div>\n\t\t\t\t<div class=\"elementor-element elementor-element-fbe575f elementor-widget elementor-widget-image\" data-id=\"fbe575f\" data-element_type=\"widget\" data-e-type=\"widget\" data-widget_type=\"image.default\">\n\t\t\t\t<div class=\"elementor-widget-container\">\n\t\t\t\t\t\t\t\t\t\t\t\t\t\t\t<img decoding=\"async\" width=\"2048\" height=\"1331\" src=\"https:\/\/eurosalesman.com\/wp-content\/uploads\/country-code-access.jpg\" class=\"attachment-full size-full wp-image-2174\" alt=\"country code access\" srcset=\"https:\/\/eurosalesman.com\/wp-content\/uploads\/country-code-access.jpg 2048w, https:\/\/eurosalesman.com\/wp-content\/uploads\/country-code-access-512x333.jpg 512w, https:\/\/eurosalesman.com\/wp-content\/uploads\/country-code-access-1024x666.jpg 1024w, https:\/\/eurosalesman.com\/wp-content\/uploads\/country-code-access-256x166.jpg 256w, https:\/\/eurosalesman.com\/wp-content\/uploads\/country-code-access-768x499.jpg 768w, https:\/\/eurosalesman.com\/wp-content\/uploads\/country-code-access-1536x998.jpg 1536w, https:\/\/eurosalesman.com\/wp-content\/uploads\/country-code-access-600x390.jpg 600w\" sizes=\"(max-width: 2048px) 100vw, 2048px\" \/>\t\t\t\t\t\t\t\t\t\t\t\t\t\t\t<\/div>\n\t\t\t\t<\/div>\n\t\t\t\t<div class=\"elementor-element elementor-element-c2cc4d9 elementor-widget elementor-widget-text-editor\" data-id=\"c2cc4d9\" data-element_type=\"widget\" data-e-type=\"widget\" data-widget_type=\"text-editor.default\">\n\t\t\t\t<div class=\"elementor-widget-container\">\n\t\t\t\t\t\t\t\t\t<h3 data-start=\"914\" data-end=\"978\"><strong data-start=\"918\" data-end=\"976\">Die Vorteile von Marktdom\u00e4nen (ccTLDs) f\u00fcr Unternehmen<\/strong><\/h3><h4 data-start=\"980\" data-end=\"1024\"><strong data-start=\"985\" data-end=\"1022\">1. Lokale Suchmaschine Sichtbarkeit<\/strong><\/h4><p data-start=\"1025\" data-end=\"1275\">Suchmaschine <strong data-start=\"1040\" data-end=\"1061\">ccTLDs priorisieren<\/strong> wenn sie l\u00e4nderspezifische Ergebnisse liefern. Wenn ein Unternehmen t\u00e4tig ist in <strong data-start=\"1130\" data-end=\"1140\">Frankreich<\/strong>, a <strong data-start=\"1144\" data-end=\"1158\">.fr-Dom\u00e4ne<\/strong> signalisiert Google, dass es sich <strong data-start=\"1188\" data-end=\"1222\">mehr Relevanz f\u00fcr franz\u00f6sische Nutzer<\/strong>, was zu <strong data-start=\"1235\" data-end=\"1254\">h\u00f6here Platzierungen<\/strong> in der lokalen Suche.<\/p><h4 data-start=\"1277\" data-end=\"1322\"><strong data-start=\"1282\" data-end=\"1320\">2. Erh\u00f6htes Vertrauen und Glaubw\u00fcrdigkeit<\/strong><\/h4><p data-start=\"1323\" data-end=\"1534\">Verbraucher sind eher bereit, sich mit einer Website zu besch\u00e4ftigen, die <strong data-start=\"1379\" data-end=\"1394\">f\u00fchlt sich lokal<\/strong>. Ein Unternehmen, das eine <strong data-start=\"1415\" data-end=\"1440\">.de-Domain in Deutschland<\/strong> erscheint mehr <strong data-start=\"1454\" data-end=\"1485\">vertrauensw\u00fcrdig und etabliert<\/strong> als mit einer generischen Domain wie <strong data-start=\"1523\" data-end=\"1531\">.com<\/strong>.<\/p><h4 data-start=\"1536\" data-end=\"1583\"><strong data-start=\"1541\" data-end=\"1581\">3. Einhaltung der \u00f6rtlichen Vorschriften<\/strong><\/h4><p data-start=\"1584\" data-end=\"1853\">Viele L\u00e4nder <strong data-start=\"1599\" data-end=\"1610\">erfordern<\/strong> oder <strong data-start=\"1614\" data-end=\"1632\">stark favorisieren<\/strong> Unternehmen, die unter ihren <strong data-start=\"1669\" data-end=\"1685\">lokale ccTLDs<\/strong> aus rechtlichen und datenschutzrechtlichen Gr\u00fcnden. Mit einer <strong data-start=\"1734\" data-end=\"1760\">marktspezifischer Bereich<\/strong> stellt sicher, dass die Unternehmen die <strong data-start=\"1792\" data-end=\"1815\">regionale Leitlinien<\/strong> und unn\u00f6tige Einschr\u00e4nkungen zu vermeiden.<\/p><h4 data-start=\"1855\" data-end=\"1892\"><strong data-start=\"1860\" data-end=\"1890\">4. H\u00f6here Konversionsraten<\/strong><\/h4><p data-start=\"1893\" data-end=\"2127\">Lokalisierte Dom\u00e4nen f\u00fchren zu <strong data-start=\"1919\" data-end=\"1966\">h\u00f6here Nutzerbindung und Konversionsraten<\/strong>. Die Kunden kaufen eher bei einem <strong data-start=\"2013\" data-end=\"2071\">Unternehmen mit einem Bereich, der zu ihrem Standort passt<\/strong>zur Verst\u00e4rkung einer <strong data-start=\"2087\" data-end=\"2124\">Gef\u00fchl der Vertrautheit und Sicherheit<\/strong>.<\/p><h4 data-start=\"2129\" data-end=\"2177\"><strong data-start=\"2134\" data-end=\"2175\">5. Wettbewerbsvorteil auf globalen M\u00e4rkten<\/strong><\/h4><p data-start=\"2178\" data-end=\"2412\">Unternehmen mit mehreren ccTLDs k\u00f6nnen <strong data-start=\"2214\" data-end=\"2255\">strategisch in neue M\u00e4rkte expandieren<\/strong> unter Beibehaltung <strong data-start=\"2274\" data-end=\"2318\">lokalisierte Branding- und Marketingma\u00dfnahmen<\/strong>. Dies bietet einen einzigartigen Vorteil gegen\u00fcber Wettbewerbern, die sich ausschlie\u00dflich auf <strong data-start=\"2390\" data-end=\"2409\">generische Domains<\/strong>.<\/p><p><!-- \/wp:paragraph --><\/p>\t\t\t\t\t\t\t\t<\/div>\n\t\t\t\t<\/div>\n\t\t\t\t<div class=\"elementor-element elementor-element-4d29544 elementor-widget-divider--view-line elementor-widget elementor-widget-divider\" data-id=\"4d29544\" data-element_type=\"widget\" data-e-type=\"widget\" data-widget_type=\"divider.default\">\n\t\t\t\t<div class=\"elementor-widget-container\">\n\t\t\t\t\t\t\t<div class=\"elementor-divider\">\n\t\t\t<span class=\"elementor-divider-separator\">\n\t\t\t\t\t\t<\/span>\n\t\t<\/div>\n\t\t\t\t\t\t<\/div>\n\t\t\t\t<\/div>\n\t\t\t\t<div class=\"elementor-element elementor-element-39892c7 elementor-widget elementor-widget-text-editor\" data-id=\"39892c7\" data-element_type=\"widget\" data-e-type=\"widget\" data-widget_type=\"text-editor.default\">\n\t\t\t\t<div class=\"elementor-widget-container\">\n\t\t\t\t\t\t\t\t\t<h3 data-start=\"2419\" data-end=\"2480\"><strong data-start=\"2423\" data-end=\"2478\">Wie Eurosalesman\u00ae die Marktdom\u00e4nen (ccTLDs) nutzt<\/strong><\/h3><p data-start=\"2482\" data-end=\"2667\">Eurosalesman\u00ae betreibt ein <strong data-start=\"2507\" data-end=\"2553\">Netzwerk von \u00fcber 70 nationalen Marktdom\u00e4nen<\/strong> den Unternehmen eine <strong data-start=\"2576\" data-end=\"2618\">exklusiver, rechtlich gesch\u00fctzter Vorteil<\/strong> auf den globalen M\u00e4rkten. Unsere ccTLD-Strategie gew\u00e4hrleistet:<\/p><p data-start=\"2669\" data-end=\"2908\">\u2714 <strong data-start=\"2671\" data-end=\"2725\">Maximale Suchmaschinenpr\u00e4senz in den Ziell\u00e4ndern<\/strong><br data-start=\"2725\" data-end=\"2728\" \/>\u2714 <strong data-start=\"2730\" data-end=\"2777\">Geografisch ausgerichtete Sichtbarkeit f\u00fcr lokale Zielgruppen<\/strong><br data-start=\"2777\" data-end=\"2780\" \/>\u2714 <strong data-start=\"2782\" data-end=\"2822\">Rechtlich anerkannte Gesch\u00e4ftspr\u00e4senz<\/strong> mit Compliance-first Marketing<br data-start=\"2854\" data-end=\"2857\" \/>\u2714 <strong data-start=\"2859\" data-end=\"2906\">St\u00e4rkere Markenautorit\u00e4t und gr\u00f6\u00dferes Vertrauen der Verbraucher<\/strong><\/p><p data-start=\"2910\" data-end=\"2996\"><strong data-start=\"2910\" data-end=\"2994\">Mit Eurosalesman\u00ae expandieren Unternehmen nicht nur global - sie dominieren auch lokal.<\/strong><\/p><p><!-- \/wp:paragraph --><\/p>\t\t\t\t\t\t\t\t<\/div>\n\t\t\t\t<\/div>\n\t\t\t\t<div class=\"elementor-element elementor-element-1d71e2b elementor-widget-divider--view-line elementor-widget elementor-widget-divider\" data-id=\"1d71e2b\" data-element_type=\"widget\" data-e-type=\"widget\" data-widget_type=\"divider.default\">\n\t\t\t\t<div class=\"elementor-widget-container\">\n\t\t\t\t\t\t\t<div class=\"elementor-divider\">\n\t\t\t<span class=\"elementor-divider-separator\">\n\t\t\t\t\t\t<\/span>\n\t\t<\/div>\n\t\t\t\t\t\t<\/div>\n\t\t\t\t<\/div>\n\t\t\t\t<div class=\"elementor-element elementor-element-68afeba elementor-widget elementor-widget-text-editor\" data-id=\"68afeba\" data-element_type=\"widget\" data-e-type=\"widget\" data-widget_type=\"text-editor.default\">\n\t\t\t\t<div class=\"elementor-widget-container\">\n\t\t\t\t\t\t\t\t\t<h3 data-start=\"3003\" data-end=\"3050\"><strong data-start=\"3007\" data-end=\"3048\">Beginnen Sie noch heute mit Market Domains<\/strong><\/h3><p data-start=\"3052\" data-end=\"3294\">Entfalten Sie die Kraft von <strong data-start=\"3072\" data-end=\"3099\">marktspezifische Bereiche<\/strong> und etablieren Sie Ihre Pr\u00e4senz in Schl\u00fcsselregionen mit dem <strong data-start=\"3152\" data-end=\"3192\">einziges rechtlich gesch\u00fctztes ccTLD-Netz<\/strong> verf\u00fcgbar. Kontaktieren Sie uns noch heute und machen Sie den ersten Schritt in Richtung <strong data-start=\"3252\" data-end=\"3292\">lokaler Erfolg im globalen Ma\u00dfstab.<\/strong><\/p><p><!-- \/wp:paragraph --><\/p>\t\t\t\t\t\t\t\t<\/div>\n\t\t\t\t<\/div>\n\t\t\t\t<\/div>\n\t\t\t\t\t<\/div>\n\t\t\t\t<\/div>\n\t\t<div class=\"elementor-element elementor-element-61cfcbfb e-con-full e-flex e-con e-parent\" data-id=\"61cfcbfb\" data-element_type=\"container\" data-e-type=\"container\" data-settings=\"{&quot;background_background&quot;:&quot;classic&quot;}\">\n\t\t<div class=\"elementor-element elementor-element-4c0ceb8a e-con-full e-flex e-con e-child\" data-id=\"4c0ceb8a\" data-element_type=\"container\" data-e-type=\"container\">\n\t\t\t\t<div class=\"elementor-element elementor-element-7d1f4c5 elementor-invisible elementor-widget elementor-widget-heading\" data-id=\"7d1f4c5\" data-element_type=\"widget\" data-e-type=\"widget\" data-settings=\"{&quot;_animation&quot;:&quot;fadeIn&quot;}\" data-widget_type=\"heading.default\">\n\t\t\t\t<div class=\"elementor-widget-container\">\n\t\t\t\t\t<h2 class=\"elementor-heading-title elementor-size-default\">M\u00f6chten Sie Ihr Gesch\u00e4ft heute ankurbeln?<\/h2>\t\t\t\t<\/div>\n\t\t\t\t<\/div>\n\t\t\t\t<div class=\"elementor-element elementor-element-b439ed7 elementor-invisible elementor-widget elementor-widget-text-editor\" data-id=\"b439ed7\" data-element_type=\"widget\" data-e-type=\"widget\" data-settings=\"{&quot;_animation&quot;:&quot;fadeIn&quot;,&quot;_animation_delay&quot;:300}\" data-widget_type=\"text-editor.default\">\n\t\t\t\t<div class=\"elementor-widget-container\">\n\t\t\t\t\t\t\t\t\t<p>Setzen Sie sich noch heute mit uns in Verbindung, um mehr dar\u00fcber zu erfahren, wie wir Ihnen helfen k\u00f6nnen, Ihre Marketingziele mit Pr\u00e4zision und Vertrauen zu erreichen.<\/p>\t\t\t\t\t\t\t\t<\/div>\n\t\t\t\t<\/div>\n\t\t\t\t<div class=\"elementor-element elementor-element-5f44ea22 elementor-align-justify elementor-widget__width-initial elementor-invisible elementor-widget elementor-widget-button\" data-id=\"5f44ea22\" data-element_type=\"widget\" data-e-type=\"widget\" data-settings=\"{&quot;_animation&quot;:&quot;fadeIn&quot;,&quot;_animation_delay&quot;:600}\" data-widget_type=\"button.default\">\n\t\t\t\t<div class=\"elementor-widget-container\">\n\t\t\t\t\t\t\t\t\t<div class=\"elementor-button-wrapper\">\n\t\t\t\t\t<a class=\"elementor-button elementor-button-link elementor-size-sm\" href=\"https:\/\/eurosalesman.com\/de\/about\/contact\/\">\n\t\t\t\t\t\t<span class=\"elementor-button-content-wrapper\">\n\t\t\t\t\t\t\t\t\t<span class=\"elementor-button-text\">Kontaktieren Sie uns<\/span>\n\t\t\t\t\t<\/span>\n\t\t\t\t\t<\/a>\n\t\t\t\t<\/div>\n\t\t\t\t\t\t\t\t<\/div>\n\t\t\t\t<\/div>\n\t\t\t\t<\/div>\n\t\t<div class=\"elementor-element elementor-element-36074ed6 e-con-full e-flex e-con e-child\" data-id=\"36074ed6\" data-element_type=\"container\" data-e-type=\"container\" data-settings=\"{&quot;background_background&quot;:&quot;classic&quot;}\">\n\t\t\t\t<\/div>\n\t\t\t\t<\/div>\n\t\t\t\t<\/div>","protected":false},"excerpt":{"rendered":"<p>Das Lokale ist K\u00f6nig - Vertriebsgesellschaft Eurosalesman\u00aeSt\u00e4rken Sie Ihre Marke mit einer echten lokalen Top-Level-Domain weltweit vom Netzwerk Eurosalesman\u00aeStudien zeigen, dass fast 90% der lokalen Bev\u00f6lkerung es vorziehen, Gesch\u00e4fte auf ihren eigenen nationalen Websites zu t\u00e4tigenEine echte nationale Top-Level-Domain gibt Ihnen eine erh\u00f6hte Sichtbarkeit und Auffindbarkeit und st\u00e4rkt das Vertrauen der lokalen Bev\u00f6lkerung [...]<\/p>","protected":false},"author":3,"featured_media":2170,"parent":0,"menu_order":0,"comment_status":"closed","ping_status":"closed","template":"","meta":{"_seopress_robots_primary_cat":"","_seopress_titles_title":"","_seopress_titles_desc":"","_seopress_robots_index":"","footnotes":""},"class_list":["post-2167","page","type-page","status-publish","has-post-thumbnail","hentry"],"_links":{"self":[{"href":"https:\/\/eurosalesman.com\/de\/wp-json\/wp\/v2\/pages\/2167","targetHints":{"allow":["GET"]}}],"collection":[{"href":"https:\/\/eurosalesman.com\/de\/wp-json\/wp\/v2\/pages"}],"about":[{"href":"https:\/\/eurosalesman.com\/de\/wp-json\/wp\/v2\/types\/page"}],"author":[{"embeddable":true,"href":"https:\/\/eurosalesman.com\/de\/wp-json\/wp\/v2\/users\/3"}],"replies":[{"embeddable":true,"href":"https:\/\/eurosalesman.com\/de\/wp-json\/wp\/v2\/comments?post=2167"}],"version-history":[{"count":16,"href":"https:\/\/eurosalesman.com\/de\/wp-json\/wp\/v2\/pages\/2167\/revisions"}],"predecessor-version":[{"id":2285,"href":"https:\/\/eurosalesman.com\/de\/wp-json\/wp\/v2\/pages\/2167\/revisions\/2285"}],"wp:featuredmedia":[{"embeddable":true,"href":"https:\/\/eurosalesman.com\/de\/wp-json\/wp\/v2\/media\/2170"}],"wp:attachment":[{"href":"https:\/\/eurosalesman.com\/de\/wp-json\/wp\/v2\/media?parent=2167"}],"curies":[{"name":"wp","href":"https:\/\/api.w.org\/{rel}","templated":true}]}}