{"id":2247,"date":"2025-03-19T13:47:31","date_gmt":"2025-03-19T12:47:31","guid":{"rendered":"https:\/\/eurosalesman.com\/?page_id=2247"},"modified":"2025-04-02T17:19:53","modified_gmt":"2025-04-02T15:19:53","slug":"global-shop","status":"publish","type":"page","link":"https:\/\/eurosalesman.com\/de\/global-shop\/","title":{"rendered":"Shop"},"content":{"rendered":"<div data-elementor-type=\"wp-page\" data-elementor-id=\"2247\" class=\"elementor elementor-2247\" data-elementor-post-type=\"page\">\n\t\t\t\t<div class=\"elementor-element elementor-element-4d36ea0 e-grid e-con-full e-con e-parent\" data-id=\"4d36ea0\" data-element_type=\"container\" data-e-type=\"container\">\n\t\t<div class=\"elementor-element elementor-element-8068329 e-con-full e-flex e-con e-child\" data-id=\"8068329\" data-element_type=\"container\" data-e-type=\"container\" data-settings=\"{&quot;background_background&quot;:&quot;classic&quot;}\">\n\t\t\t\t<\/div>\n\t\t<div class=\"elementor-element elementor-element-a86e061 e-con-full e-flex e-con e-child\" data-id=\"a86e061\" data-element_type=\"container\" data-e-type=\"container\" data-settings=\"{&quot;background_background&quot;:&quot;classic&quot;}\">\n\t\t\t\t<div class=\"elementor-element elementor-element-e6cb423 elementor-widget elementor-widget-heading\" data-id=\"e6cb423\" data-element_type=\"widget\" data-e-type=\"widget\" data-widget_type=\"heading.default\">\n\t\t\t\t<div class=\"elementor-widget-container\">\n\t\t\t\t\t<h1 class=\"elementor-heading-title elementor-size-default\">Willkommen im Eurosalesman\u00ae Global Shop<\/h1>\t\t\t\t<\/div>\n\t\t\t\t<\/div>\n\t\t\t\t<div class=\"elementor-element elementor-element-31ff2e1 elementor-widget elementor-widget-text-editor\" data-id=\"31ff2e1\" data-element_type=\"widget\" data-e-type=\"widget\" data-widget_type=\"text-editor.default\">\n\t\t\t\t<div class=\"elementor-widget-container\">\n\t\t\t\t\t\t\t\t\t<p class=\"\" data-start=\"247\" data-end=\"584\"><strong>Wo Wachstumswerkzeuge auf lokale M\u00e4rkte treffen - weltweit<\/strong><\/p><p class=\"\" data-start=\"247\" data-end=\"584\">Die <strong data-start=\"251\" data-end=\"281\">Eurosalesman\u00ae Partner Shop<\/strong> ist Ihr Tor zu <strong data-start=\"301\" data-end=\"342\">sorgf\u00e4ltig ausgew\u00e4hlte Dienstleistungen und Instrumente<\/strong> zur Beschleunigung des Wachstums Ihres Unternehmens in <strong data-start=\"390\" data-end=\"427\">die wertvollsten M\u00e4rkte der Welt<\/strong>. Jeder Partner wird so ausgew\u00e4hlt, dass er mit unserer Mission \u00fcbereinstimmt.<strong data-start=\"479\" data-end=\"581\">Sie erhalten Zugang zu L\u00f6sungen, die auf lokaler Ebene funktionieren, unabh\u00e4ngig davon, wo Sie weltweit t\u00e4tig sind.<\/strong>.<\/p>\t\t\t\t\t\t\t\t<\/div>\n\t\t\t\t<\/div>\n\t\t\t\t<\/div>\n\t\t<div class=\"elementor-element elementor-element-8fdacb4 e-con-full e-flex e-con e-child\" data-id=\"8fdacb4\" data-element_type=\"container\" data-e-type=\"container\" data-settings=\"{&quot;background_background&quot;:&quot;classic&quot;}\">\n\t\t\t\t<\/div>\n\t\t\t\t<\/div>\n\t\t<div class=\"elementor-element elementor-element-79300a4 e-con-full e-flex e-con e-parent\" data-id=\"79300a4\" data-element_type=\"container\" data-e-type=\"container\">\n\t\t\t\t<div class=\"elementor-element elementor-element-6cbf187 elementor-widget elementor-widget-shortcode\" data-id=\"6cbf187\" data-element_type=\"widget\" data-e-type=\"widget\" data-widget_type=\"shortcode.default\">\n\t\t\t\t<div class=\"elementor-widget-container\">\n\t\t\t\t\t\t\t<div class=\"elementor-shortcode\"><div class=\"myplugin-site-posts\"><div class=\"site-post\"><div class=\"site-post-image\" style=\"background-image: url(https:\/\/eurosalesman.com\/wp-content\/uploads\/blogify.jpg);\"><\/div><div class=\"site-post-content\"><h3><a href=\"https:\/\/eurosalesman.com\/de\/blogify-ai\/\" target=\"_blank\">Blogify AI<\/a><\/h3><p>Blogify.ai - Erstellen Sie wirkungsvolle Inhalte in Gesch\u00e4ftsgeschwindigkeit In der heutigen digitalen Landschaft sind Inhalte die W\u00e4hrung - und Blogify.ai ist Ihr...<\/p><a href=\"https:\/\/eurosalesman.com\/de\/blogify-ai\/\" class=\"read-more\" target=\"_blank\">Mehr lesen<\/a><\/div><\/div><\/div>\n<\/div>\n\t\t\t\t\t\t<\/div>\n\t\t\t\t<\/div>\n\t\t\t\t<\/div>\n\t\t\t\t<\/div>","protected":false},"excerpt":{"rendered":"<p>Willkommen im Eurosalesman\u00ae Global Shop Wo Wachstumswerkzeuge auf lokale M\u00e4rkte treffen - weltweit Der Eurosalesman\u00ae Partner Shop ist Ihr Zugang zu sorgf\u00e4ltig ausgew\u00e4hlten Dienstleistungen und Werkzeugen, die Ihr Gesch\u00e4ftswachstum in den wichtigsten M\u00e4rkten der Welt beschleunigen. Jeder Partner wird so ausgew\u00e4hlt, dass er mit unserer Mission \u00fcbereinstimmt und Ihnen Zugang zu L\u00f6sungen bietet, die auf lokaler Ebene funktionieren [...]<\/p>","protected":false},"author":3,"featured_media":0,"parent":0,"menu_order":0,"comment_status":"closed","ping_status":"closed","template":"","meta":{"_seopress_robots_primary_cat":"","_seopress_titles_title":"","_seopress_titles_desc":"","_seopress_robots_index":"","footnotes":""},"class_list":["post-2247","page","type-page","status-publish","hentry"],"_links":{"self":[{"href":"https:\/\/eurosalesman.com\/de\/wp-json\/wp\/v2\/pages\/2247","targetHints":{"allow":["GET"]}}],"collection":[{"href":"https:\/\/eurosalesman.com\/de\/wp-json\/wp\/v2\/pages"}],"about":[{"href":"https:\/\/eurosalesman.com\/de\/wp-json\/wp\/v2\/types\/page"}],"author":[{"embeddable":true,"href":"https:\/\/eurosalesman.com\/de\/wp-json\/wp\/v2\/users\/3"}],"replies":[{"embeddable":true,"href":"https:\/\/eurosalesman.com\/de\/wp-json\/wp\/v2\/comments?post=2247"}],"version-history":[{"count":52,"href":"https:\/\/eurosalesman.com\/de\/wp-json\/wp\/v2\/pages\/2247\/revisions"}],"predecessor-version":[{"id":2361,"href":"https:\/\/eurosalesman.com\/de\/wp-json\/wp\/v2\/pages\/2247\/revisions\/2361"}],"wp:attachment":[{"href":"https:\/\/eurosalesman.com\/de\/wp-json\/wp\/v2\/media?parent=2247"}],"curies":[{"name":"wp","href":"https:\/\/api.w.org\/{rel}","templated":true}]}}