{"id":2534,"date":"2025-10-21T09:42:37","date_gmt":"2025-10-21T07:42:37","guid":{"rendered":"https:\/\/eurosalesman.com\/?page_id=2534"},"modified":"2026-03-16T12:46:06","modified_gmt":"2026-03-16T11:46:06","slug":"news","status":"publish","type":"page","link":"https:\/\/eurosalesman.com\/de\/news\/","title":{"rendered":"Nachrichten"},"content":{"rendered":"<div data-elementor-type=\"wp-page\" data-elementor-id=\"2534\" class=\"elementor elementor-2534\" data-elementor-post-type=\"page\">\n\t\t\t\t<div class=\"elementor-element elementor-element-6e9a0370 e-con-full e-flex e-con e-parent\" data-id=\"6e9a0370\" data-element_type=\"container\" data-e-type=\"container\">\n\t\t<div class=\"elementor-element elementor-element-2e9a2adf e-flex e-con-boxed e-con e-child\" data-id=\"2e9a2adf\" data-element_type=\"container\" data-e-type=\"container\" data-settings=\"{&quot;background_background&quot;:&quot;classic&quot;}\">\n\t\t\t\t\t<div class=\"e-con-inner\">\n\t\t\t\t\t<\/div>\n\t\t\t\t<\/div>\n\t\t\t\t<\/div>\n\t\t<div class=\"elementor-element elementor-element-554feaf9 e-flex e-con-boxed e-con e-parent\" data-id=\"554feaf9\" data-element_type=\"container\" data-e-type=\"container\">\n\t\t\t\t\t<div class=\"e-con-inner\">\n\t\t<div class=\"elementor-element elementor-element-5a803c2 e-con-full e-flex e-con e-child\" data-id=\"5a803c2\" data-element_type=\"container\" data-e-type=\"container\">\n\t\t\t\t<div class=\"elementor-element elementor-element-490d8262 elementor-widget__width-initial elementor-widget elementor-widget-heading\" data-id=\"490d8262\" data-element_type=\"widget\" data-e-type=\"widget\" data-widget_type=\"heading.default\">\n\t\t\t\t<div class=\"elementor-widget-container\">\n\t\t\t\t\t<h1 class=\"elementor-heading-title elementor-size-default\">Eurosalesman News- Globale Gesch\u00e4fts- und Wirtschaftseinblicke<\/h1>\t\t\t\t<\/div>\n\t\t\t\t<\/div>\n\t\t\t\t<div class=\"elementor-element elementor-element-60c4ea74 elementor-widget__width-initial elementor-widget elementor-widget-text-editor\" data-id=\"60c4ea74\" data-element_type=\"widget\" data-e-type=\"widget\" data-widget_type=\"text-editor.default\">\n\t\t\t\t<div class=\"elementor-widget-container\">\n\t\t\t\t\t\t\t\t\t<p data-start=\"329\" data-end=\"525\">Willkommen bei der <strong data-start=\"344\" data-end=\"365\">Eurosalesman Global News<\/strong>Ihr Zentrum f\u00fcr Nachrichten, Analysen und Einblicke in die <strong data-start=\"416\" data-end=\"443\">die wichtigsten Volkswirtschaften der Welt<\/strong> - einschlie\u00dflich der <strong data-start=\"460\" data-end=\"522\">Europ\u00e4ische Union, die Vereinigten Staaten, China, Japan und Indien<\/strong>.<\/p>\t\t\t\t\t\t\t\t<\/div>\n\t\t\t\t<\/div>\n\t\t\t\t<\/div>\n\t\t\t\t<div class=\"elementor-element elementor-element-6f4468be elementor-posts__hover-none elementor-grid-3 elementor-grid-tablet-2 elementor-grid-mobile-1 elementor-posts--thumbnail-top elementor-widget elementor-widget-posts\" data-id=\"6f4468be\" data-element_type=\"widget\" data-e-type=\"widget\" data-settings=\"{&quot;cards_row_gap&quot;:{&quot;unit&quot;:&quot;px&quot;,&quot;size&quot;:80,&quot;sizes&quot;:[]},&quot;cards_row_gap_tablet&quot;:{&quot;unit&quot;:&quot;px&quot;,&quot;size&quot;:71,&quot;sizes&quot;:[]},&quot;cards_row_gap_mobile&quot;:{&quot;unit&quot;:&quot;px&quot;,&quot;size&quot;:30,&quot;sizes&quot;:[]},&quot;cards_columns&quot;:&quot;3&quot;,&quot;cards_columns_tablet&quot;:&quot;2&quot;,&quot;cards_columns_mobile&quot;:&quot;1&quot;,&quot;cards_row_gap_laptop&quot;:{&quot;unit&quot;:&quot;px&quot;,&quot;size&quot;:&quot;&quot;,&quot;sizes&quot;:[]}}\" data-widget_type=\"posts.cards\">\n\t\t\t\t<div class=\"elementor-widget-container\">\n\t\t\t\t\t\t\t<div class=\"elementor-posts-container elementor-posts elementor-posts--skin-cards elementor-grid\" role=\"list\">\n\t\t\t\t<article class=\"elementor-post elementor-grid-item post-2881 post type-post status-publish format-standard has-post-thumbnail hentry category-news\" role=\"listitem\">\n\t\t\t<div class=\"elementor-post__card\">\n\t\t\t\t<a class=\"elementor-post__thumbnail__link\" href=\"https:\/\/eurosalesman.com\/de\/eurosalesman-named-leading-data-driven-business-growth-network-2026-scandinavian-business-awards\/\" tabindex=\"-1\" ><div class=\"elementor-post__thumbnail\"><img fetchpriority=\"high\" decoding=\"async\" width=\"852\" height=\"513\" src=\"https:\/\/eurosalesman.com\/wp-content\/uploads\/eurosalesman\u00ae-named-leading-data-driven-business-growth-network-2026-\u2014-scandinavian-business-awards.webp\" class=\"attachment-full size-full wp-image-2885\" alt=\"eurosalesman\u00ae named leading data driven business growth network 2026 \u2014 scandinavian business awards\" srcset=\"https:\/\/eurosalesman.com\/wp-content\/uploads\/eurosalesman\u00ae-named-leading-data-driven-business-growth-network-2026-\u2014-scandinavian-business-awards.webp 852w, https:\/\/eurosalesman.com\/wp-content\/uploads\/eurosalesman\u00ae-named-leading-data-driven-business-growth-network-2026-\u2014-scandinavian-business-awards-512x308.webp 512w, https:\/\/eurosalesman.com\/wp-content\/uploads\/eurosalesman\u00ae-named-leading-data-driven-business-growth-network-2026-\u2014-scandinavian-business-awards-256x154.webp 256w, https:\/\/eurosalesman.com\/wp-content\/uploads\/eurosalesman\u00ae-named-leading-data-driven-business-growth-network-2026-\u2014-scandinavian-business-awards-768x462.webp 768w, https:\/\/eurosalesman.com\/wp-content\/uploads\/eurosalesman\u00ae-named-leading-data-driven-business-growth-network-2026-\u2014-scandinavian-business-awards-18x12.webp 18w\" sizes=\"(max-width: 852px) 100vw, 852px\" \/><\/div><\/a>\n\t\t\t\t<div class=\"elementor-post__text\">\n\t\t\t\t<h4 class=\"elementor-post__title\">\n\t\t\t<a href=\"https:\/\/eurosalesman.com\/de\/eurosalesman-named-leading-data-driven-business-growth-network-2026-scandinavian-business-awards\/\" >\n\t\t\t\tEurosalesman\u00ae wird zum f\u00fchrenden Netzwerk f\u00fcr datengesteuertes Gesch\u00e4ftswachstum 2026 ernannt\t\t\t<\/a>\n\t\t<\/h4>\n\t\t\t\t<div class=\"elementor-post__excerpt\">\n\t\t\t<p>Wir sind stolz darauf, bekannt zu geben, dass Eurosalesman\u00ae bei den renommierten Scandinavian Business Awards als f\u00fchrendes Netzwerk f\u00fcr datengesteuertes Unternehmenswachstum 2026 ausgezeichnet wurde.<\/p>\n\t\t<\/div>\n\t\t\n\t\t<a class=\"elementor-post__read-more\" href=\"https:\/\/eurosalesman.com\/de\/eurosalesman-named-leading-data-driven-business-growth-network-2026-scandinavian-business-awards\/\" aria-label=\"Mehr \u00fcber Eurosalesman\u00ae Named Leading Data-Driven Business Growth Network 2026\" tabindex=\"-1\" >\n\t\t\tDiesen Artikel lesen\t\t<\/a>\n\n\t\t\t\t<\/div>\n\t\t\t\t\t<\/div>\n\t\t<\/article>\n\t\t\t\t<article class=\"elementor-post elementor-grid-item post-2750 post type-post status-publish format-standard has-post-thumbnail hentry category-news\" role=\"listitem\">\n\t\t\t<div class=\"elementor-post__card\">\n\t\t\t\t<a class=\"elementor-post__thumbnail__link\" href=\"https:\/\/eurosalesman.com\/de\/cctld-localization-how-country-domains-improve-global-marketing\/\" tabindex=\"-1\" ><div class=\"elementor-post__thumbnail\"><img decoding=\"async\" width=\"1664\" height=\"1216\" src=\"https:\/\/eurosalesman.com\/wp-content\/uploads\/Business-Owner-Ready-for-Global-Expansion-with-ccTLD-Strategy.webp\" class=\"attachment-full size-full wp-image-2753\" alt=\"Business Owner Ready for Global Expansion with ccTLD Strategy\" srcset=\"https:\/\/eurosalesman.com\/wp-content\/uploads\/Business-Owner-Ready-for-Global-Expansion-with-ccTLD-Strategy.webp 1664w, https:\/\/eurosalesman.com\/wp-content\/uploads\/Business-Owner-Ready-for-Global-Expansion-with-ccTLD-Strategy-512x374.webp 512w, https:\/\/eurosalesman.com\/wp-content\/uploads\/Business-Owner-Ready-for-Global-Expansion-with-ccTLD-Strategy-1024x748.webp 1024w, https:\/\/eurosalesman.com\/wp-content\/uploads\/Business-Owner-Ready-for-Global-Expansion-with-ccTLD-Strategy-256x187.webp 256w, https:\/\/eurosalesman.com\/wp-content\/uploads\/Business-Owner-Ready-for-Global-Expansion-with-ccTLD-Strategy-768x561.webp 768w, https:\/\/eurosalesman.com\/wp-content\/uploads\/Business-Owner-Ready-for-Global-Expansion-with-ccTLD-Strategy-1536x1122.webp 1536w, https:\/\/eurosalesman.com\/wp-content\/uploads\/Business-Owner-Ready-for-Global-Expansion-with-ccTLD-Strategy-16x12.webp 16w, https:\/\/eurosalesman.com\/wp-content\/uploads\/Business-Owner-Ready-for-Global-Expansion-with-ccTLD-Strategy-900x658.webp 900w\" sizes=\"(max-width: 1664px) 100vw, 1664px\" \/><\/div><\/a>\n\t\t\t\t<div class=\"elementor-post__text\">\n\t\t\t\t<h4 class=\"elementor-post__title\">\n\t\t\t<a href=\"https:\/\/eurosalesman.com\/de\/cctld-localization-how-country-domains-improve-global-marketing\/\" >\n\t\t\t\tccTLD-Lokalisierung: Wie L\u00e4nderdomains das globale Marketing verbessern\t\t\t<\/a>\n\t\t<\/h4>\n\t\t\t\t<div class=\"elementor-post__excerpt\">\n\t\t\t<p>Entdecken Sie, wie l\u00e4nderspezifische Top-Level-Domains Unternehmen dabei helfen, mit lokalen Zielgruppen in Kontakt zu treten und Vertrauen auf internationalen M\u00e4rkten aufzubauen.<\/p>\n\t\t<\/div>\n\t\t\n\t\t<a class=\"elementor-post__read-more\" href=\"https:\/\/eurosalesman.com\/de\/cctld-localization-how-country-domains-improve-global-marketing\/\" aria-label=\"Mehr \u00fcber ccTLD-Lokalisierung: Wie L\u00e4nderdomains das globale Marketing verbessern\" tabindex=\"-1\" >\n\t\t\tDiesen Artikel lesen\t\t<\/a>\n\n\t\t\t\t<\/div>\n\t\t\t\t\t<\/div>\n\t\t<\/article>\n\t\t\t\t<article class=\"elementor-post elementor-grid-item post-2740 post type-post status-publish format-standard has-post-thumbnail hentry category-news\" role=\"listitem\">\n\t\t\t<div class=\"elementor-post__card\">\n\t\t\t\t<a class=\"elementor-post__thumbnail__link\" href=\"https:\/\/eurosalesman.com\/de\/cctld-vs-gtld-domain-strategy-guide\/\" tabindex=\"-1\" ><div class=\"elementor-post__thumbnail\"><img decoding=\"async\" width=\"1408\" height=\"768\" src=\"https:\/\/eurosalesman.com\/wp-content\/uploads\/ccTLD-vs-gTLD-Domain-Strategy-World-Map.webp\" class=\"attachment-full size-full wp-image-2745\" alt=\"ccTLD vs gTLD Domain Strategy World Map\" srcset=\"https:\/\/eurosalesman.com\/wp-content\/uploads\/ccTLD-vs-gTLD-Domain-Strategy-World-Map.webp 1408w, https:\/\/eurosalesman.com\/wp-content\/uploads\/ccTLD-vs-gTLD-Domain-Strategy-World-Map-512x279.webp 512w, https:\/\/eurosalesman.com\/wp-content\/uploads\/ccTLD-vs-gTLD-Domain-Strategy-World-Map-1024x559.webp 1024w, https:\/\/eurosalesman.com\/wp-content\/uploads\/ccTLD-vs-gTLD-Domain-Strategy-World-Map-256x140.webp 256w, https:\/\/eurosalesman.com\/wp-content\/uploads\/ccTLD-vs-gTLD-Domain-Strategy-World-Map-768x419.webp 768w, https:\/\/eurosalesman.com\/wp-content\/uploads\/ccTLD-vs-gTLD-Domain-Strategy-World-Map-18x10.webp 18w, https:\/\/eurosalesman.com\/wp-content\/uploads\/ccTLD-vs-gTLD-Domain-Strategy-World-Map-900x491.webp 900w\" sizes=\"(max-width: 1408px) 100vw, 1408px\" \/><\/div><\/a>\n\t\t\t\t<div class=\"elementor-post__text\">\n\t\t\t\t<h4 class=\"elementor-post__title\">\n\t\t\t<a href=\"https:\/\/eurosalesman.com\/de\/cctld-vs-gtld-domain-strategy-guide\/\" >\n\t\t\t\tccTLD vs. gTLD: Der komplette Domain-Strategievergleich f\u00fcr internationale Unternehmen\t\t\t<\/a>\n\t\t<\/h4>\n\t\t\t\t<div class=\"elementor-post__excerpt\">\n\t\t\t<p>Alles, was Sie \u00fcber die Wahl zwischen l\u00e4nderspezifischen und generischen Top-Level-Domains f\u00fcr SEO, Vertrauen und globales Wachstum wissen m\u00fcssen.<\/p>\n\t\t<\/div>\n\t\t\n\t\t<a class=\"elementor-post__read-more\" href=\"https:\/\/eurosalesman.com\/de\/cctld-vs-gtld-domain-strategy-guide\/\" aria-label=\"Mehr \u00fcber ccTLD vs. gTLD: Der komplette Domain-Strategie-Vergleich f\u00fcr internationale Unternehmen\" tabindex=\"-1\" >\n\t\t\tDiesen Artikel lesen\t\t<\/a>\n\n\t\t\t\t<\/div>\n\t\t\t\t\t<\/div>\n\t\t<\/article>\n\t\t\t\t<article class=\"elementor-post elementor-grid-item post-2715 post type-post status-publish format-standard has-post-thumbnail hentry category-news\" role=\"listitem\">\n\t\t\t<div class=\"elementor-post__card\">\n\t\t\t\t<a class=\"elementor-post__thumbnail__link\" href=\"https:\/\/eurosalesman.com\/de\/ai-global-expansion-why-ai-alone-wont-scale-your-business-internationally\/\" tabindex=\"-1\" ><div class=\"elementor-post__thumbnail\"><img loading=\"lazy\" decoding=\"async\" width=\"2116\" height=\"1416\" src=\"https:\/\/eurosalesman.com\/wp-content\/uploads\/global-market-access-technology.webp\" class=\"attachment-full size-full wp-image-2720\" alt=\"global market access technology\" srcset=\"https:\/\/eurosalesman.com\/wp-content\/uploads\/global-market-access-technology.webp 2116w, https:\/\/eurosalesman.com\/wp-content\/uploads\/global-market-access-technology-512x343.webp 512w, https:\/\/eurosalesman.com\/wp-content\/uploads\/global-market-access-technology-1024x685.webp 1024w, https:\/\/eurosalesman.com\/wp-content\/uploads\/global-market-access-technology-256x171.webp 256w, https:\/\/eurosalesman.com\/wp-content\/uploads\/global-market-access-technology-768x514.webp 768w, https:\/\/eurosalesman.com\/wp-content\/uploads\/global-market-access-technology-1536x1028.webp 1536w, https:\/\/eurosalesman.com\/wp-content\/uploads\/global-market-access-technology-2048x1370.webp 2048w, https:\/\/eurosalesman.com\/wp-content\/uploads\/global-market-access-technology-18x12.webp 18w, https:\/\/eurosalesman.com\/wp-content\/uploads\/global-market-access-technology-900x602.webp 900w\" sizes=\"(max-width: 2116px) 100vw, 2116px\" \/><\/div><\/a>\n\t\t\t\t<div class=\"elementor-post__text\">\n\t\t\t\t<h4 class=\"elementor-post__title\">\n\t\t\t<a href=\"https:\/\/eurosalesman.com\/de\/ai-global-expansion-why-ai-alone-wont-scale-your-business-internationally\/\" >\n\t\t\t\tKI und globale Expansion: Warum KI allein Ihr Unternehmen nicht international skalieren wird\t\t\t<\/a>\n\t\t<\/h4>\n\t\t\t\t<div class=\"elementor-post__excerpt\">\n\t\t\t<p>KI hat die M\u00f6glichkeiten des globalen Marketings ver\u00e4ndert. Sie kann in Sekundenschnelle \u00fcberzeugende Inhalte erstellen, Daten in gro\u00dfem Umfang analysieren und Kampagnen in Echtzeit optimieren.<\/p>\n\t\t<\/div>\n\t\t\n\t\t<a class=\"elementor-post__read-more\" href=\"https:\/\/eurosalesman.com\/de\/ai-global-expansion-why-ai-alone-wont-scale-your-business-internationally\/\" aria-label=\"Mehr \u00fcber AI &amp; Globale Expansion: Warum KI allein Ihr Unternehmen nicht international skalieren wird\" tabindex=\"-1\" >\n\t\t\tDiesen Artikel lesen\t\t<\/a>\n\n\t\t\t\t<\/div>\n\t\t\t\t\t<\/div>\n\t\t<\/article>\n\t\t\t\t<article class=\"elementor-post elementor-grid-item post-2701 post type-post status-publish format-standard has-post-thumbnail hentry category-news\" role=\"listitem\">\n\t\t\t<div class=\"elementor-post__card\">\n\t\t\t\t<a class=\"elementor-post__thumbnail__link\" href=\"https:\/\/eurosalesman.com\/de\/your-new-ai-assistant-for-global-expansion-get-local-market-insights-instantly-on-eurosalesman\/\" tabindex=\"-1\" ><div class=\"elementor-post__thumbnail\"><img loading=\"lazy\" decoding=\"async\" width=\"2309\" height=\"1299\" src=\"https:\/\/eurosalesman.com\/wp-content\/uploads\/Business-chatting-a-smart-AI-using-an-artificial-intelligence-chatbot-developed-with-AI.webp\" class=\"attachment-full size-full wp-image-2707\" alt=\"Business chatting a smart AI using an artificial intelligence chatbot developed with AI\" srcset=\"https:\/\/eurosalesman.com\/wp-content\/uploads\/Business-chatting-a-smart-AI-using-an-artificial-intelligence-chatbot-developed-with-AI.webp 2309w, https:\/\/eurosalesman.com\/wp-content\/uploads\/Business-chatting-a-smart-AI-using-an-artificial-intelligence-chatbot-developed-with-AI-512x288.webp 512w, https:\/\/eurosalesman.com\/wp-content\/uploads\/Business-chatting-a-smart-AI-using-an-artificial-intelligence-chatbot-developed-with-AI-1024x576.webp 1024w, https:\/\/eurosalesman.com\/wp-content\/uploads\/Business-chatting-a-smart-AI-using-an-artificial-intelligence-chatbot-developed-with-AI-256x144.webp 256w, https:\/\/eurosalesman.com\/wp-content\/uploads\/Business-chatting-a-smart-AI-using-an-artificial-intelligence-chatbot-developed-with-AI-768x432.webp 768w, https:\/\/eurosalesman.com\/wp-content\/uploads\/Business-chatting-a-smart-AI-using-an-artificial-intelligence-chatbot-developed-with-AI-1536x864.webp 1536w, https:\/\/eurosalesman.com\/wp-content\/uploads\/Business-chatting-a-smart-AI-using-an-artificial-intelligence-chatbot-developed-with-AI-2048x1152.webp 2048w, https:\/\/eurosalesman.com\/wp-content\/uploads\/Business-chatting-a-smart-AI-using-an-artificial-intelligence-chatbot-developed-with-AI-18x10.webp 18w, https:\/\/eurosalesman.com\/wp-content\/uploads\/Business-chatting-a-smart-AI-using-an-artificial-intelligence-chatbot-developed-with-AI-900x506.webp 900w\" sizes=\"(max-width: 2309px) 100vw, 2309px\" \/><\/div><\/a>\n\t\t\t\t<div class=\"elementor-post__text\">\n\t\t\t\t<h4 class=\"elementor-post__title\">\n\t\t\t<a href=\"https:\/\/eurosalesman.com\/de\/your-new-ai-assistant-for-global-expansion-get-local-market-insights-instantly-on-eurosalesman\/\" >\n\t\t\t\tIhr neuer AI-Assistent f\u00fcr die globale Expansion: Erhalten Sie sofort lokale Markteinblicke auf Eurosalesman\t\t\t<\/a>\n\t\t<\/h4>\n\t\t\t\t<div class=\"elementor-post__excerpt\">\n\t\t\t<p>Was w\u00e4re, wenn Sie jedem Markt eine Frage stellen k\u00f6nnten - und tats\u00e4chlich eine hilfreiche Antwort erhielten? Die Expansion in ein neues Land ist normalerweise<\/p>\n\t\t<\/div>\n\t\t\n\t\t<a class=\"elementor-post__read-more\" href=\"https:\/\/eurosalesman.com\/de\/your-new-ai-assistant-for-global-expansion-get-local-market-insights-instantly-on-eurosalesman\/\" aria-label=\"Mehr \u00fcber Ihren neuen AI-Assistenten f\u00fcr die globale Expansion: Erhalten Sie sofort lokale Markteinblicke auf Eurosalesman\" tabindex=\"-1\" >\n\t\t\tDiesen Artikel lesen\t\t<\/a>\n\n\t\t\t\t<\/div>\n\t\t\t\t\t<\/div>\n\t\t<\/article>\n\t\t\t\t<article class=\"elementor-post elementor-grid-item post-2691 post type-post status-publish format-standard has-post-thumbnail hentry category-news\" role=\"listitem\">\n\t\t\t<div class=\"elementor-post__card\">\n\t\t\t\t<a class=\"elementor-post__thumbnail__link\" href=\"https:\/\/eurosalesman.com\/de\/now-you-can-enter-any-local-market-using-ai-and-eurosalesmans-country-domain-network\/\" tabindex=\"-1\" ><div class=\"elementor-post__thumbnail\"><img loading=\"lazy\" decoding=\"async\" width=\"1920\" height=\"1088\" src=\"https:\/\/eurosalesman.com\/wp-content\/uploads\/Seamless-Global-to-Local-Transition.webp\" class=\"attachment-full size-full wp-image-2697\" alt=\"Seamless Global-to-Local Transition\" srcset=\"https:\/\/eurosalesman.com\/wp-content\/uploads\/Seamless-Global-to-Local-Transition.webp 1920w, https:\/\/eurosalesman.com\/wp-content\/uploads\/Seamless-Global-to-Local-Transition-512x290.webp 512w, https:\/\/eurosalesman.com\/wp-content\/uploads\/Seamless-Global-to-Local-Transition-1024x580.webp 1024w, https:\/\/eurosalesman.com\/wp-content\/uploads\/Seamless-Global-to-Local-Transition-256x145.webp 256w, https:\/\/eurosalesman.com\/wp-content\/uploads\/Seamless-Global-to-Local-Transition-768x435.webp 768w, https:\/\/eurosalesman.com\/wp-content\/uploads\/Seamless-Global-to-Local-Transition-1536x870.webp 1536w, https:\/\/eurosalesman.com\/wp-content\/uploads\/Seamless-Global-to-Local-Transition-18x10.webp 18w, https:\/\/eurosalesman.com\/wp-content\/uploads\/Seamless-Global-to-Local-Transition-900x510.webp 900w\" sizes=\"(max-width: 1920px) 100vw, 1920px\" \/><\/div><\/a>\n\t\t\t\t<div class=\"elementor-post__text\">\n\t\t\t\t<h4 class=\"elementor-post__title\">\n\t\t\t<a href=\"https:\/\/eurosalesman.com\/de\/now-you-can-enter-any-local-market-using-ai-and-eurosalesmans-country-domain-network\/\" >\n\t\t\t\tMit AI und Eurosalesman's Country Domain Network k\u00f6nnen Sie jetzt jeden lokalen Markt erschlie\u00dfen\t\t\t<\/a>\n\t\t<\/h4>\n\t\t\t\t<div class=\"elementor-post__excerpt\">\n\t\t\t<p>Sie wollten schon immer vor Ort in neuen L\u00e4ndern verkaufen - jetzt macht KI es m\u00f6glich Stellen Sie sich vor, Sie betreten ein neues Land<\/p>\n\t\t<\/div>\n\t\t\n\t\t<a class=\"elementor-post__read-more\" href=\"https:\/\/eurosalesman.com\/de\/now-you-can-enter-any-local-market-using-ai-and-eurosalesmans-country-domain-network\/\" aria-label=\"Mehr \u00fcber Jetzt k\u00f6nnen Sie mit Hilfe von AI und Eurosalesman&#039;s Country Domain Network jeden lokalen Markt erschlie\u00dfen\" tabindex=\"-1\" >\n\t\t\tDiesen Artikel lesen\t\t<\/a>\n\n\t\t\t\t<\/div>\n\t\t\t\t\t<\/div>\n\t\t<\/article>\n\t\t\t\t<\/div>\n\t\t\n\t\t\t\t\t\t<\/div>\n\t\t\t\t<\/div>\n\t\t\t\t\t<\/div>\n\t\t\t\t<\/div>\n\t\t\t\t<\/div>","protected":false},"excerpt":{"rendered":"<p>Eurosalesman News- Global Business &amp; Economic Insights Willkommen bei den Eurosalesman Global News, Ihrem Drehkreuz f\u00fcr Nachrichten, Analysen und Einblicke in die wichtigsten Volkswirtschaften der Welt - darunter die Europ\u00e4ische Union, die Vereinigten Staaten, China, Japan und Indien.<\/p>","protected":false},"author":3,"featured_media":0,"parent":0,"menu_order":0,"comment_status":"closed","ping_status":"closed","template":"","meta":{"_seopress_robots_primary_cat":"","_seopress_titles_title":"","_seopress_titles_desc":"","_seopress_robots_index":"","footnotes":""},"class_list":["post-2534","page","type-page","status-publish","hentry"],"_links":{"self":[{"href":"https:\/\/eurosalesman.com\/de\/wp-json\/wp\/v2\/pages\/2534","targetHints":{"allow":["GET"]}}],"collection":[{"href":"https:\/\/eurosalesman.com\/de\/wp-json\/wp\/v2\/pages"}],"about":[{"href":"https:\/\/eurosalesman.com\/de\/wp-json\/wp\/v2\/types\/page"}],"author":[{"embeddable":true,"href":"https:\/\/eurosalesman.com\/de\/wp-json\/wp\/v2\/users\/3"}],"replies":[{"embeddable":true,"href":"https:\/\/eurosalesman.com\/de\/wp-json\/wp\/v2\/comments?post=2534"}],"version-history":[{"count":31,"href":"https:\/\/eurosalesman.com\/de\/wp-json\/wp\/v2\/pages\/2534\/revisions"}],"predecessor-version":[{"id":2913,"href":"https:\/\/eurosalesman.com\/de\/wp-json\/wp\/v2\/pages\/2534\/revisions\/2913"}],"wp:attachment":[{"href":"https:\/\/eurosalesman.com\/de\/wp-json\/wp\/v2\/media?parent=2534"}],"curies":[{"name":"wp","href":"https:\/\/api.w.org\/{rel}","templated":true}]}}