{"id":1963,"date":"2025-02-13T16:23:45","date_gmt":"2025-02-13T15:23:45","guid":{"rendered":"https:\/\/eurosalesman.com\/?post_type=product&#038;p=1963"},"modified":"2025-03-26T13:21:12","modified_gmt":"2025-03-26T12:21:12","slug":"growth-off-page-seo-package","status":"publish","type":"product","link":"https:\/\/eurosalesman.com\/de\/services\/growth-off-page-seo-package\/","title":{"rendered":"Wachstum Off-Page SEO"},"content":{"rendered":"<section class=\"package-content\">\n<div class=\"two-column-container\">\n<p><!-- Left Column: How It Works --><\/p>\n<div class=\"first column\">\n<h3>Wie es funktioniert<\/h3>\n<dl class=\"steps\">\n<dt>Schritt 1:<\/dt>\n<dd>Sie liefern die gew\u00fcnschten Backlinks zu Ihrer Website (URLs, Ankertexte usw.).<\/dd>\n<dt>Schritt 2:<\/dt>\n<dd>Unser Team erstellt SEO-freundliche Beitr\u00e4ge und bindet Ihre Backlinks in unsere Netzwerkseiten ein.<\/dd>\n<dt>Schritt 3:<\/dt>\n<dd>Die Beitr\u00e4ge werden auf unseren hochrangigen Websites ver\u00f6ffentlicht, was die Glaubw\u00fcrdigkeit Ihrer Website und die SEO-Kennzahlen erh\u00f6ht.<\/dd>\n<dt>Schritt 4:<\/dt>\n<dd>Sie erhalten einen monatlichen Leistungsbericht, in dem die Ergebnisse und Auswirkungen dargelegt werden.<\/dd>\n<\/dl>\n<\/div>\n<p><!-- Right Column: What You Get --><\/p>\n<div class=\"column\">\n<h3>Was Sie bekommen<\/h3>\n<dl class=\"what-you-get\">\n<dt>Netzwerk Post Publishing<\/dt>\n<dd>Die von Ihnen bereitgestellten Backlinks werden nahtlos in ansprechende, SEO-freundliche Beitr\u00e4ge integriert.<br \/>\nGarantierte Ver\u00f6ffentlichung auf ausgew\u00e4hlten Websites innerhalb unseres Premium-Netzwerks.<\/dd>\n<dt>Optimierung der Inhalte<\/dt>\n<dd>Jeder Beitrag ist so gestaltet, dass er mit den besten SEO-Verfahren \u00fcbereinstimmt, was die Relevanz und Sichtbarkeit erh\u00f6ht.<br \/>\nUnser Redaktionsteam sorgt daf\u00fcr, dass die Inhalte Ihre Backlink-Strategie effektiv unterst\u00fctzen.<\/dd>\n<dt>Leistungsberichte<\/dt>\n<dd>Monatliche Berichte, die die Leistung der Beitr\u00e4ge, die Sichtbarkeit der Backlinks und die Auswirkungen auf die Suchmaschinenoptimierung verfolgen.<br \/>\nEinblicke und Empfehlungen, die Ihnen helfen, Ihre SEO-Gewinne zu maximieren.<\/dd>\n<\/dl>\n<\/div>\n<\/div>\n<\/section>","protected":false},"excerpt":{"rendered":"<p>Beschleunigen Sie die Suchmaschinenoptimierung Ihrer Website, indem Sie unser exklusives Netzwerk von <strong>52 Websites mit hohem Bekanntheitsgrad<\/strong>. Mit unserem Wachstumspaket ver\u00f6ffentlichen wir SEO-optimierte Beitr\u00e4ge auf <strong>20 ausgew\u00e4hlte Standorte<\/strong>jeweils mit <strong>1 kontextbezogener Outlink<\/strong> zu Ihrer Website. Diese fortschrittliche Integration von Qualit\u00e4ts-Backlinks soll Ihre Domain-Autorit\u00e4t weiter steigern, das Keyword-Ranking verbessern und gezielten organischen Traffic erzeugen.<\/p>\n<ul>\n<li><strong>20 Netzwerk-Posten:<\/strong> Werden Sie auf 30 unserer 52 Premium-Websites ver\u00f6ffentlicht.<\/li>\n<li><strong>3 Outlinks pro Beitrag:<\/strong> Jeder Beitrag enth\u00e4lt kontextbezogene Backlinks zu Ihrer Website.<\/li>\n<li><strong>SEO-optimierter Inhalt:<\/strong> Fachm\u00e4nnisch erstellte Beitr\u00e4ge, die auf Ihre SEO-Strategie zugeschnitten sind.<\/li>\n<li><strong>Leistungsberichte:<\/strong> Monatliche Einblicke und detaillierte Analysen zur \u00dcberwachung Ihrer Fortschritte.<\/li>\n<\/ul>\n<p>Verbessern Sie Ihre Online-Pr\u00e4senz mit unserem Growth Off-Page SEO-Paket.<\/p>","protected":false},"featured_media":2378,"comment_status":"closed","ping_status":"closed","template":"","meta":{"_seopress_robots_primary_cat":"","_seopress_titles_title":"","_seopress_titles_desc":"","_seopress_robots_index":""},"product_brand":[],"product_cat":[36],"product_tag":[],"class_list":{"0":"post-1963","1":"product","2":"type-product","3":"status-publish","4":"has-post-thumbnail","6":"product_cat-seo","8":"first","9":"instock","10":"virtual","11":"purchasable","12":"product-type-simple"},"_links":{"self":[{"href":"https:\/\/eurosalesman.com\/de\/wp-json\/wp\/v2\/product\/1963","targetHints":{"allow":["GET"]}}],"collection":[{"href":"https:\/\/eurosalesman.com\/de\/wp-json\/wp\/v2\/product"}],"about":[{"href":"https:\/\/eurosalesman.com\/de\/wp-json\/wp\/v2\/types\/product"}],"replies":[{"embeddable":true,"href":"https:\/\/eurosalesman.com\/de\/wp-json\/wp\/v2\/comments?post=1963"}],"wp:featuredmedia":[{"embeddable":true,"href":"https:\/\/eurosalesman.com\/de\/wp-json\/wp\/v2\/media\/2378"}],"wp:attachment":[{"href":"https:\/\/eurosalesman.com\/de\/wp-json\/wp\/v2\/media?parent=1963"}],"wp:term":[{"taxonomy":"product_brand","embeddable":true,"href":"https:\/\/eurosalesman.com\/de\/wp-json\/wp\/v2\/product_brand?post=1963"},{"taxonomy":"product_cat","embeddable":true,"href":"https:\/\/eurosalesman.com\/de\/wp-json\/wp\/v2\/product_cat?post=1963"},{"taxonomy":"product_tag","embeddable":true,"href":"https:\/\/eurosalesman.com\/de\/wp-json\/wp\/v2\/product_tag?post=1963"}],"curies":[{"name":"wp","href":"https:\/\/api.w.org\/{rel}","templated":true}]}}