{"id":2101,"date":"2025-02-25T14:47:50","date_gmt":"2025-02-25T13:47:50","guid":{"rendered":"https:\/\/eurosalesman.com\/?post_type=product&#038;p=2101"},"modified":"2025-03-19T14:32:28","modified_gmt":"2025-03-19T13:32:28","slug":"ppi-ad-impact-europe","status":"publish","type":"product","link":"https:\/\/eurosalesman.com\/de\/services\/ppi-ad-impact-europe\/","title":{"rendered":"PPI Ad Impact - Europa"},"content":{"rendered":"<section class=\"package-content\">\n<div class=\"two-column-container\">\n<p><!-- Left Column: How It Works --><\/p>\n<div class=\"first column\">\n<h3>Wie es funktioniert<\/h3>\n<dl class=\"steps\">\n<dt>Schritt 1:<\/dt>\n<dd>Sie geben Ihr Anzeigenmotiv, Ihre Zielgruppe und die Ziele der Kampagne an.<\/dd>\n<dt>Schritt 2:<\/dt>\n<dd>Unsere Plattform platziert Ihre Anzeige strategisch in unserem hochwertigen Netzwerk.<\/dd>\n<dt>Schritt 3:<\/dt>\n<dd>Sie zahlen nur, wenn Nutzer mit Ihrer Anzeige interagieren.<\/dd>\n<dt>Schritt 4:<\/dt>\n<dd>Sie erhalten detaillierte, transparente Leistungsberichte, um jede Interaktion zu verfolgen und den ROI zu messen.<\/dd>\n<\/dl>\n<\/div>\n<p><!-- Right Column: What You Get --><\/p>\n<div class=\"column\">\n<h3>Was Sie bekommen<\/h3>\n<dl class=\"what-you-get\">\n<dt>Bezahlung pro Interaktion<\/dt>\n<dd>Investieren Sie nur in echtes Nutzerengagement und stellen Sie sicher, dass jeder Euro zu Ergebnissen f\u00fchrt.<\/dd>\n<dt>Hochwertige Anzeigenschaltungen<\/dt>\n<dd>Ihre Anzeigen werden in unserem Premium-Netzwerk angezeigt und erreichen so ein gezieltes, engagiertes Publikum.<\/dd>\n<dt>Transparente Analytik<\/dt>\n<dd>Greifen Sie auf umfassende Berichte zu, die jede Interaktion, jeden Klick und jede Engagement-Kennzahl detailliert ausweisen.<\/dd>\n<dt>Flexible Budgetierung<\/dt>\n<dd>Passen Sie Ihre Werbeausgaben in Echtzeit an die Leistung an, um einen optimalen ROI zu gew\u00e4hrleisten.<\/dd>\n<\/dl>\n<\/div>\n<\/div>\n<\/section>","protected":false},"excerpt":{"rendered":"<p>&nbsp;<\/p>\n<p data-start=\"34\" data-end=\"104\"><strong data-start=\"34\" data-end=\"102\">Dominieren Sie den europ\u00e4ischen Markt mit zielgenauer Werbung<\/strong><\/p>\n<p data-start=\"106\" data-end=\"442\">Europa ist mit seinen vielf\u00e4ltigen Volkswirtschaften und seiner hohen Verbrauchernachfrage ein Kraftzentrum f\u00fcr Gesch\u00e4ftsm\u00f6glichkeiten. Die <strong data-start=\"207\" data-end=\"233\">PPI Ad Impact - Europa<\/strong> Paket positioniert Ihre Marke f\u00fcr den Erfolg durch die Nutzung von <strong data-start=\"289\" data-end=\"341\">Eurosalesman's exklusive Marktdom\u00e4nen (ccTLDs)<\/strong> und datengesteuerte Werbestrategien, um die Sichtbarkeit und das Engagement auf dem gesamten Kontinent zu maximieren.<\/p>\n<p data-start=\"444\" data-end=\"730\">Mit <strong data-start=\"449\" data-end=\"507\">KI-gest\u00fctzte Werbeinhalte, optimiert f\u00fcr europ\u00e4ische Zielgruppen<\/strong> und <strong data-start=\"512\" data-end=\"548\">Google Analytics-gest\u00fctzte Einblicke<\/strong>Mit diesem Paket wird sichergestellt, dass Ihre Marke die richtigen Kunden erreicht und dort erscheint, wo es am wichtigsten ist.<strong data-start=\"648\" data-end=\"728\">an der Spitze der lokalen Suchergebnisse und in leistungsstarken Anzeigenplatzierungen.<\/strong><\/p>\n<p data-start=\"732\" data-end=\"1231\">\u2714 <strong data-start=\"734\" data-end=\"760\">Lokalisierte Anzeigenausrichtung<\/strong> - Ma\u00dfgeschneiderte Werbestrategien, die auf die Bed\u00fcrfnisse der <strong data-start=\"811\" data-end=\"847\">regionale Zielgruppen in ganz Europa<\/strong>.<br data-start=\"848\" data-end=\"851\" \/>\u2714 <strong data-start=\"853\" data-end=\"886\">Geo-optimierte Suchpr\u00e4senz<\/strong> - Sicher <strong data-start=\"896\" data-end=\"945\">vorrangige Platzierung in den europ\u00e4ischen Suchergebnissen<\/strong> mit l\u00e4nderspezifischen ccTLDs.<br data-start=\"975\" data-end=\"978\" \/>\u2714 <strong data-start=\"980\" data-end=\"1011\">Leistungsabh\u00e4ngige Einblicke<\/strong> - Verst\u00e4rkung <strong data-start=\"1019\" data-end=\"1042\">Echtzeit-Analytik<\/strong> um Kampagnen zu verfeinern und die Investitionsrendite zu maximieren.<br data-start=\"1097\" data-end=\"1100\" \/>\u2714 <strong data-start=\"1102\" data-end=\"1128\">Nahtloser Marktzugang<\/strong> - Selbstbewusst expandieren mit <strong data-start=\"1155\" data-end=\"1229\">rechtlich anerkannte Werbestrategien, die mit den europ\u00e4ischen Vorschriften \u00fcbereinstimmen.<\/strong><\/p>\n<p data-start=\"1233\" data-end=\"1348\"><strong data-start=\"1233\" data-end=\"1346\">Mit Eurosalesman\u00ae gewinnt Ihre Marke den Wettbewerbsvorteil, den sie braucht, um auf den wertvollsten M\u00e4rkten Europas erfolgreich zu sein.<\/strong><\/p>\n<p>&nbsp;<\/p>","protected":false},"featured_media":2046,"comment_status":"closed","ping_status":"closed","template":"","meta":{"_seopress_robots_primary_cat":"","_seopress_titles_title":"","_seopress_titles_desc":"","_seopress_robots_index":""},"product_brand":[],"product_cat":[39],"product_tag":[],"class_list":{"0":"post-2101","1":"product","2":"type-product","3":"status-publish","4":"has-post-thumbnail","6":"product_cat-advertising","8":"first","9":"instock","10":"shipping-taxable","11":"purchasable","12":"product-type-variable"},"_links":{"self":[{"href":"https:\/\/eurosalesman.com\/de\/wp-json\/wp\/v2\/product\/2101","targetHints":{"allow":["GET"]}}],"collection":[{"href":"https:\/\/eurosalesman.com\/de\/wp-json\/wp\/v2\/product"}],"about":[{"href":"https:\/\/eurosalesman.com\/de\/wp-json\/wp\/v2\/types\/product"}],"replies":[{"embeddable":true,"href":"https:\/\/eurosalesman.com\/de\/wp-json\/wp\/v2\/comments?post=2101"}],"wp:featuredmedia":[{"embeddable":true,"href":"https:\/\/eurosalesman.com\/de\/wp-json\/wp\/v2\/media\/2046"}],"wp:attachment":[{"href":"https:\/\/eurosalesman.com\/de\/wp-json\/wp\/v2\/media?parent=2101"}],"wp:term":[{"taxonomy":"product_brand","embeddable":true,"href":"https:\/\/eurosalesman.com\/de\/wp-json\/wp\/v2\/product_brand?post=2101"},{"taxonomy":"product_cat","embeddable":true,"href":"https:\/\/eurosalesman.com\/de\/wp-json\/wp\/v2\/product_cat?post=2101"},{"taxonomy":"product_tag","embeddable":true,"href":"https:\/\/eurosalesman.com\/de\/wp-json\/wp\/v2\/product_tag?post=2101"}],"curies":[{"name":"wp","href":"https:\/\/api.w.org\/{rel}","templated":true}]}}