{"id":2384,"date":"2025-03-26T13:42:41","date_gmt":"2025-03-26T12:42:41","guid":{"rendered":"https:\/\/eurosalesman.com\/?post_type=product&#038;p=2384"},"modified":"2025-03-26T13:48:14","modified_gmt":"2025-03-26T12:48:14","slug":"local-growth-accelerator-bundle","status":"publish","type":"product","link":"https:\/\/eurosalesman.com\/de\/services\/local-growth-accelerator-bundle\/","title":{"rendered":"Local Growth Accelerator Bundle"},"content":{"rendered":"<section class=\"package-content\">\n<div class=\"two-column-container\">\n<p><!-- Left Column: How It Works --><\/p>\n<div class=\"first column\">\n<h3>Wie es funktioniert<\/h3>\n<dl class=\"steps\">\n<dt>Schritt 1:<\/dt>\n<dd>Wir f\u00fchren eine \u00dcberpr\u00fcfung des lokalen Marktes durch, aktualisieren Ihre Keyword-Strategie und richten erweiterte lokale Zitate und Verzeichniseintr\u00e4ge ein.<\/dd>\n<dt>Schritt 2:<\/dt>\n<dd>Unser Team lanciert und verwaltet Ihre Anzeigenkampagnen, erstellt Anzeigentexte und optimiert sie monatlich.<\/dd>\n<dt>Schritt 3:<\/dt>\n<dd>Wir bauen monatlich 20 Backlinks mit hoher Autorit\u00e4t auf, wobei wir den Ankertext und die Zielseiten anhand von Leistungsdaten anpassen.<\/dd>\n<dt>Schritt 4:<\/dt>\n<dd>Sie erhalten detaillierte monatliche Berichte sowie ein Gespr\u00e4ch zur Strategie\u00fcberpr\u00fcfung, um die Leistung zu analysieren und die Kampagnen zu verfeinern.<\/dd>\n<\/dl>\n<\/div>\n<p><!-- Right Column: What You Get --><\/p>\n<div class=\"column\">\n<h3>Was Sie bekommen<\/h3>\n<dl class=\"what-you-get\">\n<dt>Fortgeschrittenes lokales SEO-Wachstum<\/dt>\n<dd>20 Autorit\u00e4ts-Backlinks monatlich, fortschrittliche lokale Zitate und fortlaufende Keyword-Anpassungen zur St\u00e4rkung Ihrer lokalen Suchrankings.<\/dd>\n<dd>Vollst\u00e4ndig verwaltete Google-Anzeigen, die bis zu 2.500 gezielte Klicks\/Monat generieren, sowie Boosted Posts oder gezielte Anzeigen zur Erh\u00f6hung der lokalen Sichtbarkeit.<\/dd>\n<dt>Leistungsverfolgung und Strategie\u00fcberpr\u00fcfung<\/dt>\n<dd>Detaillierte monatliche SEO- und PPC-Berichte sowie ein 30-min\u00fctiges Strategiegespr\u00e4ch, um die Ergebnisse zu \u00fcberpr\u00fcfen, Kampagnen anzupassen und der Konkurrenz einen Schritt voraus zu sein.<\/dd>\n<dt>Viertelj\u00e4hrliche KI-gest\u00fctzte Inhalte<\/dt>\n<dd>Ein KI-generierter Blog- oder Social-Media-Beitrag pro Quartal, der auf Ihre Keywords und Ihr lokales Publikum zugeschnitten ist, um Autorit\u00e4t und Engagement zu steigern.<\/dd>\n<\/dl>\n<\/div>\n<\/div>\n<\/section>","protected":false},"excerpt":{"rendered":"<p>Unser beliebtestes Paket f\u00fcr Unternehmen, die es mit dem lokalen Wachstum ernst meinen. Enth\u00e4lt 20 Backlinks mit hoher Autorit\u00e4t, fortschrittliche lokale Zitate, vollst\u00e4ndig verwaltete Anzeigen und KI-gesteuerte Inhalte - alles unterst\u00fctzt durch Expertenberichte und Strategieunterst\u00fctzung.<\/p>","protected":false},"featured_media":2382,"comment_status":"closed","ping_status":"closed","template":"","meta":{"_seopress_robots_primary_cat":"","_seopress_titles_title":"","_seopress_titles_desc":"","_seopress_robots_index":""},"product_brand":[],"product_cat":[41],"product_tag":[],"class_list":{"0":"post-2384","1":"product","2":"type-product","3":"status-publish","4":"has-post-thumbnail","6":"product_cat-bundle","8":"first","9":"instock","10":"shipping-taxable","11":"purchasable","12":"product-type-simple"},"_links":{"self":[{"href":"https:\/\/eurosalesman.com\/de\/wp-json\/wp\/v2\/product\/2384","targetHints":{"allow":["GET"]}}],"collection":[{"href":"https:\/\/eurosalesman.com\/de\/wp-json\/wp\/v2\/product"}],"about":[{"href":"https:\/\/eurosalesman.com\/de\/wp-json\/wp\/v2\/types\/product"}],"replies":[{"embeddable":true,"href":"https:\/\/eurosalesman.com\/de\/wp-json\/wp\/v2\/comments?post=2384"}],"wp:featuredmedia":[{"embeddable":true,"href":"https:\/\/eurosalesman.com\/de\/wp-json\/wp\/v2\/media\/2382"}],"wp:attachment":[{"href":"https:\/\/eurosalesman.com\/de\/wp-json\/wp\/v2\/media?parent=2384"}],"wp:term":[{"taxonomy":"product_brand","embeddable":true,"href":"https:\/\/eurosalesman.com\/de\/wp-json\/wp\/v2\/product_brand?post=2384"},{"taxonomy":"product_cat","embeddable":true,"href":"https:\/\/eurosalesman.com\/de\/wp-json\/wp\/v2\/product_cat?post=2384"},{"taxonomy":"product_tag","embeddable":true,"href":"https:\/\/eurosalesman.com\/de\/wp-json\/wp\/v2\/product_tag?post=2384"}],"curies":[{"name":"wp","href":"https:\/\/api.w.org\/{rel}","templated":true}]}}