{"id":2385,"date":"2025-03-26T13:45:23","date_gmt":"2025-03-26T12:45:23","guid":{"rendered":"https:\/\/eurosalesman.com\/?post_type=product&#038;p=2385"},"modified":"2025-03-26T13:48:59","modified_gmt":"2025-03-26T12:48:59","slug":"local-market-dominator-bundle","status":"publish","type":"product","link":"https:\/\/eurosalesman.com\/de\/services\/local-market-dominator-bundle\/","title":{"rendered":"Local Market Dominator Bundle"},"content":{"rendered":"<section class=\"package-content\">\n<div class=\"two-column-container\">\n<p><!-- Left Column: How It Works --><\/p>\n<div class=\"first column\">\n<h3>Wie es funktioniert<\/h3>\n<dl class=\"steps\">\n<dt>Schritt 1:<\/dt>\n<dd>Wir f\u00fchren eine gr\u00fcndliche Analyse des lokalen Marktes durch, verfeinern die Keyword-Strategien und f\u00fchren fortgeschrittene lokale SEO, den Aufbau von Zitaten und die Domainregistrierung ein.<\/dd>\n<dt>Schritt 2:<\/dt>\n<dd>Unser Team verwaltet hochvolumige Anzeigen und spezielle Kampagnen, einschlie\u00dflich Retargeting und KI-gest\u00fctzter Erstellung von Anzeigentexten.<\/dd>\n<dt>Schritt 3:<\/dt>\n<dd>Wir sichern monatlich 40 erstklassige Backlinks mit hoher Relevanz und optimieren kontinuierlich auf der Grundlage von Ranking und Traffic-Leistung.<\/dd>\n<dt>Schritt 4:<\/dt>\n<dd>Sie haben rund um die Uhr Zugriff auf Ihr Leistungs-Dashboard und nehmen an einem monatlichen Strategiegespr\u00e4ch mit Ihrem Marketingexperten teil, um die Ergebnisse zu \u00fcberpr\u00fcfen und die Kampagnen zu verfeinern.<\/dd>\n<\/dl>\n<\/div>\n<p><!-- Right Column: What You Get --><\/p>\n<div class=\"column\">\n<h3>Was Sie bekommen<\/h3>\n<dl class=\"what-you-get\">\n<dt>Erstklassige lokale SEO-Leistung<\/dt>\n<dd>40 erstklassige Backlinks monatlich, tiefgreifende lokale SEO und kontinuierliche Optimierung f\u00fcr die Dominanz in Ihren wichtigsten lokalen Suchbegriffen.<\/dd>\n<dt>Beherrschung der Omnichannel-Werbung<\/dt>\n<dd>Gezielte Klicks mit Ads und frischen Anzeigensets, die durch exklusive, von KI generierte Anzeigentexte unterst\u00fctzt werden.<\/dd>\n<dt>24\/7 Dashboard &amp; Expertenstrategie<\/dt>\n<dd>Voller Zugriff auf das Performance-Dashboard und monatliche Strategiebesprechungen mit Ihrem speziellen Marketingexperten.<\/dd>\n<dt>Exklusive Eurosalesman\u00ae Vorteile<\/dt>\n<dd>Markenberatung, sicheres Management lokaler Domains (ccTLD) und viertelj\u00e4hrlich von KI generierte Inhalte, die auf Ihre Marke und Ihren Markt zugeschnitten sind.<\/dd>\n<\/dl>\n<\/div>\n<\/div>\n<\/section>","protected":false},"excerpt":{"rendered":"<p class=\"\" data-start=\"253\" data-end=\"601\">Die <strong data-start=\"257\" data-end=\"290\">Local Market Dominator Bundle<\/strong> ist f\u00fcr Unternehmen gedacht, die bereit sind, ihren lokalen Markt mit einem <strong data-start=\"355\" data-end=\"393\">umfassende, allumfassende Strategie<\/strong>. Kombinieren <strong data-start=\"405\" data-end=\"515\">Premium-Off-Page-SEO, hochvolumige Omnichannel-Anzeigen, fachkundige Beratung und exklusive Markenvorteile<\/strong>Mit diesem Paket erh\u00e4lt Ihre Marke alles, was sie braucht, um sich von der lokalen Konkurrenz abzuheben.<\/p>\n<p class=\"\" data-start=\"603\" data-end=\"962\">Mit <strong data-start=\"608\" data-end=\"728\">40 hochrelevante Backlinks monatlich, fortschrittliches lokales SEO-Management und gezielte Werbekampagnen<\/strong>gewinnt Ihr Unternehmen maximale Sichtbarkeit, Vertrauen und Engagement. <strong data-start=\"793\" data-end=\"846\">KI-unterst\u00fctzte Erstellung von Anzeigentexten und viertelj\u00e4hrlichen Inhalten<\/strong> sorgen daf\u00fcr, dass Sie fit bleiben, w\u00e4hrend <strong data-start=\"876\" data-end=\"932\">Markenberatung und lokale Domainregistrierung<\/strong> bieten dauerhaften Schutz.<\/p>\n<p class=\"\" data-start=\"964\" data-end=\"1148\"><strong data-start=\"964\" data-end=\"1065\">Verfolgen Sie die Leistung rund um die Uhr und verfeinern Sie Ihre Strategie jeden Monat mit Ihrem engagierten Marketingexperten.<\/strong> Dies ist Ihre Full-Service-L\u00f6sung f\u00fcr <strong data-start=\"1105\" data-end=\"1147\">nachhaltige lokale Dominanz und Wachstum<\/strong>.<\/p>","protected":false},"featured_media":2382,"comment_status":"closed","ping_status":"closed","template":"","meta":{"_seopress_robots_primary_cat":"","_seopress_titles_title":"","_seopress_titles_desc":"","_seopress_robots_index":""},"product_brand":[],"product_cat":[41],"product_tag":[],"class_list":{"0":"post-2385","1":"product","2":"type-product","3":"status-publish","4":"has-post-thumbnail","6":"product_cat-bundle","8":"first","9":"instock","10":"shipping-taxable","11":"purchasable","12":"product-type-simple"},"_links":{"self":[{"href":"https:\/\/eurosalesman.com\/de\/wp-json\/wp\/v2\/product\/2385","targetHints":{"allow":["GET"]}}],"collection":[{"href":"https:\/\/eurosalesman.com\/de\/wp-json\/wp\/v2\/product"}],"about":[{"href":"https:\/\/eurosalesman.com\/de\/wp-json\/wp\/v2\/types\/product"}],"replies":[{"embeddable":true,"href":"https:\/\/eurosalesman.com\/de\/wp-json\/wp\/v2\/comments?post=2385"}],"wp:featuredmedia":[{"embeddable":true,"href":"https:\/\/eurosalesman.com\/de\/wp-json\/wp\/v2\/media\/2382"}],"wp:attachment":[{"href":"https:\/\/eurosalesman.com\/de\/wp-json\/wp\/v2\/media?parent=2385"}],"wp:term":[{"taxonomy":"product_brand","embeddable":true,"href":"https:\/\/eurosalesman.com\/de\/wp-json\/wp\/v2\/product_brand?post=2385"},{"taxonomy":"product_cat","embeddable":true,"href":"https:\/\/eurosalesman.com\/de\/wp-json\/wp\/v2\/product_cat?post=2385"},{"taxonomy":"product_tag","embeddable":true,"href":"https:\/\/eurosalesman.com\/de\/wp-json\/wp\/v2\/product_tag?post=2385"}],"curies":[{"name":"wp","href":"https:\/\/api.w.org\/{rel}","templated":true}]}}