{"id":1385,"date":"2024-10-09T16:33:18","date_gmt":"2024-10-09T14:33:18","guid":{"rendered":"https:\/\/eurosalesman.com\/?page_id=1385"},"modified":"2025-02-13T10:33:34","modified_gmt":"2025-02-13T09:33:34","slug":"solution-analytics","status":"publish","type":"page","link":"https:\/\/eurosalesman.com\/es\/solution-analytics\/","title":{"rendered":"Anal\u00edtica"},"content":{"rendered":"<div data-elementor-type=\"wp-page\" data-elementor-id=\"1385\" class=\"elementor elementor-1385\" data-elementor-post-type=\"page\">\n\t\t\t\t<div class=\"elementor-element elementor-element-42222dd e-con-full e-flex e-con e-parent\" data-id=\"42222dd\" data-element_type=\"container\" data-e-type=\"container\" data-settings=\"{&quot;background_background&quot;:&quot;classic&quot;}\">\n\t\t<div class=\"elementor-element elementor-element-05e17a3 e-flex e-con-boxed e-con e-child\" data-id=\"05e17a3\" data-element_type=\"container\" data-e-type=\"container\">\n\t\t\t\t\t<div class=\"e-con-inner\">\n\t\t\t\t<div class=\"elementor-element elementor-element-97556fa elementor-invisible elementor-widget elementor-widget-heading\" data-id=\"97556fa\" data-element_type=\"widget\" data-e-type=\"widget\" data-settings=\"{&quot;_animation&quot;:&quot;fadeIn&quot;}\" data-widget_type=\"heading.default\">\n\t\t\t\t<div class=\"elementor-widget-container\">\n\t\t\t\t\t<h1 class=\"elementor-heading-title elementor-size-default\">Anal\u00edtica<\/h1>\t\t\t\t<\/div>\n\t\t\t\t<\/div>\n\t\t\t\t\t<\/div>\n\t\t\t\t<\/div>\n\t\t\t\t<div class=\"elementor-element elementor-element-0db2bf3 elementor-widget__width-initial elementor-absolute elementor-widget-mobile__width-inherit elementor-invisible elementor-widget elementor-widget-image\" data-id=\"0db2bf3\" data-element_type=\"widget\" data-e-type=\"widget\" data-settings=\"{&quot;_position&quot;:&quot;absolute&quot;,&quot;_animation&quot;:&quot;slideInRight&quot;}\" data-widget_type=\"image.default\">\n\t\t\t\t<div class=\"elementor-widget-container\">\n\t\t\t\t\t\t\t\t\t\t\t\t\t\t\t<img fetchpriority=\"high\" decoding=\"async\" width=\"800\" height=\"398\" src=\"https:\/\/eurosalesman.com\/wp-content\/uploads\/dl.beatsnoop.com-3000-0No9QwKcFH-1024x510.jpg\" class=\"attachment-large size-large wp-image-1196\" alt=\"dl.beatsnoop.com-3000-0No9QwKcFH\" srcset=\"https:\/\/eurosalesman.com\/wp-content\/uploads\/dl.beatsnoop.com-3000-0No9QwKcFH-1024x510.jpg 1024w, https:\/\/eurosalesman.com\/wp-content\/uploads\/dl.beatsnoop.com-3000-0No9QwKcFH-512x255.jpg 512w, https:\/\/eurosalesman.com\/wp-content\/uploads\/dl.beatsnoop.com-3000-0No9QwKcFH-256x128.jpg 256w, https:\/\/eurosalesman.com\/wp-content\/uploads\/dl.beatsnoop.com-3000-0No9QwKcFH-768x383.jpg 768w, https:\/\/eurosalesman.com\/wp-content\/uploads\/dl.beatsnoop.com-3000-0No9QwKcFH-1536x765.jpg 1536w, https:\/\/eurosalesman.com\/wp-content\/uploads\/dl.beatsnoop.com-3000-0No9QwKcFH-2048x1020.jpg 2048w\" sizes=\"(max-width: 800px) 100vw, 800px\" \/>\t\t\t\t\t\t\t\t\t\t\t\t\t\t\t<\/div>\n\t\t\t\t<\/div>\n\t\t\t\t<\/div>\n\t\t<div class=\"elementor-element elementor-element-08d0e0a e-flex e-con-boxed e-con e-parent\" data-id=\"08d0e0a\" data-element_type=\"container\" data-e-type=\"container\">\n\t\t\t\t\t<div class=\"e-con-inner\">\n\t\t\t\t<div class=\"elementor-element elementor-element-dc575f0 elementor-widget elementor-widget-theme-post-excerpt\" data-id=\"dc575f0\" data-element_type=\"widget\" data-e-type=\"widget\" data-widget_type=\"theme-post-excerpt.default\">\n\t\t\t\t<div class=\"elementor-widget-container\">\n\t\t\t\t\tEn Eurosalesman, creemos que el conocimiento es poder. Por eso utilizamos Google Analytics para proporcionar informaci\u00f3n exhaustiva sobre el rendimiento de los anuncios creados en nuestra plataforma. Al aprovechar esta potente herramienta, ofrecemos a nuestros clientes datos detallados y procesables que mejoran la toma de decisiones, optimizan las estrategias de marketing y maximizan el retorno de la inversi\u00f3n.\t\t\t\t<\/div>\n\t\t\t\t<\/div>\n\t\t\t\t<div class=\"elementor-element elementor-element-64e3296 elementor-widget-divider--view-line elementor-widget elementor-widget-divider\" data-id=\"64e3296\" data-element_type=\"widget\" data-e-type=\"widget\" data-widget_type=\"divider.default\">\n\t\t\t\t<div class=\"elementor-widget-container\">\n\t\t\t\t\t\t\t<div class=\"elementor-divider\">\n\t\t\t<span class=\"elementor-divider-separator\">\n\t\t\t\t\t\t<\/span>\n\t\t<\/div>\n\t\t\t\t\t\t<\/div>\n\t\t\t\t<\/div>\n\t\t\t\t\t<\/div>\n\t\t\t\t<\/div>\n\t\t<div class=\"elementor-element elementor-element-25b29c9 e-flex e-con-boxed e-con e-parent\" data-id=\"25b29c9\" data-element_type=\"container\" data-e-type=\"container\">\n\t\t\t\t\t<div class=\"e-con-inner\">\n\t\t\t\t<div class=\"elementor-element elementor-element-31f8ca4 elementor-widget elementor-widget-heading\" data-id=\"31f8ca4\" data-element_type=\"widget\" data-e-type=\"widget\" data-widget_type=\"heading.default\">\n\t\t\t\t<div class=\"elementor-widget-container\">\n\t\t\t\t\t<h2 class=\"elementor-heading-title elementor-size-default\">Maximice el impacto de su publicidad con Google Analytics y Eurosalesman\n<\/h2>\t\t\t\t<\/div>\n\t\t\t\t<\/div>\n\t\t\t\t<div class=\"elementor-element elementor-element-d331778 elementor-widget elementor-widget-text-editor\" data-id=\"d331778\" data-element_type=\"widget\" data-e-type=\"widget\" data-widget_type=\"text-editor.default\">\n\t\t\t\t<div class=\"elementor-widget-container\">\n\t\t\t\t\t\t\t\t\t\n<h3>Por qu\u00e9<strong> \u00bfGoogle Analytics?<\/strong><\/h3>\n<p>Google Analytics es el l\u00edder mundial <strong>servicio de an\u00e1lisis web<\/strong>, proporcionando a las empresas <strong>informes detallados<\/strong> sobre su audiencia, fuentes de tr\u00e1fico y resultados de conversi\u00f3n. He aqu\u00ed c\u00f3mo <strong>La integraci\u00f3n de Eurosalesman\u00ae con Google Analytics beneficia a sus campa\u00f1as publicitarias:<\/strong><\/p>\n<h4><br \/>Informaci\u00f3n detallada sobre la audiencia<\/h4>\n<p>Consigue un <strong>una imagen clara de qui\u00e9nes son sus clientes<\/strong>de d\u00f3nde vienen y c\u00f3mo interact\u00faan con sus anuncios. <strong>Google Analytics proporciona datos demogr\u00e1ficos y geogr\u00e1ficos<\/strong>que le permite <strong>perfeccione sus mensajes<\/strong> para audiencias espec\u00edficas y maximizar el compromiso.<\/p>\n<h4><strong><br \/><\/strong>Seguimiento de datos en tiempo real<\/h4>\n<p>Supervisar la <strong>rendimiento de sus anuncios al instante<\/strong>. Los informes en tiempo real le ayudan a <strong>ajustar las campa\u00f1as sobre la marcha<\/strong>De este modo, se asegura de que su dinero para publicidad se gasta siempre donde tiene m\u00e1s impacto.<\/p>\n<h4><strong><br \/><\/strong>An\u00e1lisis exhaustivo del tr\u00e1fico<\/h4>\n<p>Identifique <strong>qu\u00e9 fuentes de tr\u00e1fico atraen m\u00e1s visitantes<\/strong> a sus anuncios, ya sean de <strong>b\u00fasqueda org\u00e1nica, redes sociales, tr\u00e1fico directo o sitios de referencia<\/strong>. Esta informaci\u00f3n ayuda a las empresas a <strong>invertir en canales de alto rendimiento<\/strong> y asignar sus presupuestos de forma m\u00e1s eficaz.<\/p>\n<h4><br \/>Seguimiento de conversiones y medici\u00f3n de objetivos<\/h4>\n<p>Mida lo que <strong>realmente importa<\/strong>-ventas, inscripciones, consultas o cualquier otra acci\u00f3n clave. Google Analytics ayuda a realizar un seguimiento de <strong>la eficacia de sus anuncios para convertir visitantes en clientes<\/strong>que le permite <strong>perfeccione sus estrategias para lograr el m\u00e1ximo impacto<\/strong>.<\/p>\n<h4><strong><br \/><\/strong>Conocimiento del comportamiento para mejorar el compromiso<\/h4>\n<p>Comprender <strong>c\u00f3mo navegan los usuarios por su sitio web<\/strong> e interactuar con su contenido. Analizando <strong>flujo de usuarios y m\u00e9tricas de compromiso<\/strong>puede optimizar las p\u00e1ginas de destino y las creatividades publicitarias para <strong>aumentar las conversiones y reducir las tasas de rebote<\/strong>.<\/p>\n<h4><strong><br \/><\/strong>Informes y cuadros de mando personalizados<\/h4>\n<p>Sastre <strong>cuadros de mando anal\u00edticos<\/strong> a las necesidades de su empresa. Google Analytics le permite <strong>crear informes personalizados<\/strong> que se centran en <strong>indicadores clave de rendimiento (KPI)<\/strong> relevantes para sus campa\u00f1as, haciendo que el an\u00e1lisis de datos <strong>r\u00e1pida y pr\u00e1ctica<\/strong>.<\/p>\n\t\t\t\t\t\t\t\t<\/div>\n\t\t\t\t<\/div>\n\t\t\t\t<div class=\"elementor-element elementor-element-186ba9f elementor-widget elementor-widget-image\" data-id=\"186ba9f\" data-element_type=\"widget\" data-e-type=\"widget\" data-widget_type=\"image.default\">\n\t\t\t\t<div class=\"elementor-widget-container\">\n\t\t\t\t\t\t\t\t\t\t\t\t\t\t\t<img decoding=\"async\" width=\"2457\" height=\"1566\" src=\"https:\/\/eurosalesman.com\/wp-content\/uploads\/dl.beatsnoop.com-3000-nVdOcX1YhR.jpg\" class=\"attachment-full size-full wp-image-1202\" alt=\"dl.beatsnoop.com-3000-nVdOcX1YhR\" srcset=\"https:\/\/eurosalesman.com\/wp-content\/uploads\/dl.beatsnoop.com-3000-nVdOcX1YhR.jpg 2457w, https:\/\/eurosalesman.com\/wp-content\/uploads\/dl.beatsnoop.com-3000-nVdOcX1YhR-512x326.jpg 512w, https:\/\/eurosalesman.com\/wp-content\/uploads\/dl.beatsnoop.com-3000-nVdOcX1YhR-1024x653.jpg 1024w, https:\/\/eurosalesman.com\/wp-content\/uploads\/dl.beatsnoop.com-3000-nVdOcX1YhR-256x163.jpg 256w, https:\/\/eurosalesman.com\/wp-content\/uploads\/dl.beatsnoop.com-3000-nVdOcX1YhR-768x489.jpg 768w, https:\/\/eurosalesman.com\/wp-content\/uploads\/dl.beatsnoop.com-3000-nVdOcX1YhR-1536x979.jpg 1536w, https:\/\/eurosalesman.com\/wp-content\/uploads\/dl.beatsnoop.com-3000-nVdOcX1YhR-2048x1305.jpg 2048w\" sizes=\"(max-width: 2457px) 100vw, 2457px\" \/>\t\t\t\t\t\t\t\t\t\t\t\t\t\t\t<\/div>\n\t\t\t\t<\/div>\n\t\t\t\t<div class=\"elementor-element elementor-element-a9e834c elementor-widget elementor-widget-text-editor\" data-id=\"a9e834c\" data-element_type=\"widget\" data-e-type=\"widget\" data-widget_type=\"text-editor.default\">\n\t\t\t\t<div class=\"elementor-widget-container\">\n\t\t\t\t\t\t\t\t\t<h3>Combinar la anal\u00edtica con el acceso al mercado: Una gran ventaja<\/h3>\n<h4>\u00a0<\/h4>\n<h4>Publicidad dirigida en m\u00e1s de 70 mercados mundiales<\/h4>\n<p>Google Analytics permite a las empresas <strong>orientar los anuncios con precisi\u00f3n<\/strong>. El acceso de Eurosalesman\u00ae a <strong>Dominios del mercado nacional (ccTLD)<\/strong> garantiza que las empresas puedan <strong>llegar a los clientes de regiones espec\u00edficas con estrategias optimizadas localmente<\/strong>.<\/p>\n<h4><br \/>Estrategias de campa\u00f1a localizadas<\/h4>\n<p>Diferentes mercados <strong>responder de manera diferente<\/strong> a la publicidad. Google Analytics revela <strong>c\u00f3mo interact\u00faan los clientes con sus anuncios en las distintas regiones<\/strong>...permiti\u00e9ndole..:<\/p>\n<ul>\n<li><strong>Personalizar los mensajes<\/strong> para diferentes preferencias culturales<\/li>\n<li><strong>Optimizar los anuncios<\/strong> basado en <strong>tendencias regionales del compromiso<\/strong><\/li>\n<li><strong>Aumentar las conversiones<\/strong> adaptando las ofertas al p\u00fablico local<\/li>\n<\/ul>\n<p>Tanto si se anuncia en <strong>Nueva York, Par\u00eds, Tokio, Lagos o Sydney<\/strong>Eurosalesman\u00ae garantiza que sus anuncios <strong>conectar con las personas adecuadas en los mercados adecuados<\/strong>.<\/p>\n<h4><br \/>Optimizaci\u00f3n continua para obtener la m\u00e1xima rentabilidad<\/h4>\n<p>Utilice <strong>Pruebas A\/B, comparaciones regionales y m\u00e9tricas de participaci\u00f3n<\/strong> para perfeccionar su estrategia publicitaria. Combinando <strong>Informaci\u00f3n de Google Analytics con el acceso al mercado de Eurosalesman<\/strong>las empresas pueden:<\/p>\n<ul>\n<li><strong>Pruebe m\u00faltiples variaciones de anuncios para encontrar el contenido con mejor rendimiento<\/strong><\/li>\n<li><strong>Ajustar las campa\u00f1as en funci\u00f3n de los datos regionales<\/strong><\/li>\n<li><strong>Optimizar para mejorar la participaci\u00f3n, reducir los costes y aumentar las conversiones<\/strong><\/li>\n<\/ul>\n<h4><br \/>Toma de decisiones basada en datos<\/h4>\n<p>Visite <strong>decisiones estrat\u00e9gicas de marketing basadas en datos<\/strong> con Google Analytics. Con <strong>informaci\u00f3n detallada sobre el rendimiento<\/strong>puedes:<\/p>\n<ul>\n<li><strong>Asignar los presupuestos publicitarios de forma m\u00e1s eficaz<\/strong><\/li>\n<li><strong>Invertir en mercados rentables<\/strong><\/li>\n<li><strong>Identificar oportunidades de expansi\u00f3n sin explotar<\/strong><\/li>\n<\/ul>\n<p><!-- \/wp:paragraph --><\/p>\t\t\t\t\t\t\t\t<\/div>\n\t\t\t\t<\/div>\n\t\t\t\t\t<\/div>\n\t\t\t\t<\/div>\n\t\t<div class=\"elementor-element elementor-element-0b1f324 e-con-full e-flex e-con e-parent\" data-id=\"0b1f324\" data-element_type=\"container\" data-e-type=\"container\" data-settings=\"{&quot;background_background&quot;:&quot;classic&quot;}\">\n\t\t<div class=\"elementor-element elementor-element-e19bc2b e-con-full e-flex e-con e-child\" data-id=\"e19bc2b\" data-element_type=\"container\" data-e-type=\"container\">\n\t\t\t\t<div class=\"elementor-element elementor-element-446f235 elementor-invisible elementor-widget elementor-widget-heading\" data-id=\"446f235\" data-element_type=\"widget\" data-e-type=\"widget\" data-settings=\"{&quot;_animation&quot;:&quot;fadeIn&quot;}\" data-widget_type=\"heading.default\">\n\t\t\t\t<div class=\"elementor-widget-container\">\n\t\t\t\t\t<h2 class=\"elementor-heading-title elementor-size-default\">\u00bfQuiere impulsar su negocio hoy mismo?<\/h2>\t\t\t\t<\/div>\n\t\t\t\t<\/div>\n\t\t\t\t<div class=\"elementor-element elementor-element-3c8c550 elementor-invisible elementor-widget elementor-widget-text-editor\" data-id=\"3c8c550\" data-element_type=\"widget\" data-e-type=\"widget\" data-settings=\"{&quot;_animation&quot;:&quot;fadeIn&quot;,&quot;_animation_delay&quot;:300}\" data-widget_type=\"text-editor.default\">\n\t\t\t\t<div class=\"elementor-widget-container\">\n\t\t\t\t\t\t\t\t\t<p>P\u00f3ngase en contacto con nosotros hoy mismo para obtener m\u00e1s informaci\u00f3n sobre c\u00f3mo podemos ayudarle a alcanzar sus objetivos de marketing con precisi\u00f3n y confianza.<\/p>\t\t\t\t\t\t\t\t<\/div>\n\t\t\t\t<\/div>\n\t\t\t\t<div class=\"elementor-element elementor-element-efbfb9a elementor-align-justify elementor-widget__width-initial elementor-invisible elementor-widget elementor-widget-button\" data-id=\"efbfb9a\" data-element_type=\"widget\" data-e-type=\"widget\" data-settings=\"{&quot;_animation&quot;:&quot;fadeIn&quot;,&quot;_animation_delay&quot;:600}\" data-widget_type=\"button.default\">\n\t\t\t\t<div class=\"elementor-widget-container\">\n\t\t\t\t\t\t\t\t\t<div class=\"elementor-button-wrapper\">\n\t\t\t\t\t<a class=\"elementor-button elementor-button-link elementor-size-sm\" href=\"https:\/\/eurosalesman.com\/es\/about\/contact\/\">\n\t\t\t\t\t\t<span class=\"elementor-button-content-wrapper\">\n\t\t\t\t\t\t\t\t\t<span class=\"elementor-button-text\">Contacto<\/span>\n\t\t\t\t\t<\/span>\n\t\t\t\t\t<\/a>\n\t\t\t\t<\/div>\n\t\t\t\t\t\t\t\t<\/div>\n\t\t\t\t<\/div>\n\t\t\t\t<\/div>\n\t\t<div class=\"elementor-element elementor-element-cea26a3 e-con-full e-flex e-con e-child\" data-id=\"cea26a3\" data-element_type=\"container\" data-e-type=\"container\" data-settings=\"{&quot;background_background&quot;:&quot;classic&quot;}\">\n\t\t\t\t<\/div>\n\t\t\t\t<\/div>\n\t\t\t\t<\/div>","protected":false},"excerpt":{"rendered":"<p>En Eurosalesman, creemos que el conocimiento es poder. Por eso utilizamos Google Analytics para proporcionar informaci\u00f3n exhaustiva sobre el rendimiento de los anuncios creados en nuestra plataforma. Al aprovechar esta potente herramienta, ofrecemos a nuestros clientes datos detallados y procesables que mejoran la toma de decisiones, optimizan las estrategias de marketing y maximizan el retorno de la inversi\u00f3n.<\/p>","protected":false},"author":3,"featured_media":0,"parent":0,"menu_order":0,"comment_status":"closed","ping_status":"closed","template":"","meta":{"_seopress_robots_primary_cat":"","_seopress_titles_title":"","_seopress_titles_desc":"","_seopress_robots_index":"","footnotes":""},"class_list":["post-1385","page","type-page","status-publish","hentry"],"_links":{"self":[{"href":"https:\/\/eurosalesman.com\/es\/wp-json\/wp\/v2\/pages\/1385","targetHints":{"allow":["GET"]}}],"collection":[{"href":"https:\/\/eurosalesman.com\/es\/wp-json\/wp\/v2\/pages"}],"about":[{"href":"https:\/\/eurosalesman.com\/es\/wp-json\/wp\/v2\/types\/page"}],"author":[{"embeddable":true,"href":"https:\/\/eurosalesman.com\/es\/wp-json\/wp\/v2\/users\/3"}],"replies":[{"embeddable":true,"href":"https:\/\/eurosalesman.com\/es\/wp-json\/wp\/v2\/comments?post=1385"}],"version-history":[{"count":13,"href":"https:\/\/eurosalesman.com\/es\/wp-json\/wp\/v2\/pages\/1385\/revisions"}],"predecessor-version":[{"id":1859,"href":"https:\/\/eurosalesman.com\/es\/wp-json\/wp\/v2\/pages\/1385\/revisions\/1859"}],"wp:attachment":[{"href":"https:\/\/eurosalesman.com\/es\/wp-json\/wp\/v2\/media?parent=1385"}],"curies":[{"name":"wp","href":"https:\/\/api.w.org\/{rel}","templated":true}]}}