{"id":1397,"date":"2024-10-09T16:38:34","date_gmt":"2024-10-09T14:38:34","guid":{"rendered":"https:\/\/eurosalesman.com\/?page_id=1397"},"modified":"2024-11-21T14:23:12","modified_gmt":"2024-11-21T13:23:12","slug":"ai","status":"publish","type":"page","link":"https:\/\/eurosalesman.com\/es\/ai\/","title":{"rendered":"AI"},"content":{"rendered":"<div data-elementor-type=\"wp-page\" data-elementor-id=\"1397\" class=\"elementor elementor-1397\" data-elementor-post-type=\"page\">\n\t\t\t\t<div class=\"elementor-element elementor-element-08918d0 e-con-full e-flex e-con e-parent\" data-id=\"08918d0\" data-element_type=\"container\" data-e-type=\"container\" data-settings=\"{&quot;background_background&quot;:&quot;classic&quot;}\">\n\t\t<div class=\"elementor-element elementor-element-a0d0aec e-flex e-con-boxed e-con e-child\" data-id=\"a0d0aec\" data-element_type=\"container\" data-e-type=\"container\">\n\t\t\t\t\t<div class=\"e-con-inner\">\n\t\t\t\t<div class=\"elementor-element elementor-element-8015925 elementor-invisible elementor-widget elementor-widget-heading\" data-id=\"8015925\" data-element_type=\"widget\" data-e-type=\"widget\" data-settings=\"{&quot;_animation&quot;:&quot;fadeIn&quot;}\" data-widget_type=\"heading.default\">\n\t\t\t\t<div class=\"elementor-widget-container\">\n\t\t\t\t\t<h1 class=\"elementor-heading-title elementor-size-default\">AI<\/h1>\t\t\t\t<\/div>\n\t\t\t\t<\/div>\n\t\t\t\t\t<\/div>\n\t\t\t\t<\/div>\n\t\t\t\t<div class=\"elementor-element elementor-element-94d5b96 elementor-widget__width-initial elementor-absolute elementor-widget-mobile__width-inherit elementor-invisible elementor-widget elementor-widget-image\" data-id=\"94d5b96\" data-element_type=\"widget\" data-e-type=\"widget\" data-settings=\"{&quot;_position&quot;:&quot;absolute&quot;,&quot;_animation&quot;:&quot;slideInRight&quot;}\" data-widget_type=\"image.default\">\n\t\t\t\t<div class=\"elementor-widget-container\">\n\t\t\t\t\t\t\t\t\t\t\t\t\t\t\t<img fetchpriority=\"high\" decoding=\"async\" width=\"800\" height=\"427\" src=\"https:\/\/eurosalesman.com\/wp-content\/uploads\/dl.beatsnoop.com-3000-msjnWEStYO-1024x546.jpg\" class=\"attachment-large size-large wp-image-1200\" alt=\"dl.beatsnoop.com-3000-msjnWEStYO\" srcset=\"https:\/\/eurosalesman.com\/wp-content\/uploads\/dl.beatsnoop.com-3000-msjnWEStYO-1024x546.jpg 1024w, https:\/\/eurosalesman.com\/wp-content\/uploads\/dl.beatsnoop.com-3000-msjnWEStYO-512x273.jpg 512w, https:\/\/eurosalesman.com\/wp-content\/uploads\/dl.beatsnoop.com-3000-msjnWEStYO-256x136.jpg 256w, https:\/\/eurosalesman.com\/wp-content\/uploads\/dl.beatsnoop.com-3000-msjnWEStYO-768x409.jpg 768w, https:\/\/eurosalesman.com\/wp-content\/uploads\/dl.beatsnoop.com-3000-msjnWEStYO-1536x819.jpg 1536w, https:\/\/eurosalesman.com\/wp-content\/uploads\/dl.beatsnoop.com-3000-msjnWEStYO-2048x1092.jpg 2048w\" sizes=\"(max-width: 800px) 100vw, 800px\" \/>\t\t\t\t\t\t\t\t\t\t\t\t\t\t\t<\/div>\n\t\t\t\t<\/div>\n\t\t\t\t<\/div>\n\t\t<div class=\"elementor-element elementor-element-7a0614e e-flex e-con-boxed e-con e-parent\" data-id=\"7a0614e\" data-element_type=\"container\" data-e-type=\"container\">\n\t\t\t\t\t<div class=\"e-con-inner\">\n\t\t\t\t<div class=\"elementor-element elementor-element-3b41e9b elementor-widget elementor-widget-theme-post-excerpt\" data-id=\"3b41e9b\" data-element_type=\"widget\" data-e-type=\"widget\" data-widget_type=\"theme-post-excerpt.default\">\n\t\t\t\t<div class=\"elementor-widget-container\">\n\t\t\t\t\tEn el vertiginoso mundo digital de hoy en d\u00eda, mantenerse por delante de la competencia requiere algo m\u00e1s que buenas ideas: requiere herramientas inteligentes que puedan ayudarle a ejecutar esas ideas de manera eficiente y eficaz. En Eurosalesman, aprovechamos el poder de la inteligencia artificial (IA) para transformar la forma en que nuestros clientes crean y optimizan sus contenidos publicitarios, facilitando m\u00e1s que nunca la interacci\u00f3n con su audiencia y la consecuci\u00f3n de sus objetivos de marketing.\t\t\t\t<\/div>\n\t\t\t\t<\/div>\n\t\t\t\t<div class=\"elementor-element elementor-element-a2643bc elementor-widget-divider--view-line elementor-widget elementor-widget-divider\" data-id=\"a2643bc\" data-element_type=\"widget\" data-e-type=\"widget\" data-widget_type=\"divider.default\">\n\t\t\t\t<div class=\"elementor-widget-container\">\n\t\t\t\t\t\t\t<div class=\"elementor-divider\">\n\t\t\t<span class=\"elementor-divider-separator\">\n\t\t\t\t\t\t<\/span>\n\t\t<\/div>\n\t\t\t\t\t\t<\/div>\n\t\t\t\t<\/div>\n\t\t\t\t\t<\/div>\n\t\t\t\t<\/div>\n\t\t<div class=\"elementor-element elementor-element-2c2cf15 e-flex e-con-boxed e-con e-parent\" data-id=\"2c2cf15\" data-element_type=\"container\" data-e-type=\"container\">\n\t\t\t\t\t<div class=\"e-con-inner\">\n\t\t\t\t<div class=\"elementor-element elementor-element-0bc0460 elementor-widget elementor-widget-heading\" data-id=\"0bc0460\" data-element_type=\"widget\" data-e-type=\"widget\" data-widget_type=\"heading.default\">\n\t\t\t\t<div class=\"elementor-widget-container\">\n\t\t\t\t\t<h2 class=\"elementor-heading-title elementor-size-default\"><h2 data-elementor-setting-key=\"title\" data-pen-placeholder=\"Type Here...\" style=\"font-family: var( --e-global-typography-primary-font-family ), Sans-serif;font-weight: var( --e-global-typography-primary-font-weight );line-height: var( --e-global-typography-primary-line-height );font-size: var( --e-global-typography-primary-font-size );text-transform: none;font-style: normal;letter-spacing: var( --e-global-typography-primary-letter-spacing )\">Potencie su publicidad con la creaci\u00f3n de contenidos basada en IA<span style=\"color: var( --e-global-color-primary );font-family: var( --e-global-typography-primary-font-family ), Sans-serif;font-size: var( --e-global-typography-primary-font-size );font-style: var( --e-global-typography-primary-font-style );font-weight: var( --e-global-typography-primary-font-weight );letter-spacing: var( --e-global-typography-primary-letter-spacing );text-transform: var( --e-global-typography-primary-text-transform );text-align: var(--text-align);background-color: var( --e-global-color-43e86c6 )\"><\/span><\/h2><\/h2>\t\t\t\t<\/div>\n\t\t\t\t<\/div>\n\t\t\t\t<div class=\"elementor-element elementor-element-98b7bf7 elementor-widget elementor-widget-text-editor\" data-id=\"98b7bf7\" data-element_type=\"widget\" data-e-type=\"widget\" data-widget_type=\"text-editor.default\">\n\t\t\t\t<div class=\"elementor-widget-container\">\n\t\t\t\t\t\t\t\t\t<p><\/p><p><span style=\"font-weight: bolder;\">El poder de la IA en el marketing<\/span><\/p><p>La IA est\u00e1 revolucionando la forma en que las empresas enfocan el marketing. Al aprovechar algoritmos avanzados y el aprendizaje autom\u00e1tico, la IA puede analizar grandes cantidades de datos, identificar patrones y proporcionar informaci\u00f3n que permita tomar mejores decisiones. He aqu\u00ed c\u00f3mo la IA est\u00e1 cambiando el panorama del marketing:<\/p><ol><li style=\"font-size: 16px;\"><p><span style=\"font-weight: bolder;\">Eficacia y rapidez<\/span>: La IA automatiza las tareas que consumen mucho tiempo, lo que permite a las empresas centrarse en la estrategia y la creatividad. Ya se trate de analizar datos de clientes, predecir tendencias de mercado o generar contenidos, la IA puede hacerlo m\u00e1s r\u00e1pido y con mayor precisi\u00f3n que los humanos, liberando un tiempo valioso para su equipo.<\/p><\/li><li style=\"font-size: 16px;\"><p><span style=\"font-weight: bolder;\">Personalizaci\u00f3n a escala<\/span>: Una de las ventajas m\u00e1s significativas de la IA es su capacidad para ofrecer experiencias personalizadas. Mediante el an\u00e1lisis del comportamiento y las preferencias de los usuarios, la IA puede crear contenido a medida que resuene con los clientes individuales, mejorando el compromiso y aumentando las tasas de conversi\u00f3n.<\/p><\/li><li style=\"font-size: 16px;\"><p><span style=\"font-weight: bolder;\">Informaci\u00f3n basada en datos<\/span>: La IA destaca en el procesamiento y an\u00e1lisis de grandes conjuntos de datos, proporcionando a las empresas informaci\u00f3n pr\u00e1ctica. Esta informaci\u00f3n ayuda a identificar lo que funciona y lo que no, lo que permite realizar ajustes r\u00e1pidos y optimizar las estrategias de marketing.<\/p><\/li><li style=\"font-size: 16px;\"><p><span style=\"font-weight: bolder;\">An\u00e1lisis predictivo<\/span>: La IA puede predecir tendencias futuras y comportamientos de los clientes bas\u00e1ndose en datos hist\u00f3ricos, lo que permite a las empresas anticiparse a los cambios del mercado y adelantarse a la competencia. Este enfoque proactivo garantiza que sus estrategias de marketing sean siempre pertinentes y eficaces.<\/p><\/li><\/ol><p><\/p>\t\t\t\t\t\t\t\t<\/div>\n\t\t\t\t<\/div>\n\t\t\t\t<div class=\"elementor-element elementor-element-731f2fc elementor-widget elementor-widget-image\" data-id=\"731f2fc\" data-element_type=\"widget\" data-e-type=\"widget\" data-widget_type=\"image.default\">\n\t\t\t\t<div class=\"elementor-widget-container\">\n\t\t\t\t\t\t\t\t\t\t\t\t\t\t\t<img decoding=\"async\" width=\"1800\" height=\"1013\" src=\"https:\/\/eurosalesman.com\/wp-content\/uploads\/google-deepmind-tikhtH3QRSQ-unsplash.jpg\" class=\"attachment-full size-full wp-image-1209\" alt=\"google-deepmind-tikhtH3QRSQ-unsplash\" srcset=\"https:\/\/eurosalesman.com\/wp-content\/uploads\/google-deepmind-tikhtH3QRSQ-unsplash.jpg 1800w, https:\/\/eurosalesman.com\/wp-content\/uploads\/google-deepmind-tikhtH3QRSQ-unsplash-512x288.jpg 512w, https:\/\/eurosalesman.com\/wp-content\/uploads\/google-deepmind-tikhtH3QRSQ-unsplash-1024x576.jpg 1024w, https:\/\/eurosalesman.com\/wp-content\/uploads\/google-deepmind-tikhtH3QRSQ-unsplash-256x144.jpg 256w, https:\/\/eurosalesman.com\/wp-content\/uploads\/google-deepmind-tikhtH3QRSQ-unsplash-768x432.jpg 768w, https:\/\/eurosalesman.com\/wp-content\/uploads\/google-deepmind-tikhtH3QRSQ-unsplash-1536x864.jpg 1536w\" sizes=\"(max-width: 1800px) 100vw, 1800px\" \/>\t\t\t\t\t\t\t\t\t\t\t\t\t\t\t<\/div>\n\t\t\t\t<\/div>\n\t\t\t\t<div class=\"elementor-element elementor-element-0a74d9c elementor-widget elementor-widget-text-editor\" data-id=\"0a74d9c\" data-element_type=\"widget\" data-e-type=\"widget\" data-widget_type=\"text-editor.default\">\n\t\t\t\t<div class=\"elementor-widget-container\">\n\t\t\t\t\t\t\t\t\t<p><\/p><p><span style=\"font-weight: bolder;\">Creaci\u00f3n de contenidos basada en IA con Eurosalesman<\/span><\/p><p>En Eurosalesman, llevamos el poder de la IA un paso m\u00e1s all\u00e1 al integrarla directamente en el constructor de p\u00e1ginas de nuestra plataforma. Nuestras funciones de IA agilizan el proceso de creaci\u00f3n de contenidos, facilit\u00e1ndole la elaboraci\u00f3n de anuncios convincentes y eficaces que capten la atenci\u00f3n y generen resultados. Descubra c\u00f3mo nuestra IA puede beneficiar a sus esfuerzos publicitarios:<\/p><ul><li style=\"font-size: 16px;\"><p><span style=\"font-weight: bolder;\">Generaci\u00f3n inteligente de contenidos<\/span>: Nuestras herramientas basadas en IA le ayudan a generar contenidos de alta calidad para sus anuncios de forma r\u00e1pida y sin esfuerzo. Analizando las necesidades de su empresa, su p\u00fablico objetivo y las tendencias del sector, nuestra IA crea contenidos que no solo son atractivos, sino que tambi\u00e9n se adaptan a sus objetivos espec\u00edficos. Tanto si necesita titulares pegadizos, textos publicitarios persuasivos o llamadas a la acci\u00f3n convincentes, nuestra IA garantiza que su contenido est\u00e9 optimizado para el \u00e9xito.<\/p><\/li><li style=\"font-size: 16px;\"><p><span style=\"font-weight: bolder;\">Optimizado para el rendimiento<\/span>: Crear contenido que resuene con su audiencia es fundamental para el \u00e9xito de sus anuncios. Nuestra IA analiza los datos de campa\u00f1as anteriores, identifica lo que funciona mejor y aplica esos conocimientos para generar contenidos que maximicen la participaci\u00f3n y las conversiones. Este enfoque basado en datos garantiza que sus anuncios rindan siempre al m\u00e1ximo.<\/p><\/li><li style=\"font-size: 16px;\"><p><span style=\"font-weight: bolder;\">Adaptaci\u00f3n a sus necesidades<\/span>: Cada empresa es \u00fanica, y tambi\u00e9n lo son sus necesidades publicitarias. Nuestra IA le permite personalizar el contenido en funci\u00f3n de sus objetivos espec\u00edficos, su sector y su p\u00fablico objetivo. Tanto si busca aumentar la notoriedad de su marca, impulsar las ventas o captar clientes, nuestras herramientas de IA le ofrecen la flexibilidad y la precisi\u00f3n necesarias para alcanzar sus objetivos.<\/p><\/li><li style=\"font-size: 16px;\"><p><span style=\"font-weight: bolder;\">Mejora continua<\/span>: La IA no se limita a crear contenidos: aprende y mejora con el tiempo. Al analizar continuamente el rendimiento de sus anuncios, nuestra IA adapta y perfecciona sus estrategias de generaci\u00f3n de contenidos, garantizando que sus esfuerzos de marketing sigan siendo eficaces y relevantes a medida que cambian las condiciones del mercado.<\/p><\/li><\/ul><p><\/p>\t\t\t\t\t\t\t\t<\/div>\n\t\t\t\t<\/div>\n\t\t\t\t\t<\/div>\n\t\t\t\t<\/div>\n\t\t<div class=\"elementor-element elementor-element-ac7066a e-con-full e-flex e-con e-parent\" data-id=\"ac7066a\" data-element_type=\"container\" data-e-type=\"container\" data-settings=\"{&quot;background_background&quot;:&quot;classic&quot;}\">\n\t\t<div class=\"elementor-element elementor-element-2bbd0ae e-con-full e-flex e-con e-child\" data-id=\"2bbd0ae\" data-element_type=\"container\" data-e-type=\"container\">\n\t\t\t\t<div class=\"elementor-element elementor-element-1886253 elementor-invisible elementor-widget elementor-widget-heading\" data-id=\"1886253\" data-element_type=\"widget\" data-e-type=\"widget\" data-settings=\"{&quot;_animation&quot;:&quot;fadeIn&quot;}\" data-widget_type=\"heading.default\">\n\t\t\t\t<div class=\"elementor-widget-container\">\n\t\t\t\t\t<h2 class=\"elementor-heading-title elementor-size-default\">\u00bfQuiere impulsar su negocio hoy mismo?<\/h2>\t\t\t\t<\/div>\n\t\t\t\t<\/div>\n\t\t\t\t<div class=\"elementor-element elementor-element-faceb79 elementor-invisible elementor-widget elementor-widget-text-editor\" data-id=\"faceb79\" data-element_type=\"widget\" data-e-type=\"widget\" data-settings=\"{&quot;_animation&quot;:&quot;fadeIn&quot;,&quot;_animation_delay&quot;:300}\" data-widget_type=\"text-editor.default\">\n\t\t\t\t<div class=\"elementor-widget-container\">\n\t\t\t\t\t\t\t\t\t<p>P\u00f3ngase en contacto con nosotros hoy mismo para obtener m\u00e1s informaci\u00f3n sobre c\u00f3mo podemos ayudarle a alcanzar sus objetivos de marketing con precisi\u00f3n y confianza.<\/p>\t\t\t\t\t\t\t\t<\/div>\n\t\t\t\t<\/div>\n\t\t\t\t<div class=\"elementor-element elementor-element-14c413e elementor-align-justify elementor-widget__width-initial elementor-invisible elementor-widget elementor-widget-button\" data-id=\"14c413e\" data-element_type=\"widget\" data-e-type=\"widget\" data-settings=\"{&quot;_animation&quot;:&quot;fadeIn&quot;,&quot;_animation_delay&quot;:600}\" data-widget_type=\"button.default\">\n\t\t\t\t<div class=\"elementor-widget-container\">\n\t\t\t\t\t\t\t\t\t<div class=\"elementor-button-wrapper\">\n\t\t\t\t\t<a class=\"elementor-button elementor-button-link elementor-size-sm\" href=\"https:\/\/eurosalesman.com\/es\/about\/contact\/\">\n\t\t\t\t\t\t<span class=\"elementor-button-content-wrapper\">\n\t\t\t\t\t\t\t\t\t<span class=\"elementor-button-text\">Contacto<\/span>\n\t\t\t\t\t<\/span>\n\t\t\t\t\t<\/a>\n\t\t\t\t<\/div>\n\t\t\t\t\t\t\t\t<\/div>\n\t\t\t\t<\/div>\n\t\t\t\t<\/div>\n\t\t<div class=\"elementor-element elementor-element-7ca93f2 e-con-full e-flex e-con e-child\" data-id=\"7ca93f2\" data-element_type=\"container\" data-e-type=\"container\" data-settings=\"{&quot;background_background&quot;:&quot;classic&quot;}\">\n\t\t\t\t<\/div>\n\t\t\t\t<\/div>\n\t\t\t\t<\/div>","protected":false},"excerpt":{"rendered":"<p>En el vertiginoso mundo digital de hoy en d\u00eda, mantenerse por delante de la competencia requiere algo m\u00e1s que buenas ideas: requiere herramientas inteligentes que puedan ayudarle a ejecutar esas ideas de manera eficiente y eficaz. En Eurosalesman, aprovechamos el poder de la inteligencia artificial (IA) para transformar la forma en que nuestros clientes crean y optimizan sus contenidos publicitarios, facilitando m\u00e1s que nunca la interacci\u00f3n con su audiencia y la consecuci\u00f3n de sus objetivos de marketing.<\/p>","protected":false},"author":3,"featured_media":0,"parent":0,"menu_order":0,"comment_status":"closed","ping_status":"closed","template":"","meta":{"_seopress_robots_primary_cat":"","_seopress_titles_title":"","_seopress_titles_desc":"","_seopress_robots_index":"","footnotes":""},"class_list":["post-1397","page","type-page","status-publish","hentry"],"_links":{"self":[{"href":"https:\/\/eurosalesman.com\/es\/wp-json\/wp\/v2\/pages\/1397","targetHints":{"allow":["GET"]}}],"collection":[{"href":"https:\/\/eurosalesman.com\/es\/wp-json\/wp\/v2\/pages"}],"about":[{"href":"https:\/\/eurosalesman.com\/es\/wp-json\/wp\/v2\/types\/page"}],"author":[{"embeddable":true,"href":"https:\/\/eurosalesman.com\/es\/wp-json\/wp\/v2\/users\/3"}],"replies":[{"embeddable":true,"href":"https:\/\/eurosalesman.com\/es\/wp-json\/wp\/v2\/comments?post=1397"}],"version-history":[{"count":7,"href":"https:\/\/eurosalesman.com\/es\/wp-json\/wp\/v2\/pages\/1397\/revisions"}],"predecessor-version":[{"id":1716,"href":"https:\/\/eurosalesman.com\/es\/wp-json\/wp\/v2\/pages\/1397\/revisions\/1716"}],"wp:attachment":[{"href":"https:\/\/eurosalesman.com\/es\/wp-json\/wp\/v2\/media?parent=1397"}],"curies":[{"name":"wp","href":"https:\/\/api.w.org\/{rel}","templated":true}]}}