{"id":1403,"date":"2024-10-09T16:41:52","date_gmt":"2024-10-09T14:41:52","guid":{"rendered":"https:\/\/eurosalesman.com\/?page_id=1403"},"modified":"2025-02-03T13:48:39","modified_gmt":"2025-02-03T12:48:39","slug":"trademarks","status":"publish","type":"page","link":"https:\/\/eurosalesman.com\/es\/trademarks\/","title":{"rendered":"Marcas"},"content":{"rendered":"<div data-elementor-type=\"wp-page\" data-elementor-id=\"1403\" class=\"elementor elementor-1403\" data-elementor-post-type=\"page\">\n\t\t\t\t<div class=\"elementor-element elementor-element-72113fb3 e-con-full e-flex e-con e-parent\" data-id=\"72113fb3\" data-element_type=\"container\" data-e-type=\"container\" data-settings=\"{&quot;background_background&quot;:&quot;classic&quot;}\">\n\t\t<div class=\"elementor-element elementor-element-4969b433 e-flex e-con-boxed e-con e-child\" data-id=\"4969b433\" data-element_type=\"container\" data-e-type=\"container\">\n\t\t\t\t\t<div class=\"e-con-inner\">\n\t\t\t\t<div class=\"elementor-element elementor-element-61d7f021 elementor-invisible elementor-widget elementor-widget-heading\" data-id=\"61d7f021\" data-element_type=\"widget\" data-e-type=\"widget\" data-settings=\"{&quot;_animation&quot;:&quot;fadeIn&quot;}\" data-widget_type=\"heading.default\">\n\t\t\t\t<div class=\"elementor-widget-container\">\n\t\t\t\t\t<h1 class=\"elementor-heading-title elementor-size-default\">Marcas<\/h1>\t\t\t\t<\/div>\n\t\t\t\t<\/div>\n\t\t\t\t\t<\/div>\n\t\t\t\t<\/div>\n\t\t\t\t<div class=\"elementor-element elementor-element-5a9ced46 elementor-widget__width-initial elementor-absolute elementor-widget-mobile__width-inherit elementor-invisible elementor-widget elementor-widget-image\" data-id=\"5a9ced46\" data-element_type=\"widget\" data-e-type=\"widget\" data-settings=\"{&quot;_position&quot;:&quot;absolute&quot;,&quot;_animation&quot;:&quot;slideInRight&quot;}\" data-widget_type=\"image.default\">\n\t\t\t\t<div class=\"elementor-widget-container\">\n\t\t\t\t\t\t\t\t\t\t\t\t\t\t\t<img fetchpriority=\"high\" decoding=\"async\" width=\"800\" height=\"510\" src=\"https:\/\/eurosalesman.com\/wp-content\/uploads\/dl.beatsnoop.com-3000-DFAQElCj6f-1024x653.jpg\" class=\"attachment-large size-large wp-image-1198\" alt=\"dl.beatsnoop.com-3000-DFAQElCj6f\" srcset=\"https:\/\/eurosalesman.com\/wp-content\/uploads\/dl.beatsnoop.com-3000-DFAQElCj6f-1024x653.jpg 1024w, https:\/\/eurosalesman.com\/wp-content\/uploads\/dl.beatsnoop.com-3000-DFAQElCj6f-512x327.jpg 512w, https:\/\/eurosalesman.com\/wp-content\/uploads\/dl.beatsnoop.com-3000-DFAQElCj6f-256x163.jpg 256w, https:\/\/eurosalesman.com\/wp-content\/uploads\/dl.beatsnoop.com-3000-DFAQElCj6f-768x490.jpg 768w, https:\/\/eurosalesman.com\/wp-content\/uploads\/dl.beatsnoop.com-3000-DFAQElCj6f-1536x980.jpg 1536w, https:\/\/eurosalesman.com\/wp-content\/uploads\/dl.beatsnoop.com-3000-DFAQElCj6f-2048x1306.jpg 2048w\" sizes=\"(max-width: 800px) 100vw, 800px\" \/>\t\t\t\t\t\t\t\t\t\t\t\t\t\t\t<\/div>\n\t\t\t\t<\/div>\n\t\t\t\t<\/div>\n\t\t<div class=\"elementor-element elementor-element-3f55ad98 e-flex e-con-boxed e-con e-parent\" data-id=\"3f55ad98\" data-element_type=\"container\" data-e-type=\"container\">\n\t\t\t\t\t<div class=\"e-con-inner\">\n\t\t\t\t<div class=\"elementor-element elementor-element-593e40a8 elementor-widget elementor-widget-theme-post-excerpt\" data-id=\"593e40a8\" data-element_type=\"widget\" data-e-type=\"widget\" data-widget_type=\"theme-post-excerpt.default\">\n\t\t\t\t<div class=\"elementor-widget-container\">\n\t\t\t\t\tLas marcas comerciales son algo m\u00e1s que s\u00edmbolos o logotipos: representan la reputaci\u00f3n, la calidad y los valores de su marca. Diferencian sus productos y servicios de los de la competencia, y contar con una s\u00f3lida protecci\u00f3n de marca garantiza que su marca est\u00e9 legalmente protegida frente a usos no autorizados, falsificaciones e infracciones. Esto no s\u00f3lo protege su negocio, sino que tambi\u00e9n aumenta la credibilidad y fiabilidad de su marca a los ojos de los clientes.\t\t\t\t<\/div>\n\t\t\t\t<\/div>\n\t\t\t\t<div class=\"elementor-element elementor-element-69d2bac4 elementor-widget-divider--view-line elementor-widget elementor-widget-divider\" data-id=\"69d2bac4\" data-element_type=\"widget\" data-e-type=\"widget\" data-widget_type=\"divider.default\">\n\t\t\t\t<div class=\"elementor-widget-container\">\n\t\t\t\t\t\t\t<div class=\"elementor-divider\">\n\t\t\t<span class=\"elementor-divider-separator\">\n\t\t\t\t\t\t<\/span>\n\t\t<\/div>\n\t\t\t\t\t\t<\/div>\n\t\t\t\t<\/div>\n\t\t\t\t<div class=\"elementor-element elementor-element-5d1c05f elementor-widget elementor-widget-heading\" data-id=\"5d1c05f\" data-element_type=\"widget\" data-e-type=\"widget\" data-widget_type=\"heading.default\">\n\t\t\t\t<div class=\"elementor-widget-container\">\n\t\t\t\t\t<h2 class=\"elementor-heading-title elementor-size-default\">Proteja su marca con la seguridad global de marcas<\/h2>\t\t\t\t<\/div>\n\t\t\t\t<\/div>\n\t\t\t\t<div class=\"elementor-element elementor-element-b55b5a4 elementor-widget elementor-widget-text-editor\" data-id=\"b55b5a4\" data-element_type=\"widget\" data-e-type=\"widget\" data-widget_type=\"text-editor.default\">\n\t\t\t\t<div class=\"elementor-widget-container\">\n\t\t\t\t\t\t\t\t\t\n<div class=\"flex-shrink-0 flex flex-col relative items-end\">\n<div class=\"pt-0\">\n<div class=\"gizmo-bot-avatar flex h-8 w-8 items-center justify-center overflow-hidden rounded-full\">\n<div class=\"relative p-1 rounded-sm flex items-center justify-center bg-token-main-surface-primary text-token-text-primary h-8 w-8\">\n<h3>Por qu\u00e9 son importantes las marcas<\/h3>\n<p>Las marcas son <strong>algo m\u00e1s que logotipos o s\u00edmbolos<\/strong>-son la base de la imagen de su marca. <strong>identidad, reputaci\u00f3n y ventaja competitiva<\/strong>. A <strong>s\u00f3lida estrategia de marcas<\/strong> garantiza que su marca lo sea:<br \/><br \/>\u2714\ufe0f <strong>Protecci\u00f3n jur\u00eddica contra infracciones y falsificaciones<\/strong><br \/>\u2714\ufe0f <strong>F\u00e1cilmente distinguible de los competidores en el mercado<\/strong><br \/>\u2714\ufe0f <strong>Reconocida y fiable por clientes de todo el mundo<\/strong><\/p>\n<p>Con el aumento <strong>competencia mundial<\/strong>proteger la identidad de su empresa es m\u00e1s importante que nunca. Por eso Eurosalesman\u00ae ofrece <strong>servicios integrales de protecci\u00f3n de marcas<\/strong>para que su marca permanezca <strong>seguras, conformes y preparadas para el \u00e9xito a largo plazo<\/strong>.<\/p>\n<\/div>\n<\/div>\n<\/div>\n<\/div>\n\t\t\t\t\t\t\t\t<\/div>\n\t\t\t\t<\/div>\n\t\t\t\t<div class=\"elementor-element elementor-element-9cff7d0 elementor-widget-divider--view-line elementor-widget elementor-widget-divider\" data-id=\"9cff7d0\" data-element_type=\"widget\" data-e-type=\"widget\" data-widget_type=\"divider.default\">\n\t\t\t\t<div class=\"elementor-widget-container\">\n\t\t\t\t\t\t\t<div class=\"elementor-divider\">\n\t\t\t<span class=\"elementor-divider-separator\">\n\t\t\t\t\t\t<\/span>\n\t\t<\/div>\n\t\t\t\t\t\t<\/div>\n\t\t\t\t<\/div>\n\t\t\t\t<div class=\"elementor-element elementor-element-a3bb677 elementor-widget elementor-widget-text-editor\" data-id=\"a3bb677\" data-element_type=\"widget\" data-e-type=\"widget\" data-widget_type=\"text-editor.default\">\n\t\t\t\t<div class=\"elementor-widget-container\">\n\t\t\t\t\t\t\t\t\t\n<h3>Protecci\u00f3n de marcas con Eurosalesman\u00ae - Una ventaja \u00fanica<\/h3>\n<p>Eurosalesman\u00ae no es s\u00f3lo una plataforma publicitaria, es una <strong>red empresarial con marca registrada en todo el mundo<\/strong> que integra:<br \/><br \/>\u2714\ufe0f <strong>Protecci\u00f3n jur\u00eddica registrada por la OMPI (Reg. n\u00ba 1317106, que abarca 193 pa\u00edses)<\/strong><br \/>\u2714\ufe0f <strong>Dominios exclusivos del mercado nacional (ccTLD) para la seguridad de las marcas locales<\/strong><br \/>\u2714\ufe0f <strong>Asociaciones mundiales con la EUIPO, la ICANN y la OMPI para salvaguardar su marca<\/strong><\/p>\n<p>A diferencia de las plataformas est\u00e1ndar de publicidad en l\u00ednea, Eurosalesman\u00ae garantiza que <strong>todas las empresas que operan en nuestra red se benefician de una protecci\u00f3n de marca l\u00edder en el sector<\/strong>.<\/p>\n<p>\ud83d\udd39 <strong>Asegure su marca en m\u00e1s de 70 mercados locales con dominios de mercado nacional (ccTLD)<\/strong><br \/>\ud83d\udd39 <strong>Evite el uso no autorizado de su marca en Internet<\/strong><br \/>\ud83d\udd39 <strong>Establecer una presencia de confianza y con respaldo legal en las principales regiones econ\u00f3micas del mundo.<\/strong><\/p>\n\t\t\t\t\t\t\t\t<\/div>\n\t\t\t\t<\/div>\n\t\t\t\t<div class=\"elementor-element elementor-element-5c48c65 elementor-widget elementor-widget-image\" data-id=\"5c48c65\" data-element_type=\"widget\" data-e-type=\"widget\" data-widget_type=\"image.default\">\n\t\t\t\t<div class=\"elementor-widget-container\">\n\t\t\t\t\t\t\t\t\t\t\t\t\t\t\t<img decoding=\"async\" width=\"2457\" height=\"1567\" src=\"https:\/\/eurosalesman.com\/wp-content\/uploads\/dl.beatsnoop.com-3000-wPzkZRQlas.jpg\" class=\"attachment-full size-full wp-image-1199\" alt=\"dl.beatsnoop.com-3000-wPzkZRQlas\" srcset=\"https:\/\/eurosalesman.com\/wp-content\/uploads\/dl.beatsnoop.com-3000-wPzkZRQlas.jpg 2457w, https:\/\/eurosalesman.com\/wp-content\/uploads\/dl.beatsnoop.com-3000-wPzkZRQlas-512x327.jpg 512w, https:\/\/eurosalesman.com\/wp-content\/uploads\/dl.beatsnoop.com-3000-wPzkZRQlas-1024x653.jpg 1024w, https:\/\/eurosalesman.com\/wp-content\/uploads\/dl.beatsnoop.com-3000-wPzkZRQlas-256x163.jpg 256w, https:\/\/eurosalesman.com\/wp-content\/uploads\/dl.beatsnoop.com-3000-wPzkZRQlas-768x490.jpg 768w, https:\/\/eurosalesman.com\/wp-content\/uploads\/dl.beatsnoop.com-3000-wPzkZRQlas-1536x980.jpg 1536w, https:\/\/eurosalesman.com\/wp-content\/uploads\/dl.beatsnoop.com-3000-wPzkZRQlas-2048x1306.jpg 2048w\" sizes=\"(max-width: 2457px) 100vw, 2457px\" \/>\t\t\t\t\t\t\t\t\t\t\t\t\t\t\t<\/div>\n\t\t\t\t<\/div>\n\t\t\t\t<div class=\"elementor-element elementor-element-0fb9bbf elementor-widget elementor-widget-text-editor\" data-id=\"0fb9bbf\" data-element_type=\"widget\" data-e-type=\"widget\" data-widget_type=\"text-editor.default\">\n\t\t\t\t<div class=\"elementor-widget-container\">\n\t\t\t\t\t\t\t\t\t<h3>Protecci\u00f3n global de la marca en l\u00ednea con ICANN<\/h3>\n<p>En el mundo digital de hoy en d\u00eda, su <strong>la presencia en l\u00ednea es tan importante como la posici\u00f3n f\u00edsica en el mercado<\/strong>. <strong>ICANN (Corporaci\u00f3n de Asignaci\u00f3n de Nombres y N\u00fameros de Internet)<\/strong> garantiza que la imagen de su marca <strong>los nombres de dominio siguen protegidos contra la ciberocupaci\u00f3n y el uso fraudulento<\/strong>.<\/p>\n<p>Eurosalesman\u00ae trabaja con ICANN para:<br \/><br \/>\u2705 <strong>Asegure los nombres de dominio de su marca en los principales mercados mundiales<\/strong><br \/>\u2705 <strong>Evite que la competencia utilice indebidamente su identidad de marca en Internet<\/strong><br \/>\u2705 <strong>Habilitar mecanismos de resoluci\u00f3n de conflictos para luchar contra la infracci\u00f3n de dominios<\/strong><\/p>\n<p>Con la supervisi\u00f3n de ICANN, su marca permanece <strong>protegido digitalmente<\/strong> en todo el panorama mundial de Internet.<\/p>\n<p><!-- \/wp:paragraph --><\/p>\t\t\t\t\t\t\t\t<\/div>\n\t\t\t\t<\/div>\n\t\t\t\t<div class=\"elementor-element elementor-element-3fac080 elementor-widget-divider--view-line elementor-widget elementor-widget-divider\" data-id=\"3fac080\" data-element_type=\"widget\" data-e-type=\"widget\" data-widget_type=\"divider.default\">\n\t\t\t\t<div class=\"elementor-widget-container\">\n\t\t\t\t\t\t\t<div class=\"elementor-divider\">\n\t\t\t<span class=\"elementor-divider-separator\">\n\t\t\t\t\t\t<\/span>\n\t\t<\/div>\n\t\t\t\t\t\t<\/div>\n\t\t\t\t<\/div>\n\t\t\t\t<div class=\"elementor-element elementor-element-06aaf2a elementor-widget elementor-widget-text-editor\" data-id=\"06aaf2a\" data-element_type=\"widget\" data-e-type=\"widget\" data-widget_type=\"text-editor.default\">\n\t\t\t\t<div class=\"elementor-widget-container\">\n\t\t\t\t\t\t\t\t\t<h3>Protecci\u00f3n internacional de marcas con la OMPI<\/h3>\n<p>Para las empresas que se expanden a <strong>mercados mundiales m\u00e1s all\u00e1 de Europa<\/strong>Eurosalesman\u00ae se asocia con <strong>OMPI (Organizaci\u00f3n Mundial de la Propiedad Intelectual)<\/strong> que ofrecer:<br \/><br \/>\ud83d\udd39 <strong>Registro de marcas en varios pa\u00edses con una \u00fanica solicitud<\/strong><br \/>\ud83d\udd39 <strong>Protecci\u00f3n jur\u00eddica contra las infracciones transfronterizas<\/strong><br \/>\ud83d\udd39 <strong>Reconocimiento en virtud del Sistema de Madrid para la seguridad internacional de las marcas<\/strong><\/p>\n<p>En <strong>Sistema de Madrid de la OMPI<\/strong> simplifica <strong>registro mundial de marcas<\/strong>para garantizar que su <strong>la propiedad intelectual se protege en varias jurisdicciones sin tener que presentar solicitudes por separado<\/strong>.<\/p>\n<p>Con el registro respaldado por la OMPI, su empresa se beneficia de:<br \/><br \/>\u2714\ufe0f <strong>Reducci\u00f3n de los costes de registro de marcas en varios pa\u00edses<\/strong><br \/>\u2714\ufe0f <strong>Plazos de tramitaci\u00f3n m\u00e1s r\u00e1pidos para la protecci\u00f3n internacional de marcas<\/strong><br \/>\u2714\ufe0f <strong>Gesti\u00f3n sin fisuras de las renovaciones y la aplicaci\u00f3n de las marcas registradas<\/strong><\/p>\n<p><!-- \/wp:paragraph --><\/p>\t\t\t\t\t\t\t\t<\/div>\n\t\t\t\t<\/div>\n\t\t\t\t\t<\/div>\n\t\t\t\t<\/div>\n\t\t<div class=\"elementor-element elementor-element-1150817d e-con-full e-flex e-con e-parent\" data-id=\"1150817d\" data-element_type=\"container\" data-e-type=\"container\" data-settings=\"{&quot;background_background&quot;:&quot;classic&quot;}\">\n\t\t<div class=\"elementor-element elementor-element-30c848fc e-con-full e-flex e-con e-child\" data-id=\"30c848fc\" data-element_type=\"container\" data-e-type=\"container\">\n\t\t\t\t<div class=\"elementor-element elementor-element-5fd159c9 elementor-invisible elementor-widget elementor-widget-heading\" data-id=\"5fd159c9\" data-element_type=\"widget\" data-e-type=\"widget\" data-settings=\"{&quot;_animation&quot;:&quot;fadeIn&quot;}\" data-widget_type=\"heading.default\">\n\t\t\t\t<div class=\"elementor-widget-container\">\n\t\t\t\t\t<h2 class=\"elementor-heading-title elementor-size-default\">\u00bfQuiere impulsar su negocio hoy mismo?<\/h2>\t\t\t\t<\/div>\n\t\t\t\t<\/div>\n\t\t\t\t<div class=\"elementor-element elementor-element-18a69f95 elementor-invisible elementor-widget elementor-widget-text-editor\" data-id=\"18a69f95\" data-element_type=\"widget\" data-e-type=\"widget\" data-settings=\"{&quot;_animation&quot;:&quot;fadeIn&quot;,&quot;_animation_delay&quot;:300}\" data-widget_type=\"text-editor.default\">\n\t\t\t\t<div class=\"elementor-widget-container\">\n\t\t\t\t\t\t\t\t\t<p>P\u00f3ngase en contacto con nosotros hoy mismo para obtener m\u00e1s informaci\u00f3n sobre c\u00f3mo podemos ayudarle a alcanzar sus objetivos de marketing con precisi\u00f3n y confianza.<\/p>\t\t\t\t\t\t\t\t<\/div>\n\t\t\t\t<\/div>\n\t\t\t\t<div class=\"elementor-element elementor-element-8e2bd2c elementor-align-justify elementor-widget__width-initial elementor-invisible elementor-widget elementor-widget-button\" data-id=\"8e2bd2c\" data-element_type=\"widget\" data-e-type=\"widget\" data-settings=\"{&quot;_animation&quot;:&quot;fadeIn&quot;,&quot;_animation_delay&quot;:600}\" data-widget_type=\"button.default\">\n\t\t\t\t<div class=\"elementor-widget-container\">\n\t\t\t\t\t\t\t\t\t<div class=\"elementor-button-wrapper\">\n\t\t\t\t\t<a class=\"elementor-button elementor-button-link elementor-size-sm\" href=\"https:\/\/eurosalesman.com\/es\/about\/contact\/\">\n\t\t\t\t\t\t<span class=\"elementor-button-content-wrapper\">\n\t\t\t\t\t\t\t\t\t<span class=\"elementor-button-text\">Contacto<\/span>\n\t\t\t\t\t<\/span>\n\t\t\t\t\t<\/a>\n\t\t\t\t<\/div>\n\t\t\t\t\t\t\t\t<\/div>\n\t\t\t\t<\/div>\n\t\t\t\t<\/div>\n\t\t<div class=\"elementor-element elementor-element-295d0164 e-con-full e-flex e-con e-child\" data-id=\"295d0164\" data-element_type=\"container\" data-e-type=\"container\" data-settings=\"{&quot;background_background&quot;:&quot;classic&quot;}\">\n\t\t\t\t<\/div>\n\t\t\t\t<\/div>\n\t\t\t\t<\/div>","protected":false},"excerpt":{"rendered":"<p>Las marcas comerciales son algo m\u00e1s que s\u00edmbolos o logotipos: representan la reputaci\u00f3n, la calidad y los valores de su marca. Diferencian sus productos y servicios de los de la competencia, y contar con una s\u00f3lida protecci\u00f3n de marca garantiza que su marca est\u00e9 legalmente protegida frente a usos no autorizados, falsificaciones e infracciones. Esto no s\u00f3lo protege su negocio, sino que tambi\u00e9n aumenta la credibilidad y fiabilidad de su marca a los ojos de los clientes.<\/p>","protected":false},"author":3,"featured_media":0,"parent":0,"menu_order":0,"comment_status":"closed","ping_status":"closed","template":"","meta":{"_seopress_robots_primary_cat":"","_seopress_titles_title":"","_seopress_titles_desc":"","_seopress_robots_index":"","footnotes":""},"class_list":["post-1403","page","type-page","status-publish","hentry"],"_links":{"self":[{"href":"https:\/\/eurosalesman.com\/es\/wp-json\/wp\/v2\/pages\/1403","targetHints":{"allow":["GET"]}}],"collection":[{"href":"https:\/\/eurosalesman.com\/es\/wp-json\/wp\/v2\/pages"}],"about":[{"href":"https:\/\/eurosalesman.com\/es\/wp-json\/wp\/v2\/types\/page"}],"author":[{"embeddable":true,"href":"https:\/\/eurosalesman.com\/es\/wp-json\/wp\/v2\/users\/3"}],"replies":[{"embeddable":true,"href":"https:\/\/eurosalesman.com\/es\/wp-json\/wp\/v2\/comments?post=1403"}],"version-history":[{"count":13,"href":"https:\/\/eurosalesman.com\/es\/wp-json\/wp\/v2\/pages\/1403\/revisions"}],"predecessor-version":[{"id":1856,"href":"https:\/\/eurosalesman.com\/es\/wp-json\/wp\/v2\/pages\/1403\/revisions\/1856"}],"wp:attachment":[{"href":"https:\/\/eurosalesman.com\/es\/wp-json\/wp\/v2\/media?parent=1403"}],"curies":[{"name":"wp","href":"https:\/\/api.w.org\/{rel}","templated":true}]}}