{"id":1412,"date":"2024-10-09T16:44:54","date_gmt":"2024-10-09T14:44:54","guid":{"rendered":"https:\/\/eurosalesman.com\/?page_id=1412"},"modified":"2024-10-09T16:45:47","modified_gmt":"2024-10-09T14:45:47","slug":"terms-and-conditions","status":"publish","type":"page","link":"https:\/\/eurosalesman.com\/es\/terms-and-conditions\/","title":{"rendered":"Condiciones generales"},"content":{"rendered":"<div data-elementor-type=\"wp-page\" data-elementor-id=\"1412\" class=\"elementor elementor-1412\" data-elementor-post-type=\"page\">\n\t\t\t\t<div class=\"elementor-element elementor-element-c371250 e-flex e-con-boxed e-con e-parent\" data-id=\"c371250\" data-element_type=\"container\" data-e-type=\"container\">\n\t\t\t\t\t<div class=\"e-con-inner\">\n\t\t\t\t<div class=\"elementor-element elementor-element-9b75477 elementor-widget elementor-widget-text-editor\" data-id=\"9b75477\" data-element_type=\"widget\" data-e-type=\"widget\" data-widget_type=\"text-editor.default\">\n\t\t\t\t<div class=\"elementor-widget-container\">\n\t\t\t\t\t\t\t\t\t<h2 class=\"wp-block-heading\">ADS T\u00e9rminos y condiciones en todo el mundo Eurosalesman AB Suecia Multisitio Eurosalesman.com\/eurosalesman.xx<\/h2>\n<p><br \/>Eurosalesman por la presente notifica a los clientes \/ anunciantes que lo siguiente se aplica la publicidad \/ publicaci\u00f3n de material en HYPERLINK \"http: \/\/www.eurosalesman.xx\"<br \/>www.eurosalesman.xx. HYPERLINK \"http: \/\/www.eurosalesman.xx\" URL www.eurosalesman.xx se utiliza como t\u00e9rmino general para todas las p\u00e1ginas relevantes del portal web Eurosalesman, que contiene la marca registrada Eurosalesman\u00ae.<\/p>\n<h3 class=\"wp-block-heading\">Legislaci\u00f3n exterior y origen de las mercanc\u00edas<\/h3>\n<p><br \/>Muchos productos y servicios est\u00e1n regulados por leyes que pueden diferir de un pa\u00eds a otro. Todos los clientes \/ anunciantes son responsables de asegurarse de que entienden las leyes que se aplican a su negocio \/ servicios \/ productos en cada pa\u00eds individual y la plena responsabilidad de ser claro.<\/p>\n<h3 class=\"wp-block-heading\">Siga estas leyes<\/h3>\n<p><br \/>Seguir estas leyes incumbe por completo al cliente \/ anunciante. Si no se hace de ninguna manera, posee Eurosalesman el derecho de retirar el material publicado de inmediato sin ning\u00fan tipo de reclamaciones por parte del cliente \/ propietario. Eurosalesman por lo tanto tambi\u00e9n atribuye el derecho de eliminar los enlaces en los anuncios \/ material publicado vinculado a las p\u00e1ginas que no se ajustan a las leyes del pa\u00eds previsto, la moral o la \u00e9tica.<\/p>\n<h3 class=\"wp-block-heading\"><br \/>Zonas especialmente sensibles<\/h3>\n<p><br \/>Las \u00e1reas especialmente sensibles son el alcohol, los casinos, los juegos de azar, los fuegos artificiales, la sanidad, la pornograf\u00eda y \u00e1reas colindantes, la sanidad y los productos farmac\u00e9uticos, las drogas y sus accesorios, los productos del tabaco y las armas, etc.<br \/>El anunciante no podr\u00e1 vender o comercializar art\u00edculos falsificados o robados<br \/>www.eurosalesman.xx<\/p>\n<h3 class=\"wp-block-heading\">Contenido de la responsabilidad<\/h3>\n<p><br \/>Aunque Eurosalesman AB maneja el contenido de cada p\u00e1gina web dentro de www.eurosalesman.xx con la mayor exactitud posible, Eurosalesman AB no siempre puede garantizar un contenido completo e impecable o correcto. No asumimos ninguna responsabilidad por cualquier da\u00f1o como directa o indirectamente a trav\u00e9s del uso de todas las p\u00e1ginas web HYPERLINK<br \/>\"http: \/\/www.eurosalesman.xx\" www.eurosalesman.xx.<\/p>\n<h3 class=\"wp-block-heading\">Enlaces externos<\/h3>\n<p><br \/>Eurosalesman AB no se hace responsable del contenido de las p\u00e1ginas web pertenecientes a otras empresas u organizaciones. Esto tambi\u00e9n se aplica si hay enlaces a otras p\u00e1ginas web<br \/>HYPERLINK \"http: \/\/www.eurosalesman.xx\" www.eurosalesman.xx. Siempre son los propietarios de esos<br \/>p\u00e1ginas web enlazadas que son responsables y controlan el contenido de sus p\u00e1ginas. Si Eurosalesman recibe informaci\u00f3n sobre infracciones de la ley u otros contenidos perjudiciales en cualquier sentido<br \/>por supuesto, los enlaces se eliminan inmediatamente.<\/p>\n<h3 class=\"wp-block-heading\">Protecci\u00f3n de datos<\/h3>\n<p><br \/>Toda la informaci\u00f3n personal en HYPERLINK http:\/\/www.eurosalesman.xx www.eurosalesman.xx ser\u00e1 tratada de forma muy confidencial y est\u00e1 ah\u00ed para poder dar<br \/>al cliente \/ anunciante el mejor servicio personal posible. Eurosalesman garantiza que toda la informaci\u00f3n de car\u00e1cter personal no ser\u00e1 transmitida a terceros y asegura por la presente que los datos confidenciales ser\u00e1n tratados con la mayor confianza de acuerdo con la ley de protecci\u00f3n de datos aplicable en Suecia, la UE y GDPR.<\/p>\n<h3 class=\"wp-block-heading\">Marcas y logotipos<\/h3>\n<p><br \/>Marcas y logotipos en HYPERLINK \"http: \/\/www.eurosalesman.xx\"<br \/>www.eurosalesman.xx es propiedad del titular de la marca aunque no quede claro en HYPERLINK \"http: \/\/www.eurosalesman.xx\" www.eurosalesman.xx y Eurosalesman s\u00f3lo permite el uso de marcas \/ logotipos cuando la ley lo permite claramente.<br \/>Lo mismo se aplica al material protegido por derechos de autor que s\u00f3lo se publica con permiso del titular o con la excepci\u00f3n permitida por la ley.<\/p>\n<h3 class=\"wp-block-heading\">Procedimiento para solicitar anuncios y servicio de tiempo de publicidad en eurosalesman.com y sitios web locales Eurosalesman.xx<\/h3>\n<p><br \/>El pedido de desarrollo publicitario y por lo tanto el servicio de tiempo publicitario en el sitio web de Eurosalesman.com se considera que ha tenido lugar el d\u00eda\/mes\/a\u00f1o en que Eurosalesman Sweden AB recibe un pedido electr\u00f3nico de un gestor de compras y se paga el precio de compra, beneficiando as\u00ed a Eurosalesman.com El gestor de compras ha firmado el formulario de pedido. El pedido se convierte en vinculante tan pronto como se cumplan las condiciones. Eurosalesman.com debe confirmar el contenido del pedido. a trav\u00e9s de ads@eurosalesman.com debido a las regulaciones locales de los diferentes pa\u00edses,<br \/><br \/><strong>Derecho a negarse a desarrollar y lanzar publicidad<\/strong><br \/>Eurosalesman Sweden AB determina si un proyecto publicitario entra en conflicto con los usos tradicionales, costumbres y leyes de un pa\u00eds determinado. Eurosalesman Sweden AB tiene el derecho de rechazar los servicios de desarrollo de anuncios y tiempo de publicidad para tal pedido en todos los sitios web locales. El reembolso, etc. se realiza de acuerdo con el punto Disposiciones para la cancelaci\u00f3n de proyectos publicitarios<br \/><br \/><strong>Poner en marcha un servicio de anuncios y tiempo de publicidad<\/strong><br \/>El momento de lanzar un anuncio debe determinarse una vez finalizada la base publicitaria.<br \/><br \/><strong>Lenguaje del desarrollo publicitario<\/strong><br \/>Todas las comunicaciones entre Eurosalesman Sweden AB y los compradores de anuncios deber\u00e1n realizarse por correo electr\u00f3nico en ingl\u00e9s\/sueco,<\/p>\n<p><strong>C\u00e1lculo del plazo y fecha de vencimiento<\/strong><br \/>Al calcular los plazos, etc. en el cliente, la fecha de entrega de Eurosalesman se considerar\u00e1 la fecha de recepci\u00f3n del cliente.<br \/><br \/><strong>Hora del borrador del anuncio de Eurosalesman Sweden AB<\/strong><br \/>Si procede, Eurosalesman Sweden AB deber\u00e1 presentar un borrador del anuncio al responsable de compras en un plazo de 14 d\u00edas a partir de la confirmaci\u00f3n del pedido en curso por parte de Eurosalesman Sweden AB.<br \/><br \/><strong>Derecho del cliente a la correcci\u00f3n del material publicitario<\/strong><br \/>La parte que encarga la elaboraci\u00f3n de material publicitario para un anuncio completo<br \/>Eurosalesman Sweden AB podr\u00e1 exigir la correcci\u00f3n del material publicitario solicitado dentro de unos l\u00edmites razonables, tales como la combinaci\u00f3n de colores, el dise\u00f1o del texto, etc. M\u00e1ximo 3 correcciones escritas por correo electr\u00f3nico en un plazo de 15 d\u00edas a partir de la recepci\u00f3n del primer borrador del anuncio por parte de Eurosalesman. Para que esto sea v\u00e1lido, el cliente\/receptor deber\u00e1 enviar un correo electr\u00f3nico a Eurosalesman dentro de los 7 d\u00edas siguientes a la recepci\u00f3n del primer borrador del anuncio con comentarios\/correcciones del borrador inicial del anuncio.<br \/><br \/><strong>Disposiciones relativas al incumplimiento de las correcciones en un plazo determinado<\/strong><br \/>Si no se realizan comentarios\/correcciones en el plazo de 7 d\u00edas, el primer borrador de anuncio de Eurosalesman se considerar\u00e1 aprobado por el gestor de compras en su estado actual, se iniciar\u00e1 una compra entre las partes y el servicio se considerar\u00e1 entregado.<br \/>Lo anterior se aplicar\u00e1 tambi\u00e9n con respecto al derecho de 15 d\u00edas para correcciones\/observaciones. Existe un plazo de 7 d\u00edas a partir de la primera fecha de correcci\u00f3n. Si el gestor de compras no se ha puesto en contacto con Eurosalesman, se considerar\u00e1 que se ha producido una compra del producto en cuesti\u00f3n a Eurosalesman.<br \/><br \/><strong>Propiedad del anuncio<\/strong><br \/>Una vez finalizado el tiempo de publicidad, el gestor de compras tendr\u00e1 derecho a los materiales publicitarios desarrollados por Eurosalesman en su estado actual. Los servicios asociados, etc., deber\u00e1n ser renovados por las partes seg\u00fan acuerdo.<\/p>\n<p><strong>Disposiciones para la anulaci\u00f3n de proyectos publicitarios<\/strong><br \/>En caso de anulaci\u00f3n de un proyecto de publicidad encargado, se aplicar\u00e1n las disposiciones siguientes.<br \/>En general, Eurosalesman Sweden AB y el gestor de compras se esforzar\u00e1n por llegar a un consenso.<br \/>El gestor de compras tendr\u00e1 derecho a la devoluci\u00f3n de un pago anticipado por el alquiler del tiempo de publicidad del servicio por cada espacio publicitario solicitado por el gestor de compras durante el periodo en cuesti\u00f3n, a menos que las partes ya hayan llegado a un acuerdo y posiblemente hayan remitido materiales para la elaboraci\u00f3n de anuncios por correo electr\u00f3nico al gestor de compras.<\/p>\n<p><strong>Deben respetarse las siguientes condiciones para el reembolso del alquiler anticipado por el servicio de tiempo de publicidad:<\/strong><br \/>La solicitud debe hacerse por escrito y enviarse por correo electr\u00f3nico a ads@eurosalesman.com y ser emitida por un gestor de compras. La solicitud debe contener una cuenta, as\u00ed como toda la informaci\u00f3n financiera necesaria que facilite esta transacci\u00f3n. Todos los costes y las transacciones asociadas correr\u00e1n a cargo del gestor de compras y se deducir\u00e1n del importe de la compra reembolsado.<br \/>La fecha de cancelaci\u00f3n debe ser anterior al acuse de recibo del pedido o al primer borrador de anuncio de Eurosalesman. Despu\u00e9s, de 1 a 6 d\u00edas despu\u00e9s del primer borrador de anuncio de Eurosalesman, y despu\u00e9s de 1 a 6 d\u00edas despu\u00e9s del periodo de correcci\u00f3n\/comentario de 15 d\u00edas para el borrador de anuncio. .<br \/>Si no se cumplen las condiciones anteriores, existe el riesgo de que la cancelaci\u00f3n del anuncio no sea v\u00e1lida, en cuyo caso no se le devolver\u00e1 el dinero.<br \/>Si tiene alguna pregunta o duda sobre la publicidad, env\u00ede un correo electr\u00f3nico a ads@eurosalesman.com.<\/p>\n<h3 class=\"wp-block-heading\">Disputas<\/h3>\n<p>Litigios que surjan en relaci\u00f3n con este acuerdo y en otros contextos relacionados HYPERLINK \"http: \/\/www.eurosalesman.xx\"<br \/>www.eurosalesman.xx. HYPERLINK \"http: \/\/www.eurosalesman.xx\" URL www.eurosalesman.xx se utiliza como t\u00e9rmino general para todas las p\u00e1ginas relevantes del portal web Eurosalesman, que contiene la marca registrada Eurosalesman\u00ae y<br \/>con Eurosalesman Sweden AB, es \u00fanicamente la versi\u00f3n en ingl\u00e9s \/ sueco la que se aplica y constituye la base de todos los contactos relativos a disputas con Eurosalesman.world\/Eurosalesman Sweden AB. Los litigios se resolver\u00e1n mediante arbitraje de conformidad con el Reglamento de Arbitraje Simplificado del Instituto de Arbitraje de la C\u00e1mara de Comercio de Estocolmo. La sede del procedimiento de arbitraje ser\u00e1 Estocolmo. El idioma del procedimiento ser\u00e1 el ingl\u00e9s o el sueco, o se aplicar\u00e1 a la disputa la legislaci\u00f3n de la UE.<\/p>\t\t\t\t\t\t\t\t<\/div>\n\t\t\t\t<\/div>\n\t\t\t\t\t<\/div>\n\t\t\t\t<\/div>\n\t\t\t\t<\/div>","protected":false},"excerpt":{"rendered":"<p>ADS T\u00e9rminos y condiciones en todo el mundo Eurosalesman AB Suecia Multisitio Eurosalesman.com\/eurosalesman.xx Eurosalesman notifica por la presente a los clientes \/ anunciantes que lo siguiente se aplica publicidad \/ publicaci\u00f3n de material en HYPERLINK \"http: \/\/www.eurosalesman.xx \"www.eurosalesman.xx. HYPERLINK \"http: \/\/www.eurosalesman.xx\" URL www.eurosalesman.xx se utiliza como t\u00e9rmino general para todas las p\u00e1ginas relevantes del portal web Eurosalesman, que contiene la marca registrada Eurosalesman\u00ae. Leyes externas y [...]<\/p>","protected":false},"author":3,"featured_media":0,"parent":0,"menu_order":0,"comment_status":"closed","ping_status":"closed","template":"","meta":{"_seopress_robots_primary_cat":"","_seopress_titles_title":"","_seopress_titles_desc":"","_seopress_robots_index":"","footnotes":""},"class_list":["post-1412","page","type-page","status-publish","hentry"],"_links":{"self":[{"href":"https:\/\/eurosalesman.com\/es\/wp-json\/wp\/v2\/pages\/1412","targetHints":{"allow":["GET"]}}],"collection":[{"href":"https:\/\/eurosalesman.com\/es\/wp-json\/wp\/v2\/pages"}],"about":[{"href":"https:\/\/eurosalesman.com\/es\/wp-json\/wp\/v2\/types\/page"}],"author":[{"embeddable":true,"href":"https:\/\/eurosalesman.com\/es\/wp-json\/wp\/v2\/users\/3"}],"replies":[{"embeddable":true,"href":"https:\/\/eurosalesman.com\/es\/wp-json\/wp\/v2\/comments?post=1412"}],"version-history":[{"count":4,"href":"https:\/\/eurosalesman.com\/es\/wp-json\/wp\/v2\/pages\/1412\/revisions"}],"predecessor-version":[{"id":1416,"href":"https:\/\/eurosalesman.com\/es\/wp-json\/wp\/v2\/pages\/1412\/revisions\/1416"}],"wp:attachment":[{"href":"https:\/\/eurosalesman.com\/es\/wp-json\/wp\/v2\/media?parent=1412"}],"curies":[{"name":"wp","href":"https:\/\/api.w.org\/{rel}","templated":true}]}}