{"id":2167,"date":"2025-03-07T12:09:01","date_gmt":"2025-03-07T11:09:01","guid":{"rendered":"https:\/\/eurosalesman.com\/?page_id=2167"},"modified":"2025-03-19T14:53:29","modified_gmt":"2025-03-19T13:53:29","slug":"country-code-cctld","status":"publish","type":"page","link":"https:\/\/eurosalesman.com\/es\/country-code-cctld\/","title":{"rendered":"C\u00f3digo de pa\u00eds (ccTLD)"},"content":{"rendered":"<div data-elementor-type=\"wp-page\" data-elementor-id=\"2167\" class=\"elementor elementor-2167\" data-elementor-post-type=\"page\">\n\t\t\t\t<div class=\"elementor-element elementor-element-5d7bb604 e-con-full e-flex e-con e-parent\" data-id=\"5d7bb604\" data-element_type=\"container\" data-e-type=\"container\" data-settings=\"{&quot;background_background&quot;:&quot;classic&quot;}\">\n\t\t<div class=\"elementor-element elementor-element-7b7bafc4 e-flex e-con-boxed e-con e-child\" data-id=\"7b7bafc4\" data-element_type=\"container\" data-e-type=\"container\">\n\t\t\t\t\t<div class=\"e-con-inner\">\n\t\t\t\t<div class=\"elementor-element elementor-element-5de76a46 elementor-invisible elementor-widget elementor-widget-heading\" data-id=\"5de76a46\" data-element_type=\"widget\" data-e-type=\"widget\" data-settings=\"{&quot;_animation&quot;:&quot;fadeIn&quot;}\" data-widget_type=\"heading.default\">\n\t\t\t\t<div class=\"elementor-widget-container\">\n\t\t\t\t\t<h1 class=\"elementor-heading-title elementor-size-default\">C\u00f3digo de pa\u00eds (ccTLD)<\/h1>\t\t\t\t<\/div>\n\t\t\t\t<\/div>\n\t\t\t\t\t<\/div>\n\t\t\t\t<\/div>\n\t\t\t\t<div class=\"elementor-element elementor-element-2e243b62 elementor-widget__width-initial elementor-absolute elementor-widget-mobile__width-inherit elementor-invisible elementor-widget elementor-widget-image\" data-id=\"2e243b62\" data-element_type=\"widget\" data-e-type=\"widget\" data-settings=\"{&quot;_position&quot;:&quot;absolute&quot;,&quot;_animation&quot;:&quot;slideInRight&quot;}\" data-widget_type=\"image.default\">\n\t\t\t\t<div class=\"elementor-widget-container\">\n\t\t\t\t\t\t\t\t\t\t\t\t\t\t\t<img fetchpriority=\"high\" decoding=\"async\" width=\"2048\" height=\"1305\" src=\"https:\/\/eurosalesman.com\/wp-content\/uploads\/cctld.jpg\" class=\"attachment-full size-full wp-image-2170\" alt=\"cctld\" srcset=\"https:\/\/eurosalesman.com\/wp-content\/uploads\/cctld.jpg 2048w, https:\/\/eurosalesman.com\/wp-content\/uploads\/cctld-512x326.jpg 512w, https:\/\/eurosalesman.com\/wp-content\/uploads\/cctld-1024x653.jpg 1024w, https:\/\/eurosalesman.com\/wp-content\/uploads\/cctld-256x163.jpg 256w, https:\/\/eurosalesman.com\/wp-content\/uploads\/cctld-768x489.jpg 768w, https:\/\/eurosalesman.com\/wp-content\/uploads\/cctld-1536x979.jpg 1536w, https:\/\/eurosalesman.com\/wp-content\/uploads\/cctld-600x382.jpg 600w\" sizes=\"(max-width: 2048px) 100vw, 2048px\" \/>\t\t\t\t\t\t\t\t\t\t\t\t\t\t\t<\/div>\n\t\t\t\t<\/div>\n\t\t\t\t<\/div>\n\t\t<div class=\"elementor-element elementor-element-0db3aaa e-flex e-con-boxed e-con e-parent\" data-id=\"0db3aaa\" data-element_type=\"container\" data-e-type=\"container\">\n\t\t\t\t\t<div class=\"e-con-inner\">\n\t\t\t\t<div class=\"elementor-element elementor-element-0055d70 elementor-widget-divider--view-line elementor-widget elementor-widget-divider\" data-id=\"0055d70\" data-element_type=\"widget\" data-e-type=\"widget\" data-widget_type=\"divider.default\">\n\t\t\t\t<div class=\"elementor-widget-container\">\n\t\t\t\t\t\t\t<div class=\"elementor-divider\">\n\t\t\t<span class=\"elementor-divider-separator\">\n\t\t\t\t\t\t<\/span>\n\t\t<\/div>\n\t\t\t\t\t\t<\/div>\n\t\t\t\t<\/div>\n\t\t<div class=\"elementor-element elementor-element-f2edc47 e-con-full e-flex e-con e-child\" data-id=\"f2edc47\" data-element_type=\"container\" data-e-type=\"container\">\n\t\t\t\t<div class=\"elementor-element elementor-element-f23dc2f elementor-widget elementor-widget-heading\" data-id=\"f23dc2f\" data-element_type=\"widget\" data-e-type=\"widget\" data-widget_type=\"heading.default\">\n\t\t\t\t<div class=\"elementor-widget-container\">\n\t\t\t\t\t<h2 class=\"elementor-heading-title elementor-size-default\">Lo local manda - Empresa de ventas Eurosalesman<\/h2>\t\t\t\t<\/div>\n\t\t\t\t<\/div>\n\t\t\t\t<div class=\"elementor-element elementor-element-f20cd5e elementor-widget elementor-widget-text-editor\" data-id=\"f20cd5e\" data-element_type=\"widget\" data-e-type=\"widget\" data-widget_type=\"text-editor.default\">\n\t\t\t\t<div class=\"elementor-widget-container\">\n\t\t\t\t\t\t\t\t\t<div class=\"\"><span class=\"\" style=\"font-size: large;\"><span class=\"\"><b class=\"\">Refuerce su marca con un aut\u00e9ntico dominio local de primer nivel global de la red Eurosalesman<\/b><\/span><\/span><\/div><div class=\"\"><span class=\"\" style=\"font-size: large;\"><span class=\"\">Los estudios demuestran que casi el 90% de la poblaci\u00f3n local prefiere hacer negocios en sus propios sitios web nacionales<\/span><\/span><\/div><div class=\"\"><span class=\"\" style=\"font-size: large;\"><span class=\"\">Un aut\u00e9ntico dominio nacional de primer nivel le proporciona una mayor visibilidad y facilidad de b\u00fasqueda y refuerza la confianza de la poblaci\u00f3n local en su oferta en l\u00ednea.<\/span><\/span><\/div><div class=\"\">\u00a0<\/div><div class=\"\"><span class=\"\" style=\"font-size: large;\"><span class=\"\"><b class=\"\">Las ventajas de trabajar en l\u00ednea con dominios nacionales de primer nivel<\/b><\/span><\/span><\/div><div class=\"\"><span class=\"\" style=\"font-size: large;\"><span class=\"\"><b class=\"\">Reducir riesgos y costes:<\/b><\/span><\/span><span class=\"\"> Evite gastos innecesarios en protecci\u00f3n de marcas y litigios.<\/span><\/div><div class=\"\"><span class=\"\" style=\"font-size: large;\"><span class=\"\"><b class=\"\">Proteja su marca<\/b><\/span><\/span><span class=\"\">: Evite que competidores o estafadores exploten su nombre.<\/span><\/div><div class=\"\"><span class=\"\" style=\"font-size: large;\"><span class=\"\"><b class=\"\">Aumente su presencia<\/b><\/span><\/span><span class=\"\">: Refuerce su marca y genere confianza en el mercado local nacional.<\/span><\/div><p><!-- \/wp:paragraph --><\/p>\t\t\t\t\t\t\t\t<\/div>\n\t\t\t\t<\/div>\n\t\t\t\t<div class=\"elementor-element elementor-element-fbe575f elementor-widget elementor-widget-image\" data-id=\"fbe575f\" data-element_type=\"widget\" data-e-type=\"widget\" data-widget_type=\"image.default\">\n\t\t\t\t<div class=\"elementor-widget-container\">\n\t\t\t\t\t\t\t\t\t\t\t\t\t\t\t<img decoding=\"async\" width=\"2048\" height=\"1331\" src=\"https:\/\/eurosalesman.com\/wp-content\/uploads\/country-code-access.jpg\" class=\"attachment-full size-full wp-image-2174\" alt=\"country code access\" srcset=\"https:\/\/eurosalesman.com\/wp-content\/uploads\/country-code-access.jpg 2048w, https:\/\/eurosalesman.com\/wp-content\/uploads\/country-code-access-512x333.jpg 512w, https:\/\/eurosalesman.com\/wp-content\/uploads\/country-code-access-1024x666.jpg 1024w, https:\/\/eurosalesman.com\/wp-content\/uploads\/country-code-access-256x166.jpg 256w, https:\/\/eurosalesman.com\/wp-content\/uploads\/country-code-access-768x499.jpg 768w, https:\/\/eurosalesman.com\/wp-content\/uploads\/country-code-access-1536x998.jpg 1536w, https:\/\/eurosalesman.com\/wp-content\/uploads\/country-code-access-600x390.jpg 600w\" sizes=\"(max-width: 2048px) 100vw, 2048px\" \/>\t\t\t\t\t\t\t\t\t\t\t\t\t\t\t<\/div>\n\t\t\t\t<\/div>\n\t\t\t\t<div class=\"elementor-element elementor-element-c2cc4d9 elementor-widget elementor-widget-text-editor\" data-id=\"c2cc4d9\" data-element_type=\"widget\" data-e-type=\"widget\" data-widget_type=\"text-editor.default\">\n\t\t\t\t<div class=\"elementor-widget-container\">\n\t\t\t\t\t\t\t\t\t<h3 data-start=\"914\" data-end=\"978\"><strong data-start=\"918\" data-end=\"976\">Las ventajas de los dominios de mercado (ccTLD) para las empresas<\/strong><\/h3><h4 data-start=\"980\" data-end=\"1024\"><strong data-start=\"985\" data-end=\"1022\">1. Visibilidad en los motores de b\u00fasqueda locales<\/strong><\/h4><p data-start=\"1025\" data-end=\"1275\">Motores de b\u00fasqueda <strong data-start=\"1040\" data-end=\"1061\">dar prioridad a los ccTLD<\/strong> a la hora de ofrecer resultados espec\u00edficos para cada pa\u00eds. Si una empresa opera en <strong data-start=\"1130\" data-end=\"1140\">Francia<\/strong>, a <strong data-start=\"1144\" data-end=\"1158\">Dominio .fr<\/strong> se\u00f1ales a Google de que es <strong data-start=\"1188\" data-end=\"1222\">m\u00e1s relevante para los usuarios franceses<\/strong>que conduce a <strong data-start=\"1235\" data-end=\"1254\">clasificaciones m\u00e1s altas<\/strong> en las b\u00fasquedas locales.<\/p><h4 data-start=\"1277\" data-end=\"1322\"><strong data-start=\"1282\" data-end=\"1320\">2. Mayor confianza y credibilidad<\/strong><\/h4><p data-start=\"1323\" data-end=\"1534\">Los consumidores son m\u00e1s propensos a interactuar con un sitio web que <strong data-start=\"1379\" data-end=\"1394\">se siente local<\/strong>. Una empresa que utiliza un <strong data-start=\"1415\" data-end=\"1440\">Dominio .de en Alemania<\/strong> aparece m\u00e1s <strong data-start=\"1454\" data-end=\"1485\">de confianza y establecida<\/strong> que uno que utilice un dominio gen\u00e9rico como <strong data-start=\"1523\" data-end=\"1531\">.com<\/strong>.<\/p><h4 data-start=\"1536\" data-end=\"1583\"><strong data-start=\"1541\" data-end=\"1581\">3. Cumplimiento de la normativa local<\/strong><\/h4><p data-start=\"1584\" data-end=\"1853\">Muchos pa\u00edses <strong data-start=\"1599\" data-end=\"1610\">requiere<\/strong> o <strong data-start=\"1614\" data-end=\"1632\">muy a favor<\/strong> empresas que operan bajo su <strong data-start=\"1669\" data-end=\"1685\">ccTLD locales<\/strong> por motivos legales y de conformidad de los datos. Disponer de un <strong data-start=\"1734\" data-end=\"1760\">dominio espec\u00edfico del mercado<\/strong> garantiza que las empresas sigan <strong data-start=\"1792\" data-end=\"1815\">directrices regionales<\/strong> y evitar restricciones innecesarias.<\/p><h4 data-start=\"1855\" data-end=\"1892\"><strong data-start=\"1860\" data-end=\"1890\">4. Mayores tasas de conversi\u00f3n<\/strong><\/h4><p data-start=\"1893\" data-end=\"2127\">Los dominios localizados conducen a <strong data-start=\"1919\" data-end=\"1966\">mayor compromiso de los usuarios y tasas de conversi\u00f3n<\/strong>. Es m\u00e1s probable que los clientes compren a un <strong data-start=\"2013\" data-end=\"2071\">empresa con un dominio acorde con su ubicaci\u00f3n<\/strong>reforzando un <strong data-start=\"2087\" data-end=\"2124\">sensaci\u00f3n de familiaridad y seguridad<\/strong>.<\/p><h4 data-start=\"2129\" data-end=\"2177\"><strong data-start=\"2134\" data-end=\"2175\">5. Ventaja competitiva en los mercados mundiales<\/strong><\/h4><p data-start=\"2178\" data-end=\"2412\">Las empresas con varios ccTLD pueden <strong data-start=\"2214\" data-end=\"2255\">expansi\u00f3n estrat\u00e9gica a nuevos mercados<\/strong> manteniendo <strong data-start=\"2274\" data-end=\"2318\">esfuerzos de marca y marketing localizados<\/strong>. Esto proporciona una ventaja \u00fanica sobre los competidores que se basan \u00fanicamente en <strong data-start=\"2390\" data-end=\"2409\">dominios gen\u00e9ricos<\/strong>.<\/p><p><!-- \/wp:paragraph --><\/p>\t\t\t\t\t\t\t\t<\/div>\n\t\t\t\t<\/div>\n\t\t\t\t<div class=\"elementor-element elementor-element-4d29544 elementor-widget-divider--view-line elementor-widget elementor-widget-divider\" data-id=\"4d29544\" data-element_type=\"widget\" data-e-type=\"widget\" data-widget_type=\"divider.default\">\n\t\t\t\t<div class=\"elementor-widget-container\">\n\t\t\t\t\t\t\t<div class=\"elementor-divider\">\n\t\t\t<span class=\"elementor-divider-separator\">\n\t\t\t\t\t\t<\/span>\n\t\t<\/div>\n\t\t\t\t\t\t<\/div>\n\t\t\t\t<\/div>\n\t\t\t\t<div class=\"elementor-element elementor-element-39892c7 elementor-widget elementor-widget-text-editor\" data-id=\"39892c7\" data-element_type=\"widget\" data-e-type=\"widget\" data-widget_type=\"text-editor.default\">\n\t\t\t\t<div class=\"elementor-widget-container\">\n\t\t\t\t\t\t\t\t\t<h3 data-start=\"2419\" data-end=\"2480\"><strong data-start=\"2423\" data-end=\"2478\">C\u00f3mo aprovecha Eurosalesman\u00ae los dominios de mercado (ccTLD)<\/strong><\/h3><p data-start=\"2482\" data-end=\"2667\">Eurosalesman\u00ae opera un <strong data-start=\"2507\" data-end=\"2553\">red de m\u00e1s de 70 dominios de mercado nacionales<\/strong> para dar a las empresas una <strong data-start=\"2576\" data-end=\"2618\">ventaja exclusiva y legalmente protegida<\/strong> en los mercados mundiales. Nuestra estrategia de ccTLD garantiza:<\/p><p data-start=\"2669\" data-end=\"2908\">\u2714 <strong data-start=\"2671\" data-end=\"2725\">M\u00e1xima exposici\u00f3n en los motores de b\u00fasqueda de los pa\u00edses objetivo<\/strong><br data-start=\"2725\" data-end=\"2728\" \/>\u2714 <strong data-start=\"2730\" data-end=\"2777\">Visibilidad geogr\u00e1fica para audiencias locales<\/strong><br data-start=\"2777\" data-end=\"2780\" \/>\u2714 <strong data-start=\"2782\" data-end=\"2822\">Presencia empresarial legalmente reconocida<\/strong> con un marketing centrado en el cumplimiento<br data-start=\"2854\" data-end=\"2857\" \/>\u2714 <strong data-start=\"2859\" data-end=\"2906\">Mayor autoridad de marca y confianza del consumidor<\/strong><\/p><p data-start=\"2910\" data-end=\"2996\"><strong data-start=\"2910\" data-end=\"2994\">Con Eurosalesman\u00ae, las empresas no s\u00f3lo se expanden globalmente, sino que dominan localmente.<\/strong><\/p><p><!-- \/wp:paragraph --><\/p>\t\t\t\t\t\t\t\t<\/div>\n\t\t\t\t<\/div>\n\t\t\t\t<div class=\"elementor-element elementor-element-1d71e2b elementor-widget-divider--view-line elementor-widget elementor-widget-divider\" data-id=\"1d71e2b\" data-element_type=\"widget\" data-e-type=\"widget\" data-widget_type=\"divider.default\">\n\t\t\t\t<div class=\"elementor-widget-container\">\n\t\t\t\t\t\t\t<div class=\"elementor-divider\">\n\t\t\t<span class=\"elementor-divider-separator\">\n\t\t\t\t\t\t<\/span>\n\t\t<\/div>\n\t\t\t\t\t\t<\/div>\n\t\t\t\t<\/div>\n\t\t\t\t<div class=\"elementor-element elementor-element-68afeba elementor-widget elementor-widget-text-editor\" data-id=\"68afeba\" data-element_type=\"widget\" data-e-type=\"widget\" data-widget_type=\"text-editor.default\">\n\t\t\t\t<div class=\"elementor-widget-container\">\n\t\t\t\t\t\t\t\t\t<h3 data-start=\"3003\" data-end=\"3050\"><strong data-start=\"3007\" data-end=\"3048\">Empiece hoy mismo con Market Domains<\/strong><\/h3><p data-start=\"3052\" data-end=\"3294\">Desbloquea el poder de <strong data-start=\"3072\" data-end=\"3099\">dominios espec\u00edficos de mercado<\/strong> y establezca su presencia en regiones clave con la <strong data-start=\"3152\" data-end=\"3192\">\u00fanica red ccTLD legalmente protegida<\/strong> disponibles. P\u00f3ngase en contacto con nosotros hoy mismo y d\u00e9 el primer paso hacia <strong data-start=\"3252\" data-end=\"3292\">\u00e9xito localizado a escala mundial.<\/strong><\/p><p><!-- \/wp:paragraph --><\/p>\t\t\t\t\t\t\t\t<\/div>\n\t\t\t\t<\/div>\n\t\t\t\t<\/div>\n\t\t\t\t\t<\/div>\n\t\t\t\t<\/div>\n\t\t<div class=\"elementor-element elementor-element-61cfcbfb e-con-full e-flex e-con e-parent\" data-id=\"61cfcbfb\" data-element_type=\"container\" data-e-type=\"container\" data-settings=\"{&quot;background_background&quot;:&quot;classic&quot;}\">\n\t\t<div class=\"elementor-element elementor-element-4c0ceb8a e-con-full e-flex e-con e-child\" data-id=\"4c0ceb8a\" data-element_type=\"container\" data-e-type=\"container\">\n\t\t\t\t<div class=\"elementor-element elementor-element-7d1f4c5 elementor-invisible elementor-widget elementor-widget-heading\" data-id=\"7d1f4c5\" data-element_type=\"widget\" data-e-type=\"widget\" data-settings=\"{&quot;_animation&quot;:&quot;fadeIn&quot;}\" data-widget_type=\"heading.default\">\n\t\t\t\t<div class=\"elementor-widget-container\">\n\t\t\t\t\t<h2 class=\"elementor-heading-title elementor-size-default\">\u00bfQuiere impulsar su negocio hoy mismo?<\/h2>\t\t\t\t<\/div>\n\t\t\t\t<\/div>\n\t\t\t\t<div class=\"elementor-element elementor-element-b439ed7 elementor-invisible elementor-widget elementor-widget-text-editor\" data-id=\"b439ed7\" data-element_type=\"widget\" data-e-type=\"widget\" data-settings=\"{&quot;_animation&quot;:&quot;fadeIn&quot;,&quot;_animation_delay&quot;:300}\" data-widget_type=\"text-editor.default\">\n\t\t\t\t<div class=\"elementor-widget-container\">\n\t\t\t\t\t\t\t\t\t<p>P\u00f3ngase en contacto con nosotros hoy mismo para obtener m\u00e1s informaci\u00f3n sobre c\u00f3mo podemos ayudarle a alcanzar sus objetivos de marketing con precisi\u00f3n y confianza.<\/p>\t\t\t\t\t\t\t\t<\/div>\n\t\t\t\t<\/div>\n\t\t\t\t<div class=\"elementor-element elementor-element-5f44ea22 elementor-align-justify elementor-widget__width-initial elementor-invisible elementor-widget elementor-widget-button\" data-id=\"5f44ea22\" data-element_type=\"widget\" data-e-type=\"widget\" data-settings=\"{&quot;_animation&quot;:&quot;fadeIn&quot;,&quot;_animation_delay&quot;:600}\" data-widget_type=\"button.default\">\n\t\t\t\t<div class=\"elementor-widget-container\">\n\t\t\t\t\t\t\t\t\t<div class=\"elementor-button-wrapper\">\n\t\t\t\t\t<a class=\"elementor-button elementor-button-link elementor-size-sm\" href=\"https:\/\/eurosalesman.com\/es\/about\/contact\/\">\n\t\t\t\t\t\t<span class=\"elementor-button-content-wrapper\">\n\t\t\t\t\t\t\t\t\t<span class=\"elementor-button-text\">Contacto<\/span>\n\t\t\t\t\t<\/span>\n\t\t\t\t\t<\/a>\n\t\t\t\t<\/div>\n\t\t\t\t\t\t\t\t<\/div>\n\t\t\t\t<\/div>\n\t\t\t\t<\/div>\n\t\t<div class=\"elementor-element elementor-element-36074ed6 e-con-full e-flex e-con e-child\" data-id=\"36074ed6\" data-element_type=\"container\" data-e-type=\"container\" data-settings=\"{&quot;background_background&quot;:&quot;classic&quot;}\">\n\t\t\t\t<\/div>\n\t\t\t\t<\/div>\n\t\t\t\t<\/div>","protected":false},"excerpt":{"rendered":"<p>Lo local es el rey - Empresa de ventas Eurosalesman\u00ae Refuerce su marca con un aut\u00e9ntico dominio local de primer nivel a nivel mundial de la red Eurosalesman\u00aeLos estudios demuestran que casi el 90% de la poblaci\u00f3n local prefiere hacer negocios en sus propios sitios web nacionalesUn aut\u00e9ntico dominio nacional de primer nivel le proporciona una mayor visibilidad y capacidad de b\u00fasqueda y refuerza la confianza de la poblaci\u00f3n local [...].<\/p>","protected":false},"author":3,"featured_media":2170,"parent":0,"menu_order":0,"comment_status":"closed","ping_status":"closed","template":"","meta":{"_seopress_robots_primary_cat":"","_seopress_titles_title":"","_seopress_titles_desc":"","_seopress_robots_index":"","footnotes":""},"class_list":["post-2167","page","type-page","status-publish","has-post-thumbnail","hentry"],"_links":{"self":[{"href":"https:\/\/eurosalesman.com\/es\/wp-json\/wp\/v2\/pages\/2167","targetHints":{"allow":["GET"]}}],"collection":[{"href":"https:\/\/eurosalesman.com\/es\/wp-json\/wp\/v2\/pages"}],"about":[{"href":"https:\/\/eurosalesman.com\/es\/wp-json\/wp\/v2\/types\/page"}],"author":[{"embeddable":true,"href":"https:\/\/eurosalesman.com\/es\/wp-json\/wp\/v2\/users\/3"}],"replies":[{"embeddable":true,"href":"https:\/\/eurosalesman.com\/es\/wp-json\/wp\/v2\/comments?post=2167"}],"version-history":[{"count":16,"href":"https:\/\/eurosalesman.com\/es\/wp-json\/wp\/v2\/pages\/2167\/revisions"}],"predecessor-version":[{"id":2285,"href":"https:\/\/eurosalesman.com\/es\/wp-json\/wp\/v2\/pages\/2167\/revisions\/2285"}],"wp:featuredmedia":[{"embeddable":true,"href":"https:\/\/eurosalesman.com\/es\/wp-json\/wp\/v2\/media\/2170"}],"wp:attachment":[{"href":"https:\/\/eurosalesman.com\/es\/wp-json\/wp\/v2\/media?parent=2167"}],"curies":[{"name":"wp","href":"https:\/\/api.w.org\/{rel}","templated":true}]}}