{"id":1963,"date":"2025-02-13T16:23:45","date_gmt":"2025-02-13T15:23:45","guid":{"rendered":"https:\/\/eurosalesman.com\/?post_type=product&#038;p=1963"},"modified":"2025-03-26T13:21:12","modified_gmt":"2025-03-26T12:21:12","slug":"growth-off-page-seo-package","status":"publish","type":"product","link":"https:\/\/eurosalesman.com\/es\/services\/growth-off-page-seo-package\/","title":{"rendered":"Crecimiento SEO Off-Page"},"content":{"rendered":"<section class=\"package-content\">\n<div class=\"two-column-container\">\n<p><!-- Left Column: How It Works --><\/p>\n<div class=\"first column\">\n<h3>C\u00f3mo funciona<\/h3>\n<dl class=\"steps\">\n<dt>Paso 1:<\/dt>\n<dd>Usted proporciona los v\u00ednculos de retroceso deseados hacia su sitio web (URL, textos de anclaje, etc.).<\/dd>\n<dt>Segundo paso:<\/dt>\n<dd>Nuestro equipo crea entradas SEO-friendly e integra sus backlinks en los sitios de nuestra red.<\/dd>\n<dt>Tercer paso:<\/dt>\n<dd>Las publicaciones se publican en nuestros sitios de gran autoridad, lo que aumenta la credibilidad de su sitio y las m\u00e9tricas de SEO.<\/dd>\n<dt>Paso 4:<\/dt>\n<dd>Recibir\u00e1 un informe mensual sobre los resultados y el impacto.<\/dd>\n<\/dl>\n<\/div>\n<p><!-- Right Column: What You Get --><\/p>\n<div class=\"column\">\n<h3>Lo que obtiene<\/h3>\n<dl class=\"what-you-get\">\n<dt>Red Post Publishing<\/dt>\n<dd>Los v\u00ednculos de retroceso que proporciones se integran a la perfecci\u00f3n en entradas atractivas y aptas para SEO.<br \/>\nPublicaci\u00f3n garantizada en sitios seleccionados de nuestra red premium.<\/dd>\n<dt>Optimizaci\u00f3n de contenidos<\/dt>\n<dd>Cada entrada se elabora de acuerdo con las mejores pr\u00e1cticas de SEO, lo que aumenta su relevancia y visibilidad.<br \/>\nNuestro equipo editorial se asegura de que el contenido apoye eficazmente su estrategia de backlinks.<\/dd>\n<dt>Informes de resultados<\/dt>\n<dd>Informes mensuales de seguimiento del rendimiento de los mensajes, la visibilidad de los v\u00ednculos de retroceso y el impacto SEO.<br \/>\nIdeas y recomendaciones para ayudarle a maximizar sus beneficios SEO.<\/dd>\n<\/dl>\n<\/div>\n<\/div>\n<\/section>","protected":false},"excerpt":{"rendered":"<p>Acelere el SEO de su sitio web aprovechando nuestra red exclusiva de <strong>52 sitios de gran autoridad<\/strong>. Con nuestro paquete de crecimiento, publicamos entradas optimizadas para SEO en <strong>20 lugares seleccionados<\/strong>cada uno de los cuales contiene <strong>1 enlace contextual<\/strong> a su sitio web. Esta integraci\u00f3n avanzada de backlinks de calidad est\u00e1 dise\u00f1ada para aumentar a\u00fan m\u00e1s la autoridad de su dominio, mejorar el posicionamiento de palabras clave y atraer tr\u00e1fico org\u00e1nico.<\/p>\n<ul>\n<li><strong>20 puestos en la red:<\/strong> Publ\u00edquese en 30 de nuestros 52 sitios premium.<\/li>\n<li><strong>3 enlaces externos por mensaje:<\/strong> Cada post incluye backlinks contextuales a su sitio.<\/li>\n<li><strong>Contenido optimizado para SEO:<\/strong> Mensajes elaborados por expertos y adaptados a su estrategia SEO.<\/li>\n<li><strong>Informes de resultados:<\/strong> Informaci\u00f3n mensual y an\u00e1lisis detallados para supervisar su progreso.<\/li>\n<\/ul>\n<p>Eleve su presencia en l\u00ednea con nuestro paquete de SEO fuera de la p\u00e1gina de crecimiento.<\/p>","protected":false},"featured_media":2378,"comment_status":"closed","ping_status":"closed","template":"","meta":{"_seopress_robots_primary_cat":"","_seopress_titles_title":"","_seopress_titles_desc":"","_seopress_robots_index":""},"product_brand":[],"product_cat":[36],"product_tag":[],"class_list":{"0":"post-1963","1":"product","2":"type-product","3":"status-publish","4":"has-post-thumbnail","6":"product_cat-seo","8":"first","9":"instock","10":"virtual","11":"purchasable","12":"product-type-simple"},"_links":{"self":[{"href":"https:\/\/eurosalesman.com\/es\/wp-json\/wp\/v2\/product\/1963","targetHints":{"allow":["GET"]}}],"collection":[{"href":"https:\/\/eurosalesman.com\/es\/wp-json\/wp\/v2\/product"}],"about":[{"href":"https:\/\/eurosalesman.com\/es\/wp-json\/wp\/v2\/types\/product"}],"replies":[{"embeddable":true,"href":"https:\/\/eurosalesman.com\/es\/wp-json\/wp\/v2\/comments?post=1963"}],"wp:featuredmedia":[{"embeddable":true,"href":"https:\/\/eurosalesman.com\/es\/wp-json\/wp\/v2\/media\/2378"}],"wp:attachment":[{"href":"https:\/\/eurosalesman.com\/es\/wp-json\/wp\/v2\/media?parent=1963"}],"wp:term":[{"taxonomy":"product_brand","embeddable":true,"href":"https:\/\/eurosalesman.com\/es\/wp-json\/wp\/v2\/product_brand?post=1963"},{"taxonomy":"product_cat","embeddable":true,"href":"https:\/\/eurosalesman.com\/es\/wp-json\/wp\/v2\/product_cat?post=1963"},{"taxonomy":"product_tag","embeddable":true,"href":"https:\/\/eurosalesman.com\/es\/wp-json\/wp\/v2\/product_tag?post=1963"}],"curies":[{"name":"wp","href":"https:\/\/api.w.org\/{rel}","templated":true}]}}