{"id":2112,"date":"2025-02-25T14:52:18","date_gmt":"2025-02-25T13:52:18","guid":{"rendered":"https:\/\/eurosalesman.com\/?post_type=product&#038;p=2112"},"modified":"2025-03-19T14:31:27","modified_gmt":"2025-03-19T13:31:27","slug":"ppi-ad-impact-africa","status":"publish","type":"product","link":"https:\/\/eurosalesman.com\/es\/services\/ppi-ad-impact-africa\/","title":{"rendered":"PPI Ad Impact - \u00c1frica"},"content":{"rendered":"<section class=\"package-content\">\n<div class=\"two-column-container\">\n<p><!-- Left Column: How It Works --><\/p>\n<div class=\"first column\">\n<h3>C\u00f3mo funciona<\/h3>\n<dl class=\"steps\">\n<dt>Paso 1:<\/dt>\n<dd>Usted proporciona la creatividad de su anuncio, los detalles del p\u00fablico objetivo y los objetivos de la campa\u00f1a.<\/dd>\n<dt>Segundo paso:<\/dt>\n<dd>Nuestra plataforma coloca estrat\u00e9gicamente su anuncio en nuestra red de alta calidad.<\/dd>\n<dt>Tercer paso:<\/dt>\n<dd>S\u00f3lo paga cuando los usuarios interact\u00faan con su anuncio.<\/dd>\n<dt>Paso 4:<\/dt>\n<dd>Reciba informes de rendimiento detallados y transparentes para realizar un seguimiento de cada interacci\u00f3n y medir el retorno de la inversi\u00f3n.<\/dd>\n<\/dl>\n<\/div>\n<p><!-- Right Column: What You Get --><\/p>\n<div class=\"column\">\n<h3>Lo que obtiene<\/h3>\n<dl class=\"what-you-get\">\n<dt>Pago por interacci\u00f3n<\/dt>\n<dd>Invierta s\u00f3lo en la participaci\u00f3n real de los usuarios, asegur\u00e1ndose de que cada d\u00f3lar genere resultados.<\/dd>\n<dt>Anuncios de alta calidad<\/dt>\n<dd>Sus anuncios se mostrar\u00e1n en nuestra red premium y llegar\u00e1n a una audiencia segmentada y comprometida.<\/dd>\n<dt>An\u00e1lisis transparentes<\/dt>\n<dd>Acceda a informes completos que detallan cada interacci\u00f3n, clic y m\u00e9trica de compromiso.<\/dd>\n<dt>Presupuestaci\u00f3n flexible<\/dt>\n<dd>Ajuste su gasto publicitario en tiempo real en funci\u00f3n del rendimiento, garantizando un ROI \u00f3ptimo.<\/dd>\n<\/dl>\n<\/div>\n<\/div>\n<\/section>","protected":false},"excerpt":{"rendered":"<p data-start=\"34\" data-end=\"93\"><strong data-start=\"34\" data-end=\"91\">Ampl\u00ede su alcance en los mercados africanos de m\u00e1s r\u00e1pido crecimiento<\/strong><\/p>\n<p data-start=\"95\" data-end=\"415\">\u00c1frica es uno de los mercados m\u00e1s din\u00e1micos y en r\u00e1pida expansi\u00f3n del mundo, lleno de potencial sin explotar. En <strong data-start=\"204\" data-end=\"230\">PPI Ad Impact - \u00c1frica<\/strong> est\u00e1 dise\u00f1ado para posicionar su empresa frente a las audiencias adecuadas, aprovechando <strong data-start=\"321\" data-end=\"373\">Dominios de mercado exclusivos de Eurosalesman (ccTLD)<\/strong> y estrategias publicitarias basadas en datos.<\/p>\n<p data-start=\"417\" data-end=\"807\">Con <strong data-start=\"422\" data-end=\"447\">Contenidos publicitarios basados en inteligencia artificial<\/strong> a la medida de los consumidores africanos y <strong data-start=\"483\" data-end=\"531\">Seguimiento del rendimiento respaldado por Google Analytics<\/strong>Este paquete garantiza que sus campa\u00f1as alcancen <strong data-start=\"577\" data-end=\"614\">m\u00e1xima visibilidad y compromiso<\/strong> en regiones clave. Eurosalesman\u00ae combina la colocaci\u00f3n de anuncios espec\u00edficos con estrategias localizadas para ayudar a su marca a <strong data-start=\"721\" data-end=\"805\">destacar, atraer compradores y convertir el tr\u00e1fico en verdaderas oportunidades de negocio.<\/strong><\/p>\n<p data-start=\"809\" data-end=\"1351\">\u2714 <strong data-start=\"811\" data-end=\"840\">Optimizaci\u00f3n de anuncios localizados<\/strong> - Sus anuncios se personalizan para que resuenen en mercados africanos espec\u00edficos, mejorando la participaci\u00f3n y las tasas de conversi\u00f3n.<br data-start=\"952\" data-end=\"955\" \/>\u2714 <strong data-start=\"957\" data-end=\"984\">Visibilidad geogr\u00e1fica<\/strong> - Aparecer en b\u00fasquedas locales relevantes con <strong data-start=\"1026\" data-end=\"1053\">ccTLD espec\u00edficos de cada pa\u00eds<\/strong> que garantizan la priorizaci\u00f3n en los motores de b\u00fasqueda.<br data-start=\"1095\" data-end=\"1098\" \/>\u2714 <strong data-start=\"1100\" data-end=\"1127\">Rendimiento basado en datos<\/strong> - Obtener <strong data-start=\"1134\" data-end=\"1166\">an\u00e1lisis en tiempo real<\/strong> para perfeccionar y optimizar sus campa\u00f1as y obtener el m\u00e1ximo impacto.<br data-start=\"1224\" data-end=\"1227\" \/>\u2714 <strong data-start=\"1229\" data-end=\"1254\">Entrada sin fisuras en el mercado<\/strong> - Acceda a las econom\u00edas m\u00e1s prometedoras de \u00c1frica con una estrategia publicitaria estructurada y protegida legalmente.<\/p>\n<p data-start=\"1353\" data-end=\"1484\"><strong data-start=\"1353\" data-end=\"1482\">Aproveche el poder de la publicidad de precisi\u00f3n con Eurosalesman\u00ae y establezca una fuerte presencia en el mercado africano.<\/strong><\/p>","protected":false},"featured_media":2227,"comment_status":"closed","ping_status":"closed","template":"","meta":{"_seopress_robots_primary_cat":"","_seopress_titles_title":"","_seopress_titles_desc":"","_seopress_robots_index":""},"product_brand":[],"product_cat":[39],"product_tag":[],"class_list":{"0":"post-2112","1":"product","2":"type-product","3":"status-publish","4":"has-post-thumbnail","6":"product_cat-advertising","8":"first","9":"instock","10":"shipping-taxable","11":"purchasable","12":"product-type-variable"},"_links":{"self":[{"href":"https:\/\/eurosalesman.com\/es\/wp-json\/wp\/v2\/product\/2112","targetHints":{"allow":["GET"]}}],"collection":[{"href":"https:\/\/eurosalesman.com\/es\/wp-json\/wp\/v2\/product"}],"about":[{"href":"https:\/\/eurosalesman.com\/es\/wp-json\/wp\/v2\/types\/product"}],"replies":[{"embeddable":true,"href":"https:\/\/eurosalesman.com\/es\/wp-json\/wp\/v2\/comments?post=2112"}],"wp:featuredmedia":[{"embeddable":true,"href":"https:\/\/eurosalesman.com\/es\/wp-json\/wp\/v2\/media\/2227"}],"wp:attachment":[{"href":"https:\/\/eurosalesman.com\/es\/wp-json\/wp\/v2\/media?parent=2112"}],"wp:term":[{"taxonomy":"product_brand","embeddable":true,"href":"https:\/\/eurosalesman.com\/es\/wp-json\/wp\/v2\/product_brand?post=2112"},{"taxonomy":"product_cat","embeddable":true,"href":"https:\/\/eurosalesman.com\/es\/wp-json\/wp\/v2\/product_cat?post=2112"},{"taxonomy":"product_tag","embeddable":true,"href":"https:\/\/eurosalesman.com\/es\/wp-json\/wp\/v2\/product_tag?post=2112"}],"curies":[{"name":"wp","href":"https:\/\/api.w.org\/{rel}","templated":true}]}}