{"id":2381,"date":"2025-03-26T13:41:28","date_gmt":"2025-03-26T12:41:28","guid":{"rendered":"https:\/\/eurosalesman.com\/?post_type=product&#038;p=2381"},"modified":"2025-03-26T13:47:42","modified_gmt":"2025-03-26T12:47:42","slug":"starter-visibility-bundle","status":"publish","type":"product","link":"https:\/\/eurosalesman.com\/es\/services\/starter-visibility-bundle\/","title":{"rendered":"Paquete de visibilidad inicial"},"content":{"rendered":"<section class=\"package-content\">\n<div class=\"two-column-container\">\n<p><!-- Left Column: How It Works --><\/p>\n<div class=\"first column\">\n<h3>C\u00f3mo funciona<\/h3>\n<dl class=\"steps\">\n<dt>Paso 1:<\/dt>\n<dd>Configuramos su perfil de empresa en Google y recopilamos las palabras clave locales y las zonas objetivo.<\/dd>\n<dt>Segundo paso:<\/dt>\n<dd>Nuestro equipo lanza su campa\u00f1a de inicio de Ads con anuncios geolocalizados y textos publicitarios adaptados para llegar a los clientes locales.<\/dd>\n<dt>Tercer paso:<\/dt>\n<dd>Aseguramos 10 backlinks mensuales de alta autoridad con texto ancla optimizado apuntando a sus p\u00e1ginas clave para un impacto SEO local.<\/dd>\n<dt>Paso 4:<\/dt>\n<dd>Recibir\u00e1 un informe mensual transparente con los resultados de PPC, el rendimiento de los v\u00ednculos de retroceso y perspectivas estrat\u00e9gicas.<\/dd>\n<\/dl>\n<\/div>\n<p><!-- Right Column: What You Get --><\/p>\n<div class=\"column\">\n<h3>Lo que obtiene<\/h3>\n<dl class=\"what-you-get\">\n<dt>Impulso del SEO local de alta autoridad<\/dt>\n<dd>10 backlinks mensuales de calidad con texto de anclaje optimizado para sus palabras clave locales, adem\u00e1s de la configuraci\u00f3n y optimizaci\u00f3n del perfil de empresa de Google.<\/dd>\n<dt>Campa\u00f1a de inicio de Google Ads<\/dt>\n<dd>Campa\u00f1a totalmente gestionada, dise\u00f1ada para generar unas 1.000 interacciones publicitarias locales al mes, con anuncios geolocalizados y optimizaci\u00f3n continua de textos y palabras clave.<\/dd>\n<dt>Informes de resultados y asistencia<\/dt>\n<dd>Panel de control mensual que resume el rendimiento de SEO y PPC, adem\u00e1s de asistencia por correo electr\u00f3nico para preguntas sobre estrategias y ajustes de campa\u00f1as.<\/dd>\n<\/dl>\n<\/div>\n<\/div>\n<\/section>","protected":false},"excerpt":{"rendered":"<p>Entre con confianza en los mercados locales con una potente combinaci\u00f3n de SEO fuera de p\u00e1gina, anuncios geolocalizados e informes transparentes, dise\u00f1ados para generar confianza, atraer tr\u00e1fico y establecer su negocio donde m\u00e1s importa: su \u00e1rea local.<\/p>\n<p>Este paquete combina backlinks de gran autoridad, visibilidad local optimizada y rendimiento publicitario en tiempo real para ayudar a su empresa a posicionarse, ser encontrada y convertir. Perfecto para empresas que dan su primer paso serio hacia el dominio local en l\u00ednea, sin compromiso a largo plazo.<\/p>","protected":false},"featured_media":2382,"comment_status":"closed","ping_status":"closed","template":"","meta":{"_seopress_robots_primary_cat":"","_seopress_titles_title":"","_seopress_titles_desc":"","_seopress_robots_index":""},"product_brand":[],"product_cat":[41],"product_tag":[],"class_list":{"0":"post-2381","1":"product","2":"type-product","3":"status-publish","4":"has-post-thumbnail","6":"product_cat-bundle","8":"first","9":"instock","10":"shipping-taxable","11":"purchasable","12":"product-type-simple"},"_links":{"self":[{"href":"https:\/\/eurosalesman.com\/es\/wp-json\/wp\/v2\/product\/2381","targetHints":{"allow":["GET"]}}],"collection":[{"href":"https:\/\/eurosalesman.com\/es\/wp-json\/wp\/v2\/product"}],"about":[{"href":"https:\/\/eurosalesman.com\/es\/wp-json\/wp\/v2\/types\/product"}],"replies":[{"embeddable":true,"href":"https:\/\/eurosalesman.com\/es\/wp-json\/wp\/v2\/comments?post=2381"}],"wp:featuredmedia":[{"embeddable":true,"href":"https:\/\/eurosalesman.com\/es\/wp-json\/wp\/v2\/media\/2382"}],"wp:attachment":[{"href":"https:\/\/eurosalesman.com\/es\/wp-json\/wp\/v2\/media?parent=2381"}],"wp:term":[{"taxonomy":"product_brand","embeddable":true,"href":"https:\/\/eurosalesman.com\/es\/wp-json\/wp\/v2\/product_brand?post=2381"},{"taxonomy":"product_cat","embeddable":true,"href":"https:\/\/eurosalesman.com\/es\/wp-json\/wp\/v2\/product_cat?post=2381"},{"taxonomy":"product_tag","embeddable":true,"href":"https:\/\/eurosalesman.com\/es\/wp-json\/wp\/v2\/product_tag?post=2381"}],"curies":[{"name":"wp","href":"https:\/\/api.w.org\/{rel}","templated":true}]}}