{"id":2384,"date":"2025-03-26T13:42:41","date_gmt":"2025-03-26T12:42:41","guid":{"rendered":"https:\/\/eurosalesman.com\/?post_type=product&#038;p=2384"},"modified":"2025-03-26T13:48:14","modified_gmt":"2025-03-26T12:48:14","slug":"local-growth-accelerator-bundle","status":"publish","type":"product","link":"https:\/\/eurosalesman.com\/es\/services\/local-growth-accelerator-bundle\/","title":{"rendered":"Paquete acelerador del crecimiento local"},"content":{"rendered":"<section class=\"package-content\">\n<div class=\"two-column-container\">\n<p><!-- Left Column: How It Works --><\/p>\n<div class=\"first column\">\n<h3>C\u00f3mo funciona<\/h3>\n<dl class=\"steps\">\n<dt>Paso 1:<\/dt>\n<dd>Llevamos a cabo una revisi\u00f3n del mercado local, actualizamos su estrategia de palabras clave y establecemos citas locales avanzadas y listados de directorios.<\/dd>\n<dt>Segundo paso:<\/dt>\n<dd>Nuestro equipo lanza y gestiona sus campa\u00f1as publicitarias, creando textos publicitarios y optimiz\u00e1ndolos mensualmente.<\/dd>\n<dt>Tercer paso:<\/dt>\n<dd>Creamos 20 backlinks de alta autoridad al mes, ajustando el texto de anclaje y las p\u00e1ginas de destino en funci\u00f3n de los datos de rendimiento.<\/dd>\n<dt>Paso 4:<\/dt>\n<dd>Recibir\u00e1 informes mensuales detallados y una llamada de revisi\u00f3n de la estrategia para analizar el rendimiento y perfeccionar las campa\u00f1as.<\/dd>\n<\/dl>\n<\/div>\n<p><!-- Right Column: What You Get --><\/p>\n<div class=\"column\">\n<h3>Lo que obtiene<\/h3>\n<dl class=\"what-you-get\">\n<dt>Crecimiento SEO local avanzado<\/dt>\n<dd>20 backlinks de autoridad mensuales, citas locales avanzadas y ajustes continuos de palabras clave para reforzar su posicionamiento en b\u00fasquedas locales.<\/dd>\n<dd>Anuncios de Google totalmente gestionados que generan hasta 2.500 clics espec\u00edficos al mes, adem\u00e1s de publicaciones potenciadas o anuncios espec\u00edficos para aumentar la visibilidad local.<\/dd>\n<dt>Seguimiento de resultados y revisi\u00f3n de estrategias<\/dt>\n<dd>Informes mensuales detallados de SEO y PPC m\u00e1s una llamada estrat\u00e9gica de 30 minutos para revisar los resultados, ajustar las campa\u00f1as y mantenerse por delante de la competencia.<\/dd>\n<dt>Contenidos trimestrales basados en IA<\/dt>\n<dd>Un blog o publicaci\u00f3n en redes sociales generado por IA por trimestre, adaptado a sus palabras clave y audiencia local para aumentar la autoridad y la participaci\u00f3n.<\/dd>\n<\/dl>\n<\/div>\n<\/div>\n<\/section>","protected":false},"excerpt":{"rendered":"<p>Nuestro paquete m\u00e1s popular para empresas que se toman en serio el crecimiento local. Incluye 20 backlinks de gran autoridad, citas locales avanzadas, anuncios totalmente gestionados y contenido potenciado por IA, todo ello respaldado por informes de expertos y asistencia estrat\u00e9gica.<\/p>","protected":false},"featured_media":2382,"comment_status":"closed","ping_status":"closed","template":"","meta":{"_seopress_robots_primary_cat":"","_seopress_titles_title":"","_seopress_titles_desc":"","_seopress_robots_index":""},"product_brand":[],"product_cat":[41],"product_tag":[],"class_list":{"0":"post-2384","1":"product","2":"type-product","3":"status-publish","4":"has-post-thumbnail","6":"product_cat-bundle","8":"first","9":"instock","10":"shipping-taxable","11":"purchasable","12":"product-type-simple"},"_links":{"self":[{"href":"https:\/\/eurosalesman.com\/es\/wp-json\/wp\/v2\/product\/2384","targetHints":{"allow":["GET"]}}],"collection":[{"href":"https:\/\/eurosalesman.com\/es\/wp-json\/wp\/v2\/product"}],"about":[{"href":"https:\/\/eurosalesman.com\/es\/wp-json\/wp\/v2\/types\/product"}],"replies":[{"embeddable":true,"href":"https:\/\/eurosalesman.com\/es\/wp-json\/wp\/v2\/comments?post=2384"}],"wp:featuredmedia":[{"embeddable":true,"href":"https:\/\/eurosalesman.com\/es\/wp-json\/wp\/v2\/media\/2382"}],"wp:attachment":[{"href":"https:\/\/eurosalesman.com\/es\/wp-json\/wp\/v2\/media?parent=2384"}],"wp:term":[{"taxonomy":"product_brand","embeddable":true,"href":"https:\/\/eurosalesman.com\/es\/wp-json\/wp\/v2\/product_brand?post=2384"},{"taxonomy":"product_cat","embeddable":true,"href":"https:\/\/eurosalesman.com\/es\/wp-json\/wp\/v2\/product_cat?post=2384"},{"taxonomy":"product_tag","embeddable":true,"href":"https:\/\/eurosalesman.com\/es\/wp-json\/wp\/v2\/product_tag?post=2384"}],"curies":[{"name":"wp","href":"https:\/\/api.w.org\/{rel}","templated":true}]}}