{"id":2385,"date":"2025-03-26T13:45:23","date_gmt":"2025-03-26T12:45:23","guid":{"rendered":"https:\/\/eurosalesman.com\/?post_type=product&#038;p=2385"},"modified":"2025-03-26T13:48:59","modified_gmt":"2025-03-26T12:48:59","slug":"local-market-dominator-bundle","status":"publish","type":"product","link":"https:\/\/eurosalesman.com\/es\/services\/local-market-dominator-bundle\/","title":{"rendered":"Dominador del mercado local"},"content":{"rendered":"<section class=\"package-content\">\n<div class=\"two-column-container\">\n<p><!-- Left Column: How It Works --><\/p>\n<div class=\"first column\">\n<h3>C\u00f3mo funciona<\/h3>\n<dl class=\"steps\">\n<dt>Paso 1:<\/dt>\n<dd>Realizamos un profundo an\u00e1lisis del mercado local, perfeccionamos las estrategias de palabras clave y ponemos en marcha un SEO local avanzado, la creaci\u00f3n de citas y el registro de dominios.<\/dd>\n<dt>Segundo paso:<\/dt>\n<dd>Nuestro equipo gestiona anuncios de gran volumen y campa\u00f1as dedicadas, incluyendo retargeting y creaci\u00f3n de textos publicitarios mediante IA.<\/dd>\n<dt>Tercer paso:<\/dt>\n<dd>Aseguramos 40 backlinks premium de alta relevancia mensualmente y optimizamos continuamente en funci\u00f3n del ranking y el tr\u00e1fico.<\/dd>\n<dt>Paso 4:<\/dt>\n<dd>Acceder\u00e1 a su panel de control de rendimiento 24\/7 y participar\u00e1 en una llamada estrat\u00e9gica mensual con su experto en marketing para revisar los resultados y perfeccionar las campa\u00f1as.<\/dd>\n<\/dl>\n<\/div>\n<p><!-- Right Column: What You Get --><\/p>\n<div class=\"column\">\n<h3>Lo que obtiene<\/h3>\n<dl class=\"what-you-get\">\n<dt>Potencia SEO local premium<\/dt>\n<dd>40 backlinks mensuales de primer nivel, SEO local en profundidad y optimizaci\u00f3n continua para dominar sus t\u00e9rminos de b\u00fasqueda locales clave.<\/dd>\n<dt>Dominio de la publicidad omnicanal<\/dt>\n<dd>Clics dirigidos con anuncios y conjuntos de anuncios nuevos, potenciados por textos publicitarios exclusivos generados por inteligencia artificial.<\/dd>\n<dt>Cuadro de mandos 24\/7 y estrategia experta<\/dt>\n<dd>Panel de control de rendimiento con acceso completo y llamadas mensuales para revisar la estrategia con su experto en marketing.<\/dd>\n<dt>Ventajas exclusivas de Eurosalesman<\/dt>\n<dd>Asesoramiento sobre marcas, gesti\u00f3n de dominios locales seguros (ccTLD) y contenidos trimestrales generados por IA adaptados a su marca y mercado.<\/dd>\n<\/dl>\n<\/div>\n<\/div>\n<\/section>","protected":false},"excerpt":{"rendered":"<p class=\"\" data-start=\"253\" data-end=\"601\">En <strong data-start=\"257\" data-end=\"290\">Dominador del mercado local<\/strong> est\u00e1 pensado para empresas dispuestas a liderar su mercado local con un <strong data-start=\"355\" data-end=\"393\">estrategia integral<\/strong>. Combinaci\u00f3n de <strong data-start=\"405\" data-end=\"515\">SEO premium fuera de p\u00e1gina, anuncios omnicanal de gran volumen, asesoramiento experto y ventajas exclusivas de marca comercial<\/strong>Este paquete ofrece a su marca todo lo que necesita para superar a sus competidores locales.<\/p>\n<p class=\"\" data-start=\"603\" data-end=\"962\">Con <strong data-start=\"608\" data-end=\"728\">40 backlinks mensuales de gran relevancia, gesti\u00f3n avanzada de SEO local y campa\u00f1as publicitarias espec\u00edficas<\/strong>Su empresa obtiene la m\u00e1xima visibilidad, confianza y compromiso. <strong data-start=\"793\" data-end=\"846\">Creaci\u00f3n de textos publicitarios y contenidos trimestrales basados en IA<\/strong> para mantenerte alerta, mientras <strong data-start=\"876\" data-end=\"932\">consulta de marcas y registro de dominios locales<\/strong> proporcionan una protecci\u00f3n duradera.<\/p>\n<p class=\"\" data-start=\"964\" data-end=\"1148\"><strong data-start=\"964\" data-end=\"1065\">Realice un seguimiento del rendimiento 24 horas al d\u00eda, 7 d\u00edas a la semana, y perfeccione su estrategia todos los meses con su experto en marketing.<\/strong> Esta es su soluci\u00f3n completa para <strong data-start=\"1105\" data-end=\"1147\">dominio y crecimiento locales sostenibles<\/strong>.<\/p>","protected":false},"featured_media":2382,"comment_status":"closed","ping_status":"closed","template":"","meta":{"_seopress_robots_primary_cat":"","_seopress_titles_title":"","_seopress_titles_desc":"","_seopress_robots_index":""},"product_brand":[],"product_cat":[41],"product_tag":[],"class_list":{"0":"post-2385","1":"product","2":"type-product","3":"status-publish","4":"has-post-thumbnail","6":"product_cat-bundle","8":"first","9":"instock","10":"shipping-taxable","11":"purchasable","12":"product-type-simple"},"_links":{"self":[{"href":"https:\/\/eurosalesman.com\/es\/wp-json\/wp\/v2\/product\/2385","targetHints":{"allow":["GET"]}}],"collection":[{"href":"https:\/\/eurosalesman.com\/es\/wp-json\/wp\/v2\/product"}],"about":[{"href":"https:\/\/eurosalesman.com\/es\/wp-json\/wp\/v2\/types\/product"}],"replies":[{"embeddable":true,"href":"https:\/\/eurosalesman.com\/es\/wp-json\/wp\/v2\/comments?post=2385"}],"wp:featuredmedia":[{"embeddable":true,"href":"https:\/\/eurosalesman.com\/es\/wp-json\/wp\/v2\/media\/2382"}],"wp:attachment":[{"href":"https:\/\/eurosalesman.com\/es\/wp-json\/wp\/v2\/media?parent=2385"}],"wp:term":[{"taxonomy":"product_brand","embeddable":true,"href":"https:\/\/eurosalesman.com\/es\/wp-json\/wp\/v2\/product_brand?post=2385"},{"taxonomy":"product_cat","embeddable":true,"href":"https:\/\/eurosalesman.com\/es\/wp-json\/wp\/v2\/product_cat?post=2385"},{"taxonomy":"product_tag","embeddable":true,"href":"https:\/\/eurosalesman.com\/es\/wp-json\/wp\/v2\/product_tag?post=2385"}],"curies":[{"name":"wp","href":"https:\/\/api.w.org\/{rel}","templated":true}]}}