{"id":1113,"date":"2024-09-04T12:02:29","date_gmt":"2024-09-04T10:02:29","guid":{"rendered":"https:\/\/eurosalesman.com\/?page_id=1113"},"modified":"2024-09-04T12:29:28","modified_gmt":"2024-09-04T10:29:28","slug":"post-ad-here","status":"publish","type":"page","link":"https:\/\/eurosalesman.com\/fr\/post-ad-here\/","title":{"rendered":"Publier une annonce ici"},"content":{"rendered":"<div data-elementor-type=\"wp-page\" data-elementor-id=\"1113\" class=\"elementor elementor-1113\" data-elementor-post-type=\"page\">\n\t\t\t\t<div class=\"elementor-element elementor-element-efb2106 e-flex e-con-boxed e-con e-parent\" data-id=\"efb2106\" data-element_type=\"container\" data-e-type=\"container\" data-settings=\"{&quot;background_background&quot;:&quot;classic&quot;}\">\n\t\t\t\t\t<div class=\"e-con-inner\">\n\t\t<div class=\"elementor-element elementor-element-b3cb9aa e-con-full e-flex e-con e-child\" data-id=\"b3cb9aa\" data-element_type=\"container\" data-e-type=\"container\">\n\t\t<div class=\"elementor-element elementor-element-0b3782a e-flex e-con-boxed e-con e-child\" data-id=\"0b3782a\" data-element_type=\"container\" data-e-type=\"container\">\n\t\t\t\t\t<div class=\"e-con-inner\">\n\t\t\t\t<div class=\"elementor-element elementor-element-b3bfcc1 elementor-widget elementor-widget-heading\" data-id=\"b3bfcc1\" data-element_type=\"widget\" data-e-type=\"widget\" data-widget_type=\"heading.default\">\n\t\t\t\t<div class=\"elementor-widget-container\">\n\t\t\t\t\t<h2 class=\"elementor-heading-title elementor-size-default\">Nous sommes l\u00e0 pour aider votre entreprise \u00e0 prosp\u00e9rer\n\n<\/h2>\t\t\t\t<\/div>\n\t\t\t\t<\/div>\n\t\t\t\t<div class=\"elementor-element elementor-element-01ec317 elementor-widget elementor-widget-text-editor\" data-id=\"01ec317\" data-element_type=\"widget\" data-e-type=\"widget\" data-widget_type=\"text-editor.default\">\n\t\t\t\t<div class=\"elementor-widget-container\">\n\t\t\t\t\t\t\t\t\t<p style=\"text-align: center;\">Chez Eurosalesman, nous nous engageons \u00e0 aider votre entreprise \u00e0 r\u00e9ussir sur le march\u00e9 mondial. Que vous ayez des questions sur nos services de protection des marques, que vous ayez besoin d'aide avec notre plateforme ou que vous soyez pr\u00eat \u00e0 d\u00e9velopper votre marque sur de nouveaux march\u00e9s, notre \u00e9quipe est l\u00e0 pour vous aider \u00e0 chaque \u00e9tape.<\/p>\t\t\t\t\t\t\t\t<\/div>\n\t\t\t\t<\/div>\n\t\t\t\t\t<\/div>\n\t\t\t\t<\/div>\n\t\t\t\t<\/div>\n\t\t<div class=\"elementor-element elementor-element-f62bdf3 e-con-full e-flex e-con e-child\" data-id=\"f62bdf3\" data-element_type=\"container\" data-e-type=\"container\" data-settings=\"{&quot;background_background&quot;:&quot;classic&quot;}\">\n\t\t\t\t<div class=\"elementor-element elementor-element-1df69a2 elementor-widget__width-initial elementor-widget elementor-widget-heading\" data-id=\"1df69a2\" data-element_type=\"widget\" data-e-type=\"widget\" data-widget_type=\"heading.default\">\n\t\t\t\t<div class=\"elementor-widget-container\">\n\t\t\t\t\t<h3 class=\"elementor-heading-title elementor-size-default\">Remplissez le formulaire si vous souhaitez \u00eatre contact\u00e9 pour la publication d'une annonce.\n<\/h3>\t\t\t\t<\/div>\n\t\t\t\t<\/div>\n\t\t\t\t<div class=\"elementor-element elementor-element-5e7f2fb elementor-tablet-button-align-end elementor-mobile-button-align-stretch elementor-widget-tablet__width-inherit elementor-widget__width-inherit elementor-button-align-end elementor-widget elementor-widget-form\" data-id=\"5e7f2fb\" data-element_type=\"widget\" data-e-type=\"widget\" data-settings=\"{&quot;step_next_label&quot;:&quot;Next&quot;,&quot;step_previous_label&quot;:&quot;Previous&quot;,&quot;step_type&quot;:&quot;number_text&quot;,&quot;step_icon_shape&quot;:&quot;circle&quot;}\" data-widget_type=\"form.default\">\n\t\t\t\t<div class=\"elementor-widget-container\">\n\t\t\t\t\t\t\t<form class=\"elementor-form\" method=\"post\" name=\"Post Ad form\" aria-label=\"Formulaire de post-publicit\u00e9\" action=\"\">\n\t\t\t<input type=\"hidden\" name=\"post_id\" value=\"1113\"\/>\n\t\t\t<input type=\"hidden\" name=\"form_id\" value=\"5e7f2fb\"\/>\n\t\t\t<input type=\"hidden\" name=\"referer_title\" value=\"Post Ad Here\" \/>\n\n\t\t\t\t\t\t\t<input type=\"hidden\" name=\"queried_id\" value=\"1113\"\/>\n\t\t\t\n\t\t\t<div class=\"elementor-form-fields-wrapper elementor-labels-\">\n\t\t\t\t\t\t\t\t<div class=\"elementor-field-type-step elementor-field-group elementor-column elementor-field-group-field_0d83eb0 elementor-col-100\">\n\t\t\t\t\t\t\t<div class=\"e-field-step elementor-hidden\" data-label=\"Address\" data-previousbutton=\"\" data-nextbutton=\"\" data-iconurl=\"\" data-iconlibrary=\"fas fa-star\" data-icon=\"&lt;svg class=&quot;e-font-icon-svg e-fas-star&quot; viewBox=&quot;0 0 576 512&quot; xmlns=&quot;http:\/\/www.w3.org\/2000\/svg&quot;&gt;&lt;path d=&quot;M259.3 17.8L194 150.2 47.9 171.5c-26.2 3.8-36.7 36.1-17.7 54.6l105.7 103-25 145.5c-4.5 26.3 23.2 46 46.4 33.7L288 439.6l130.7 68.7c23.2 12.2 50.9-7.4 46.4-33.7l-25-145.5 105.7-103c19-18.5 8.5-50.8-17.7-54.6L382 150.2 316.7 17.8c-11.7-23.6-45.6-23.9-57.4 0z&quot;&gt;&lt;\/path&gt;&lt;\/svg&gt;\" ><\/div>\n\n\t\t\t\t\t\t<\/div>\n\t\t\t\t\t\t\t\t<div class=\"elementor-field-type-text elementor-field-group elementor-column elementor-field-group-field_b5eaf6f elementor-col-50 elementor-md-50\">\n\t\t\t\t\t\t\t\t\t\t\t\t<label for=\"form-field-field_b5eaf6f\" class=\"elementor-field-label elementor-screen-only\">\n\t\t\t\t\t\t\t\tAdresse 1\t\t\t\t\t\t\t<\/label>\n\t\t\t\t\t\t\t\t\t\t\t\t\t\t<input size=\"1\" type=\"text\" name=\"form_fields[field_b5eaf6f]\" id=\"form-field-field_b5eaf6f\" class=\"elementor-field elementor-size-lg  elementor-field-textual\" placeholder=\"Ligne d&#039;adresse 1\">\n\t\t\t\t\t\t\t\t\t\t\t<\/div>\n\t\t\t\t\t\t\t\t<div class=\"elementor-field-type-text elementor-field-group elementor-column elementor-field-group-field_6f49cee elementor-col-50 elementor-md-50\">\n\t\t\t\t\t\t\t\t\t\t\t\t<label for=\"form-field-field_6f49cee\" class=\"elementor-field-label elementor-screen-only\">\n\t\t\t\t\t\t\t\tAdresse 2\t\t\t\t\t\t\t<\/label>\n\t\t\t\t\t\t\t\t\t\t\t\t\t\t<input size=\"1\" type=\"text\" name=\"form_fields[field_6f49cee]\" id=\"form-field-field_6f49cee\" class=\"elementor-field elementor-size-lg  elementor-field-textual\" placeholder=\"Ligne d&#039;adresse 2\">\n\t\t\t\t\t\t\t\t\t\t\t<\/div>\n\t\t\t\t\t\t\t\t<div class=\"elementor-field-type-text elementor-field-group elementor-column elementor-field-group-field_a9bb05e elementor-col-50 elementor-md-50\">\n\t\t\t\t\t\t\t\t\t\t\t\t<label for=\"form-field-field_a9bb05e\" class=\"elementor-field-label elementor-screen-only\">\n\t\t\t\t\t\t\t\tVille\t\t\t\t\t\t\t<\/label>\n\t\t\t\t\t\t\t\t\t\t\t\t\t\t<input size=\"1\" type=\"text\" name=\"form_fields[field_a9bb05e]\" id=\"form-field-field_a9bb05e\" class=\"elementor-field elementor-size-lg  elementor-field-textual\" placeholder=\"Ville\">\n\t\t\t\t\t\t\t\t\t\t\t<\/div>\n\t\t\t\t\t\t\t\t<div class=\"elementor-field-type-text elementor-field-group elementor-column elementor-field-group-field_35876fe elementor-col-50 elementor-md-50\">\n\t\t\t\t\t\t\t\t\t\t\t\t<label for=\"form-field-field_35876fe\" class=\"elementor-field-label elementor-screen-only\">\n\t\t\t\t\t\t\t\tProvince\t\t\t\t\t\t\t<\/label>\n\t\t\t\t\t\t\t\t\t\t\t\t\t\t<input size=\"1\" type=\"text\" name=\"form_fields[field_35876fe]\" id=\"form-field-field_35876fe\" class=\"elementor-field elementor-size-lg  elementor-field-textual\" placeholder=\"Etat \/ Province\">\n\t\t\t\t\t\t\t\t\t\t\t<\/div>\n\t\t\t\t\t\t\t\t<div class=\"elementor-field-type-text elementor-field-group elementor-column elementor-field-group-field_f7484f5 elementor-col-50 elementor-md-50\">\n\t\t\t\t\t\t\t\t\t\t\t\t<label for=\"form-field-field_f7484f5\" class=\"elementor-field-label elementor-screen-only\">\n\t\t\t\t\t\t\t\tZip\t\t\t\t\t\t\t<\/label>\n\t\t\t\t\t\t\t\t\t\t\t\t\t\t<input size=\"1\" type=\"text\" name=\"form_fields[field_f7484f5]\" id=\"form-field-field_f7484f5\" class=\"elementor-field elementor-size-lg  elementor-field-textual\" placeholder=\"Zip\">\n\t\t\t\t\t\t\t\t\t\t\t<\/div>\n\t\t\t\t\t\t\t\t<div class=\"elementor-field-type-text elementor-field-group elementor-column elementor-field-group-field_1851690 elementor-col-50 elementor-md-50\">\n\t\t\t\t\t\t\t\t\t\t\t\t<label for=\"form-field-field_1851690\" class=\"elementor-field-label elementor-screen-only\">\n\t\t\t\t\t\t\t\tPays\t\t\t\t\t\t\t<\/label>\n\t\t\t\t\t\t\t\t\t\t\t\t\t\t<input size=\"1\" type=\"text\" name=\"form_fields[field_1851690]\" id=\"form-field-field_1851690\" class=\"elementor-field elementor-size-lg  elementor-field-textual\" placeholder=\"Pays\">\n\t\t\t\t\t\t\t\t\t\t\t<\/div>\n\t\t\t\t\t\t\t\t<div class=\"elementor-field-type-step elementor-field-group elementor-column elementor-field-group-field_951d6dc elementor-col-100\">\n\t\t\t\t\t\t\t<div class=\"e-field-step elementor-hidden\" data-label=\"Ad details\" data-previousbutton=\"\" data-nextbutton=\"\" data-iconurl=\"\" data-iconlibrary=\"fas fa-star\" data-icon=\"&lt;svg class=&quot;e-font-icon-svg e-fas-star&quot; viewBox=&quot;0 0 576 512&quot; xmlns=&quot;http:\/\/www.w3.org\/2000\/svg&quot;&gt;&lt;path d=&quot;M259.3 17.8L194 150.2 47.9 171.5c-26.2 3.8-36.7 36.1-17.7 54.6l105.7 103-25 145.5c-4.5 26.3 23.2 46 46.4 33.7L288 439.6l130.7 68.7c23.2 12.2 50.9-7.4 46.4-33.7l-25-145.5 105.7-103c19-18.5 8.5-50.8-17.7-54.6L382 150.2 316.7 17.8c-11.7-23.6-45.6-23.9-57.4 0z&quot;&gt;&lt;\/path&gt;&lt;\/svg&gt;\" ><\/div>\n\n\t\t\t\t\t\t<\/div>\n\t\t\t\t\t\t\t\t<div class=\"elementor-field-type-textarea elementor-field-group elementor-column elementor-field-group-field_f7b976d elementor-col-100\">\n\t\t\t\t\t\t\t\t\t\t\t\t<label for=\"form-field-field_f7b976d\" class=\"elementor-field-label elementor-screen-only\">\n\t\t\t\t\t\t\t\tDescription\t\t\t\t\t\t\t<\/label>\n\t\t\t\t\t\t<textarea class=\"elementor-field-textual elementor-field  elementor-size-lg\" name=\"form_fields[field_f7b976d]\" id=\"form-field-field_f7b976d\" rows=\"4\" placeholder=\"D\u00e9crivez votre entreprise\"><\/textarea>\t\t\t\t<\/div>\n\t\t\t\t\t\t\t\t<div class=\"elementor-field-type-textarea elementor-field-group elementor-column elementor-field-group-field_290263c elementor-col-100\">\n\t\t\t\t\t\t\t\t\t\t\t\t<label for=\"form-field-field_290263c\" class=\"elementor-field-label elementor-screen-only\">\n\t\t\t\t\t\t\t\tServices\t\t\t\t\t\t\t<\/label>\n\t\t\t\t\t\t<textarea class=\"elementor-field-textual elementor-field  elementor-size-lg\" name=\"form_fields[field_290263c]\" id=\"form-field-field_290263c\" rows=\"4\" placeholder=\"Quels sont les services que vous proposez ?\"><\/textarea>\t\t\t\t<\/div>\n\t\t\t\t\t\t\t\t<div class=\"elementor-field-type-step elementor-field-group elementor-column elementor-field-group-field_5b67663 elementor-col-100\">\n\t\t\t\t\t\t\t<div class=\"e-field-step elementor-hidden\" data-label=\"Contact details\" data-previousbutton=\"\" data-nextbutton=\"\" data-iconurl=\"\" data-iconlibrary=\"fas fa-star\" data-icon=\"&lt;svg class=&quot;e-font-icon-svg e-fas-star&quot; viewBox=&quot;0 0 576 512&quot; xmlns=&quot;http:\/\/www.w3.org\/2000\/svg&quot;&gt;&lt;path d=&quot;M259.3 17.8L194 150.2 47.9 171.5c-26.2 3.8-36.7 36.1-17.7 54.6l105.7 103-25 145.5c-4.5 26.3 23.2 46 46.4 33.7L288 439.6l130.7 68.7c23.2 12.2 50.9-7.4 46.4-33.7l-25-145.5 105.7-103c19-18.5 8.5-50.8-17.7-54.6L382 150.2 316.7 17.8c-11.7-23.6-45.6-23.9-57.4 0z&quot;&gt;&lt;\/path&gt;&lt;\/svg&gt;\" ><\/div>\n\n\t\t\t\t\t\t<\/div>\n\t\t\t\t\t\t\t\t<div class=\"elementor-field-type-email elementor-field-group elementor-column elementor-field-group-field_b884ed9 elementor-col-50\">\n\t\t\t\t\t\t\t\t\t\t\t\t<label for=\"form-field-field_b884ed9\" class=\"elementor-field-label elementor-screen-only\">\n\t\t\t\t\t\t\t\tCourriel\t\t\t\t\t\t\t<\/label>\n\t\t\t\t\t\t\t\t\t\t\t\t\t\t<input size=\"1\" type=\"email\" name=\"form_fields[field_b884ed9]\" id=\"form-field-field_b884ed9\" class=\"elementor-field elementor-size-lg  elementor-field-textual\" placeholder=\"Courriel\">\n\t\t\t\t\t\t\t\t\t\t\t<\/div>\n\t\t\t\t\t\t\t\t<div class=\"elementor-field-type-tel elementor-field-group elementor-column elementor-field-group-field_2ff9055 elementor-col-50\">\n\t\t\t\t\t\t\t\t\t\t\t\t<label for=\"form-field-field_2ff9055\" class=\"elementor-field-label elementor-screen-only\">\n\t\t\t\t\t\t\t\tT\u00e9l\u00e9phone\t\t\t\t\t\t\t<\/label>\n\t\t\t\t\t\t\t\t<input size=\"1\" type=\"tel\" name=\"form_fields[field_2ff9055]\" id=\"form-field-field_2ff9055\" class=\"elementor-field elementor-size-lg  elementor-field-textual\" placeholder=\"T\u00e9l\u00e9phone\" pattern=\"[0-9()#&amp;+*-=.]+\" title=\"Only numbers and phone characters (#, -, *, etc) are accepted.\" data-no-translation-title=\"\">\n\n\t\t\t\t\t\t<\/div>\n\t\t\t\t\t\t\t\t<div class=\"elementor-field-type-text elementor-field-group elementor-column elementor-field-group-field_b4932e2 elementor-col-50\">\n\t\t\t\t\t\t\t\t\t\t\t\t<label for=\"form-field-field_b4932e2\" class=\"elementor-field-label elementor-screen-only\">\n\t\t\t\t\t\t\t\tFacebook\t\t\t\t\t\t\t<\/label>\n\t\t\t\t\t\t\t\t\t\t\t\t\t\t<input size=\"1\" type=\"text\" name=\"form_fields[field_b4932e2]\" id=\"form-field-field_b4932e2\" class=\"elementor-field elementor-size-lg  elementor-field-textual\" placeholder=\"Facebook\">\n\t\t\t\t\t\t\t\t\t\t\t<\/div>\n\t\t\t\t\t\t\t\t<div class=\"elementor-field-type-text elementor-field-group elementor-column elementor-field-group-field_3ce0434 elementor-col-50\">\n\t\t\t\t\t\t\t\t\t\t\t\t<label for=\"form-field-field_3ce0434\" class=\"elementor-field-label elementor-screen-only\">\n\t\t\t\t\t\t\t\tInstagram\t\t\t\t\t\t\t<\/label>\n\t\t\t\t\t\t\t\t\t\t\t\t\t\t<input size=\"1\" type=\"text\" name=\"form_fields[field_3ce0434]\" id=\"form-field-field_3ce0434\" class=\"elementor-field elementor-size-lg  elementor-field-textual\" placeholder=\"Instagram\">\n\t\t\t\t\t\t\t\t\t\t\t<\/div>\n\t\t\t\t\t\t\t\t<div class=\"elementor-field-type-text elementor-field-group elementor-column elementor-field-group-field_56aedbb elementor-col-50\">\n\t\t\t\t\t\t\t\t\t\t\t\t<label for=\"form-field-field_56aedbb\" class=\"elementor-field-label elementor-screen-only\">\n\t\t\t\t\t\t\t\tLinkedIn\t\t\t\t\t\t\t<\/label>\n\t\t\t\t\t\t\t\t\t\t\t\t\t\t<input size=\"1\" type=\"text\" name=\"form_fields[field_56aedbb]\" id=\"form-field-field_56aedbb\" class=\"elementor-field elementor-size-lg  elementor-field-textual\" placeholder=\"LinkedIn\">\n\t\t\t\t\t\t\t\t\t\t\t<\/div>\n\t\t\t\t\t\t\t\t<div class=\"elementor-field-type-text elementor-field-group elementor-column elementor-field-group-field_9c5b11e elementor-col-50\">\n\t\t\t\t\t\t\t\t\t\t\t\t<label for=\"form-field-field_9c5b11e\" class=\"elementor-field-label elementor-screen-only\">\n\t\t\t\t\t\t\t\tX\t\t\t\t\t\t\t<\/label>\n\t\t\t\t\t\t\t\t\t\t\t\t\t\t<input size=\"1\" type=\"text\" name=\"form_fields[field_9c5b11e]\" id=\"form-field-field_9c5b11e\" class=\"elementor-field elementor-size-lg  elementor-field-textual\" placeholder=\"X\">\n\t\t\t\t\t\t\t\t\t\t\t<\/div>\n\t\t\t\t\t\t\t\t<div class=\"elementor-field-type-text elementor-field-group elementor-column elementor-field-group-field_be0780e elementor-col-50\">\n\t\t\t\t\t\t\t\t\t\t\t\t<label for=\"form-field-field_be0780e\" class=\"elementor-field-label elementor-screen-only\">\n\t\t\t\t\t\t\t\tTiktok\t\t\t\t\t\t\t<\/label>\n\t\t\t\t\t\t\t\t\t\t\t\t\t\t<input size=\"1\" type=\"text\" name=\"form_fields[field_be0780e]\" id=\"form-field-field_be0780e\" class=\"elementor-field elementor-size-lg  elementor-field-textual\" placeholder=\"Tiktok\">\n\t\t\t\t\t\t\t\t\t\t\t<\/div>\n\t\t\t\t\t\t\t\t<div class=\"elementor-field-type-text elementor-field-group elementor-column elementor-field-group-field_4bfb22d elementor-col-50\">\n\t\t\t\t\t\t\t\t\t\t\t\t<label for=\"form-field-field_4bfb22d\" class=\"elementor-field-label elementor-screen-only\">\n\t\t\t\t\t\t\t\tYoutube\t\t\t\t\t\t\t<\/label>\n\t\t\t\t\t\t\t\t\t\t\t\t\t\t<input size=\"1\" type=\"text\" name=\"form_fields[field_4bfb22d]\" id=\"form-field-field_4bfb22d\" class=\"elementor-field elementor-size-lg  elementor-field-textual\" placeholder=\"Youtube\">\n\t\t\t\t\t\t\t\t\t\t\t<\/div>\n\t\t\t\t\t\t\t\t<div class=\"elementor-field-group elementor-column elementor-field-type-submit elementor-col-100 e-form__buttons\">\n\t\t\t\t\t<button class=\"elementor-button elementor-size-sm\" type=\"submit\">\n\t\t\t\t\t\t<span class=\"elementor-button-content-wrapper\">\n\t\t\t\t\t\t\t\t\t\t\t\t\t\t\t\t\t\t\t\t\t\t<span class=\"elementor-button-text\">Envoyer<\/span>\n\t\t\t\t\t\t\t\t\t\t\t\t\t<\/span>\n\t\t\t\t\t<\/button>\n\t\t\t\t<\/div>\n\t\t\t<\/div>\n\t\t<input type=\"hidden\" name=\"trp-form-language\" value=\"fr\"\/><\/form>\n\t\t\t\t\t\t<\/div>\n\t\t\t\t<\/div>\n\t\t\t\t<\/div>\n\t\t\t\t\t<\/div>\n\t\t\t\t<\/div>\n\t\t\t\t<\/div>","protected":false},"excerpt":{"rendered":"<p>Nous sommes l\u00e0 pour aider votre entreprise \u00e0 prosp\u00e9rer Chez Eurosalesman, nous nous engageons \u00e0 aider votre entreprise \u00e0 r\u00e9ussir sur le march\u00e9 mondial. Que vous ayez des questions sur nos services de protection des marques, que vous ayez besoin d'aide avec notre plateforme ou que vous soyez pr\u00eat \u00e0 d\u00e9velopper votre marque sur de nouveaux march\u00e9s, notre \u00e9quipe est l\u00e0 pour vous aider \u00e0 chaque \u00e9tape [...]<\/p>","protected":false},"author":3,"featured_media":0,"parent":0,"menu_order":0,"comment_status":"closed","ping_status":"closed","template":"","meta":{"_seopress_robots_primary_cat":"","_seopress_titles_title":"","_seopress_titles_desc":"","_seopress_robots_index":"","footnotes":""},"class_list":["post-1113","page","type-page","status-publish","hentry"],"_links":{"self":[{"href":"https:\/\/eurosalesman.com\/fr\/wp-json\/wp\/v2\/pages\/1113","targetHints":{"allow":["GET"]}}],"collection":[{"href":"https:\/\/eurosalesman.com\/fr\/wp-json\/wp\/v2\/pages"}],"about":[{"href":"https:\/\/eurosalesman.com\/fr\/wp-json\/wp\/v2\/types\/page"}],"author":[{"embeddable":true,"href":"https:\/\/eurosalesman.com\/fr\/wp-json\/wp\/v2\/users\/3"}],"replies":[{"embeddable":true,"href":"https:\/\/eurosalesman.com\/fr\/wp-json\/wp\/v2\/comments?post=1113"}],"version-history":[{"count":22,"href":"https:\/\/eurosalesman.com\/fr\/wp-json\/wp\/v2\/pages\/1113\/revisions"}],"predecessor-version":[{"id":1140,"href":"https:\/\/eurosalesman.com\/fr\/wp-json\/wp\/v2\/pages\/1113\/revisions\/1140"}],"wp:attachment":[{"href":"https:\/\/eurosalesman.com\/fr\/wp-json\/wp\/v2\/media?parent=1113"}],"curies":[{"name":"wp","href":"https:\/\/api.w.org\/{rel}","templated":true}]}}