{"id":1385,"date":"2024-10-09T16:33:18","date_gmt":"2024-10-09T14:33:18","guid":{"rendered":"https:\/\/eurosalesman.com\/?page_id=1385"},"modified":"2025-02-13T10:33:34","modified_gmt":"2025-02-13T09:33:34","slug":"solution-analytics","status":"publish","type":"page","link":"https:\/\/eurosalesman.com\/fr\/solution-analytics\/","title":{"rendered":"Analyse"},"content":{"rendered":"<div data-elementor-type=\"wp-page\" data-elementor-id=\"1385\" class=\"elementor elementor-1385\" data-elementor-post-type=\"page\">\n\t\t\t\t<div class=\"elementor-element elementor-element-42222dd e-con-full e-flex e-con e-parent\" data-id=\"42222dd\" data-element_type=\"container\" data-e-type=\"container\" data-settings=\"{&quot;background_background&quot;:&quot;classic&quot;}\">\n\t\t<div class=\"elementor-element elementor-element-05e17a3 e-flex e-con-boxed e-con e-child\" data-id=\"05e17a3\" data-element_type=\"container\" data-e-type=\"container\">\n\t\t\t\t\t<div class=\"e-con-inner\">\n\t\t\t\t<div class=\"elementor-element elementor-element-97556fa elementor-invisible elementor-widget elementor-widget-heading\" data-id=\"97556fa\" data-element_type=\"widget\" data-e-type=\"widget\" data-settings=\"{&quot;_animation&quot;:&quot;fadeIn&quot;}\" data-widget_type=\"heading.default\">\n\t\t\t\t<div class=\"elementor-widget-container\">\n\t\t\t\t\t<h1 class=\"elementor-heading-title elementor-size-default\">Analyse<\/h1>\t\t\t\t<\/div>\n\t\t\t\t<\/div>\n\t\t\t\t\t<\/div>\n\t\t\t\t<\/div>\n\t\t\t\t<div class=\"elementor-element elementor-element-0db2bf3 elementor-widget__width-initial elementor-absolute elementor-widget-mobile__width-inherit elementor-invisible elementor-widget elementor-widget-image\" data-id=\"0db2bf3\" data-element_type=\"widget\" data-e-type=\"widget\" data-settings=\"{&quot;_position&quot;:&quot;absolute&quot;,&quot;_animation&quot;:&quot;slideInRight&quot;}\" data-widget_type=\"image.default\">\n\t\t\t\t<div class=\"elementor-widget-container\">\n\t\t\t\t\t\t\t\t\t\t\t\t\t\t\t<img fetchpriority=\"high\" decoding=\"async\" width=\"800\" height=\"398\" src=\"https:\/\/eurosalesman.com\/wp-content\/uploads\/dl.beatsnoop.com-3000-0No9QwKcFH-1024x510.jpg\" class=\"attachment-large size-large wp-image-1196\" alt=\"dl.beatsnoop.com-3000-0No9QwKcFH\" srcset=\"https:\/\/eurosalesman.com\/wp-content\/uploads\/dl.beatsnoop.com-3000-0No9QwKcFH-1024x510.jpg 1024w, https:\/\/eurosalesman.com\/wp-content\/uploads\/dl.beatsnoop.com-3000-0No9QwKcFH-512x255.jpg 512w, https:\/\/eurosalesman.com\/wp-content\/uploads\/dl.beatsnoop.com-3000-0No9QwKcFH-256x128.jpg 256w, https:\/\/eurosalesman.com\/wp-content\/uploads\/dl.beatsnoop.com-3000-0No9QwKcFH-768x383.jpg 768w, https:\/\/eurosalesman.com\/wp-content\/uploads\/dl.beatsnoop.com-3000-0No9QwKcFH-1536x765.jpg 1536w, https:\/\/eurosalesman.com\/wp-content\/uploads\/dl.beatsnoop.com-3000-0No9QwKcFH-2048x1020.jpg 2048w\" sizes=\"(max-width: 800px) 100vw, 800px\" \/>\t\t\t\t\t\t\t\t\t\t\t\t\t\t\t<\/div>\n\t\t\t\t<\/div>\n\t\t\t\t<\/div>\n\t\t<div class=\"elementor-element elementor-element-08d0e0a e-flex e-con-boxed e-con e-parent\" data-id=\"08d0e0a\" data-element_type=\"container\" data-e-type=\"container\">\n\t\t\t\t\t<div class=\"e-con-inner\">\n\t\t\t\t<div class=\"elementor-element elementor-element-dc575f0 elementor-widget elementor-widget-theme-post-excerpt\" data-id=\"dc575f0\" data-element_type=\"widget\" data-e-type=\"widget\" data-widget_type=\"theme-post-excerpt.default\">\n\t\t\t\t<div class=\"elementor-widget-container\">\n\t\t\t\t\tChez Eurosalesman, nous pensons que la connaissance est un pouvoir. C'est pourquoi nous utilisons Google Analytics pour fournir des informations compl\u00e8tes sur les performances des annonces cr\u00e9\u00e9es sur notre plateforme. Gr\u00e2ce \u00e0 cet outil puissant, nous offrons \u00e0 nos clients des donn\u00e9es d\u00e9taill\u00e9es et exploitables qui am\u00e9liorent la prise de d\u00e9cision, optimisent les strat\u00e9gies de marketing et maximisent le retour sur investissement.\t\t\t\t<\/div>\n\t\t\t\t<\/div>\n\t\t\t\t<div class=\"elementor-element elementor-element-64e3296 elementor-widget-divider--view-line elementor-widget elementor-widget-divider\" data-id=\"64e3296\" data-element_type=\"widget\" data-e-type=\"widget\" data-widget_type=\"divider.default\">\n\t\t\t\t<div class=\"elementor-widget-container\">\n\t\t\t\t\t\t\t<div class=\"elementor-divider\">\n\t\t\t<span class=\"elementor-divider-separator\">\n\t\t\t\t\t\t<\/span>\n\t\t<\/div>\n\t\t\t\t\t\t<\/div>\n\t\t\t\t<\/div>\n\t\t\t\t\t<\/div>\n\t\t\t\t<\/div>\n\t\t<div class=\"elementor-element elementor-element-25b29c9 e-flex e-con-boxed e-con e-parent\" data-id=\"25b29c9\" data-element_type=\"container\" data-e-type=\"container\">\n\t\t\t\t\t<div class=\"e-con-inner\">\n\t\t\t\t<div class=\"elementor-element elementor-element-31f8ca4 elementor-widget elementor-widget-heading\" data-id=\"31f8ca4\" data-element_type=\"widget\" data-e-type=\"widget\" data-widget_type=\"heading.default\">\n\t\t\t\t<div class=\"elementor-widget-container\">\n\t\t\t\t\t<h2 class=\"elementor-heading-title elementor-size-default\">Maximisez l'impact de votre publicit\u00e9 avec Google Analytics et Eurosalesman\u00ae.\n<\/h2>\t\t\t\t<\/div>\n\t\t\t\t<\/div>\n\t\t\t\t<div class=\"elementor-element elementor-element-d331778 elementor-widget elementor-widget-text-editor\" data-id=\"d331778\" data-element_type=\"widget\" data-e-type=\"widget\" data-widget_type=\"text-editor.default\">\n\t\t\t\t<div class=\"elementor-widget-container\">\n\t\t\t\t\t\t\t\t\t\n<h3>Pourquoi<strong> Google Analytics ?<\/strong><\/h3>\n<p>Google Analytics est l'outil de recherche le plus utilis\u00e9 au monde. <strong>service d'analyse web<\/strong>Le programme d'action de la Commission europ\u00e9enne, qui fournit aux entreprises <strong>rapports approfondis<\/strong> sur leur audience, leurs sources de trafic et leurs performances en mati\u00e8re de conversion. Voici comment <strong>L'int\u00e9gration d'Eurosalesman\u00ae avec Google Analytics est b\u00e9n\u00e9fique pour vos campagnes publicitaires :<\/strong><\/p>\n<h4><br \/>Informations d\u00e9taill\u00e9es sur l'audience<\/h4>\n<p>Obtenir un <strong>une vision claire de l'identit\u00e9 de vos clients<\/strong>Les internautes sont des personnes qui se sentent \u00e0 l'aise, qui savent d'o\u00f9 elles viennent et comment elles interagissent avec vos publicit\u00e9s. <strong>Google Analytics fournit des donn\u00e9es d\u00e9mographiques et g\u00e9ographiques<\/strong>vous permettant de <strong>affiner votre message<\/strong> pour des publics sp\u00e9cifiques et maximiser l'engagement.<\/p>\n<h4><strong><br \/><\/strong>Suivi des donn\u00e9es en temps r\u00e9el<\/h4>\n<p>Contr\u00f4ler les <strong>la performance de vos annonces instantan\u00e9ment<\/strong>. Les rapports en temps r\u00e9el vous aident \u00e0 <strong>ajuster les campagnes \u00e0 la vol\u00e9e<\/strong>Le syst\u00e8me de gestion de l'information de la Commission europ\u00e9enne permet de garantir que les fonds allou\u00e9s \u00e0 la publicit\u00e9 sont toujours d\u00e9pens\u00e9s l\u00e0 o\u00f9 ils ont le plus d'impact.<\/p>\n<h4><strong><br \/><\/strong>Analyse globale du trafic<\/h4>\n<p>Identifier <strong>quelles sont les sources de trafic qui attirent le plus de visiteurs<\/strong> \u00e0 vos publicit\u00e9s, qu'il s'agisse de <strong>la recherche organique, les m\u00e9dias sociaux, le trafic direct ou les sites de r\u00e9f\u00e9rence<\/strong>. Ces informations aident les entreprises \u00e0 <strong>investir dans les canaux les plus performants<\/strong> et d'allouer leurs budgets de mani\u00e8re plus efficace.<\/p>\n<h4><br \/>Suivi des conversions et mesure des objectifs<\/h4>\n<p>Mesurer ce qui <strong>vraiment important<\/strong>-Les ventes, les inscriptions, les demandes de renseignements ou toute autre action cl\u00e9. Google Analytics permet de suivre <strong>la mesure dans laquelle vos annonces convertissent les visiteurs en clients<\/strong>vous permettant de <strong>affiner vos strat\u00e9gies pour un impact maximal<\/strong>.<\/p>\n<h4><strong><br \/><\/strong>Des connaissances comportementales pour un meilleur engagement<\/h4>\n<p>Comprendre <strong>la fa\u00e7on dont les utilisateurs naviguent sur votre site<\/strong> et interagir avec votre contenu. En analysant les <strong>flux d'utilisateurs et mesures de l'engagement<\/strong>vous pouvez optimiser les pages d'atterrissage et les cr\u00e9ations publicitaires pour <strong>augmenter les conversions et r\u00e9duire les taux de rebond<\/strong>.<\/p>\n<h4><strong><br \/><\/strong>Rapports et tableaux de bord personnalis\u00e9s<\/h4>\n<p>Tailleur <strong>tableaux de bord analytiques<\/strong> aux besoins de votre entreprise. Google Analytics vous permet <strong>cr\u00e9er des rapports personnalis\u00e9s<\/strong> qui se concentrent sur <strong>les indicateurs cl\u00e9s de performance (ICP)<\/strong> de vos campagnes, ce qui rend l'analyse des donn\u00e9es <strong>rapide et exploitable<\/strong>.<\/p>\n\t\t\t\t\t\t\t\t<\/div>\n\t\t\t\t<\/div>\n\t\t\t\t<div class=\"elementor-element elementor-element-186ba9f elementor-widget elementor-widget-image\" data-id=\"186ba9f\" data-element_type=\"widget\" data-e-type=\"widget\" data-widget_type=\"image.default\">\n\t\t\t\t<div class=\"elementor-widget-container\">\n\t\t\t\t\t\t\t\t\t\t\t\t\t\t\t<img decoding=\"async\" width=\"2457\" height=\"1566\" src=\"https:\/\/eurosalesman.com\/wp-content\/uploads\/dl.beatsnoop.com-3000-nVdOcX1YhR.jpg\" class=\"attachment-full size-full wp-image-1202\" alt=\"dl.beatsnoop.com-3000-nVdOcX1YhR\" srcset=\"https:\/\/eurosalesman.com\/wp-content\/uploads\/dl.beatsnoop.com-3000-nVdOcX1YhR.jpg 2457w, https:\/\/eurosalesman.com\/wp-content\/uploads\/dl.beatsnoop.com-3000-nVdOcX1YhR-512x326.jpg 512w, https:\/\/eurosalesman.com\/wp-content\/uploads\/dl.beatsnoop.com-3000-nVdOcX1YhR-1024x653.jpg 1024w, https:\/\/eurosalesman.com\/wp-content\/uploads\/dl.beatsnoop.com-3000-nVdOcX1YhR-256x163.jpg 256w, https:\/\/eurosalesman.com\/wp-content\/uploads\/dl.beatsnoop.com-3000-nVdOcX1YhR-768x489.jpg 768w, https:\/\/eurosalesman.com\/wp-content\/uploads\/dl.beatsnoop.com-3000-nVdOcX1YhR-1536x979.jpg 1536w, https:\/\/eurosalesman.com\/wp-content\/uploads\/dl.beatsnoop.com-3000-nVdOcX1YhR-2048x1305.jpg 2048w\" sizes=\"(max-width: 2457px) 100vw, 2457px\" \/>\t\t\t\t\t\t\t\t\t\t\t\t\t\t\t<\/div>\n\t\t\t\t<\/div>\n\t\t\t\t<div class=\"elementor-element elementor-element-a9e834c elementor-widget elementor-widget-text-editor\" data-id=\"a9e834c\" data-element_type=\"widget\" data-e-type=\"widget\" data-widget_type=\"text-editor.default\">\n\t\t\t\t<div class=\"elementor-widget-container\">\n\t\t\t\t\t\t\t\t\t<h3>Combiner l'analyse et l'acc\u00e8s au march\u00e9 : Un avantage puissant<\/h3>\n<h4>\u00a0<\/h4>\n<h4>Publicit\u00e9 cibl\u00e9e sur plus de 70 march\u00e9s mondiaux<\/h4>\n<p>Google Analytics permet aux entreprises de <strong>cibler les annonces avec pr\u00e9cision<\/strong>. L'acc\u00e8s d'Eurosalesman\u00ae \u00e0 <strong>Domaines du march\u00e9 national (ccTLD)<\/strong> garantit que les entreprises peuvent <strong>atteindre les clients dans des r\u00e9gions sp\u00e9cifiques gr\u00e2ce \u00e0 des strat\u00e9gies optimis\u00e9es au niveau local<\/strong>.<\/p>\n<h4><br \/>Strat\u00e9gies de campagnes localis\u00e9es<\/h4>\n<p>Diff\u00e9rents march\u00e9s <strong>r\u00e9agir diff\u00e9remment<\/strong> \u00e0 la publicit\u00e9. Google Analytics r\u00e9v\u00e8le <strong>comment les clients s'int\u00e9ressent \u00e0 vos publicit\u00e9s dans les diff\u00e9rentes r\u00e9gions<\/strong>vous permettant de :<\/p>\n<ul>\n<li><strong>Personnaliser la messagerie<\/strong> pour des pr\u00e9f\u00e9rences culturelles diff\u00e9rentes<\/li>\n<li><strong>Optimiser les cr\u00e9ations publicitaires<\/strong> sur la base de <strong>tendances r\u00e9gionales en mati\u00e8re d'engagement<\/strong><\/li>\n<li><strong>Augmenter les conversions<\/strong> en adaptant les offres aux publics locaux<\/li>\n<\/ul>\n<p>Que vous fassiez de la publicit\u00e9 dans <strong>New York, Paris, Tokyo, Lagos ou Sydney<\/strong>Eurosalesman\u00ae s'assure que vos annonces <strong>entrer en contact avec les bonnes personnes sur les bons march\u00e9s<\/strong>.<\/p>\n<h4><br \/>Optimisation continue pour un retour sur investissement maximal<\/h4>\n<p>Utilisation <strong>Tests A\/B, comparaisons r\u00e9gionales et mesures d'engagement<\/strong> pour affiner votre strat\u00e9gie publicitaire. En combinant <strong>Google Analytics et l'acc\u00e8s au march\u00e9 d'Eurosalesman<\/strong>les entreprises peuvent :<\/p>\n<ul>\n<li><strong>Tester plusieurs variantes d'annonces pour trouver le contenu le plus performant<\/strong><\/li>\n<li><strong>Ajuster les campagnes en fonction des donn\u00e9es r\u00e9gionales<\/strong><\/li>\n<li><strong>Optimiser pour am\u00e9liorer l'engagement, r\u00e9duire les co\u00fbts et augmenter les conversions<\/strong><\/li>\n<\/ul>\n<h4><br \/>Prise de d\u00e9cision fond\u00e9e sur les donn\u00e9es<\/h4>\n<p>Faire <strong>des d\u00e9cisions marketing strat\u00e9giques fond\u00e9es sur des donn\u00e9es<\/strong> avec Google Analytics. Avec <strong>des informations d\u00e9taill\u00e9es sur les performances<\/strong>, vous pouvez :<\/p>\n<ul>\n<li><strong>Attribuer plus efficacement les budgets publicitaires<\/strong><\/li>\n<li><strong>Investir dans des march\u00e9s performants<\/strong><\/li>\n<li><strong>Identifier les possibilit\u00e9s d'expansion inexploit\u00e9es<\/strong><\/li>\n<\/ul>\n<p><!-- \/wp:paragraph --><\/p>\t\t\t\t\t\t\t\t<\/div>\n\t\t\t\t<\/div>\n\t\t\t\t\t<\/div>\n\t\t\t\t<\/div>\n\t\t<div class=\"elementor-element elementor-element-0b1f324 e-con-full e-flex e-con e-parent\" data-id=\"0b1f324\" data-element_type=\"container\" data-e-type=\"container\" data-settings=\"{&quot;background_background&quot;:&quot;classic&quot;}\">\n\t\t<div class=\"elementor-element elementor-element-e19bc2b e-con-full e-flex e-con e-child\" data-id=\"e19bc2b\" data-element_type=\"container\" data-e-type=\"container\">\n\t\t\t\t<div class=\"elementor-element elementor-element-446f235 elementor-invisible elementor-widget elementor-widget-heading\" data-id=\"446f235\" data-element_type=\"widget\" data-e-type=\"widget\" data-settings=\"{&quot;_animation&quot;:&quot;fadeIn&quot;}\" data-widget_type=\"heading.default\">\n\t\t\t\t<div class=\"elementor-widget-container\">\n\t\t\t\t\t<h2 class=\"elementor-heading-title elementor-size-default\">Vous voulez donner un coup de fouet \u00e0 votre entreprise d\u00e8s aujourd'hui ?<\/h2>\t\t\t\t<\/div>\n\t\t\t\t<\/div>\n\t\t\t\t<div class=\"elementor-element elementor-element-3c8c550 elementor-invisible elementor-widget elementor-widget-text-editor\" data-id=\"3c8c550\" data-element_type=\"widget\" data-e-type=\"widget\" data-settings=\"{&quot;_animation&quot;:&quot;fadeIn&quot;,&quot;_animation_delay&quot;:300}\" data-widget_type=\"text-editor.default\">\n\t\t\t\t<div class=\"elementor-widget-container\">\n\t\t\t\t\t\t\t\t\t<p>Contactez-nous d\u00e8s aujourd'hui pour savoir comment nous pouvons vous aider \u00e0 atteindre vos objectifs marketing avec pr\u00e9cision et confiance.<\/p>\t\t\t\t\t\t\t\t<\/div>\n\t\t\t\t<\/div>\n\t\t\t\t<div class=\"elementor-element elementor-element-efbfb9a elementor-align-justify elementor-widget__width-initial elementor-invisible elementor-widget elementor-widget-button\" data-id=\"efbfb9a\" data-element_type=\"widget\" data-e-type=\"widget\" data-settings=\"{&quot;_animation&quot;:&quot;fadeIn&quot;,&quot;_animation_delay&quot;:600}\" data-widget_type=\"button.default\">\n\t\t\t\t<div class=\"elementor-widget-container\">\n\t\t\t\t\t\t\t\t\t<div class=\"elementor-button-wrapper\">\n\t\t\t\t\t<a class=\"elementor-button elementor-button-link elementor-size-sm\" href=\"https:\/\/eurosalesman.com\/fr\/about\/contact\/\">\n\t\t\t\t\t\t<span class=\"elementor-button-content-wrapper\">\n\t\t\t\t\t\t\t\t\t<span class=\"elementor-button-text\">nous contacter<\/span>\n\t\t\t\t\t<\/span>\n\t\t\t\t\t<\/a>\n\t\t\t\t<\/div>\n\t\t\t\t\t\t\t\t<\/div>\n\t\t\t\t<\/div>\n\t\t\t\t<\/div>\n\t\t<div class=\"elementor-element elementor-element-cea26a3 e-con-full e-flex e-con e-child\" data-id=\"cea26a3\" data-element_type=\"container\" data-e-type=\"container\" data-settings=\"{&quot;background_background&quot;:&quot;classic&quot;}\">\n\t\t\t\t<\/div>\n\t\t\t\t<\/div>\n\t\t\t\t<\/div>","protected":false},"excerpt":{"rendered":"<p>Chez Eurosalesman, nous pensons que la connaissance est un pouvoir. C'est pourquoi nous utilisons Google Analytics pour fournir des informations compl\u00e8tes sur les performances des annonces cr\u00e9\u00e9es sur notre plateforme. Gr\u00e2ce \u00e0 cet outil puissant, nous offrons \u00e0 nos clients des donn\u00e9es d\u00e9taill\u00e9es et exploitables qui am\u00e9liorent la prise de d\u00e9cision, optimisent les strat\u00e9gies de marketing et maximisent le retour sur investissement.<\/p>","protected":false},"author":3,"featured_media":0,"parent":0,"menu_order":0,"comment_status":"closed","ping_status":"closed","template":"","meta":{"_seopress_robots_primary_cat":"","_seopress_titles_title":"","_seopress_titles_desc":"","_seopress_robots_index":"","footnotes":""},"class_list":["post-1385","page","type-page","status-publish","hentry"],"_links":{"self":[{"href":"https:\/\/eurosalesman.com\/fr\/wp-json\/wp\/v2\/pages\/1385","targetHints":{"allow":["GET"]}}],"collection":[{"href":"https:\/\/eurosalesman.com\/fr\/wp-json\/wp\/v2\/pages"}],"about":[{"href":"https:\/\/eurosalesman.com\/fr\/wp-json\/wp\/v2\/types\/page"}],"author":[{"embeddable":true,"href":"https:\/\/eurosalesman.com\/fr\/wp-json\/wp\/v2\/users\/3"}],"replies":[{"embeddable":true,"href":"https:\/\/eurosalesman.com\/fr\/wp-json\/wp\/v2\/comments?post=1385"}],"version-history":[{"count":13,"href":"https:\/\/eurosalesman.com\/fr\/wp-json\/wp\/v2\/pages\/1385\/revisions"}],"predecessor-version":[{"id":1859,"href":"https:\/\/eurosalesman.com\/fr\/wp-json\/wp\/v2\/pages\/1385\/revisions\/1859"}],"wp:attachment":[{"href":"https:\/\/eurosalesman.com\/fr\/wp-json\/wp\/v2\/media?parent=1385"}],"curies":[{"name":"wp","href":"https:\/\/api.w.org\/{rel}","templated":true}]}}