{"id":1397,"date":"2024-10-09T16:38:34","date_gmt":"2024-10-09T14:38:34","guid":{"rendered":"https:\/\/eurosalesman.com\/?page_id=1397"},"modified":"2024-11-21T14:23:12","modified_gmt":"2024-11-21T13:23:12","slug":"ai","status":"publish","type":"page","link":"https:\/\/eurosalesman.com\/fr\/ai\/","title":{"rendered":"AI"},"content":{"rendered":"<div data-elementor-type=\"wp-page\" data-elementor-id=\"1397\" class=\"elementor elementor-1397\" data-elementor-post-type=\"page\">\n\t\t\t\t<div class=\"elementor-element elementor-element-08918d0 e-con-full e-flex e-con e-parent\" data-id=\"08918d0\" data-element_type=\"container\" data-e-type=\"container\" data-settings=\"{&quot;background_background&quot;:&quot;classic&quot;}\">\n\t\t<div class=\"elementor-element elementor-element-a0d0aec e-flex e-con-boxed e-con e-child\" data-id=\"a0d0aec\" data-element_type=\"container\" data-e-type=\"container\">\n\t\t\t\t\t<div class=\"e-con-inner\">\n\t\t\t\t<div class=\"elementor-element elementor-element-8015925 elementor-invisible elementor-widget elementor-widget-heading\" data-id=\"8015925\" data-element_type=\"widget\" data-e-type=\"widget\" data-settings=\"{&quot;_animation&quot;:&quot;fadeIn&quot;}\" data-widget_type=\"heading.default\">\n\t\t\t\t<div class=\"elementor-widget-container\">\n\t\t\t\t\t<h1 class=\"elementor-heading-title elementor-size-default\">AI<\/h1>\t\t\t\t<\/div>\n\t\t\t\t<\/div>\n\t\t\t\t\t<\/div>\n\t\t\t\t<\/div>\n\t\t\t\t<div class=\"elementor-element elementor-element-94d5b96 elementor-widget__width-initial elementor-absolute elementor-widget-mobile__width-inherit elementor-invisible elementor-widget elementor-widget-image\" data-id=\"94d5b96\" data-element_type=\"widget\" data-e-type=\"widget\" data-settings=\"{&quot;_position&quot;:&quot;absolute&quot;,&quot;_animation&quot;:&quot;slideInRight&quot;}\" data-widget_type=\"image.default\">\n\t\t\t\t<div class=\"elementor-widget-container\">\n\t\t\t\t\t\t\t\t\t\t\t\t\t\t\t<img fetchpriority=\"high\" decoding=\"async\" width=\"800\" height=\"427\" src=\"https:\/\/eurosalesman.com\/wp-content\/uploads\/dl.beatsnoop.com-3000-msjnWEStYO-1024x546.jpg\" class=\"attachment-large size-large wp-image-1200\" alt=\"dl.beatsnoop.com-3000-msjnWEStYO\" srcset=\"https:\/\/eurosalesman.com\/wp-content\/uploads\/dl.beatsnoop.com-3000-msjnWEStYO-1024x546.jpg 1024w, https:\/\/eurosalesman.com\/wp-content\/uploads\/dl.beatsnoop.com-3000-msjnWEStYO-512x273.jpg 512w, https:\/\/eurosalesman.com\/wp-content\/uploads\/dl.beatsnoop.com-3000-msjnWEStYO-256x136.jpg 256w, https:\/\/eurosalesman.com\/wp-content\/uploads\/dl.beatsnoop.com-3000-msjnWEStYO-768x409.jpg 768w, https:\/\/eurosalesman.com\/wp-content\/uploads\/dl.beatsnoop.com-3000-msjnWEStYO-1536x819.jpg 1536w, https:\/\/eurosalesman.com\/wp-content\/uploads\/dl.beatsnoop.com-3000-msjnWEStYO-2048x1092.jpg 2048w\" sizes=\"(max-width: 800px) 100vw, 800px\" \/>\t\t\t\t\t\t\t\t\t\t\t\t\t\t\t<\/div>\n\t\t\t\t<\/div>\n\t\t\t\t<\/div>\n\t\t<div class=\"elementor-element elementor-element-7a0614e e-flex e-con-boxed e-con e-parent\" data-id=\"7a0614e\" data-element_type=\"container\" data-e-type=\"container\">\n\t\t\t\t\t<div class=\"e-con-inner\">\n\t\t\t\t<div class=\"elementor-element elementor-element-3b41e9b elementor-widget elementor-widget-theme-post-excerpt\" data-id=\"3b41e9b\" data-element_type=\"widget\" data-e-type=\"widget\" data-widget_type=\"theme-post-excerpt.default\">\n\t\t\t\t<div class=\"elementor-widget-container\">\n\t\t\t\t\tDans le monde num\u00e9rique d'aujourd'hui, o\u00f9 tout va tr\u00e8s vite, il ne suffit pas d'avoir de bonnes id\u00e9es pour rester en t\u00eate de la concurrence, il faut aussi des outils intelligents qui peuvent vous aider \u00e0 mettre en \u0153uvre ces id\u00e9es de mani\u00e8re efficace et efficiente. Chez Eurosalesman, nous exploitons la puissance de l'intelligence artificielle (IA) pour transformer la fa\u00e7on dont nos clients cr\u00e9ent et optimisent leur contenu publicitaire, ce qui facilite plus que jamais l'engagement avec votre public et la r\u00e9alisation de vos objectifs marketing.\t\t\t\t<\/div>\n\t\t\t\t<\/div>\n\t\t\t\t<div class=\"elementor-element elementor-element-a2643bc elementor-widget-divider--view-line elementor-widget elementor-widget-divider\" data-id=\"a2643bc\" data-element_type=\"widget\" data-e-type=\"widget\" data-widget_type=\"divider.default\">\n\t\t\t\t<div class=\"elementor-widget-container\">\n\t\t\t\t\t\t\t<div class=\"elementor-divider\">\n\t\t\t<span class=\"elementor-divider-separator\">\n\t\t\t\t\t\t<\/span>\n\t\t<\/div>\n\t\t\t\t\t\t<\/div>\n\t\t\t\t<\/div>\n\t\t\t\t\t<\/div>\n\t\t\t\t<\/div>\n\t\t<div class=\"elementor-element elementor-element-2c2cf15 e-flex e-con-boxed e-con e-parent\" data-id=\"2c2cf15\" data-element_type=\"container\" data-e-type=\"container\">\n\t\t\t\t\t<div class=\"e-con-inner\">\n\t\t\t\t<div class=\"elementor-element elementor-element-0bc0460 elementor-widget elementor-widget-heading\" data-id=\"0bc0460\" data-element_type=\"widget\" data-e-type=\"widget\" data-widget_type=\"heading.default\">\n\t\t\t\t<div class=\"elementor-widget-container\">\n\t\t\t\t\t<h2 class=\"elementor-heading-title elementor-size-default\"><h2 data-elementor-setting-key=\"title\" data-pen-placeholder=\"Type Here...\" style=\"font-family: var( --e-global-typography-primary-font-family ), Sans-serif;font-weight: var( --e-global-typography-primary-font-weight );line-height: var( --e-global-typography-primary-line-height );font-size: var( --e-global-typography-primary-font-size );text-transform: none;font-style: normal;letter-spacing: var( --e-global-typography-primary-letter-spacing )\">Renforcez votre publicit\u00e9 gr\u00e2ce \u00e0 la cr\u00e9ation de contenu pilot\u00e9e par l'IA<span style=\"color: var( --e-global-color-primary );font-family: var( --e-global-typography-primary-font-family ), Sans-serif;font-size: var( --e-global-typography-primary-font-size );font-style: var( --e-global-typography-primary-font-style );font-weight: var( --e-global-typography-primary-font-weight );letter-spacing: var( --e-global-typography-primary-letter-spacing );text-transform: var( --e-global-typography-primary-text-transform );text-align: var(--text-align);background-color: var( --e-global-color-43e86c6 )\"><\/span><\/h2><\/h2>\t\t\t\t<\/div>\n\t\t\t\t<\/div>\n\t\t\t\t<div class=\"elementor-element elementor-element-98b7bf7 elementor-widget elementor-widget-text-editor\" data-id=\"98b7bf7\" data-element_type=\"widget\" data-e-type=\"widget\" data-widget_type=\"text-editor.default\">\n\t\t\t\t<div class=\"elementor-widget-container\">\n\t\t\t\t\t\t\t\t\t<p><\/p><p><span style=\"font-weight: bolder;\">Le pouvoir de l'IA dans le marketing<\/span><\/p><p>L'IA r\u00e9volutionne la mani\u00e8re dont les entreprises abordent le marketing. En tirant parti d'algorithmes avanc\u00e9s et de l'apprentissage automatique, l'IA peut analyser de grandes quantit\u00e9s de donn\u00e9es, identifier des mod\u00e8les et fournir des informations qui favorisent une meilleure prise de d\u00e9cision. Voici comment l'IA est en train de remodeler le paysage du marketing :<\/p><ol><li style=\"font-size: 16px;\"><p><span style=\"font-weight: bolder;\">Efficacit\u00e9 et rapidit\u00e9<\/span>: L'IA automatise les t\u00e2ches chronophages, ce qui permet aux entreprises de se concentrer sur la strat\u00e9gie et la cr\u00e9ativit\u00e9. Qu'il s'agisse d'analyser les donn\u00e9es clients, de pr\u00e9dire les tendances du march\u00e9 ou de g\u00e9n\u00e9rer du contenu, l'IA peut le faire plus rapidement et avec plus de pr\u00e9cision que les humains, lib\u00e9rant ainsi un temps pr\u00e9cieux pour votre \u00e9quipe.<\/p><\/li><li style=\"font-size: 16px;\"><p><span style=\"font-weight: bolder;\">La personnalisation \u00e0 grande \u00e9chelle<\/span>: L'un des principaux avantages de l'IA est sa capacit\u00e9 \u00e0 offrir des exp\u00e9riences personnalis\u00e9es. En analysant le comportement et les pr\u00e9f\u00e9rences des utilisateurs, l'IA peut cr\u00e9er un contenu sur mesure qui trouve un \u00e9cho aupr\u00e8s de chaque client, am\u00e9liorant ainsi l'engagement et augmentant les taux de conversion.<\/p><\/li><li style=\"font-size: 16px;\"><p><span style=\"font-weight: bolder;\">Des id\u00e9es fond\u00e9es sur des donn\u00e9es<\/span>: L'IA excelle dans le traitement et l'analyse de grands ensembles de donn\u00e9es, fournissant aux entreprises des informations exploitables. Ces informations permettent d'identifier ce qui fonctionne et ce qui ne fonctionne pas, ce qui permet d'ajuster et d'optimiser rapidement les strat\u00e9gies de marketing.<\/p><\/li><li style=\"font-size: 16px;\"><p><span style=\"font-weight: bolder;\">Analyse pr\u00e9dictive<\/span>: L'IA peut pr\u00e9dire les tendances futures et les comportements des clients sur la base de donn\u00e9es historiques, ce qui permet aux entreprises d'anticiper les changements du march\u00e9 et de garder une longueur d'avance sur la concurrence. Cette approche proactive garantit que vos strat\u00e9gies marketing sont toujours pertinentes et efficaces.<\/p><\/li><\/ol><p><\/p>\t\t\t\t\t\t\t\t<\/div>\n\t\t\t\t<\/div>\n\t\t\t\t<div class=\"elementor-element elementor-element-731f2fc elementor-widget elementor-widget-image\" data-id=\"731f2fc\" data-element_type=\"widget\" data-e-type=\"widget\" data-widget_type=\"image.default\">\n\t\t\t\t<div class=\"elementor-widget-container\">\n\t\t\t\t\t\t\t\t\t\t\t\t\t\t\t<img decoding=\"async\" width=\"1800\" height=\"1013\" src=\"https:\/\/eurosalesman.com\/wp-content\/uploads\/google-deepmind-tikhtH3QRSQ-unsplash.jpg\" class=\"attachment-full size-full wp-image-1209\" alt=\"google-deepmind-tikhtH3QRSQ-unsplash\" srcset=\"https:\/\/eurosalesman.com\/wp-content\/uploads\/google-deepmind-tikhtH3QRSQ-unsplash.jpg 1800w, https:\/\/eurosalesman.com\/wp-content\/uploads\/google-deepmind-tikhtH3QRSQ-unsplash-512x288.jpg 512w, https:\/\/eurosalesman.com\/wp-content\/uploads\/google-deepmind-tikhtH3QRSQ-unsplash-1024x576.jpg 1024w, https:\/\/eurosalesman.com\/wp-content\/uploads\/google-deepmind-tikhtH3QRSQ-unsplash-256x144.jpg 256w, https:\/\/eurosalesman.com\/wp-content\/uploads\/google-deepmind-tikhtH3QRSQ-unsplash-768x432.jpg 768w, https:\/\/eurosalesman.com\/wp-content\/uploads\/google-deepmind-tikhtH3QRSQ-unsplash-1536x864.jpg 1536w\" sizes=\"(max-width: 1800px) 100vw, 1800px\" \/>\t\t\t\t\t\t\t\t\t\t\t\t\t\t\t<\/div>\n\t\t\t\t<\/div>\n\t\t\t\t<div class=\"elementor-element elementor-element-0a74d9c elementor-widget elementor-widget-text-editor\" data-id=\"0a74d9c\" data-element_type=\"widget\" data-e-type=\"widget\" data-widget_type=\"text-editor.default\">\n\t\t\t\t<div class=\"elementor-widget-container\">\n\t\t\t\t\t\t\t\t\t<p><\/p><p><span style=\"font-weight: bolder;\">Cr\u00e9ation de contenu \u00e0 l'aide de l'IA avec Eurosalesman<\/span><\/p><p>Chez Eurosalesman, nous poussons la puissance de l'IA encore plus loin en l'int\u00e9grant directement dans le constructeur de pages de notre plateforme. Nos fonctionnalit\u00e9s d'IA rationalisent le processus de cr\u00e9ation de contenu, ce qui vous permet de cr\u00e9er plus facilement des annonces convaincantes et efficaces qui attirent l'attention et g\u00e9n\u00e8rent des r\u00e9sultats. Voici comment notre IA peut b\u00e9n\u00e9ficier \u00e0 vos efforts publicitaires :<\/p><ul><li style=\"font-size: 16px;\"><p><span style=\"font-weight: bolder;\">G\u00e9n\u00e9ration intelligente de contenu<\/span>: Nos outils aliment\u00e9s par l'IA vous aident \u00e0 g\u00e9n\u00e9rer du contenu de haute qualit\u00e9 pour vos annonces rapidement et sans effort. En analysant les besoins de votre entreprise, votre public cible et les tendances du secteur, notre IA cr\u00e9e un contenu qui est non seulement attrayant mais aussi adapt\u00e9 \u00e0 vos objectifs sp\u00e9cifiques. Que vous ayez besoin de titres accrocheurs, de textes publicitaires persuasifs ou d'appels \u00e0 l'action convaincants, notre IA veille \u00e0 ce que votre contenu soit optimis\u00e9 pour le succ\u00e8s.<\/p><\/li><li style=\"font-size: 16px;\"><p><span style=\"font-weight: bolder;\">Optimis\u00e9 pour la performance<\/span>: La cr\u00e9ation d'un contenu qui trouve un \u00e9cho aupr\u00e8s de votre public est essentielle \u00e0 la r\u00e9ussite de vos annonces. Notre IA analyse les donn\u00e9es des campagnes pr\u00e9c\u00e9dentes, identifie ce qui fonctionne le mieux et applique ces connaissances pour g\u00e9n\u00e9rer du contenu qui maximise l'engagement et les conversions. Cette approche ax\u00e9e sur les donn\u00e9es garantit que vos annonces sont toujours les plus performantes.<\/p><\/li><li style=\"font-size: 16px;\"><p><span style=\"font-weight: bolder;\">Adaptation \u00e0 vos besoins<\/span>: Chaque entreprise est unique, tout comme le sont ses besoins en mati\u00e8re de publicit\u00e9. Notre IA vous permet de personnaliser le contenu en fonction de vos objectifs sp\u00e9cifiques, de votre secteur d'activit\u00e9 et de votre public cible. Que vous cherchiez \u00e0 accro\u00eetre la notori\u00e9t\u00e9 de votre marque, \u00e0 stimuler les ventes ou \u00e0 engager le dialogue avec vos clients, nos outils d'IA vous offrent la flexibilit\u00e9 et la pr\u00e9cision n\u00e9cessaires pour atteindre vos objectifs.<\/p><\/li><li style=\"font-size: 16px;\"><p><span style=\"font-weight: bolder;\">Am\u00e9lioration continue<\/span>: L'IA ne se contente pas de cr\u00e9er du contenu, elle apprend et s'am\u00e9liore au fil du temps. En analysant en permanence les performances de vos annonces, notre IA adapte et affine ses strat\u00e9gies de g\u00e9n\u00e9ration de contenu, garantissant que vos efforts marketing restent efficaces et pertinents \u00e0 mesure que les conditions du march\u00e9 \u00e9voluent.<\/p><\/li><\/ul><p><\/p>\t\t\t\t\t\t\t\t<\/div>\n\t\t\t\t<\/div>\n\t\t\t\t\t<\/div>\n\t\t\t\t<\/div>\n\t\t<div class=\"elementor-element elementor-element-ac7066a e-con-full e-flex e-con e-parent\" data-id=\"ac7066a\" data-element_type=\"container\" data-e-type=\"container\" data-settings=\"{&quot;background_background&quot;:&quot;classic&quot;}\">\n\t\t<div class=\"elementor-element elementor-element-2bbd0ae e-con-full e-flex e-con e-child\" data-id=\"2bbd0ae\" data-element_type=\"container\" data-e-type=\"container\">\n\t\t\t\t<div class=\"elementor-element elementor-element-1886253 elementor-invisible elementor-widget elementor-widget-heading\" data-id=\"1886253\" data-element_type=\"widget\" data-e-type=\"widget\" data-settings=\"{&quot;_animation&quot;:&quot;fadeIn&quot;}\" data-widget_type=\"heading.default\">\n\t\t\t\t<div class=\"elementor-widget-container\">\n\t\t\t\t\t<h2 class=\"elementor-heading-title elementor-size-default\">Vous voulez donner un coup de fouet \u00e0 votre entreprise d\u00e8s aujourd'hui ?<\/h2>\t\t\t\t<\/div>\n\t\t\t\t<\/div>\n\t\t\t\t<div class=\"elementor-element elementor-element-faceb79 elementor-invisible elementor-widget elementor-widget-text-editor\" data-id=\"faceb79\" data-element_type=\"widget\" data-e-type=\"widget\" data-settings=\"{&quot;_animation&quot;:&quot;fadeIn&quot;,&quot;_animation_delay&quot;:300}\" data-widget_type=\"text-editor.default\">\n\t\t\t\t<div class=\"elementor-widget-container\">\n\t\t\t\t\t\t\t\t\t<p>Contactez-nous d\u00e8s aujourd'hui pour savoir comment nous pouvons vous aider \u00e0 atteindre vos objectifs marketing avec pr\u00e9cision et confiance.<\/p>\t\t\t\t\t\t\t\t<\/div>\n\t\t\t\t<\/div>\n\t\t\t\t<div class=\"elementor-element elementor-element-14c413e elementor-align-justify elementor-widget__width-initial elementor-invisible elementor-widget elementor-widget-button\" data-id=\"14c413e\" data-element_type=\"widget\" data-e-type=\"widget\" data-settings=\"{&quot;_animation&quot;:&quot;fadeIn&quot;,&quot;_animation_delay&quot;:600}\" data-widget_type=\"button.default\">\n\t\t\t\t<div class=\"elementor-widget-container\">\n\t\t\t\t\t\t\t\t\t<div class=\"elementor-button-wrapper\">\n\t\t\t\t\t<a class=\"elementor-button elementor-button-link elementor-size-sm\" href=\"https:\/\/eurosalesman.com\/fr\/about\/contact\/\">\n\t\t\t\t\t\t<span class=\"elementor-button-content-wrapper\">\n\t\t\t\t\t\t\t\t\t<span class=\"elementor-button-text\">nous contacter<\/span>\n\t\t\t\t\t<\/span>\n\t\t\t\t\t<\/a>\n\t\t\t\t<\/div>\n\t\t\t\t\t\t\t\t<\/div>\n\t\t\t\t<\/div>\n\t\t\t\t<\/div>\n\t\t<div class=\"elementor-element elementor-element-7ca93f2 e-con-full e-flex e-con e-child\" data-id=\"7ca93f2\" data-element_type=\"container\" data-e-type=\"container\" data-settings=\"{&quot;background_background&quot;:&quot;classic&quot;}\">\n\t\t\t\t<\/div>\n\t\t\t\t<\/div>\n\t\t\t\t<\/div>","protected":false},"excerpt":{"rendered":"<p>Dans le monde num\u00e9rique d'aujourd'hui, o\u00f9 tout va tr\u00e8s vite, il ne suffit pas d'avoir de bonnes id\u00e9es pour rester en t\u00eate de la concurrence, il faut aussi des outils intelligents qui peuvent vous aider \u00e0 mettre en \u0153uvre ces id\u00e9es de mani\u00e8re efficace et efficiente. Chez Eurosalesman, nous exploitons la puissance de l'intelligence artificielle (IA) pour transformer la fa\u00e7on dont nos clients cr\u00e9ent et optimisent leur contenu publicitaire, ce qui facilite plus que jamais l'engagement avec votre public et la r\u00e9alisation de vos objectifs marketing.<\/p>","protected":false},"author":3,"featured_media":0,"parent":0,"menu_order":0,"comment_status":"closed","ping_status":"closed","template":"","meta":{"_seopress_robots_primary_cat":"","_seopress_titles_title":"","_seopress_titles_desc":"","_seopress_robots_index":"","footnotes":""},"class_list":["post-1397","page","type-page","status-publish","hentry"],"_links":{"self":[{"href":"https:\/\/eurosalesman.com\/fr\/wp-json\/wp\/v2\/pages\/1397","targetHints":{"allow":["GET"]}}],"collection":[{"href":"https:\/\/eurosalesman.com\/fr\/wp-json\/wp\/v2\/pages"}],"about":[{"href":"https:\/\/eurosalesman.com\/fr\/wp-json\/wp\/v2\/types\/page"}],"author":[{"embeddable":true,"href":"https:\/\/eurosalesman.com\/fr\/wp-json\/wp\/v2\/users\/3"}],"replies":[{"embeddable":true,"href":"https:\/\/eurosalesman.com\/fr\/wp-json\/wp\/v2\/comments?post=1397"}],"version-history":[{"count":7,"href":"https:\/\/eurosalesman.com\/fr\/wp-json\/wp\/v2\/pages\/1397\/revisions"}],"predecessor-version":[{"id":1716,"href":"https:\/\/eurosalesman.com\/fr\/wp-json\/wp\/v2\/pages\/1397\/revisions\/1716"}],"wp:attachment":[{"href":"https:\/\/eurosalesman.com\/fr\/wp-json\/wp\/v2\/media?parent=1397"}],"curies":[{"name":"wp","href":"https:\/\/api.w.org\/{rel}","templated":true}]}}