{"id":1403,"date":"2024-10-09T16:41:52","date_gmt":"2024-10-09T14:41:52","guid":{"rendered":"https:\/\/eurosalesman.com\/?page_id=1403"},"modified":"2025-02-03T13:48:39","modified_gmt":"2025-02-03T12:48:39","slug":"trademarks","status":"publish","type":"page","link":"https:\/\/eurosalesman.com\/fr\/trademarks\/","title":{"rendered":"Marques d\u00e9pos\u00e9es"},"content":{"rendered":"<div data-elementor-type=\"wp-page\" data-elementor-id=\"1403\" class=\"elementor elementor-1403\" data-elementor-post-type=\"page\">\n\t\t\t\t<div class=\"elementor-element elementor-element-72113fb3 e-con-full e-flex e-con e-parent\" data-id=\"72113fb3\" data-element_type=\"container\" data-e-type=\"container\" data-settings=\"{&quot;background_background&quot;:&quot;classic&quot;}\">\n\t\t<div class=\"elementor-element elementor-element-4969b433 e-flex e-con-boxed e-con e-child\" data-id=\"4969b433\" data-element_type=\"container\" data-e-type=\"container\">\n\t\t\t\t\t<div class=\"e-con-inner\">\n\t\t\t\t<div class=\"elementor-element elementor-element-61d7f021 elementor-invisible elementor-widget elementor-widget-heading\" data-id=\"61d7f021\" data-element_type=\"widget\" data-e-type=\"widget\" data-settings=\"{&quot;_animation&quot;:&quot;fadeIn&quot;}\" data-widget_type=\"heading.default\">\n\t\t\t\t<div class=\"elementor-widget-container\">\n\t\t\t\t\t<h1 class=\"elementor-heading-title elementor-size-default\">Marques d\u00e9pos\u00e9es<\/h1>\t\t\t\t<\/div>\n\t\t\t\t<\/div>\n\t\t\t\t\t<\/div>\n\t\t\t\t<\/div>\n\t\t\t\t<div class=\"elementor-element elementor-element-5a9ced46 elementor-widget__width-initial elementor-absolute elementor-widget-mobile__width-inherit elementor-invisible elementor-widget elementor-widget-image\" data-id=\"5a9ced46\" data-element_type=\"widget\" data-e-type=\"widget\" data-settings=\"{&quot;_position&quot;:&quot;absolute&quot;,&quot;_animation&quot;:&quot;slideInRight&quot;}\" data-widget_type=\"image.default\">\n\t\t\t\t<div class=\"elementor-widget-container\">\n\t\t\t\t\t\t\t\t\t\t\t\t\t\t\t<img fetchpriority=\"high\" decoding=\"async\" width=\"800\" height=\"510\" src=\"https:\/\/eurosalesman.com\/wp-content\/uploads\/dl.beatsnoop.com-3000-DFAQElCj6f-1024x653.jpg\" class=\"attachment-large size-large wp-image-1198\" alt=\"dl.beatsnoop.com-3000-DFAQElCj6f\" srcset=\"https:\/\/eurosalesman.com\/wp-content\/uploads\/dl.beatsnoop.com-3000-DFAQElCj6f-1024x653.jpg 1024w, https:\/\/eurosalesman.com\/wp-content\/uploads\/dl.beatsnoop.com-3000-DFAQElCj6f-512x327.jpg 512w, https:\/\/eurosalesman.com\/wp-content\/uploads\/dl.beatsnoop.com-3000-DFAQElCj6f-256x163.jpg 256w, https:\/\/eurosalesman.com\/wp-content\/uploads\/dl.beatsnoop.com-3000-DFAQElCj6f-768x490.jpg 768w, https:\/\/eurosalesman.com\/wp-content\/uploads\/dl.beatsnoop.com-3000-DFAQElCj6f-1536x980.jpg 1536w, https:\/\/eurosalesman.com\/wp-content\/uploads\/dl.beatsnoop.com-3000-DFAQElCj6f-2048x1306.jpg 2048w\" sizes=\"(max-width: 800px) 100vw, 800px\" \/>\t\t\t\t\t\t\t\t\t\t\t\t\t\t\t<\/div>\n\t\t\t\t<\/div>\n\t\t\t\t<\/div>\n\t\t<div class=\"elementor-element elementor-element-3f55ad98 e-flex e-con-boxed e-con e-parent\" data-id=\"3f55ad98\" data-element_type=\"container\" data-e-type=\"container\">\n\t\t\t\t\t<div class=\"e-con-inner\">\n\t\t\t\t<div class=\"elementor-element elementor-element-593e40a8 elementor-widget elementor-widget-theme-post-excerpt\" data-id=\"593e40a8\" data-element_type=\"widget\" data-e-type=\"widget\" data-widget_type=\"theme-post-excerpt.default\">\n\t\t\t\t<div class=\"elementor-widget-container\">\n\t\t\t\t\tLes marques sont plus que de simples symboles ou logos ; elles repr\u00e9sentent la r\u00e9putation, la qualit\u00e9 et les valeurs de votre marque. Elles diff\u00e9rencient vos produits et services de ceux de vos concurrents, et une solide protection des marques garantit que votre marque est juridiquement prot\u00e9g\u00e9e contre l'utilisation non autoris\u00e9e, la contrefa\u00e7on et les atteintes \u00e0 la propri\u00e9t\u00e9 intellectuelle. Cela permet non seulement de prot\u00e9ger votre entreprise, mais aussi de renforcer la cr\u00e9dibilit\u00e9 et la fiabilit\u00e9 de votre marque aux yeux des clients.\t\t\t\t<\/div>\n\t\t\t\t<\/div>\n\t\t\t\t<div class=\"elementor-element elementor-element-69d2bac4 elementor-widget-divider--view-line elementor-widget elementor-widget-divider\" data-id=\"69d2bac4\" data-element_type=\"widget\" data-e-type=\"widget\" data-widget_type=\"divider.default\">\n\t\t\t\t<div class=\"elementor-widget-container\">\n\t\t\t\t\t\t\t<div class=\"elementor-divider\">\n\t\t\t<span class=\"elementor-divider-separator\">\n\t\t\t\t\t\t<\/span>\n\t\t<\/div>\n\t\t\t\t\t\t<\/div>\n\t\t\t\t<\/div>\n\t\t\t\t<div class=\"elementor-element elementor-element-5d1c05f elementor-widget elementor-widget-heading\" data-id=\"5d1c05f\" data-element_type=\"widget\" data-e-type=\"widget\" data-widget_type=\"heading.default\">\n\t\t\t\t<div class=\"elementor-widget-container\">\n\t\t\t\t\t<h2 class=\"elementor-heading-title elementor-size-default\">Prot\u00e9gez votre marque avec la s\u00e9curit\u00e9 mondiale des marques<\/h2>\t\t\t\t<\/div>\n\t\t\t\t<\/div>\n\t\t\t\t<div class=\"elementor-element elementor-element-b55b5a4 elementor-widget elementor-widget-text-editor\" data-id=\"b55b5a4\" data-element_type=\"widget\" data-e-type=\"widget\" data-widget_type=\"text-editor.default\">\n\t\t\t\t<div class=\"elementor-widget-container\">\n\t\t\t\t\t\t\t\t\t\n<div class=\"flex-shrink-0 flex flex-col relative items-end\">\n<div class=\"pt-0\">\n<div class=\"gizmo-bot-avatar flex h-8 w-8 items-center justify-center overflow-hidden rounded-full\">\n<div class=\"relative p-1 rounded-sm flex items-center justify-center bg-token-main-surface-primary text-token-text-primary h-8 w-8\">\n<h3>L'importance des marques<\/h3>\n<p>Les marques sont <strong>plus que des logos ou des symboles<\/strong>-Ils sont le fondement de la r\u00e9putation de votre marque. <strong>identit\u00e9, r\u00e9putation et avantage concurrentiel<\/strong>. A <strong>une solide strat\u00e9gie en mati\u00e8re de marques<\/strong> veille \u00e0 ce que votre marque soit :<br \/><br \/>\u2714\ufe0f <strong>Protection juridique contre les atteintes et les contrefa\u00e7ons<\/strong><br \/>\u2714\ufe0f <strong>Se distinguer facilement des concurrents sur le march\u00e9<\/strong><br \/>\u2714\ufe0f <strong>Reconnu et approuv\u00e9 par des clients du monde entier<\/strong><\/p>\n<p>Avec l'augmentation des <strong>concurrence mondiale<\/strong>Avec l'arriv\u00e9e de l'Internet, la protection de l'identit\u00e9 de votre entreprise est plus importante que jamais. C'est pourquoi Eurosalesman\u00ae offre <strong>services complets de protection des marques<\/strong>En outre, vous avez l'assurance que votre marque reste <strong>s\u00e9curis\u00e9, conforme et positionn\u00e9 pour un succ\u00e8s \u00e0 long terme<\/strong>.<\/p>\n<\/div>\n<\/div>\n<\/div>\n<\/div>\n\t\t\t\t\t\t\t\t<\/div>\n\t\t\t\t<\/div>\n\t\t\t\t<div class=\"elementor-element elementor-element-9cff7d0 elementor-widget-divider--view-line elementor-widget elementor-widget-divider\" data-id=\"9cff7d0\" data-element_type=\"widget\" data-e-type=\"widget\" data-widget_type=\"divider.default\">\n\t\t\t\t<div class=\"elementor-widget-container\">\n\t\t\t\t\t\t\t<div class=\"elementor-divider\">\n\t\t\t<span class=\"elementor-divider-separator\">\n\t\t\t\t\t\t<\/span>\n\t\t<\/div>\n\t\t\t\t\t\t<\/div>\n\t\t\t\t<\/div>\n\t\t\t\t<div class=\"elementor-element elementor-element-a3bb677 elementor-widget elementor-widget-text-editor\" data-id=\"a3bb677\" data-element_type=\"widget\" data-e-type=\"widget\" data-widget_type=\"text-editor.default\">\n\t\t\t\t<div class=\"elementor-widget-container\">\n\t\t\t\t\t\t\t\t\t\n<h3>La protection des marques avec Eurosalesman\u00ae - un avantage unique<\/h3>\n<p>Eurosalesman\u00ae n'est pas une simple plateforme publicitaire, c'est une <strong>r\u00e9seau d'entreprises sous marque d\u00e9pos\u00e9e \u00e0 l'\u00e9chelle mondiale<\/strong> qui s'int\u00e8gre :<br \/><br \/>\u2714\ufe0f <strong>Protection juridique enregistr\u00e9e aupr\u00e8s de l'OMPI (num\u00e9ro d'enregistrement 1317106, couvrant 193 pays)<\/strong><br \/>\u2714\ufe0f <strong>Domaines nationaux exclusifs (ccTLD) pour la s\u00e9curit\u00e9 des marques locales<\/strong><br \/>\u2714\ufe0f <strong>Partenariats mondiaux avec l'EUIPO, l'ICANN et l'OMPI pour prot\u00e9ger votre marque<\/strong><\/p>\n<p>Contrairement aux plateformes de publicit\u00e9 en ligne classiques, Eurosalesman\u00ae garantit que <strong>chaque entreprise op\u00e9rant au sein de notre r\u00e9seau b\u00e9n\u00e9ficie d'une protection de marque de premier ordre<\/strong>.<\/p>\n<p>\ud83d\udd39 <strong>S\u00e9curisez votre marque sur plus de 70 march\u00e9s locaux gr\u00e2ce aux domaines nationaux (ccTLD).<\/strong><br \/>\ud83d\udd39 <strong>Emp\u00eacher l'utilisation non autoris\u00e9e de votre marque sur Internet<\/strong><br \/>\ud83d\udd39 <strong>\u00c9tablir une pr\u00e9sence fiable et l\u00e9gale dans les principales r\u00e9gions \u00e9conomiques du monde<\/strong><\/p>\n\t\t\t\t\t\t\t\t<\/div>\n\t\t\t\t<\/div>\n\t\t\t\t<div class=\"elementor-element elementor-element-5c48c65 elementor-widget elementor-widget-image\" data-id=\"5c48c65\" data-element_type=\"widget\" data-e-type=\"widget\" data-widget_type=\"image.default\">\n\t\t\t\t<div class=\"elementor-widget-container\">\n\t\t\t\t\t\t\t\t\t\t\t\t\t\t\t<img decoding=\"async\" width=\"2457\" height=\"1567\" src=\"https:\/\/eurosalesman.com\/wp-content\/uploads\/dl.beatsnoop.com-3000-wPzkZRQlas.jpg\" class=\"attachment-full size-full wp-image-1199\" alt=\"dl.beatsnoop.com-3000-wPzkZRQlas\" srcset=\"https:\/\/eurosalesman.com\/wp-content\/uploads\/dl.beatsnoop.com-3000-wPzkZRQlas.jpg 2457w, https:\/\/eurosalesman.com\/wp-content\/uploads\/dl.beatsnoop.com-3000-wPzkZRQlas-512x327.jpg 512w, https:\/\/eurosalesman.com\/wp-content\/uploads\/dl.beatsnoop.com-3000-wPzkZRQlas-1024x653.jpg 1024w, https:\/\/eurosalesman.com\/wp-content\/uploads\/dl.beatsnoop.com-3000-wPzkZRQlas-256x163.jpg 256w, https:\/\/eurosalesman.com\/wp-content\/uploads\/dl.beatsnoop.com-3000-wPzkZRQlas-768x490.jpg 768w, https:\/\/eurosalesman.com\/wp-content\/uploads\/dl.beatsnoop.com-3000-wPzkZRQlas-1536x980.jpg 1536w, https:\/\/eurosalesman.com\/wp-content\/uploads\/dl.beatsnoop.com-3000-wPzkZRQlas-2048x1306.jpg 2048w\" sizes=\"(max-width: 2457px) 100vw, 2457px\" \/>\t\t\t\t\t\t\t\t\t\t\t\t\t\t\t<\/div>\n\t\t\t\t<\/div>\n\t\t\t\t<div class=\"elementor-element elementor-element-0fb9bbf elementor-widget elementor-widget-text-editor\" data-id=\"0fb9bbf\" data-element_type=\"widget\" data-e-type=\"widget\" data-widget_type=\"text-editor.default\">\n\t\t\t\t<div class=\"elementor-widget-container\">\n\t\t\t\t\t\t\t\t\t<h3>Protection mondiale de la marque en ligne avec l'ICANN<\/h3>\n<p>Dans le monde num\u00e9rique d'aujourd'hui, votre <strong>la pr\u00e9sence en ligne est tout aussi importante que votre position sur le march\u00e9 physique<\/strong>. <strong>ICANN (Internet Corporation for Assigned Names and Numbers)<\/strong> veille \u00e0 ce que l'image de marque de votre <strong>les noms de domaine restent prot\u00e9g\u00e9s contre le cybersquattage et l'utilisation frauduleuse<\/strong>.<\/p>\n<p>Eurosalesman\u00ae travaille avec l'ICANN pour :<br \/><br \/>\u2705 <strong>S\u00e9curiser les noms de domaine de votre marque sur les principaux march\u00e9s mondiaux<\/strong><br \/>\u2705 <strong>Emp\u00eacher les concurrents d'utiliser abusivement l'identit\u00e9 de votre marque en ligne<\/strong><br \/>\u2705 <strong>Mettre en place des m\u00e9canismes de r\u00e8glement des litiges pour lutter contre les atteintes aux droits de propri\u00e9t\u00e9 intellectuelle<\/strong><\/p>\n<p>Gr\u00e2ce \u00e0 la supervision de l'ICANN, votre marque reste <strong>prot\u00e9g\u00e9 num\u00e9riquement<\/strong> dans le paysage mondial de l'internet.<\/p>\n<p><!-- \/wp:paragraph --><\/p>\t\t\t\t\t\t\t\t<\/div>\n\t\t\t\t<\/div>\n\t\t\t\t<div class=\"elementor-element elementor-element-3fac080 elementor-widget-divider--view-line elementor-widget elementor-widget-divider\" data-id=\"3fac080\" data-element_type=\"widget\" data-e-type=\"widget\" data-widget_type=\"divider.default\">\n\t\t\t\t<div class=\"elementor-widget-container\">\n\t\t\t\t\t\t\t<div class=\"elementor-divider\">\n\t\t\t<span class=\"elementor-divider-separator\">\n\t\t\t\t\t\t<\/span>\n\t\t<\/div>\n\t\t\t\t\t\t<\/div>\n\t\t\t\t<\/div>\n\t\t\t\t<div class=\"elementor-element elementor-element-06aaf2a elementor-widget elementor-widget-text-editor\" data-id=\"06aaf2a\" data-element_type=\"widget\" data-e-type=\"widget\" data-widget_type=\"text-editor.default\">\n\t\t\t\t<div class=\"elementor-widget-container\">\n\t\t\t\t\t\t\t\t\t<h3>Protection internationale des marques avec l'OMPI<\/h3>\n<p>Pour les entreprises qui se d\u00e9veloppent en <strong>les march\u00e9s mondiaux au-del\u00e0 de l'Europe<\/strong>Eurosalesman\u00ae s'associe \u00e0 <strong>OMPI (Organisation mondiale de la propri\u00e9t\u00e9 intellectuelle)<\/strong> \u00e0 offrir :<br \/><br \/>\ud83d\udd39 <strong>Enregistrement d'une marque dans plusieurs pays au moyen d'une demande unique<\/strong><br \/>\ud83d\udd39 <strong>Protection juridique contre les infractions transfrontali\u00e8res<\/strong><br \/>\ud83d\udd39 <strong>Reconnaissance dans le cadre du syst\u00e8me de Madrid pour la s\u00e9curit\u00e9 internationale des marques<\/strong><\/p>\n<p>Le <strong>Syst\u00e8me de Madrid de l'OMPI<\/strong> simplifie <strong>l'enregistrement des marques au niveau mondial<\/strong>En outre, il s'agit de s'assurer que votre <strong>la propri\u00e9t\u00e9 intellectuelle est prot\u00e9g\u00e9e dans plusieurs juridictions sans avoir \u00e0 d\u00e9poser des demandes distinctes<\/strong>.<\/p>\n<p>Avec l'enregistrement soutenu par l'OMPI, votre entreprise b\u00e9n\u00e9ficie de :<br \/><br \/>\u2714\ufe0f <strong>R\u00e9duction des co\u00fbts de d\u00e9p\u00f4t des marques dans plusieurs pays<\/strong><br \/>\u2714\ufe0f <strong>Des d\u00e9lais de traitement plus courts pour la protection des marques internationales<\/strong><br \/>\u2714\ufe0f <strong>Gestion transparente des renouvellements et de l'application de la l\u00e9gislation sur les marques<\/strong><\/p>\n<p><!-- \/wp:paragraph --><\/p>\t\t\t\t\t\t\t\t<\/div>\n\t\t\t\t<\/div>\n\t\t\t\t\t<\/div>\n\t\t\t\t<\/div>\n\t\t<div class=\"elementor-element elementor-element-1150817d e-con-full e-flex e-con e-parent\" data-id=\"1150817d\" data-element_type=\"container\" data-e-type=\"container\" data-settings=\"{&quot;background_background&quot;:&quot;classic&quot;}\">\n\t\t<div class=\"elementor-element elementor-element-30c848fc e-con-full e-flex e-con e-child\" data-id=\"30c848fc\" data-element_type=\"container\" data-e-type=\"container\">\n\t\t\t\t<div class=\"elementor-element elementor-element-5fd159c9 elementor-invisible elementor-widget elementor-widget-heading\" data-id=\"5fd159c9\" data-element_type=\"widget\" data-e-type=\"widget\" data-settings=\"{&quot;_animation&quot;:&quot;fadeIn&quot;}\" data-widget_type=\"heading.default\">\n\t\t\t\t<div class=\"elementor-widget-container\">\n\t\t\t\t\t<h2 class=\"elementor-heading-title elementor-size-default\">Vous voulez donner un coup de fouet \u00e0 votre entreprise d\u00e8s aujourd'hui ?<\/h2>\t\t\t\t<\/div>\n\t\t\t\t<\/div>\n\t\t\t\t<div class=\"elementor-element elementor-element-18a69f95 elementor-invisible elementor-widget elementor-widget-text-editor\" data-id=\"18a69f95\" data-element_type=\"widget\" data-e-type=\"widget\" data-settings=\"{&quot;_animation&quot;:&quot;fadeIn&quot;,&quot;_animation_delay&quot;:300}\" data-widget_type=\"text-editor.default\">\n\t\t\t\t<div class=\"elementor-widget-container\">\n\t\t\t\t\t\t\t\t\t<p>Contactez-nous d\u00e8s aujourd'hui pour savoir comment nous pouvons vous aider \u00e0 atteindre vos objectifs marketing avec pr\u00e9cision et confiance.<\/p>\t\t\t\t\t\t\t\t<\/div>\n\t\t\t\t<\/div>\n\t\t\t\t<div class=\"elementor-element elementor-element-8e2bd2c elementor-align-justify elementor-widget__width-initial elementor-invisible elementor-widget elementor-widget-button\" data-id=\"8e2bd2c\" data-element_type=\"widget\" data-e-type=\"widget\" data-settings=\"{&quot;_animation&quot;:&quot;fadeIn&quot;,&quot;_animation_delay&quot;:600}\" data-widget_type=\"button.default\">\n\t\t\t\t<div class=\"elementor-widget-container\">\n\t\t\t\t\t\t\t\t\t<div class=\"elementor-button-wrapper\">\n\t\t\t\t\t<a class=\"elementor-button elementor-button-link elementor-size-sm\" href=\"https:\/\/eurosalesman.com\/fr\/about\/contact\/\">\n\t\t\t\t\t\t<span class=\"elementor-button-content-wrapper\">\n\t\t\t\t\t\t\t\t\t<span class=\"elementor-button-text\">nous contacter<\/span>\n\t\t\t\t\t<\/span>\n\t\t\t\t\t<\/a>\n\t\t\t\t<\/div>\n\t\t\t\t\t\t\t\t<\/div>\n\t\t\t\t<\/div>\n\t\t\t\t<\/div>\n\t\t<div class=\"elementor-element elementor-element-295d0164 e-con-full e-flex e-con e-child\" data-id=\"295d0164\" data-element_type=\"container\" data-e-type=\"container\" data-settings=\"{&quot;background_background&quot;:&quot;classic&quot;}\">\n\t\t\t\t<\/div>\n\t\t\t\t<\/div>\n\t\t\t\t<\/div>","protected":false},"excerpt":{"rendered":"<p>Les marques sont plus que de simples symboles ou logos ; elles repr\u00e9sentent la r\u00e9putation, la qualit\u00e9 et les valeurs de votre marque. Elles diff\u00e9rencient vos produits et services de ceux de vos concurrents, et une solide protection des marques garantit que votre marque est juridiquement prot\u00e9g\u00e9e contre l'utilisation non autoris\u00e9e, la contrefa\u00e7on et les atteintes \u00e0 la propri\u00e9t\u00e9 intellectuelle. Cela permet non seulement de prot\u00e9ger votre entreprise, mais aussi de renforcer la cr\u00e9dibilit\u00e9 et la fiabilit\u00e9 de votre marque aux yeux des clients.<\/p>","protected":false},"author":3,"featured_media":0,"parent":0,"menu_order":0,"comment_status":"closed","ping_status":"closed","template":"","meta":{"_seopress_robots_primary_cat":"","_seopress_titles_title":"","_seopress_titles_desc":"","_seopress_robots_index":"","footnotes":""},"class_list":["post-1403","page","type-page","status-publish","hentry"],"_links":{"self":[{"href":"https:\/\/eurosalesman.com\/fr\/wp-json\/wp\/v2\/pages\/1403","targetHints":{"allow":["GET"]}}],"collection":[{"href":"https:\/\/eurosalesman.com\/fr\/wp-json\/wp\/v2\/pages"}],"about":[{"href":"https:\/\/eurosalesman.com\/fr\/wp-json\/wp\/v2\/types\/page"}],"author":[{"embeddable":true,"href":"https:\/\/eurosalesman.com\/fr\/wp-json\/wp\/v2\/users\/3"}],"replies":[{"embeddable":true,"href":"https:\/\/eurosalesman.com\/fr\/wp-json\/wp\/v2\/comments?post=1403"}],"version-history":[{"count":13,"href":"https:\/\/eurosalesman.com\/fr\/wp-json\/wp\/v2\/pages\/1403\/revisions"}],"predecessor-version":[{"id":1856,"href":"https:\/\/eurosalesman.com\/fr\/wp-json\/wp\/v2\/pages\/1403\/revisions\/1856"}],"wp:attachment":[{"href":"https:\/\/eurosalesman.com\/fr\/wp-json\/wp\/v2\/media?parent=1403"}],"curies":[{"name":"wp","href":"https:\/\/api.w.org\/{rel}","templated":true}]}}