{"id":1412,"date":"2024-10-09T16:44:54","date_gmt":"2024-10-09T14:44:54","guid":{"rendered":"https:\/\/eurosalesman.com\/?page_id=1412"},"modified":"2024-10-09T16:45:47","modified_gmt":"2024-10-09T14:45:47","slug":"terms-and-conditions","status":"publish","type":"page","link":"https:\/\/eurosalesman.com\/fr\/terms-and-conditions\/","title":{"rendered":"Conditions g\u00e9n\u00e9rales d'utilisation"},"content":{"rendered":"<div data-elementor-type=\"wp-page\" data-elementor-id=\"1412\" class=\"elementor elementor-1412\" data-elementor-post-type=\"page\">\n\t\t\t\t<div class=\"elementor-element elementor-element-c371250 e-flex e-con-boxed e-con e-parent\" data-id=\"c371250\" data-element_type=\"container\" data-e-type=\"container\">\n\t\t\t\t\t<div class=\"e-con-inner\">\n\t\t\t\t<div class=\"elementor-element elementor-element-9b75477 elementor-widget elementor-widget-text-editor\" data-id=\"9b75477\" data-element_type=\"widget\" data-e-type=\"widget\" data-widget_type=\"text-editor.default\">\n\t\t\t\t<div class=\"elementor-widget-container\">\n\t\t\t\t\t\t\t\t\t<h2 class=\"wp-block-heading\">ADS Conditions g\u00e9n\u00e9rales d'utilisation dans le monde entier Eurosalesman AB Sweden Multisite Eurosalesman.com\/eurosalesman.xx<\/h2>\n<p><br \/>Eurosalesman informe ses clients \/ annonceurs que les dispositions suivantes s'appliquent \u00e0 la publicit\u00e9 \/ \u00e0 la publication de mat\u00e9riel sur HYPERLINK \"http : \/\/www.eurosalesman.xx\".<br \/>www.eurosalesman.xx. HYPERLINK \"http : \/\/www.eurosalesman.xx\" L'URL www.eurosalesman.xx est utilis\u00e9e comme terme g\u00e9n\u00e9ral pour toutes les pages pertinentes du portail web Eurosalesman, qui contient la marque d\u00e9pos\u00e9e Eurosalesman\u00ae.<\/p>\n<h3 class=\"wp-block-heading\">Droit externe et origine des marchandises<\/h3>\n<p><br \/>De nombreux produits et services sont r\u00e9gis par des lois qui peuvent varier d'un pays \u00e0 l'autre. Il incombe \u00e0 tous les clients\/annonceurs de s'assurer qu'ils comprennent les lois qui s'appliquent \u00e0 leurs activit\u00e9s\/services\/produits dans chaque pays et d'\u00eatre clairs.<\/p>\n<h3 class=\"wp-block-heading\">Suivre ces lois<\/h3>\n<p><br \/>Le respect de ces lois incombe enti\u00e8rement au client\/annonceur. Si ce n'est pas le cas, Eurosalesman se r\u00e9serve le droit de retirer imm\u00e9diatement le mat\u00e9riel publi\u00e9 sans aucune r\u00e9clamation de la part du client\/propri\u00e9taire. Eurosalesman s'attribue donc \u00e9galement le droit de supprimer les liens dans les annonces\/mat\u00e9riel publi\u00e9 li\u00e9s \u00e0 des pages qui ne sont pas conformes aux lois, \u00e0 la morale ou \u00e0 l'\u00e9thique du pays vis\u00e9.<\/p>\n<h3 class=\"wp-block-heading\"><br \/>Zones particuli\u00e8rement sensibles<\/h3>\n<p><br \/>Les domaines particuli\u00e8rement sensibles sont l'alcool, les casinos, les jeux d'argent, les feux d'artifice, les soins de sant\u00e9, la pornographie et les domaines voisins, les soins de sant\u00e9 et les produits pharmaceutiques, les m\u00e9dicaments et leurs accessoires, les produits du tabac et les armes, etc.<br \/>L'annonceur ne peut pas vendre ou commercialiser des produits contrefaits ou vol\u00e9s.<br \/>www.eurosalesman.xx<\/p>\n<h3 class=\"wp-block-heading\">Contenu de responsabilit\u00e9<\/h3>\n<p><br \/>Bien qu'Eurosalesman AB traite le contenu de chaque site web \u00e0 l'int\u00e9rieur de www.eurosalesman.xx avec la plus grande exactitude possible, Eurosalesman AB ne peut pas toujours garantir un contenu complet et sans faille ou correct. Nous n'assumons aucune responsabilit\u00e9 pour les dommages directs ou indirects r\u00e9sultant de l'utilisation de toutes les pages web HYPERLINK.<br \/>\"http : \/\/www.eurosalesman.xx\" www.eurosalesman.xx.<\/p>\n<h3 class=\"wp-block-heading\">Liens externes<\/h3>\n<p><br \/>Eurosalesman AB n'est pas responsable du contenu des pages web appartenant \u00e0 d'autres soci\u00e9t\u00e9s ou organisations. Cela vaut \u00e9galement pour les liens vers d'autres sites web<br \/>HYPERLINK \"http : \/\/www.eurosalesman.xx\" www.eurosalesman.xx. Ce sont toujours les propri\u00e9taires de ces<br \/>qui sont responsables et contr\u00f4lent le contenu de leurs pages. Si Eurosalesman re\u00e7oit des informations sur des violations de la loi ou d'autres contenus pr\u00e9judiciables \u00e0 quelque titre que ce soit<br \/>les liens sont bien s\u00fbr imm\u00e9diatement supprim\u00e9s.<\/p>\n<h3 class=\"wp-block-heading\">Protection des donn\u00e9es<\/h3>\n<p><br \/>Toutes les informations personnelles fournies \u00e0 HYPERLINK http:\/\/www.eurosalesman.xx www.eurosalesman.xx sont trait\u00e9es de mani\u00e8re tr\u00e8s confidentielle et sont destin\u00e9es \u00e0 fournir<br \/>le client \/ l'annonceur le meilleur service personnel possible. Eurosalesman garantit que toutes les informations de nature personnelle ne seront pas transmises \u00e0 des tiers et assure que les donn\u00e9es confidentielles seront trait\u00e9es avec la plus grande confidentialit\u00e9 conform\u00e9ment \u00e0 la loi sur la protection des donn\u00e9es en vigueur en Su\u00e8de, dans l'UE et dans le GDPR.<\/p>\n<h3 class=\"wp-block-heading\">Marques, enseignes et logos<\/h3>\n<p><br \/>Marques et logos sur HYPERLINK \"http : \/\/www.eurosalesman.xx\"<br \/>www.eurosalesman.xx est la propri\u00e9t\u00e9 du propri\u00e9taire de la marque, m\u00eame si elle ne devrait pas appara\u00eetre clairement sur HYPERLINK \"http : \/\/www.eurosalesman.xx\" www.eurosalesman.xx et Eurosalesman n'autorise l'utilisation de marques\/logos que lorsque la loi l'autorise clairement.<br \/>Il en va de m\u00eame pour le mat\u00e9riel prot\u00e9g\u00e9 par le droit d'auteur qui n'est publi\u00e9 qu'avec l'autorisation du d\u00e9tenteur ou avec l'exception pr\u00e9vue par la loi.<\/p>\n<h3 class=\"wp-block-heading\">Proc\u00e9dure de commande d'annonces et de service de temps publicitaire sur eurosalesman.com et sur les sites locaux Eurosalesman.xx<\/h3>\n<p><br \/>La commande de d\u00e9veloppement d'annonces et donc du service de temps publicitaire sur le site Eurosalesman.com est r\u00e9put\u00e9e avoir eu lieu le jour\/mois\/ann\u00e9e \u00e0 partir du moment o\u00f9 Eurosalesman Sweden AB re\u00e7oit une commande \u00e9lectronique d'un responsable d'achat et que le prix d'achat est pay\u00e9, b\u00e9n\u00e9ficiant ainsi \u00e0 Eurosalesman.com Le responsable d'achat a sign\u00e9 le formulaire de commande. La commande devient contraignante d\u00e8s que les conditions sont remplies. Eurosalesman.com doit confirmer le contenu de la commande. via ads@eurosalesman.com en raison des r\u00e9glementations locales des diff\u00e9rents pays,<br \/><br \/><strong>Droit de refus pour le d\u00e9veloppement et le lancement de la publicit\u00e9<\/strong><br \/>Eurosalesman Sweden AB d\u00e9termine si un projet publicitaire est en conflit avec l'usage traditionnel, les coutumes et les lois d'un pays particulier. Eurosalesman Sweden AB a le droit de refuser les services de d\u00e9veloppement de la publicit\u00e9 et le temps de publicit\u00e9 pour une telle commande sur tous les sites Web locaux. Le remboursement, etc. est effectu\u00e9 conform\u00e9ment aux dispositions relatives \u00e0 l'annulation des projets publicitaires.<br \/><br \/><strong>Lancement d'une publicit\u00e9 et d'un service de temps d'antenne<\/strong><br \/>Le moment du lancement d'une publicit\u00e9 doit \u00eatre d\u00e9termin\u00e9 apr\u00e8s l'ach\u00e8vement de la base publicitaire.<br \/><br \/><strong>Langage de d\u00e9veloppement de la publicit\u00e9<\/strong><br \/>Toute communication entre Eurosalesman Sweden AB et les acheteurs d'annonces doit se faire par courrier \u00e9lectronique en anglais et en su\u00e9dois,<\/p>\n<p><strong>Calcul du d\u00e9lai et date d'\u00e9ch\u00e9ance<\/strong><br \/>Pour le calcul des d\u00e9lais, etc. chez le client, la date de livraison d'Eurosalesman sera consid\u00e9r\u00e9e comme la date de r\u00e9ception du client.<br \/><br \/><strong>Heure du projet d'annonce d'Eurosalesman Sweden AB<\/strong><br \/>Le cas \u00e9ch\u00e9ant, Eurosalesman Sweden AB doit pr\u00e9senter un projet d'annonce au responsable des achats dans un d\u00e9lai de 14 jours \u00e0 compter de la confirmation par Eurosalesman Sweden AB de la commande en cours.<br \/><br \/><strong>Droit du client \u00e0 la correction du mat\u00e9riel publicitaire<\/strong><br \/>La partie qui commande l'\u00e9laboration du mat\u00e9riel publicitaire pour une publicit\u00e9 compl\u00e8te<br \/>Eurosalesman Sweden AB peut exiger la correction du mat\u00e9riel publicitaire command\u00e9 dans des limites raisonnables, notamment en ce qui concerne la palette de couleurs, la mise en page du texte, etc. Max. 3 corrections \u00e9crites par e-mail dans un d\u00e9lai de 15 jours \u00e0 compter de la r\u00e9ception du premier projet de publicit\u00e9 d'Eurosalesman. Pour que cette disposition soit valable, le client\/destinataire doit envoyer \u00e0 Eurosalesman, dans les 7 jours suivant la r\u00e9ception du premier projet d'annonce, un courrier \u00e9lectronique contenant des commentaires\/corrections sur le projet d'annonce initial.<br \/><br \/><strong>Dispositions relatives \u00e0 l'absence de correction dans le d\u00e9lai imparti<\/strong><br \/>A d\u00e9faut de commentaires\/corrections dans un d\u00e9lai de 7 jours, le premier projet d'annonce d'Eurosalesman sera consid\u00e9r\u00e9 comme approuv\u00e9 par le responsable des achats en l'\u00e9tat, un achat sera initi\u00e9 entre les parties et le service sera r\u00e9put\u00e9 livr\u00e9.<br \/>Ce qui pr\u00e9c\u00e8de s'applique \u00e9galement au droit de correction\/commentaire dans un d\u00e9lai de 15 jours. Le d\u00e9lai est de 7 jours \u00e0 compter de la date de la premi\u00e8re correction. Si le responsable des achats n'a pas contact\u00e9 Eurosalesman, l'achat du produit en question aupr\u00e8s d'Eurosalesman sera consid\u00e9r\u00e9 comme ayant eu lieu.<br \/><br \/><strong>Propri\u00e9t\u00e9 de la publicit\u00e9<\/strong><br \/>Apr\u00e8s la fin de la p\u00e9riode de publicit\u00e9, le responsable des achats a droit au mat\u00e9riel publicitaire d\u00e9velopp\u00e9 par Eurosalesman dans son \u00e9tat actuel. Les services associ\u00e9s, etc. doivent \u00eatre renouvel\u00e9s par les parties conform\u00e9ment \u00e0 l'accord.<\/p>\n<p><strong>Dispositions relatives \u00e0 l'annulation des projets de publicit\u00e9<\/strong><br \/>En cas d'annulation d'un projet publicitaire command\u00e9, les dispositions suivantes s'appliquent.<br \/>En g\u00e9n\u00e9ral, Eurosalesman Sweden AB et le responsable des achats s'efforcent de parvenir \u00e0 un consensus.<br \/>Le responsable des achats a droit au remboursement d'un paiement anticip\u00e9 pour la location du temps d'annonce du service pour chaque espace publicitaire command\u00e9 par le responsable des achats au cours de la p\u00e9riode concern\u00e9e, sauf si les parties sont d\u00e9j\u00e0 parvenues \u00e0 un accord et qu'elles ont \u00e9ventuellement transmis par courrier \u00e9lectronique au responsable des achats le mat\u00e9riel n\u00e9cessaire \u00e0 l'\u00e9laboration des annonces.<\/p>\n<p><strong>Les conditions suivantes doivent \u00eatre respect\u00e9es pour le remboursement de l'avance de loyer pour le service d'affichage :<\/strong><br \/>La demande doit \u00eatre faite par \u00e9crit, envoy\u00e9e par courriel \u00e0 ads@eurosalesman.com et \u00e9mise par un responsable des achats. La demande doit contenir un compte ainsi que toutes les informations financi\u00e8res n\u00e9cessaires pour faciliter cette transaction. Tous les co\u00fbts et les transactions qui en d\u00e9coulent sont pris en charge par le gestionnaire des achats et sont d\u00e9duits de la somme d'achat rembours\u00e9e.<br \/>La date d'annulation doit \u00eatre ant\u00e9rieure \u00e0 l'accus\u00e9 de r\u00e9ception de la commande ou au premier projet d'annonce d'Eurosalesman. Ensuite, 1 \u00e0 6 jours apr\u00e8s le premier projet d'annonce d'Eurosalesman, puis 1 \u00e0 6 jours apr\u00e8s la p\u00e9riode de correction\/commentaire de 15 jours du projet d'annonce. .<br \/>Si les conditions ci-dessus ne sont pas respect\u00e9es, l'annulation de l'annonce risque de ne pas \u00eatre valable, auquel cas aucune somme ne vous sera rembours\u00e9e.<br \/>Si vous avez des questions ou des pr\u00e9occupations concernant la publicit\u00e9, veuillez envoyer un courriel \u00e0 ads@eurosalesman.com.<\/p>\n<h3 class=\"wp-block-heading\">Les litiges<\/h3>\n<p>Les litiges li\u00e9s au pr\u00e9sent accord et \u00e0 d'autres contextes connexes HYPERLINK \"http : \/\/www.eurosalesman.xx\"<br \/>www.eurosalesman.xx. HYPERLINK \"http : \/\/www.eurosalesman.xx\" L'URL www.eurosalesman.xx est utilis\u00e9e comme terme g\u00e9n\u00e9ral pour toutes les pages pertinentes du portail web Eurosalesman, qui contient la marque d\u00e9pos\u00e9e Eurosalesman\u00ae et le nom de l'entreprise.<br \/>avec Eurosalesman Sweden AB, c'est uniquement la version anglaise \/ su\u00e9doise qui s'applique et constitue la base de tous les contacts concernant les litiges avec Eurosalesman.world\/Eurosalesman Sweden AB. Les litiges seront r\u00e9gl\u00e9s par arbitrage conform\u00e9ment aux r\u00e8gles d'arbitrage simplifi\u00e9 de l'Institut d'arbitrage de la Chambre de commerce de Stockholm. Le si\u00e8ge de la proc\u00e9dure d'arbitrage est Stockholm. La langue de la proc\u00e9dure est l'anglais ou le su\u00e9dois, ou le droit communautaire applicable au litige.<\/p>\t\t\t\t\t\t\t\t<\/div>\n\t\t\t\t<\/div>\n\t\t\t\t\t<\/div>\n\t\t\t\t<\/div>\n\t\t\t\t<\/div>","protected":false},"excerpt":{"rendered":"<p>ADS Conditions g\u00e9n\u00e9rales Eurosalesman AB Su\u00e8de Multisite Eurosalesman.com\/eurosalesman.xx Eurosalesman informe ses clients \/ annonceurs que les dispositions suivantes s'appliquent \u00e0 la publicit\u00e9 \/ \u00e0 la publication de mat\u00e9riel sur HYPERLINK \"http : \/\/www.eurosalesman.xx \"www.eurosalesman.xx. HYPERLINK \"http : \/\/www.eurosalesman.xx\" L'URL www.eurosalesman.xx est utilis\u00e9e comme terme g\u00e9n\u00e9ral pour toutes les pages pertinentes du portail web Eurosalesman, contenant la marque d\u00e9pos\u00e9e Eurosalesman\u00ae. Lois externes et [...]<\/p>","protected":false},"author":3,"featured_media":0,"parent":0,"menu_order":0,"comment_status":"closed","ping_status":"closed","template":"","meta":{"_seopress_robots_primary_cat":"","_seopress_titles_title":"","_seopress_titles_desc":"","_seopress_robots_index":"","footnotes":""},"class_list":["post-1412","page","type-page","status-publish","hentry"],"_links":{"self":[{"href":"https:\/\/eurosalesman.com\/fr\/wp-json\/wp\/v2\/pages\/1412","targetHints":{"allow":["GET"]}}],"collection":[{"href":"https:\/\/eurosalesman.com\/fr\/wp-json\/wp\/v2\/pages"}],"about":[{"href":"https:\/\/eurosalesman.com\/fr\/wp-json\/wp\/v2\/types\/page"}],"author":[{"embeddable":true,"href":"https:\/\/eurosalesman.com\/fr\/wp-json\/wp\/v2\/users\/3"}],"replies":[{"embeddable":true,"href":"https:\/\/eurosalesman.com\/fr\/wp-json\/wp\/v2\/comments?post=1412"}],"version-history":[{"count":4,"href":"https:\/\/eurosalesman.com\/fr\/wp-json\/wp\/v2\/pages\/1412\/revisions"}],"predecessor-version":[{"id":1416,"href":"https:\/\/eurosalesman.com\/fr\/wp-json\/wp\/v2\/pages\/1412\/revisions\/1416"}],"wp:attachment":[{"href":"https:\/\/eurosalesman.com\/fr\/wp-json\/wp\/v2\/media?parent=1412"}],"curies":[{"name":"wp","href":"https:\/\/api.w.org\/{rel}","templated":true}]}}