{"id":2167,"date":"2025-03-07T12:09:01","date_gmt":"2025-03-07T11:09:01","guid":{"rendered":"https:\/\/eurosalesman.com\/?page_id=2167"},"modified":"2025-03-19T14:53:29","modified_gmt":"2025-03-19T13:53:29","slug":"country-code-cctld","status":"publish","type":"page","link":"https:\/\/eurosalesman.com\/fr\/country-code-cctld\/","title":{"rendered":"Code pays (ccTLD)"},"content":{"rendered":"<div data-elementor-type=\"wp-page\" data-elementor-id=\"2167\" class=\"elementor elementor-2167\" data-elementor-post-type=\"page\">\n\t\t\t\t<div class=\"elementor-element elementor-element-5d7bb604 e-con-full e-flex e-con e-parent\" data-id=\"5d7bb604\" data-element_type=\"container\" data-e-type=\"container\" data-settings=\"{&quot;background_background&quot;:&quot;classic&quot;}\">\n\t\t<div class=\"elementor-element elementor-element-7b7bafc4 e-flex e-con-boxed e-con e-child\" data-id=\"7b7bafc4\" data-element_type=\"container\" data-e-type=\"container\">\n\t\t\t\t\t<div class=\"e-con-inner\">\n\t\t\t\t<div class=\"elementor-element elementor-element-5de76a46 elementor-invisible elementor-widget elementor-widget-heading\" data-id=\"5de76a46\" data-element_type=\"widget\" data-e-type=\"widget\" data-settings=\"{&quot;_animation&quot;:&quot;fadeIn&quot;}\" data-widget_type=\"heading.default\">\n\t\t\t\t<div class=\"elementor-widget-container\">\n\t\t\t\t\t<h1 class=\"elementor-heading-title elementor-size-default\">Code pays (ccTLD)<\/h1>\t\t\t\t<\/div>\n\t\t\t\t<\/div>\n\t\t\t\t\t<\/div>\n\t\t\t\t<\/div>\n\t\t\t\t<div class=\"elementor-element elementor-element-2e243b62 elementor-widget__width-initial elementor-absolute elementor-widget-mobile__width-inherit elementor-invisible elementor-widget elementor-widget-image\" data-id=\"2e243b62\" data-element_type=\"widget\" data-e-type=\"widget\" data-settings=\"{&quot;_position&quot;:&quot;absolute&quot;,&quot;_animation&quot;:&quot;slideInRight&quot;}\" data-widget_type=\"image.default\">\n\t\t\t\t<div class=\"elementor-widget-container\">\n\t\t\t\t\t\t\t\t\t\t\t\t\t\t\t<img fetchpriority=\"high\" decoding=\"async\" width=\"2048\" height=\"1305\" src=\"https:\/\/eurosalesman.com\/wp-content\/uploads\/cctld.jpg\" class=\"attachment-full size-full wp-image-2170\" alt=\"cctld\" srcset=\"https:\/\/eurosalesman.com\/wp-content\/uploads\/cctld.jpg 2048w, https:\/\/eurosalesman.com\/wp-content\/uploads\/cctld-512x326.jpg 512w, https:\/\/eurosalesman.com\/wp-content\/uploads\/cctld-1024x653.jpg 1024w, https:\/\/eurosalesman.com\/wp-content\/uploads\/cctld-256x163.jpg 256w, https:\/\/eurosalesman.com\/wp-content\/uploads\/cctld-768x489.jpg 768w, https:\/\/eurosalesman.com\/wp-content\/uploads\/cctld-1536x979.jpg 1536w, https:\/\/eurosalesman.com\/wp-content\/uploads\/cctld-600x382.jpg 600w\" sizes=\"(max-width: 2048px) 100vw, 2048px\" \/>\t\t\t\t\t\t\t\t\t\t\t\t\t\t\t<\/div>\n\t\t\t\t<\/div>\n\t\t\t\t<\/div>\n\t\t<div class=\"elementor-element elementor-element-0db3aaa e-flex e-con-boxed e-con e-parent\" data-id=\"0db3aaa\" data-element_type=\"container\" data-e-type=\"container\">\n\t\t\t\t\t<div class=\"e-con-inner\">\n\t\t\t\t<div class=\"elementor-element elementor-element-0055d70 elementor-widget-divider--view-line elementor-widget elementor-widget-divider\" data-id=\"0055d70\" data-element_type=\"widget\" data-e-type=\"widget\" data-widget_type=\"divider.default\">\n\t\t\t\t<div class=\"elementor-widget-container\">\n\t\t\t\t\t\t\t<div class=\"elementor-divider\">\n\t\t\t<span class=\"elementor-divider-separator\">\n\t\t\t\t\t\t<\/span>\n\t\t<\/div>\n\t\t\t\t\t\t<\/div>\n\t\t\t\t<\/div>\n\t\t<div class=\"elementor-element elementor-element-f2edc47 e-con-full e-flex e-con e-child\" data-id=\"f2edc47\" data-element_type=\"container\" data-e-type=\"container\">\n\t\t\t\t<div class=\"elementor-element elementor-element-f23dc2f elementor-widget elementor-widget-heading\" data-id=\"f23dc2f\" data-element_type=\"widget\" data-e-type=\"widget\" data-widget_type=\"heading.default\">\n\t\t\t\t<div class=\"elementor-widget-container\">\n\t\t\t\t\t<h2 class=\"elementor-heading-title elementor-size-default\">Le local est roi - Soci\u00e9t\u00e9 de vente Eurosalesman<\/h2>\t\t\t\t<\/div>\n\t\t\t\t<\/div>\n\t\t\t\t<div class=\"elementor-element elementor-element-f20cd5e elementor-widget elementor-widget-text-editor\" data-id=\"f20cd5e\" data-element_type=\"widget\" data-e-type=\"widget\" data-widget_type=\"text-editor.default\">\n\t\t\t\t<div class=\"elementor-widget-container\">\n\t\t\t\t\t\t\t\t\t<div class=\"\"><span class=\"\" style=\"font-size: large;\"><span class=\"\"><b class=\"\">Renforcez votre marque avec un v\u00e9ritable domaine de premier niveau local \u00e0 l'\u00e9chelle mondiale \u00e0 partir du r\u00e9seau Eurosalesman\u00ae.<\/b><\/span><\/span><\/div><div class=\"\"><span class=\"\" style=\"font-size: large;\"><span class=\"\">Des \u00e9tudes montrent que pr\u00e8s de 90% de la population locale pr\u00e9f\u00e8re faire des affaires sur leur propre site web national.<\/span><\/span><\/div><div class=\"\"><span class=\"\" style=\"font-size: large;\"><span class=\"\">Un v\u00e9ritable domaine national de premier niveau vous offre une visibilit\u00e9 et des possibilit\u00e9s de recherche accrues et renforce la confiance de la population locale dans votre offre en ligne.<\/span><\/span><\/div><div class=\"\">\u00a0<\/div><div class=\"\"><span class=\"\" style=\"font-size: large;\"><span class=\"\"><b class=\"\">Les avantages de travailler en ligne sous des domaines nationaux de premier niveau locaux<\/b><\/span><\/span><\/div><div class=\"\"><span class=\"\" style=\"font-size: large;\"><span class=\"\"><b class=\"\">R\u00e9duire les risques et les co\u00fbts :<\/b><\/span><\/span><span class=\"\"> \u00c9viter les d\u00e9penses inutiles li\u00e9es \u00e0 la protection des marques et aux litiges juridiques.<\/span><\/div><div class=\"\"><span class=\"\" style=\"font-size: large;\"><span class=\"\"><b class=\"\">Prot\u00e9gez votre marque<\/b><\/span><\/span><span class=\"\">: Emp\u00eacher les concurrents ou les fraudeurs d'exploiter votre nom.<\/span><\/div><div class=\"\"><span class=\"\" style=\"font-size: large;\"><span class=\"\"><b class=\"\">Renforcez votre pr\u00e9sence<\/b><\/span><\/span><span class=\"\">: Renforcer votre marque et instaurer un climat de confiance sur le march\u00e9 local et national.<\/span><\/div><p><!-- \/wp:paragraph --><\/p>\t\t\t\t\t\t\t\t<\/div>\n\t\t\t\t<\/div>\n\t\t\t\t<div class=\"elementor-element elementor-element-fbe575f elementor-widget elementor-widget-image\" data-id=\"fbe575f\" data-element_type=\"widget\" data-e-type=\"widget\" data-widget_type=\"image.default\">\n\t\t\t\t<div class=\"elementor-widget-container\">\n\t\t\t\t\t\t\t\t\t\t\t\t\t\t\t<img decoding=\"async\" width=\"2048\" height=\"1331\" src=\"https:\/\/eurosalesman.com\/wp-content\/uploads\/country-code-access.jpg\" class=\"attachment-full size-full wp-image-2174\" alt=\"country code access\" srcset=\"https:\/\/eurosalesman.com\/wp-content\/uploads\/country-code-access.jpg 2048w, https:\/\/eurosalesman.com\/wp-content\/uploads\/country-code-access-512x333.jpg 512w, https:\/\/eurosalesman.com\/wp-content\/uploads\/country-code-access-1024x666.jpg 1024w, https:\/\/eurosalesman.com\/wp-content\/uploads\/country-code-access-256x166.jpg 256w, https:\/\/eurosalesman.com\/wp-content\/uploads\/country-code-access-768x499.jpg 768w, https:\/\/eurosalesman.com\/wp-content\/uploads\/country-code-access-1536x998.jpg 1536w, https:\/\/eurosalesman.com\/wp-content\/uploads\/country-code-access-600x390.jpg 600w\" sizes=\"(max-width: 2048px) 100vw, 2048px\" \/>\t\t\t\t\t\t\t\t\t\t\t\t\t\t\t<\/div>\n\t\t\t\t<\/div>\n\t\t\t\t<div class=\"elementor-element elementor-element-c2cc4d9 elementor-widget elementor-widget-text-editor\" data-id=\"c2cc4d9\" data-element_type=\"widget\" data-e-type=\"widget\" data-widget_type=\"text-editor.default\">\n\t\t\t\t<div class=\"elementor-widget-container\">\n\t\t\t\t\t\t\t\t\t<h3 data-start=\"914\" data-end=\"978\"><strong data-start=\"918\" data-end=\"976\">Les avantages des domaines de march\u00e9 (ccTLD) pour les entreprises<\/strong><\/h3><h4 data-start=\"980\" data-end=\"1024\"><strong data-start=\"985\" data-end=\"1022\">1. Visibilit\u00e9 dans les moteurs de recherche locaux<\/strong><\/h4><p data-start=\"1025\" data-end=\"1275\">Moteurs de recherche <strong data-start=\"1040\" data-end=\"1061\">donner la priorit\u00e9 aux ccTLD<\/strong> lorsqu'il s'agit de produire des r\u00e9sultats sp\u00e9cifiques \u00e0 un pays. Si une entreprise op\u00e8re en <strong data-start=\"1130\" data-end=\"1140\">France<\/strong>, a <strong data-start=\"1144\" data-end=\"1158\">Domaine .fr<\/strong> signale \u00e0 Google qu'il est <strong data-start=\"1188\" data-end=\"1222\">plus pertinent pour les utilisateurs fran\u00e7ais<\/strong>, ce qui conduit \u00e0 <strong data-start=\"1235\" data-end=\"1254\">des classements plus \u00e9lev\u00e9s<\/strong> dans les recherches locales.<\/p><h4 data-start=\"1277\" data-end=\"1322\"><strong data-start=\"1282\" data-end=\"1320\">2. Confiance et cr\u00e9dibilit\u00e9 accrues<\/strong><\/h4><p data-start=\"1323\" data-end=\"1534\">Les consommateurs sont plus enclins \u00e0 s'int\u00e9resser \u00e0 un site web qui <strong data-start=\"1379\" data-end=\"1394\">se sent local<\/strong>. Une entreprise qui utilise un <strong data-start=\"1415\" data-end=\"1440\">Domaine .de en Allemagne<\/strong> appara\u00eet plus <strong data-start=\"1454\" data-end=\"1485\">digne de confiance et bien \u00e9tablie<\/strong> qu'un domaine g\u00e9n\u00e9rique comme <strong data-start=\"1523\" data-end=\"1531\">.com<\/strong>.<\/p><h4 data-start=\"1536\" data-end=\"1583\"><strong data-start=\"1541\" data-end=\"1581\">3. Respect des r\u00e9glementations locales<\/strong><\/h4><p data-start=\"1584\" data-end=\"1853\">De nombreux pays <strong data-start=\"1599\" data-end=\"1610\">exiger<\/strong> ou <strong data-start=\"1614\" data-end=\"1632\">tr\u00e8s favorable<\/strong> les entreprises qui op\u00e8rent dans le cadre de leur <strong data-start=\"1669\" data-end=\"1685\">les ccTLD locaux<\/strong> pour des raisons juridiques et de conformit\u00e9 des donn\u00e9es. Le fait de disposer d'un <strong data-start=\"1734\" data-end=\"1760\">domaine sp\u00e9cifique au march\u00e9<\/strong> veille \u00e0 ce que les entreprises respectent <strong data-start=\"1792\" data-end=\"1815\">lignes directrices r\u00e9gionales<\/strong> et \u00e9viter les restrictions inutiles.<\/p><h4 data-start=\"1855\" data-end=\"1892\"><strong data-start=\"1860\" data-end=\"1890\">4. Des taux de conversion plus \u00e9lev\u00e9s<\/strong><\/h4><p data-start=\"1893\" data-end=\"2127\">Les domaines localis\u00e9s conduisent \u00e0 <strong data-start=\"1919\" data-end=\"1966\">des taux d'engagement et de conversion plus \u00e9lev\u00e9s<\/strong>. Les clients sont plus susceptibles d'acheter aupr\u00e8s d'un <strong data-start=\"2013\" data-end=\"2071\">l'entreprise avec un domaine qui correspond \u00e0 sa localisation<\/strong>, renfor\u00e7ant ainsi une <strong data-start=\"2087\" data-end=\"2124\">sentiment de familiarit\u00e9 et de s\u00e9curit\u00e9<\/strong>.<\/p><h4 data-start=\"2129\" data-end=\"2177\"><strong data-start=\"2134\" data-end=\"2175\">5. Avantage concurrentiel sur les march\u00e9s mondiaux<\/strong><\/h4><p data-start=\"2178\" data-end=\"2412\">Les entreprises poss\u00e9dant plusieurs ccTLD peuvent <strong data-start=\"2214\" data-end=\"2255\">s'\u00e9tendre strat\u00e9giquement \u00e0 de nouveaux march\u00e9s<\/strong> tout en maintenant <strong data-start=\"2274\" data-end=\"2318\">des efforts localis\u00e9s en mati\u00e8re d'image de marque et de marketing<\/strong>. Il s'agit l\u00e0 d'un avantage unique par rapport aux concurrents qui s'appuient uniquement sur la technologie de l'information. <strong data-start=\"2390\" data-end=\"2409\">domaines g\u00e9n\u00e9riques<\/strong>.<\/p><p><!-- \/wp:paragraph --><\/p>\t\t\t\t\t\t\t\t<\/div>\n\t\t\t\t<\/div>\n\t\t\t\t<div class=\"elementor-element elementor-element-4d29544 elementor-widget-divider--view-line elementor-widget elementor-widget-divider\" data-id=\"4d29544\" data-element_type=\"widget\" data-e-type=\"widget\" data-widget_type=\"divider.default\">\n\t\t\t\t<div class=\"elementor-widget-container\">\n\t\t\t\t\t\t\t<div class=\"elementor-divider\">\n\t\t\t<span class=\"elementor-divider-separator\">\n\t\t\t\t\t\t<\/span>\n\t\t<\/div>\n\t\t\t\t\t\t<\/div>\n\t\t\t\t<\/div>\n\t\t\t\t<div class=\"elementor-element elementor-element-39892c7 elementor-widget elementor-widget-text-editor\" data-id=\"39892c7\" data-element_type=\"widget\" data-e-type=\"widget\" data-widget_type=\"text-editor.default\">\n\t\t\t\t<div class=\"elementor-widget-container\">\n\t\t\t\t\t\t\t\t\t<h3 data-start=\"2419\" data-end=\"2480\"><strong data-start=\"2423\" data-end=\"2478\">Comment Eurosalesman\u00ae exploite les domaines du march\u00e9 (ccTLD)<\/strong><\/h3><p data-start=\"2482\" data-end=\"2667\">Eurosalesman\u00ae op\u00e8re une <strong data-start=\"2507\" data-end=\"2553\">r\u00e9seau de plus de 70 domaines du march\u00e9 national<\/strong> pour donner aux entreprises une <strong data-start=\"2576\" data-end=\"2618\">un avantage exclusif et l\u00e9galement prot\u00e9g\u00e9<\/strong> sur les march\u00e9s mondiaux. Notre strat\u00e9gie ccTLD garantit :<\/p><p data-start=\"2669\" data-end=\"2908\">\u2714 <strong data-start=\"2671\" data-end=\"2725\">Exposition maximale aux moteurs de recherche dans les pays cibles<\/strong><br data-start=\"2725\" data-end=\"2728\" \/>\u2714 <strong data-start=\"2730\" data-end=\"2777\">Visibilit\u00e9 g\u00e9ocibl\u00e9e pour les publics locaux<\/strong><br data-start=\"2777\" data-end=\"2780\" \/>\u2714 <strong data-start=\"2782\" data-end=\"2822\">Une pr\u00e9sence commerciale l\u00e9galement reconnue<\/strong> avec un marketing ax\u00e9 sur la conformit\u00e9<br data-start=\"2854\" data-end=\"2857\" \/>\u2714 <strong data-start=\"2859\" data-end=\"2906\">Renforcement de l'autorit\u00e9 de la marque et de la confiance des consommateurs<\/strong><\/p><p data-start=\"2910\" data-end=\"2996\"><strong data-start=\"2910\" data-end=\"2994\">Avec Eurosalesman\u00ae, les entreprises ne se contentent pas de s'\u00e9tendre au niveau mondial, elles dominent au niveau local.<\/strong><\/p><p><!-- \/wp:paragraph --><\/p>\t\t\t\t\t\t\t\t<\/div>\n\t\t\t\t<\/div>\n\t\t\t\t<div class=\"elementor-element elementor-element-1d71e2b elementor-widget-divider--view-line elementor-widget elementor-widget-divider\" data-id=\"1d71e2b\" data-element_type=\"widget\" data-e-type=\"widget\" data-widget_type=\"divider.default\">\n\t\t\t\t<div class=\"elementor-widget-container\">\n\t\t\t\t\t\t\t<div class=\"elementor-divider\">\n\t\t\t<span class=\"elementor-divider-separator\">\n\t\t\t\t\t\t<\/span>\n\t\t<\/div>\n\t\t\t\t\t\t<\/div>\n\t\t\t\t<\/div>\n\t\t\t\t<div class=\"elementor-element elementor-element-68afeba elementor-widget elementor-widget-text-editor\" data-id=\"68afeba\" data-element_type=\"widget\" data-e-type=\"widget\" data-widget_type=\"text-editor.default\">\n\t\t\t\t<div class=\"elementor-widget-container\">\n\t\t\t\t\t\t\t\t\t<h3 data-start=\"3003\" data-end=\"3050\"><strong data-start=\"3007\" data-end=\"3048\">Commencez d\u00e8s aujourd'hui avec Market Domains<\/strong><\/h3><p data-start=\"3052\" data-end=\"3294\">D\u00e9verrouillez la puissance de <strong data-start=\"3072\" data-end=\"3099\">domaines sp\u00e9cifiques au march\u00e9<\/strong> et d'\u00e9tablir votre pr\u00e9sence dans les r\u00e9gions cl\u00e9s gr\u00e2ce \u00e0 la <strong data-start=\"3152\" data-end=\"3192\">seul r\u00e9seau de ccTLD l\u00e9galement prot\u00e9g\u00e9s<\/strong> disponibles. Contactez-nous d\u00e8s aujourd'hui et faites le premier pas vers <strong data-start=\"3252\" data-end=\"3292\">un succ\u00e8s local \u00e0 l'\u00e9chelle mondiale.<\/strong><\/p><p><!-- \/wp:paragraph --><\/p>\t\t\t\t\t\t\t\t<\/div>\n\t\t\t\t<\/div>\n\t\t\t\t<\/div>\n\t\t\t\t\t<\/div>\n\t\t\t\t<\/div>\n\t\t<div class=\"elementor-element elementor-element-61cfcbfb e-con-full e-flex e-con e-parent\" data-id=\"61cfcbfb\" data-element_type=\"container\" data-e-type=\"container\" data-settings=\"{&quot;background_background&quot;:&quot;classic&quot;}\">\n\t\t<div class=\"elementor-element elementor-element-4c0ceb8a e-con-full e-flex e-con e-child\" data-id=\"4c0ceb8a\" data-element_type=\"container\" data-e-type=\"container\">\n\t\t\t\t<div class=\"elementor-element elementor-element-7d1f4c5 elementor-invisible elementor-widget elementor-widget-heading\" data-id=\"7d1f4c5\" data-element_type=\"widget\" data-e-type=\"widget\" data-settings=\"{&quot;_animation&quot;:&quot;fadeIn&quot;}\" data-widget_type=\"heading.default\">\n\t\t\t\t<div class=\"elementor-widget-container\">\n\t\t\t\t\t<h2 class=\"elementor-heading-title elementor-size-default\">Vous voulez donner un coup de fouet \u00e0 votre entreprise d\u00e8s aujourd'hui ?<\/h2>\t\t\t\t<\/div>\n\t\t\t\t<\/div>\n\t\t\t\t<div class=\"elementor-element elementor-element-b439ed7 elementor-invisible elementor-widget elementor-widget-text-editor\" data-id=\"b439ed7\" data-element_type=\"widget\" data-e-type=\"widget\" data-settings=\"{&quot;_animation&quot;:&quot;fadeIn&quot;,&quot;_animation_delay&quot;:300}\" data-widget_type=\"text-editor.default\">\n\t\t\t\t<div class=\"elementor-widget-container\">\n\t\t\t\t\t\t\t\t\t<p>Contactez-nous d\u00e8s aujourd'hui pour savoir comment nous pouvons vous aider \u00e0 atteindre vos objectifs marketing avec pr\u00e9cision et confiance.<\/p>\t\t\t\t\t\t\t\t<\/div>\n\t\t\t\t<\/div>\n\t\t\t\t<div class=\"elementor-element elementor-element-5f44ea22 elementor-align-justify elementor-widget__width-initial elementor-invisible elementor-widget elementor-widget-button\" data-id=\"5f44ea22\" data-element_type=\"widget\" data-e-type=\"widget\" data-settings=\"{&quot;_animation&quot;:&quot;fadeIn&quot;,&quot;_animation_delay&quot;:600}\" data-widget_type=\"button.default\">\n\t\t\t\t<div class=\"elementor-widget-container\">\n\t\t\t\t\t\t\t\t\t<div class=\"elementor-button-wrapper\">\n\t\t\t\t\t<a class=\"elementor-button elementor-button-link elementor-size-sm\" href=\"https:\/\/eurosalesman.com\/fr\/about\/contact\/\">\n\t\t\t\t\t\t<span class=\"elementor-button-content-wrapper\">\n\t\t\t\t\t\t\t\t\t<span class=\"elementor-button-text\">nous contacter<\/span>\n\t\t\t\t\t<\/span>\n\t\t\t\t\t<\/a>\n\t\t\t\t<\/div>\n\t\t\t\t\t\t\t\t<\/div>\n\t\t\t\t<\/div>\n\t\t\t\t<\/div>\n\t\t<div class=\"elementor-element elementor-element-36074ed6 e-con-full e-flex e-con e-child\" data-id=\"36074ed6\" data-element_type=\"container\" data-e-type=\"container\" data-settings=\"{&quot;background_background&quot;:&quot;classic&quot;}\">\n\t\t\t\t<\/div>\n\t\t\t\t<\/div>\n\t\t\t\t<\/div>","protected":false},"excerpt":{"rendered":"<p>Le local est roi - Soci\u00e9t\u00e9 de vente Eurosalesman\u00ae Renforcez votre marque avec un v\u00e9ritable domaine de premier niveau local dans le monde entier \u00e0 partir du r\u00e9seau Eurosalesman\u00aeLes \u00e9tudes montrent que pr\u00e8s de 90% de la population locale pr\u00e9f\u00e8re faire des affaires sur leurs propres sites Web nationauxUn v\u00e9ritable domaine de premier niveau national vous donne une visibilit\u00e9 et une facilit\u00e9 de recherche accrues et renforce la confiance de la population locale [...]<\/p>","protected":false},"author":3,"featured_media":2170,"parent":0,"menu_order":0,"comment_status":"closed","ping_status":"closed","template":"","meta":{"_seopress_robots_primary_cat":"","_seopress_titles_title":"","_seopress_titles_desc":"","_seopress_robots_index":"","footnotes":""},"class_list":["post-2167","page","type-page","status-publish","has-post-thumbnail","hentry"],"_links":{"self":[{"href":"https:\/\/eurosalesman.com\/fr\/wp-json\/wp\/v2\/pages\/2167","targetHints":{"allow":["GET"]}}],"collection":[{"href":"https:\/\/eurosalesman.com\/fr\/wp-json\/wp\/v2\/pages"}],"about":[{"href":"https:\/\/eurosalesman.com\/fr\/wp-json\/wp\/v2\/types\/page"}],"author":[{"embeddable":true,"href":"https:\/\/eurosalesman.com\/fr\/wp-json\/wp\/v2\/users\/3"}],"replies":[{"embeddable":true,"href":"https:\/\/eurosalesman.com\/fr\/wp-json\/wp\/v2\/comments?post=2167"}],"version-history":[{"count":16,"href":"https:\/\/eurosalesman.com\/fr\/wp-json\/wp\/v2\/pages\/2167\/revisions"}],"predecessor-version":[{"id":2285,"href":"https:\/\/eurosalesman.com\/fr\/wp-json\/wp\/v2\/pages\/2167\/revisions\/2285"}],"wp:featuredmedia":[{"embeddable":true,"href":"https:\/\/eurosalesman.com\/fr\/wp-json\/wp\/v2\/media\/2170"}],"wp:attachment":[{"href":"https:\/\/eurosalesman.com\/fr\/wp-json\/wp\/v2\/media?parent=2167"}],"curies":[{"name":"wp","href":"https:\/\/api.w.org\/{rel}","templated":true}]}}