{"id":2247,"date":"2025-03-19T13:47:31","date_gmt":"2025-03-19T12:47:31","guid":{"rendered":"https:\/\/eurosalesman.com\/?page_id=2247"},"modified":"2025-04-02T17:19:53","modified_gmt":"2025-04-02T15:19:53","slug":"global-shop","status":"publish","type":"page","link":"https:\/\/eurosalesman.com\/fr\/global-shop\/","title":{"rendered":"Boutique"},"content":{"rendered":"<div data-elementor-type=\"wp-page\" data-elementor-id=\"2247\" class=\"elementor elementor-2247\" data-elementor-post-type=\"page\">\n\t\t\t\t<div class=\"elementor-element elementor-element-4d36ea0 e-grid e-con-full e-con e-parent\" data-id=\"4d36ea0\" data-element_type=\"container\" data-e-type=\"container\">\n\t\t<div class=\"elementor-element elementor-element-8068329 e-con-full e-flex e-con e-child\" data-id=\"8068329\" data-element_type=\"container\" data-e-type=\"container\" data-settings=\"{&quot;background_background&quot;:&quot;classic&quot;}\">\n\t\t\t\t<\/div>\n\t\t<div class=\"elementor-element elementor-element-a86e061 e-con-full e-flex e-con e-child\" data-id=\"a86e061\" data-element_type=\"container\" data-e-type=\"container\" data-settings=\"{&quot;background_background&quot;:&quot;classic&quot;}\">\n\t\t\t\t<div class=\"elementor-element elementor-element-e6cb423 elementor-widget elementor-widget-heading\" data-id=\"e6cb423\" data-element_type=\"widget\" data-e-type=\"widget\" data-widget_type=\"heading.default\">\n\t\t\t\t<div class=\"elementor-widget-container\">\n\t\t\t\t\t<h1 class=\"elementor-heading-title elementor-size-default\">Bienvenue dans la boutique Eurosalesman\u00ae Global Shop<\/h1>\t\t\t\t<\/div>\n\t\t\t\t<\/div>\n\t\t\t\t<div class=\"elementor-element elementor-element-31ff2e1 elementor-widget elementor-widget-text-editor\" data-id=\"31ff2e1\" data-element_type=\"widget\" data-e-type=\"widget\" data-widget_type=\"text-editor.default\">\n\t\t\t\t<div class=\"elementor-widget-container\">\n\t\t\t\t\t\t\t\t\t<p class=\"\" data-start=\"247\" data-end=\"584\"><strong>Quand les outils de croissance rencontrent les march\u00e9s locaux - \u00e0 l'\u00e9chelle mondiale<\/strong><\/p><p class=\"\" data-start=\"247\" data-end=\"584\">Le <strong data-start=\"251\" data-end=\"281\">Boutique partenaire Eurosalesman<\/strong> est votre porte d'entr\u00e9e pour <strong data-start=\"301\" data-end=\"342\">des services et des outils soigneusement s\u00e9lectionn\u00e9s<\/strong> con\u00e7u pour acc\u00e9l\u00e9rer la croissance de votre entreprise en <strong data-start=\"390\" data-end=\"427\">les march\u00e9s les plus pr\u00e9cieux du monde<\/strong>. Chaque partenaire est choisi pour s'aligner sur notre mission...<strong data-start=\"479\" data-end=\"581\">en vous donnant acc\u00e8s \u00e0 des solutions performantes au niveau local, quel que soit l'endroit o\u00f9 vous op\u00e9rez \u00e0 l'\u00e9chelle mondiale<\/strong>.<\/p>\t\t\t\t\t\t\t\t<\/div>\n\t\t\t\t<\/div>\n\t\t\t\t<\/div>\n\t\t<div class=\"elementor-element elementor-element-8fdacb4 e-con-full e-flex e-con e-child\" data-id=\"8fdacb4\" data-element_type=\"container\" data-e-type=\"container\" data-settings=\"{&quot;background_background&quot;:&quot;classic&quot;}\">\n\t\t\t\t<\/div>\n\t\t\t\t<\/div>\n\t\t<div class=\"elementor-element elementor-element-79300a4 e-con-full e-flex e-con e-parent\" data-id=\"79300a4\" data-element_type=\"container\" data-e-type=\"container\">\n\t\t\t\t<div class=\"elementor-element elementor-element-6cbf187 elementor-widget elementor-widget-shortcode\" data-id=\"6cbf187\" data-element_type=\"widget\" data-e-type=\"widget\" data-widget_type=\"shortcode.default\">\n\t\t\t\t<div class=\"elementor-widget-container\">\n\t\t\t\t\t\t\t<div class=\"elementor-shortcode\"><div class=\"myplugin-site-posts\"><div class=\"site-post\"><div class=\"site-post-image\" style=\"background-image: url(https:\/\/eurosalesman.com\/wp-content\/uploads\/blogify.jpg);\"><\/div><div class=\"site-post-content\"><h3><a href=\"https:\/\/eurosalesman.com\/fr\/blogify-ai\/\" target=\"_blank\">Blogify AI<\/a><\/h3><p>Blogify.ai - Cr\u00e9er du contenu \u00e0 fort impact \u00e0 la vitesse de l'entreprise Dans le paysage num\u00e9rique d'aujourd'hui, le contenu est la monnaie - et Blogify.ai est votre...<\/p><a href=\"https:\/\/eurosalesman.com\/fr\/blogify-ai\/\" class=\"read-more\" target=\"_blank\">Lire la suite<\/a><\/div><\/div><\/div>\n<\/div>\n\t\t\t\t\t\t<\/div>\n\t\t\t\t<\/div>\n\t\t\t\t<\/div>\n\t\t\t\t<\/div>","protected":false},"excerpt":{"rendered":"<p>Bienvenue sur la boutique Eurosalesman\u00ae Global Shop O\u00f9 les outils de croissance rencontrent les march\u00e9s locaux - globalement La boutique Eurosalesman\u00ae Partner Shop est votre porte d'entr\u00e9e vers des services et des outils soigneusement s\u00e9lectionn\u00e9s, con\u00e7us pour acc\u00e9l\u00e9rer la croissance de votre entreprise sur les march\u00e9s les plus importants du monde. Chaque partenaire est choisi pour s'aligner sur notre mission - vous donner acc\u00e8s \u00e0 des solutions qui fonctionnent au niveau local [...]<\/p>","protected":false},"author":3,"featured_media":0,"parent":0,"menu_order":0,"comment_status":"closed","ping_status":"closed","template":"","meta":{"_seopress_robots_primary_cat":"","_seopress_titles_title":"","_seopress_titles_desc":"","_seopress_robots_index":"","footnotes":""},"class_list":["post-2247","page","type-page","status-publish","hentry"],"_links":{"self":[{"href":"https:\/\/eurosalesman.com\/fr\/wp-json\/wp\/v2\/pages\/2247","targetHints":{"allow":["GET"]}}],"collection":[{"href":"https:\/\/eurosalesman.com\/fr\/wp-json\/wp\/v2\/pages"}],"about":[{"href":"https:\/\/eurosalesman.com\/fr\/wp-json\/wp\/v2\/types\/page"}],"author":[{"embeddable":true,"href":"https:\/\/eurosalesman.com\/fr\/wp-json\/wp\/v2\/users\/3"}],"replies":[{"embeddable":true,"href":"https:\/\/eurosalesman.com\/fr\/wp-json\/wp\/v2\/comments?post=2247"}],"version-history":[{"count":52,"href":"https:\/\/eurosalesman.com\/fr\/wp-json\/wp\/v2\/pages\/2247\/revisions"}],"predecessor-version":[{"id":2361,"href":"https:\/\/eurosalesman.com\/fr\/wp-json\/wp\/v2\/pages\/2247\/revisions\/2361"}],"wp:attachment":[{"href":"https:\/\/eurosalesman.com\/fr\/wp-json\/wp\/v2\/media?parent=2247"}],"curies":[{"name":"wp","href":"https:\/\/api.w.org\/{rel}","templated":true}]}}