{"id":2534,"date":"2025-10-21T09:42:37","date_gmt":"2025-10-21T07:42:37","guid":{"rendered":"https:\/\/eurosalesman.com\/?page_id=2534"},"modified":"2026-03-16T12:46:06","modified_gmt":"2026-03-16T11:46:06","slug":"news","status":"publish","type":"page","link":"https:\/\/eurosalesman.com\/fr\/news\/","title":{"rendered":"Actualit\u00e9s"},"content":{"rendered":"<div data-elementor-type=\"wp-page\" data-elementor-id=\"2534\" class=\"elementor elementor-2534\" data-elementor-post-type=\"page\">\n\t\t\t\t<div class=\"elementor-element elementor-element-6e9a0370 e-con-full e-flex e-con e-parent\" data-id=\"6e9a0370\" data-element_type=\"container\" data-e-type=\"container\">\n\t\t<div class=\"elementor-element elementor-element-2e9a2adf e-flex e-con-boxed e-con e-child\" data-id=\"2e9a2adf\" data-element_type=\"container\" data-e-type=\"container\" data-settings=\"{&quot;background_background&quot;:&quot;classic&quot;}\">\n\t\t\t\t\t<div class=\"e-con-inner\">\n\t\t\t\t\t<\/div>\n\t\t\t\t<\/div>\n\t\t\t\t<\/div>\n\t\t<div class=\"elementor-element elementor-element-554feaf9 e-flex e-con-boxed e-con e-parent\" data-id=\"554feaf9\" data-element_type=\"container\" data-e-type=\"container\">\n\t\t\t\t\t<div class=\"e-con-inner\">\n\t\t<div class=\"elementor-element elementor-element-5a803c2 e-con-full e-flex e-con e-child\" data-id=\"5a803c2\" data-element_type=\"container\" data-e-type=\"container\">\n\t\t\t\t<div class=\"elementor-element elementor-element-490d8262 elementor-widget__width-initial elementor-widget elementor-widget-heading\" data-id=\"490d8262\" data-element_type=\"widget\" data-e-type=\"widget\" data-widget_type=\"heading.default\">\n\t\t\t\t<div class=\"elementor-widget-container\">\n\t\t\t\t\t<h1 class=\"elementor-heading-title elementor-size-default\">Eurosalesman News- Global Business &amp; Economic Insights (en anglais)<\/h1>\t\t\t\t<\/div>\n\t\t\t\t<\/div>\n\t\t\t\t<div class=\"elementor-element elementor-element-60c4ea74 elementor-widget__width-initial elementor-widget elementor-widget-text-editor\" data-id=\"60c4ea74\" data-element_type=\"widget\" data-e-type=\"widget\" data-widget_type=\"text-editor.default\">\n\t\t\t\t<div class=\"elementor-widget-container\">\n\t\t\t\t\t\t\t\t\t<p data-start=\"329\" data-end=\"525\">Bienvenue sur le site de la <strong data-start=\"344\" data-end=\"365\">Eurosalesman Global News<\/strong>La Commission europ\u00e9enne est le centre d'information, d'analyse et de r\u00e9flexion sur l'\u00e9conomie de l'Union europ\u00e9enne. <strong data-start=\"416\" data-end=\"443\">les principales \u00e9conomies mondiales<\/strong> - y compris les <strong data-start=\"460\" data-end=\"522\">Union europ\u00e9enne, \u00c9tats-Unis, Chine, Japon et Inde<\/strong>.<\/p>\t\t\t\t\t\t\t\t<\/div>\n\t\t\t\t<\/div>\n\t\t\t\t<\/div>\n\t\t\t\t<div class=\"elementor-element elementor-element-6f4468be elementor-posts__hover-none elementor-grid-3 elementor-grid-tablet-2 elementor-grid-mobile-1 elementor-posts--thumbnail-top elementor-widget elementor-widget-posts\" data-id=\"6f4468be\" data-element_type=\"widget\" data-e-type=\"widget\" data-settings=\"{&quot;cards_row_gap&quot;:{&quot;unit&quot;:&quot;px&quot;,&quot;size&quot;:80,&quot;sizes&quot;:[]},&quot;cards_row_gap_tablet&quot;:{&quot;unit&quot;:&quot;px&quot;,&quot;size&quot;:71,&quot;sizes&quot;:[]},&quot;cards_row_gap_mobile&quot;:{&quot;unit&quot;:&quot;px&quot;,&quot;size&quot;:30,&quot;sizes&quot;:[]},&quot;cards_columns&quot;:&quot;3&quot;,&quot;cards_columns_tablet&quot;:&quot;2&quot;,&quot;cards_columns_mobile&quot;:&quot;1&quot;,&quot;cards_row_gap_laptop&quot;:{&quot;unit&quot;:&quot;px&quot;,&quot;size&quot;:&quot;&quot;,&quot;sizes&quot;:[]}}\" data-widget_type=\"posts.cards\">\n\t\t\t\t<div class=\"elementor-widget-container\">\n\t\t\t\t\t\t\t<div class=\"elementor-posts-container elementor-posts elementor-posts--skin-cards elementor-grid\" role=\"list\">\n\t\t\t\t<article class=\"elementor-post elementor-grid-item post-2881 post type-post status-publish format-standard has-post-thumbnail hentry category-news\" role=\"listitem\">\n\t\t\t<div class=\"elementor-post__card\">\n\t\t\t\t<a class=\"elementor-post__thumbnail__link\" href=\"https:\/\/eurosalesman.com\/fr\/eurosalesman-named-leading-data-driven-business-growth-network-2026-scandinavian-business-awards\/\" tabindex=\"-1\" ><div class=\"elementor-post__thumbnail\"><img fetchpriority=\"high\" decoding=\"async\" width=\"852\" height=\"513\" src=\"https:\/\/eurosalesman.com\/wp-content\/uploads\/eurosalesman\u00ae-named-leading-data-driven-business-growth-network-2026-\u2014-scandinavian-business-awards.webp\" class=\"attachment-full size-full wp-image-2885\" alt=\"eurosalesman\u00ae named leading data driven business growth network 2026 \u2014 scandinavian business awards\" srcset=\"https:\/\/eurosalesman.com\/wp-content\/uploads\/eurosalesman\u00ae-named-leading-data-driven-business-growth-network-2026-\u2014-scandinavian-business-awards.webp 852w, https:\/\/eurosalesman.com\/wp-content\/uploads\/eurosalesman\u00ae-named-leading-data-driven-business-growth-network-2026-\u2014-scandinavian-business-awards-512x308.webp 512w, https:\/\/eurosalesman.com\/wp-content\/uploads\/eurosalesman\u00ae-named-leading-data-driven-business-growth-network-2026-\u2014-scandinavian-business-awards-256x154.webp 256w, https:\/\/eurosalesman.com\/wp-content\/uploads\/eurosalesman\u00ae-named-leading-data-driven-business-growth-network-2026-\u2014-scandinavian-business-awards-768x462.webp 768w, https:\/\/eurosalesman.com\/wp-content\/uploads\/eurosalesman\u00ae-named-leading-data-driven-business-growth-network-2026-\u2014-scandinavian-business-awards-18x12.webp 18w\" sizes=\"(max-width: 852px) 100vw, 852px\" \/><\/div><\/a>\n\t\t\t\t<div class=\"elementor-post__text\">\n\t\t\t\t<h4 class=\"elementor-post__title\">\n\t\t\t<a href=\"https:\/\/eurosalesman.com\/fr\/eurosalesman-named-leading-data-driven-business-growth-network-2026-scandinavian-business-awards\/\" >\n\t\t\t\tEurosalesman\u00ae nomm\u00e9 r\u00e9seau leader de la croissance des entreprises pilot\u00e9e par les donn\u00e9es 2026\t\t\t<\/a>\n\t\t<\/h4>\n\t\t\t\t<div class=\"elementor-post__excerpt\">\n\t\t\t<p>Nous sommes fiers d'annoncer qu'Eurosalesman\u00ae a \u00e9t\u00e9 reconnu comme le principal r\u00e9seau de croissance commerciale bas\u00e9 sur les donn\u00e9es pour 2026 par les prestigieux Scandinavian Business Awards.<\/p>\n\t\t<\/div>\n\t\t\n\t\t<a class=\"elementor-post__read-more\" href=\"https:\/\/eurosalesman.com\/fr\/eurosalesman-named-leading-data-driven-business-growth-network-2026-scandinavian-business-awards\/\" aria-label=\"En savoir plus sur Eurosalesman\u00ae nomm\u00e9 r\u00e9seau leader de la croissance des entreprises bas\u00e9e sur les donn\u00e9es 2026\" tabindex=\"-1\" >\n\t\t\tLire cet article\t\t<\/a>\n\n\t\t\t\t<\/div>\n\t\t\t\t\t<\/div>\n\t\t<\/article>\n\t\t\t\t<article class=\"elementor-post elementor-grid-item post-2750 post type-post status-publish format-standard has-post-thumbnail hentry category-news\" role=\"listitem\">\n\t\t\t<div class=\"elementor-post__card\">\n\t\t\t\t<a class=\"elementor-post__thumbnail__link\" href=\"https:\/\/eurosalesman.com\/fr\/cctld-localization-how-country-domains-improve-global-marketing\/\" tabindex=\"-1\" ><div class=\"elementor-post__thumbnail\"><img decoding=\"async\" width=\"1664\" height=\"1216\" src=\"https:\/\/eurosalesman.com\/wp-content\/uploads\/Business-Owner-Ready-for-Global-Expansion-with-ccTLD-Strategy.webp\" class=\"attachment-full size-full wp-image-2753\" alt=\"Business Owner Ready for Global Expansion with ccTLD Strategy\" srcset=\"https:\/\/eurosalesman.com\/wp-content\/uploads\/Business-Owner-Ready-for-Global-Expansion-with-ccTLD-Strategy.webp 1664w, https:\/\/eurosalesman.com\/wp-content\/uploads\/Business-Owner-Ready-for-Global-Expansion-with-ccTLD-Strategy-512x374.webp 512w, https:\/\/eurosalesman.com\/wp-content\/uploads\/Business-Owner-Ready-for-Global-Expansion-with-ccTLD-Strategy-1024x748.webp 1024w, https:\/\/eurosalesman.com\/wp-content\/uploads\/Business-Owner-Ready-for-Global-Expansion-with-ccTLD-Strategy-256x187.webp 256w, https:\/\/eurosalesman.com\/wp-content\/uploads\/Business-Owner-Ready-for-Global-Expansion-with-ccTLD-Strategy-768x561.webp 768w, https:\/\/eurosalesman.com\/wp-content\/uploads\/Business-Owner-Ready-for-Global-Expansion-with-ccTLD-Strategy-1536x1122.webp 1536w, https:\/\/eurosalesman.com\/wp-content\/uploads\/Business-Owner-Ready-for-Global-Expansion-with-ccTLD-Strategy-16x12.webp 16w, https:\/\/eurosalesman.com\/wp-content\/uploads\/Business-Owner-Ready-for-Global-Expansion-with-ccTLD-Strategy-900x658.webp 900w\" sizes=\"(max-width: 1664px) 100vw, 1664px\" \/><\/div><\/a>\n\t\t\t\t<div class=\"elementor-post__text\">\n\t\t\t\t<h4 class=\"elementor-post__title\">\n\t\t\t<a href=\"https:\/\/eurosalesman.com\/fr\/cctld-localization-how-country-domains-improve-global-marketing\/\" >\n\t\t\t\tLocalisation des ccTLD : Comment les domaines nationaux am\u00e9liorent le marketing mondial\t\t\t<\/a>\n\t\t<\/h4>\n\t\t\t\t<div class=\"elementor-post__excerpt\">\n\t\t\t<p>D\u00e9couvrez comment les domaines de premier niveau avec code pays aident les entreprises \u00e0 entrer en contact avec des publics locaux et \u00e0 instaurer la confiance sur les march\u00e9s internationaux.<\/p>\n\t\t<\/div>\n\t\t\n\t\t<a class=\"elementor-post__read-more\" href=\"https:\/\/eurosalesman.com\/fr\/cctld-localization-how-country-domains-improve-global-marketing\/\" aria-label=\"En savoir plus sur ccTLD Localization : Comment les domaines nationaux am\u00e9liorent le marketing mondial\" tabindex=\"-1\" >\n\t\t\tLire cet article\t\t<\/a>\n\n\t\t\t\t<\/div>\n\t\t\t\t\t<\/div>\n\t\t<\/article>\n\t\t\t\t<article class=\"elementor-post elementor-grid-item post-2740 post type-post status-publish format-standard has-post-thumbnail hentry category-news\" role=\"listitem\">\n\t\t\t<div class=\"elementor-post__card\">\n\t\t\t\t<a class=\"elementor-post__thumbnail__link\" href=\"https:\/\/eurosalesman.com\/fr\/cctld-vs-gtld-domain-strategy-guide\/\" tabindex=\"-1\" ><div class=\"elementor-post__thumbnail\"><img decoding=\"async\" width=\"1408\" height=\"768\" src=\"https:\/\/eurosalesman.com\/wp-content\/uploads\/ccTLD-vs-gTLD-Domain-Strategy-World-Map.webp\" class=\"attachment-full size-full wp-image-2745\" alt=\"ccTLD vs gTLD Domain Strategy World Map\" srcset=\"https:\/\/eurosalesman.com\/wp-content\/uploads\/ccTLD-vs-gTLD-Domain-Strategy-World-Map.webp 1408w, https:\/\/eurosalesman.com\/wp-content\/uploads\/ccTLD-vs-gTLD-Domain-Strategy-World-Map-512x279.webp 512w, https:\/\/eurosalesman.com\/wp-content\/uploads\/ccTLD-vs-gTLD-Domain-Strategy-World-Map-1024x559.webp 1024w, https:\/\/eurosalesman.com\/wp-content\/uploads\/ccTLD-vs-gTLD-Domain-Strategy-World-Map-256x140.webp 256w, https:\/\/eurosalesman.com\/wp-content\/uploads\/ccTLD-vs-gTLD-Domain-Strategy-World-Map-768x419.webp 768w, https:\/\/eurosalesman.com\/wp-content\/uploads\/ccTLD-vs-gTLD-Domain-Strategy-World-Map-18x10.webp 18w, https:\/\/eurosalesman.com\/wp-content\/uploads\/ccTLD-vs-gTLD-Domain-Strategy-World-Map-900x491.webp 900w\" sizes=\"(max-width: 1408px) 100vw, 1408px\" \/><\/div><\/a>\n\t\t\t\t<div class=\"elementor-post__text\">\n\t\t\t\t<h4 class=\"elementor-post__title\">\n\t\t\t<a href=\"https:\/\/eurosalesman.com\/fr\/cctld-vs-gtld-domain-strategy-guide\/\" >\n\t\t\t\tccTLD vs gTLD : comparaison compl\u00e8te des strat\u00e9gies de domaines pour les entreprises internationales\t\t\t<\/a>\n\t\t<\/h4>\n\t\t\t\t<div class=\"elementor-post__excerpt\">\n\t\t\t<p>Tout ce que vous devez savoir sur le choix entre les domaines de premier niveau g\u00e9n\u00e9riques et les domaines de premier niveau \u00e0 code pays pour le r\u00e9f\u00e9rencement, la confiance et la croissance mondiale.<\/p>\n\t\t<\/div>\n\t\t\n\t\t<a class=\"elementor-post__read-more\" href=\"https:\/\/eurosalesman.com\/fr\/cctld-vs-gtld-domain-strategy-guide\/\" aria-label=\"En savoir plus sur ccTLD vs gTLD : Comparaison compl\u00e8te des strat\u00e9gies de domaines pour les entreprises internationales\" tabindex=\"-1\" >\n\t\t\tLire cet article\t\t<\/a>\n\n\t\t\t\t<\/div>\n\t\t\t\t\t<\/div>\n\t\t<\/article>\n\t\t\t\t<article class=\"elementor-post elementor-grid-item post-2715 post type-post status-publish format-standard has-post-thumbnail hentry category-news\" role=\"listitem\">\n\t\t\t<div class=\"elementor-post__card\">\n\t\t\t\t<a class=\"elementor-post__thumbnail__link\" href=\"https:\/\/eurosalesman.com\/fr\/ai-global-expansion-why-ai-alone-wont-scale-your-business-internationally\/\" tabindex=\"-1\" ><div class=\"elementor-post__thumbnail\"><img loading=\"lazy\" decoding=\"async\" width=\"2116\" height=\"1416\" src=\"https:\/\/eurosalesman.com\/wp-content\/uploads\/global-market-access-technology.webp\" class=\"attachment-full size-full wp-image-2720\" alt=\"global market access technology\" srcset=\"https:\/\/eurosalesman.com\/wp-content\/uploads\/global-market-access-technology.webp 2116w, https:\/\/eurosalesman.com\/wp-content\/uploads\/global-market-access-technology-512x343.webp 512w, https:\/\/eurosalesman.com\/wp-content\/uploads\/global-market-access-technology-1024x685.webp 1024w, https:\/\/eurosalesman.com\/wp-content\/uploads\/global-market-access-technology-256x171.webp 256w, https:\/\/eurosalesman.com\/wp-content\/uploads\/global-market-access-technology-768x514.webp 768w, https:\/\/eurosalesman.com\/wp-content\/uploads\/global-market-access-technology-1536x1028.webp 1536w, https:\/\/eurosalesman.com\/wp-content\/uploads\/global-market-access-technology-2048x1370.webp 2048w, https:\/\/eurosalesman.com\/wp-content\/uploads\/global-market-access-technology-18x12.webp 18w, https:\/\/eurosalesman.com\/wp-content\/uploads\/global-market-access-technology-900x602.webp 900w\" sizes=\"(max-width: 2116px) 100vw, 2116px\" \/><\/div><\/a>\n\t\t\t\t<div class=\"elementor-post__text\">\n\t\t\t\t<h4 class=\"elementor-post__title\">\n\t\t\t<a href=\"https:\/\/eurosalesman.com\/fr\/ai-global-expansion-why-ai-alone-wont-scale-your-business-internationally\/\" >\n\t\t\t\tL'IA et l'expansion mondiale : Pourquoi l'IA seule ne permettra pas \u00e0 votre entreprise de se d\u00e9velopper \u00e0 l'\u00e9chelle internationale\t\t\t<\/a>\n\t\t<\/h4>\n\t\t\t\t<div class=\"elementor-post__excerpt\">\n\t\t\t<p>L'IA a transform\u00e9 ce qui est possible en mati\u00e8re de marketing global. Elle peut g\u00e9n\u00e9rer du contenu attrayant en quelques secondes, analyser des donn\u00e9es \u00e0 grande \u00e9chelle et optimiser les campagnes en temps r\u00e9el.<\/p>\n\t\t<\/div>\n\t\t\n\t\t<a class=\"elementor-post__read-more\" href=\"https:\/\/eurosalesman.com\/fr\/ai-global-expansion-why-ai-alone-wont-scale-your-business-internationally\/\" aria-label=\"En savoir plus sur AI &amp; Global Expansion : Pourquoi l&#039;IA seule ne permettra pas \u00e0 votre entreprise de se d\u00e9velopper \u00e0 l&#039;\u00e9chelle internationale\" tabindex=\"-1\" >\n\t\t\tLire cet article\t\t<\/a>\n\n\t\t\t\t<\/div>\n\t\t\t\t\t<\/div>\n\t\t<\/article>\n\t\t\t\t<article class=\"elementor-post elementor-grid-item post-2701 post type-post status-publish format-standard has-post-thumbnail hentry category-news\" role=\"listitem\">\n\t\t\t<div class=\"elementor-post__card\">\n\t\t\t\t<a class=\"elementor-post__thumbnail__link\" href=\"https:\/\/eurosalesman.com\/fr\/your-new-ai-assistant-for-global-expansion-get-local-market-insights-instantly-on-eurosalesman\/\" tabindex=\"-1\" ><div class=\"elementor-post__thumbnail\"><img loading=\"lazy\" decoding=\"async\" width=\"2309\" height=\"1299\" src=\"https:\/\/eurosalesman.com\/wp-content\/uploads\/Business-chatting-a-smart-AI-using-an-artificial-intelligence-chatbot-developed-with-AI.webp\" class=\"attachment-full size-full wp-image-2707\" alt=\"Business chatting a smart AI using an artificial intelligence chatbot developed with AI\" srcset=\"https:\/\/eurosalesman.com\/wp-content\/uploads\/Business-chatting-a-smart-AI-using-an-artificial-intelligence-chatbot-developed-with-AI.webp 2309w, https:\/\/eurosalesman.com\/wp-content\/uploads\/Business-chatting-a-smart-AI-using-an-artificial-intelligence-chatbot-developed-with-AI-512x288.webp 512w, https:\/\/eurosalesman.com\/wp-content\/uploads\/Business-chatting-a-smart-AI-using-an-artificial-intelligence-chatbot-developed-with-AI-1024x576.webp 1024w, https:\/\/eurosalesman.com\/wp-content\/uploads\/Business-chatting-a-smart-AI-using-an-artificial-intelligence-chatbot-developed-with-AI-256x144.webp 256w, https:\/\/eurosalesman.com\/wp-content\/uploads\/Business-chatting-a-smart-AI-using-an-artificial-intelligence-chatbot-developed-with-AI-768x432.webp 768w, https:\/\/eurosalesman.com\/wp-content\/uploads\/Business-chatting-a-smart-AI-using-an-artificial-intelligence-chatbot-developed-with-AI-1536x864.webp 1536w, https:\/\/eurosalesman.com\/wp-content\/uploads\/Business-chatting-a-smart-AI-using-an-artificial-intelligence-chatbot-developed-with-AI-2048x1152.webp 2048w, https:\/\/eurosalesman.com\/wp-content\/uploads\/Business-chatting-a-smart-AI-using-an-artificial-intelligence-chatbot-developed-with-AI-18x10.webp 18w, https:\/\/eurosalesman.com\/wp-content\/uploads\/Business-chatting-a-smart-AI-using-an-artificial-intelligence-chatbot-developed-with-AI-900x506.webp 900w\" sizes=\"(max-width: 2309px) 100vw, 2309px\" \/><\/div><\/a>\n\t\t\t\t<div class=\"elementor-post__text\">\n\t\t\t\t<h4 class=\"elementor-post__title\">\n\t\t\t<a href=\"https:\/\/eurosalesman.com\/fr\/your-new-ai-assistant-for-global-expansion-get-local-market-insights-instantly-on-eurosalesman\/\" >\n\t\t\t\tVotre nouvel assistant IA pour l'expansion mondiale : Obtenez instantan\u00e9ment des informations sur le march\u00e9 local sur Eurosalesman\t\t\t<\/a>\n\t\t<\/h4>\n\t\t\t\t<div class=\"elementor-post__excerpt\">\n\t\t\t<p>Et si vous pouviez poser une question \u00e0 chaque march\u00e9 et obtenir une r\u00e9ponse utile ? S'implanter dans un nouveau pays, c'est g\u00e9n\u00e9ralement<\/p>\n\t\t<\/div>\n\t\t\n\t\t<a class=\"elementor-post__read-more\" href=\"https:\/\/eurosalesman.com\/fr\/your-new-ai-assistant-for-global-expansion-get-local-market-insights-instantly-on-eurosalesman\/\" aria-label=\"En savoir plus sur Votre nouvel assistant IA pour l&#039;expansion mondiale : Obtenez instantan\u00e9ment des informations sur le march\u00e9 local sur Eurosalesman\" tabindex=\"-1\" >\n\t\t\tLire cet article\t\t<\/a>\n\n\t\t\t\t<\/div>\n\t\t\t\t\t<\/div>\n\t\t<\/article>\n\t\t\t\t<article class=\"elementor-post elementor-grid-item post-2691 post type-post status-publish format-standard has-post-thumbnail hentry category-news\" role=\"listitem\">\n\t\t\t<div class=\"elementor-post__card\">\n\t\t\t\t<a class=\"elementor-post__thumbnail__link\" href=\"https:\/\/eurosalesman.com\/fr\/now-you-can-enter-any-local-market-using-ai-and-eurosalesmans-country-domain-network\/\" tabindex=\"-1\" ><div class=\"elementor-post__thumbnail\"><img loading=\"lazy\" decoding=\"async\" width=\"1920\" height=\"1088\" src=\"https:\/\/eurosalesman.com\/wp-content\/uploads\/Seamless-Global-to-Local-Transition.webp\" class=\"attachment-full size-full wp-image-2697\" alt=\"Seamless Global-to-Local Transition\" srcset=\"https:\/\/eurosalesman.com\/wp-content\/uploads\/Seamless-Global-to-Local-Transition.webp 1920w, https:\/\/eurosalesman.com\/wp-content\/uploads\/Seamless-Global-to-Local-Transition-512x290.webp 512w, https:\/\/eurosalesman.com\/wp-content\/uploads\/Seamless-Global-to-Local-Transition-1024x580.webp 1024w, https:\/\/eurosalesman.com\/wp-content\/uploads\/Seamless-Global-to-Local-Transition-256x145.webp 256w, https:\/\/eurosalesman.com\/wp-content\/uploads\/Seamless-Global-to-Local-Transition-768x435.webp 768w, https:\/\/eurosalesman.com\/wp-content\/uploads\/Seamless-Global-to-Local-Transition-1536x870.webp 1536w, https:\/\/eurosalesman.com\/wp-content\/uploads\/Seamless-Global-to-Local-Transition-18x10.webp 18w, https:\/\/eurosalesman.com\/wp-content\/uploads\/Seamless-Global-to-Local-Transition-900x510.webp 900w\" sizes=\"(max-width: 1920px) 100vw, 1920px\" \/><\/div><\/a>\n\t\t\t\t<div class=\"elementor-post__text\">\n\t\t\t\t<h4 class=\"elementor-post__title\">\n\t\t\t<a href=\"https:\/\/eurosalesman.com\/fr\/now-you-can-enter-any-local-market-using-ai-and-eurosalesmans-country-domain-network\/\" >\n\t\t\t\tVous pouvez d\u00e9sormais p\u00e9n\u00e9trer n'importe quel march\u00e9 local gr\u00e2ce \u00e0 l'IA et au r\u00e9seau de domaines nationaux d'Eurosalesman.\t\t\t<\/a>\n\t\t<\/h4>\n\t\t\t\t<div class=\"elementor-post__excerpt\">\n\t\t\t<p>Vous avez toujours voulu vendre localement dans de nouveaux pays - l'IA le rend d\u00e9sormais possible Imaginez que vous entriez dans un nouveau pays...<\/p>\n\t\t<\/div>\n\t\t\n\t\t<a class=\"elementor-post__read-more\" href=\"https:\/\/eurosalesman.com\/fr\/now-you-can-enter-any-local-market-using-ai-and-eurosalesmans-country-domain-network\/\" aria-label=\"En savoir plus sur Vous pouvez d\u00e9sormais p\u00e9n\u00e9trer n&#039;importe quel march\u00e9 local gr\u00e2ce \u00e0 l&#039;IA et au r\u00e9seau de domaines nationaux d&#039;Eurosalesman\" tabindex=\"-1\" >\n\t\t\tLire cet article\t\t<\/a>\n\n\t\t\t\t<\/div>\n\t\t\t\t\t<\/div>\n\t\t<\/article>\n\t\t\t\t<\/div>\n\t\t\n\t\t\t\t\t\t<\/div>\n\t\t\t\t<\/div>\n\t\t\t\t\t<\/div>\n\t\t\t\t<\/div>\n\t\t\t\t<\/div>","protected":false},"excerpt":{"rendered":"<p>Eurosalesman News - Global Business &amp; Economic Insights Bienvenue sur Eurosalesman Global News, votre centre d'information, d'analyse et de r\u00e9flexion sur les principales \u00e9conomies du monde, notamment l'Union europ\u00e9enne, les \u00c9tats-Unis, la Chine, le Japon et l'Inde.<\/p>","protected":false},"author":3,"featured_media":0,"parent":0,"menu_order":0,"comment_status":"closed","ping_status":"closed","template":"","meta":{"_seopress_robots_primary_cat":"","_seopress_titles_title":"","_seopress_titles_desc":"","_seopress_robots_index":"","footnotes":""},"class_list":["post-2534","page","type-page","status-publish","hentry"],"_links":{"self":[{"href":"https:\/\/eurosalesman.com\/fr\/wp-json\/wp\/v2\/pages\/2534","targetHints":{"allow":["GET"]}}],"collection":[{"href":"https:\/\/eurosalesman.com\/fr\/wp-json\/wp\/v2\/pages"}],"about":[{"href":"https:\/\/eurosalesman.com\/fr\/wp-json\/wp\/v2\/types\/page"}],"author":[{"embeddable":true,"href":"https:\/\/eurosalesman.com\/fr\/wp-json\/wp\/v2\/users\/3"}],"replies":[{"embeddable":true,"href":"https:\/\/eurosalesman.com\/fr\/wp-json\/wp\/v2\/comments?post=2534"}],"version-history":[{"count":31,"href":"https:\/\/eurosalesman.com\/fr\/wp-json\/wp\/v2\/pages\/2534\/revisions"}],"predecessor-version":[{"id":2913,"href":"https:\/\/eurosalesman.com\/fr\/wp-json\/wp\/v2\/pages\/2534\/revisions\/2913"}],"wp:attachment":[{"href":"https:\/\/eurosalesman.com\/fr\/wp-json\/wp\/v2\/media?parent=2534"}],"curies":[{"name":"wp","href":"https:\/\/api.w.org\/{rel}","templated":true}]}}