{"id":1963,"date":"2025-02-13T16:23:45","date_gmt":"2025-02-13T15:23:45","guid":{"rendered":"https:\/\/eurosalesman.com\/?post_type=product&#038;p=1963"},"modified":"2025-03-26T13:21:12","modified_gmt":"2025-03-26T12:21:12","slug":"growth-off-page-seo-package","status":"publish","type":"product","link":"https:\/\/eurosalesman.com\/fr\/services\/growth-off-page-seo-package\/","title":{"rendered":"Croissance Off-Page SEO"},"content":{"rendered":"<section class=\"package-content\">\n<div class=\"two-column-container\">\n<p><!-- Left Column: How It Works --><\/p>\n<div class=\"first column\">\n<h3>Comment \u00e7a marche<\/h3>\n<dl class=\"steps\">\n<dt>\u00c9tape 1 :<\/dt>\n<dd>Vous fournissez les backlinks souhait\u00e9s vers votre site web (URL, textes d'ancrage, etc.).<\/dd>\n<dt>\u00c9tape 2 :<\/dt>\n<dd>Notre \u00e9quipe cr\u00e9e des posts SEO-friendly et int\u00e8gre vos backlinks dans les sites de notre r\u00e9seau.<\/dd>\n<dt>\u00c9tape 3 :<\/dt>\n<dd>Les articles sont publi\u00e9s sur nos sites \u00e0 forte autorit\u00e9, ce qui renforce la cr\u00e9dibilit\u00e9 de votre site et les mesures de r\u00e9f\u00e9rencement.<\/dd>\n<dt>\u00c9tape 4 :<\/dt>\n<dd>Vous recevez un rapport de performance mensuel d\u00e9crivant les r\u00e9sultats et l'impact.<\/dd>\n<\/dl>\n<\/div>\n<p><!-- Right Column: What You Get --><\/p>\n<div class=\"column\">\n<h3>Ce que vous obtenez<\/h3>\n<dl class=\"what-you-get\">\n<dt>R\u00e9seau Post Publishing<\/dt>\n<dd>Les backlinks que vous fournissez sont int\u00e9gr\u00e9s de mani\u00e8re transparente dans des articles attrayants et favorables au r\u00e9f\u00e9rencement.<br \/>\nPublication garantie sur des sites s\u00e9lectionn\u00e9s au sein de notre r\u00e9seau premium.<\/dd>\n<dt>Optimisation du contenu<\/dt>\n<dd>Chaque article est con\u00e7u de mani\u00e8re \u00e0 respecter les meilleures pratiques en mati\u00e8re de r\u00e9f\u00e9rencement, afin d'am\u00e9liorer la pertinence et la visibilit\u00e9.<br \/>\nNotre \u00e9quipe \u00e9ditoriale veille \u00e0 ce que le contenu soutienne efficacement votre strat\u00e9gie de liens retour.<\/dd>\n<dt>Rapports de performance<\/dt>\n<dd>Rapports mensuels de suivi des performances des posts, de la visibilit\u00e9 des backlinks et de l'impact sur le r\u00e9f\u00e9rencement.<br \/>\nDes id\u00e9es et des recommandations pour vous aider \u00e0 maximiser vos gains en mati\u00e8re de r\u00e9f\u00e9rencement.<\/dd>\n<\/dl>\n<\/div>\n<\/div>\n<\/section>","protected":false},"excerpt":{"rendered":"<p>Acc\u00e9l\u00e9rez le r\u00e9f\u00e9rencement de votre site web en tirant parti de notre r\u00e9seau exclusif d'experts. <strong>52 sites \u00e0 forte autorit\u00e9<\/strong>. Avec notre Growth Package, nous publions des articles optimis\u00e9s pour le r\u00e9f\u00e9rencement sur <strong>20 sites s\u00e9lectionn\u00e9s<\/strong>chacun contenant <strong>1 lien contextuel<\/strong> \u00e0 votre site web. Cette int\u00e9gration avanc\u00e9e de backlinks de qualit\u00e9 est con\u00e7ue pour renforcer l'autorit\u00e9 de votre domaine, am\u00e9liorer le classement des mots cl\u00e9s et g\u00e9n\u00e9rer un trafic organique cibl\u00e9.<\/p>\n<ul>\n<li><strong>20 postes du r\u00e9seau :<\/strong> Soyez publi\u00e9 sur 30 de nos 52 sites premium.<\/li>\n<li><strong>3 liens externes par article :<\/strong> Chaque article comprend des liens contextuels vers votre site.<\/li>\n<li><strong>Contenu optimis\u00e9 pour le r\u00e9f\u00e9rencement :<\/strong> Des articles r\u00e9dig\u00e9s par des experts et adapt\u00e9s \u00e0 votre strat\u00e9gie de r\u00e9f\u00e9rencement.<\/li>\n<li><strong>Rapports de performance :<\/strong> Des informations mensuelles et des analyses d\u00e9taill\u00e9es pour suivre vos progr\u00e8s.<\/li>\n<\/ul>\n<p>Am\u00e9liorez votre pr\u00e9sence en ligne gr\u00e2ce \u00e0 notre pack Growth Off-Page SEO.<\/p>","protected":false},"featured_media":2378,"comment_status":"closed","ping_status":"closed","template":"","meta":{"_seopress_robots_primary_cat":"","_seopress_titles_title":"","_seopress_titles_desc":"","_seopress_robots_index":""},"product_brand":[],"product_cat":[36],"product_tag":[],"class_list":{"0":"post-1963","1":"product","2":"type-product","3":"status-publish","4":"has-post-thumbnail","6":"product_cat-seo","8":"first","9":"instock","10":"virtual","11":"purchasable","12":"product-type-simple"},"_links":{"self":[{"href":"https:\/\/eurosalesman.com\/fr\/wp-json\/wp\/v2\/product\/1963","targetHints":{"allow":["GET"]}}],"collection":[{"href":"https:\/\/eurosalesman.com\/fr\/wp-json\/wp\/v2\/product"}],"about":[{"href":"https:\/\/eurosalesman.com\/fr\/wp-json\/wp\/v2\/types\/product"}],"replies":[{"embeddable":true,"href":"https:\/\/eurosalesman.com\/fr\/wp-json\/wp\/v2\/comments?post=1963"}],"wp:featuredmedia":[{"embeddable":true,"href":"https:\/\/eurosalesman.com\/fr\/wp-json\/wp\/v2\/media\/2378"}],"wp:attachment":[{"href":"https:\/\/eurosalesman.com\/fr\/wp-json\/wp\/v2\/media?parent=1963"}],"wp:term":[{"taxonomy":"product_brand","embeddable":true,"href":"https:\/\/eurosalesman.com\/fr\/wp-json\/wp\/v2\/product_brand?post=1963"},{"taxonomy":"product_cat","embeddable":true,"href":"https:\/\/eurosalesman.com\/fr\/wp-json\/wp\/v2\/product_cat?post=1963"},{"taxonomy":"product_tag","embeddable":true,"href":"https:\/\/eurosalesman.com\/fr\/wp-json\/wp\/v2\/product_tag?post=1963"}],"curies":[{"name":"wp","href":"https:\/\/api.w.org\/{rel}","templated":true}]}}