{"id":2101,"date":"2025-02-25T14:47:50","date_gmt":"2025-02-25T13:47:50","guid":{"rendered":"https:\/\/eurosalesman.com\/?post_type=product&#038;p=2101"},"modified":"2025-03-19T14:32:28","modified_gmt":"2025-03-19T13:32:28","slug":"ppi-ad-impact-europe","status":"publish","type":"product","link":"https:\/\/eurosalesman.com\/fr\/services\/ppi-ad-impact-europe\/","title":{"rendered":"Impact publicitaire de l'IPP - Europe"},"content":{"rendered":"<section class=\"package-content\">\n<div class=\"two-column-container\">\n<p><!-- Left Column: How It Works --><\/p>\n<div class=\"first column\">\n<h3>Comment \u00e7a marche<\/h3>\n<dl class=\"steps\">\n<dt>\u00c9tape 1 :<\/dt>\n<dd>Vous fournissez votre cr\u00e9ation publicitaire, les d\u00e9tails de votre public cible et les objectifs de votre campagne.<\/dd>\n<dt>\u00c9tape 2 :<\/dt>\n<dd>Notre plateforme place strat\u00e9giquement votre annonce \u00e0 travers notre r\u00e9seau de haute qualit\u00e9.<\/dd>\n<dt>\u00c9tape 3 :<\/dt>\n<dd>Vous ne payez que lorsque les utilisateurs interagissent avec votre annonce.<\/dd>\n<dt>\u00c9tape 4 :<\/dt>\n<dd>Recevez des rapports de performance d\u00e9taill\u00e9s et transparents pour suivre chaque interaction et mesurer le retour sur investissement.<\/dd>\n<\/dl>\n<\/div>\n<p><!-- Right Column: What You Get --><\/p>\n<div class=\"column\">\n<h3>Ce que vous obtenez<\/h3>\n<dl class=\"what-you-get\">\n<dt>Paiement par interaction<\/dt>\n<dd>N'investissez que dans les engagements authentiques des utilisateurs, en veillant \u00e0 ce que chaque dollar produise des r\u00e9sultats.<\/dd>\n<dt>Placements publicitaires de haute qualit\u00e9<\/dt>\n<dd>Vos annonces sont diffus\u00e9es sur notre r\u00e9seau de qualit\u00e9 sup\u00e9rieure et atteignent un public cibl\u00e9 et engag\u00e9.<\/dd>\n<dt>Analyse transparente<\/dt>\n<dd>Acc\u00e9dez \u00e0 des rapports complets d\u00e9taillant chaque interaction, clic et mesure d'engagement.<\/dd>\n<dt>Budget flexible<\/dt>\n<dd>Ajustez vos d\u00e9penses publicitaires en temps r\u00e9el en fonction des performances, pour un retour sur investissement optimal.<\/dd>\n<\/dl>\n<\/div>\n<\/div>\n<\/section>","protected":false},"excerpt":{"rendered":"<p>&nbsp;<\/p>\n<p data-start=\"34\" data-end=\"104\"><strong data-start=\"34\" data-end=\"102\">Dominer le march\u00e9 europ\u00e9en gr\u00e2ce \u00e0 la publicit\u00e9 cibl\u00e9e avec pr\u00e9cision<\/strong><\/p>\n<p data-start=\"106\" data-end=\"442\">L'Europe est une centrale d'opportunit\u00e9s commerciales, avec des \u00e9conomies diversifi\u00e9es et une forte demande de la part des consommateurs. L'Europe <strong data-start=\"207\" data-end=\"233\">Impact publicitaire de l'IPP - Europe<\/strong> positionne votre marque sur la voie du succ\u00e8s en tirant parti de <strong data-start=\"289\" data-end=\"341\">Domaines du march\u00e9 exclusif d'Eurosalesman (ccTLD)<\/strong> et des strat\u00e9gies publicitaires bas\u00e9es sur des donn\u00e9es afin de maximiser la visibilit\u00e9 et l'engagement \u00e0 travers le continent.<\/p>\n<p data-start=\"444\" data-end=\"730\">Avec <strong data-start=\"449\" data-end=\"507\">Contenu publicitaire optimis\u00e9 par l'IA pour les audiences europ\u00e9ennes<\/strong> et <strong data-start=\"512\" data-end=\"548\">Des informations \u00e9tay\u00e9es par Google Analytics<\/strong>Cette offre permet \u00e0 votre marque d'atteindre les bons clients, l\u00e0 o\u00f9 c'est le plus important, c'est-\u00e0-dire \u00e0 l'int\u00e9rieur de l'entreprise.<strong data-start=\"648\" data-end=\"728\">en t\u00eate des r\u00e9sultats de recherche locale et dans les emplacements publicitaires les plus performants.<\/strong><\/p>\n<p data-start=\"732\" data-end=\"1231\">\u2714 <strong data-start=\"734\" data-end=\"760\">Ciblage publicitaire localis\u00e9<\/strong> - Des strat\u00e9gies publicitaires personnalis\u00e9es con\u00e7ues pour toucher les <strong data-start=\"811\" data-end=\"847\">les publics r\u00e9gionaux dans toute l'Europe<\/strong>.<br data-start=\"848\" data-end=\"851\" \/>\u2714 <strong data-start=\"853\" data-end=\"886\">Pr\u00e9sence g\u00e9o-optimis\u00e9e dans les moteurs de recherche<\/strong> - S\u00e9curis\u00e9 <strong data-start=\"896\" data-end=\"945\">placement prioritaire dans les r\u00e9sultats de recherche europ\u00e9ens<\/strong> avec des ccTLD sp\u00e9cifiques \u00e0 chaque pays.<br data-start=\"975\" data-end=\"978\" \/>\u2714 <strong data-start=\"980\" data-end=\"1011\">Des informations ax\u00e9es sur les performances<\/strong> - Gain <strong data-start=\"1019\" data-end=\"1042\">analyse en temps r\u00e9el<\/strong> pour affiner les campagnes et maximiser le retour sur investissement.<br data-start=\"1097\" data-end=\"1100\" \/>\u2714 <strong data-start=\"1102\" data-end=\"1128\">Un acc\u00e8s sans faille au march\u00e9<\/strong> - D\u00e9veloppez vos activit\u00e9s en toute confiance avec <strong data-start=\"1155\" data-end=\"1229\">des strat\u00e9gies publicitaires l\u00e9galement reconnues et conformes \u00e0 la r\u00e9glementation europ\u00e9enne.<\/strong><\/p>\n<p data-start=\"1233\" data-end=\"1348\"><strong data-start=\"1233\" data-end=\"1346\">Avec Eurosalesman\u00ae, votre marque acquiert l'avantage concurrentiel n\u00e9cessaire pour prosp\u00e9rer sur les march\u00e9s les plus importants d'Europe.<\/strong><\/p>\n<p>&nbsp;<\/p>","protected":false},"featured_media":2046,"comment_status":"closed","ping_status":"closed","template":"","meta":{"_seopress_robots_primary_cat":"","_seopress_titles_title":"","_seopress_titles_desc":"","_seopress_robots_index":""},"product_brand":[],"product_cat":[39],"product_tag":[],"class_list":{"0":"post-2101","1":"product","2":"type-product","3":"status-publish","4":"has-post-thumbnail","6":"product_cat-advertising","8":"first","9":"instock","10":"shipping-taxable","11":"purchasable","12":"product-type-variable"},"_links":{"self":[{"href":"https:\/\/eurosalesman.com\/fr\/wp-json\/wp\/v2\/product\/2101","targetHints":{"allow":["GET"]}}],"collection":[{"href":"https:\/\/eurosalesman.com\/fr\/wp-json\/wp\/v2\/product"}],"about":[{"href":"https:\/\/eurosalesman.com\/fr\/wp-json\/wp\/v2\/types\/product"}],"replies":[{"embeddable":true,"href":"https:\/\/eurosalesman.com\/fr\/wp-json\/wp\/v2\/comments?post=2101"}],"wp:featuredmedia":[{"embeddable":true,"href":"https:\/\/eurosalesman.com\/fr\/wp-json\/wp\/v2\/media\/2046"}],"wp:attachment":[{"href":"https:\/\/eurosalesman.com\/fr\/wp-json\/wp\/v2\/media?parent=2101"}],"wp:term":[{"taxonomy":"product_brand","embeddable":true,"href":"https:\/\/eurosalesman.com\/fr\/wp-json\/wp\/v2\/product_brand?post=2101"},{"taxonomy":"product_cat","embeddable":true,"href":"https:\/\/eurosalesman.com\/fr\/wp-json\/wp\/v2\/product_cat?post=2101"},{"taxonomy":"product_tag","embeddable":true,"href":"https:\/\/eurosalesman.com\/fr\/wp-json\/wp\/v2\/product_tag?post=2101"}],"curies":[{"name":"wp","href":"https:\/\/api.w.org\/{rel}","templated":true}]}}