{"id":2381,"date":"2025-03-26T13:41:28","date_gmt":"2025-03-26T12:41:28","guid":{"rendered":"https:\/\/eurosalesman.com\/?post_type=product&#038;p=2381"},"modified":"2025-03-26T13:47:42","modified_gmt":"2025-03-26T12:47:42","slug":"starter-visibility-bundle","status":"publish","type":"product","link":"https:\/\/eurosalesman.com\/fr\/services\/starter-visibility-bundle\/","title":{"rendered":"Offre group\u00e9e de visibilit\u00e9 de d\u00e9part"},"content":{"rendered":"<section class=\"package-content\">\n<div class=\"two-column-container\">\n<p><!-- Left Column: How It Works --><\/p>\n<div class=\"first column\">\n<h3>Comment \u00e7a marche<\/h3>\n<dl class=\"steps\">\n<dt>\u00c9tape 1 :<\/dt>\n<dd>Nous mettons en place votre profil Google Business et rassemblons les principaux mots-cl\u00e9s locaux et les zones cibles.<\/dd>\n<dt>\u00c9tape 2 :<\/dt>\n<dd>Notre \u00e9quipe lance votre campagne Ads starter avec des annonces cibl\u00e9es g\u00e9ographiquement et un texte publicitaire adapt\u00e9 pour atteindre les clients locaux.<\/dd>\n<dt>\u00c9tape 3 :<\/dt>\n<dd>Nous s\u00e9curisons 10 backlinks de haute autorit\u00e9 par mois avec un texte d'ancrage optimis\u00e9 pointant vers vos pages cl\u00e9s pour un impact SEO local.<\/dd>\n<dt>\u00c9tape 4 :<\/dt>\n<dd>Vous recevez un rapport mensuel transparent avec les r\u00e9sultats PPC, la performance des backlinks et des informations strat\u00e9giques.<\/dd>\n<\/dl>\n<\/div>\n<p><!-- Right Column: What You Get --><\/p>\n<div class=\"column\">\n<h3>Ce que vous obtenez<\/h3>\n<dl class=\"what-you-get\">\n<dt>Renforcement de l'autorit\u00e9 des moteurs de recherche locaux<\/dt>\n<dd>10 backlinks de qualit\u00e9 par mois avec un texte d'ancrage optimis\u00e9 ciblant vos mots-cl\u00e9s locaux, ainsi que la mise en place et l'optimisation du profil d'entreprise Google.<\/dd>\n<dt>Campagne de d\u00e9marrage Google Ads<\/dt>\n<dd>Campagne enti\u00e8rement g\u00e9r\u00e9e, con\u00e7ue pour g\u00e9n\u00e9rer environ 1 000 interactions mensuelles avec les annonces locales, avec des annonces cibl\u00e9es g\u00e9ographiquement et une optimisation continue des textes et des mots-cl\u00e9s.<\/dd>\n<dt>Rapports de performance et soutien<\/dt>\n<dd>Un tableau de bord mensuel r\u00e9sumant les performances SEO et PPC, ainsi qu'un support par email pour les questions de strat\u00e9gie et les ajustements de campagne.<\/dd>\n<\/dl>\n<\/div>\n<\/div>\n<\/section>","protected":false},"excerpt":{"rendered":"<p>Entrez en toute confiance sur les march\u00e9s locaux gr\u00e2ce \u00e0 une puissante combinaison de r\u00e9f\u00e9rencement hors page, de publicit\u00e9s g\u00e9ocibl\u00e9es et de rapports transparents, con\u00e7us pour instaurer la confiance, g\u00e9n\u00e9rer du trafic et \u00e9tablir votre activit\u00e9 l\u00e0 o\u00f9 cela compte le plus : dans votre r\u00e9gion.<\/p>\n<p>Cette offre combine des backlinks de grande autorit\u00e9, une visibilit\u00e9 locale optimis\u00e9e et des performances publicitaires en temps r\u00e9el pour aider votre entreprise \u00e0 se classer, \u00e0 \u00eatre trouv\u00e9e et \u00e0 convertir. Parfait pour les entreprises qui font leur premier pas vers la domination locale en ligne, sans aucun engagement \u00e0 long terme.<\/p>","protected":false},"featured_media":2382,"comment_status":"closed","ping_status":"closed","template":"","meta":{"_seopress_robots_primary_cat":"","_seopress_titles_title":"","_seopress_titles_desc":"","_seopress_robots_index":""},"product_brand":[],"product_cat":[41],"product_tag":[],"class_list":{"0":"post-2381","1":"product","2":"type-product","3":"status-publish","4":"has-post-thumbnail","6":"product_cat-bundle","8":"first","9":"instock","10":"shipping-taxable","11":"purchasable","12":"product-type-simple"},"_links":{"self":[{"href":"https:\/\/eurosalesman.com\/fr\/wp-json\/wp\/v2\/product\/2381","targetHints":{"allow":["GET"]}}],"collection":[{"href":"https:\/\/eurosalesman.com\/fr\/wp-json\/wp\/v2\/product"}],"about":[{"href":"https:\/\/eurosalesman.com\/fr\/wp-json\/wp\/v2\/types\/product"}],"replies":[{"embeddable":true,"href":"https:\/\/eurosalesman.com\/fr\/wp-json\/wp\/v2\/comments?post=2381"}],"wp:featuredmedia":[{"embeddable":true,"href":"https:\/\/eurosalesman.com\/fr\/wp-json\/wp\/v2\/media\/2382"}],"wp:attachment":[{"href":"https:\/\/eurosalesman.com\/fr\/wp-json\/wp\/v2\/media?parent=2381"}],"wp:term":[{"taxonomy":"product_brand","embeddable":true,"href":"https:\/\/eurosalesman.com\/fr\/wp-json\/wp\/v2\/product_brand?post=2381"},{"taxonomy":"product_cat","embeddable":true,"href":"https:\/\/eurosalesman.com\/fr\/wp-json\/wp\/v2\/product_cat?post=2381"},{"taxonomy":"product_tag","embeddable":true,"href":"https:\/\/eurosalesman.com\/fr\/wp-json\/wp\/v2\/product_tag?post=2381"}],"curies":[{"name":"wp","href":"https:\/\/api.w.org\/{rel}","templated":true}]}}