{"id":2384,"date":"2025-03-26T13:42:41","date_gmt":"2025-03-26T12:42:41","guid":{"rendered":"https:\/\/eurosalesman.com\/?post_type=product&#038;p=2384"},"modified":"2025-03-26T13:48:14","modified_gmt":"2025-03-26T12:48:14","slug":"local-growth-accelerator-bundle","status":"publish","type":"product","link":"https:\/\/eurosalesman.com\/fr\/services\/local-growth-accelerator-bundle\/","title":{"rendered":"Offre group\u00e9e d'acc\u00e9l\u00e9ration de la croissance locale"},"content":{"rendered":"<section class=\"package-content\">\n<div class=\"two-column-container\">\n<p><!-- Left Column: How It Works --><\/p>\n<div class=\"first column\">\n<h3>Comment \u00e7a marche<\/h3>\n<dl class=\"steps\">\n<dt>\u00c9tape 1 :<\/dt>\n<dd>Nous r\u00e9alisons une \u00e9tude du march\u00e9 local, mettons \u00e0 jour votre strat\u00e9gie de mots-cl\u00e9s et mettons en place des citations locales avanc\u00e9es et des listes d'annuaires.<\/dd>\n<dt>\u00c9tape 2 :<\/dt>\n<dd>Notre \u00e9quipe lance et g\u00e8re vos campagnes publicitaires, en cr\u00e9ant des textes publicitaires et en les optimisant chaque mois.<\/dd>\n<dt>\u00c9tape 3 :<\/dt>\n<dd>Nous cr\u00e9ons 20 backlinks \u00e0 forte autorit\u00e9 par mois, en ajustant le texte d'ancrage et les pages cibles sur la base des donn\u00e9es de performance.<\/dd>\n<dt>\u00c9tape 4 :<\/dt>\n<dd>Vous recevez des rapports mensuels d\u00e9taill\u00e9s ainsi qu'un appel de r\u00e9vision de la strat\u00e9gie pour analyser les performances et affiner les campagnes.<\/dd>\n<\/dl>\n<\/div>\n<p><!-- Right Column: What You Get --><\/p>\n<div class=\"column\">\n<h3>Ce que vous obtenez<\/h3>\n<dl class=\"what-you-get\">\n<dt>Croissance avanc\u00e9e du r\u00e9f\u00e9rencement local<\/dt>\n<dd>20 backlinks d'autorit\u00e9 par mois, des citations locales avanc\u00e9es et des ajustements continus de mots-cl\u00e9s pour renforcer votre classement dans les moteurs de recherche locaux.<\/dd>\n<dd>Gestion compl\u00e8te des annonces Google g\u00e9n\u00e9rant jusqu'\u00e0 2 500 clics cibl\u00e9s par mois, ainsi que des posts boost\u00e9s ou des annonces cibl\u00e9es pour augmenter la visibilit\u00e9 locale.<\/dd>\n<dt>Suivi des performances et r\u00e9vision de la strat\u00e9gie<\/dt>\n<dd>Des rapports mensuels d\u00e9taill\u00e9s sur le SEO et le PPC, ainsi qu'un appel strat\u00e9gique de 30 minutes pour examiner les r\u00e9sultats, ajuster les campagnes et garder une longueur d'avance sur la concurrence.<\/dd>\n<dt>Contenu trimestriel aliment\u00e9 par l'IA<\/dt>\n<dd>Un billet de blog ou de m\u00e9dia social g\u00e9n\u00e9r\u00e9 par l'IA par trimestre, adapt\u00e9 \u00e0 vos mots-cl\u00e9s et \u00e0 votre public local pour stimuler l'autorit\u00e9 et l'engagement.<\/dd>\n<\/dl>\n<\/div>\n<\/div>\n<\/section>","protected":false},"excerpt":{"rendered":"<p>Notre offre group\u00e9e la plus populaire pour les entreprises qui veulent vraiment se d\u00e9velopper au niveau local. Cette offre comprend 20 backlinks \u00e0 forte autorit\u00e9, des citations locales avanc\u00e9es, des publicit\u00e9s enti\u00e8rement g\u00e9r\u00e9es et du contenu aliment\u00e9 par l'IA, le tout soutenu par des rapports d'experts et une assistance strat\u00e9gique.<\/p>","protected":false},"featured_media":2382,"comment_status":"closed","ping_status":"closed","template":"","meta":{"_seopress_robots_primary_cat":"","_seopress_titles_title":"","_seopress_titles_desc":"","_seopress_robots_index":""},"product_brand":[],"product_cat":[41],"product_tag":[],"class_list":{"0":"post-2384","1":"product","2":"type-product","3":"status-publish","4":"has-post-thumbnail","6":"product_cat-bundle","8":"first","9":"instock","10":"shipping-taxable","11":"purchasable","12":"product-type-simple"},"_links":{"self":[{"href":"https:\/\/eurosalesman.com\/fr\/wp-json\/wp\/v2\/product\/2384","targetHints":{"allow":["GET"]}}],"collection":[{"href":"https:\/\/eurosalesman.com\/fr\/wp-json\/wp\/v2\/product"}],"about":[{"href":"https:\/\/eurosalesman.com\/fr\/wp-json\/wp\/v2\/types\/product"}],"replies":[{"embeddable":true,"href":"https:\/\/eurosalesman.com\/fr\/wp-json\/wp\/v2\/comments?post=2384"}],"wp:featuredmedia":[{"embeddable":true,"href":"https:\/\/eurosalesman.com\/fr\/wp-json\/wp\/v2\/media\/2382"}],"wp:attachment":[{"href":"https:\/\/eurosalesman.com\/fr\/wp-json\/wp\/v2\/media?parent=2384"}],"wp:term":[{"taxonomy":"product_brand","embeddable":true,"href":"https:\/\/eurosalesman.com\/fr\/wp-json\/wp\/v2\/product_brand?post=2384"},{"taxonomy":"product_cat","embeddable":true,"href":"https:\/\/eurosalesman.com\/fr\/wp-json\/wp\/v2\/product_cat?post=2384"},{"taxonomy":"product_tag","embeddable":true,"href":"https:\/\/eurosalesman.com\/fr\/wp-json\/wp\/v2\/product_tag?post=2384"}],"curies":[{"name":"wp","href":"https:\/\/api.w.org\/{rel}","templated":true}]}}