{"id":1397,"date":"2024-10-09T16:38:34","date_gmt":"2024-10-09T14:38:34","guid":{"rendered":"https:\/\/eurosalesman.com\/?page_id=1397"},"modified":"2024-11-21T14:23:12","modified_gmt":"2024-11-21T13:23:12","slug":"ai","status":"publish","type":"page","link":"https:\/\/eurosalesman.com\/it\/ai\/","title":{"rendered":"AI"},"content":{"rendered":"<div data-elementor-type=\"wp-page\" data-elementor-id=\"1397\" class=\"elementor elementor-1397\" data-elementor-post-type=\"page\">\n\t\t\t\t<div class=\"elementor-element elementor-element-08918d0 e-con-full e-flex e-con e-parent\" data-id=\"08918d0\" data-element_type=\"container\" data-e-type=\"container\" data-settings=\"{&quot;background_background&quot;:&quot;classic&quot;}\">\n\t\t<div class=\"elementor-element elementor-element-a0d0aec e-flex e-con-boxed e-con e-child\" data-id=\"a0d0aec\" data-element_type=\"container\" data-e-type=\"container\">\n\t\t\t\t\t<div class=\"e-con-inner\">\n\t\t\t\t<div class=\"elementor-element elementor-element-8015925 elementor-invisible elementor-widget elementor-widget-heading\" data-id=\"8015925\" data-element_type=\"widget\" data-e-type=\"widget\" data-settings=\"{&quot;_animation&quot;:&quot;fadeIn&quot;}\" data-widget_type=\"heading.default\">\n\t\t\t\t<div class=\"elementor-widget-container\">\n\t\t\t\t\t<h1 class=\"elementor-heading-title elementor-size-default\">AI<\/h1>\t\t\t\t<\/div>\n\t\t\t\t<\/div>\n\t\t\t\t\t<\/div>\n\t\t\t\t<\/div>\n\t\t\t\t<div class=\"elementor-element elementor-element-94d5b96 elementor-widget__width-initial elementor-absolute elementor-widget-mobile__width-inherit elementor-invisible elementor-widget elementor-widget-image\" data-id=\"94d5b96\" data-element_type=\"widget\" data-e-type=\"widget\" data-settings=\"{&quot;_position&quot;:&quot;absolute&quot;,&quot;_animation&quot;:&quot;slideInRight&quot;}\" data-widget_type=\"image.default\">\n\t\t\t\t<div class=\"elementor-widget-container\">\n\t\t\t\t\t\t\t\t\t\t\t\t\t\t\t<img fetchpriority=\"high\" decoding=\"async\" width=\"800\" height=\"427\" src=\"https:\/\/eurosalesman.com\/wp-content\/uploads\/dl.beatsnoop.com-3000-msjnWEStYO-1024x546.jpg\" class=\"attachment-large size-large wp-image-1200\" alt=\"dl.beatsnoop.com-3000-msjnWEStYO\" srcset=\"https:\/\/eurosalesman.com\/wp-content\/uploads\/dl.beatsnoop.com-3000-msjnWEStYO-1024x546.jpg 1024w, https:\/\/eurosalesman.com\/wp-content\/uploads\/dl.beatsnoop.com-3000-msjnWEStYO-512x273.jpg 512w, https:\/\/eurosalesman.com\/wp-content\/uploads\/dl.beatsnoop.com-3000-msjnWEStYO-256x136.jpg 256w, https:\/\/eurosalesman.com\/wp-content\/uploads\/dl.beatsnoop.com-3000-msjnWEStYO-768x409.jpg 768w, https:\/\/eurosalesman.com\/wp-content\/uploads\/dl.beatsnoop.com-3000-msjnWEStYO-1536x819.jpg 1536w, https:\/\/eurosalesman.com\/wp-content\/uploads\/dl.beatsnoop.com-3000-msjnWEStYO-2048x1092.jpg 2048w\" sizes=\"(max-width: 800px) 100vw, 800px\" \/>\t\t\t\t\t\t\t\t\t\t\t\t\t\t\t<\/div>\n\t\t\t\t<\/div>\n\t\t\t\t<\/div>\n\t\t<div class=\"elementor-element elementor-element-7a0614e e-flex e-con-boxed e-con e-parent\" data-id=\"7a0614e\" data-element_type=\"container\" data-e-type=\"container\">\n\t\t\t\t\t<div class=\"e-con-inner\">\n\t\t\t\t<div class=\"elementor-element elementor-element-3b41e9b elementor-widget elementor-widget-theme-post-excerpt\" data-id=\"3b41e9b\" data-element_type=\"widget\" data-e-type=\"widget\" data-widget_type=\"theme-post-excerpt.default\">\n\t\t\t\t<div class=\"elementor-widget-container\">\n\t\t\t\t\tNel frenetico mondo digitale di oggi, per stare davanti alla concorrenza non bastano solo le buone idee: servono strumenti intelligenti che aiutino a realizzarle in modo efficiente ed efficace. In Eurosalesman, sfruttiamo la potenza dell'intelligenza artificiale (AI) per trasformare il modo in cui i nostri clienti creano e ottimizzano i loro contenuti pubblicitari, rendendo pi\u00f9 facile che mai il coinvolgimento del pubblico e il raggiungimento degli obiettivi di marketing.\t\t\t\t<\/div>\n\t\t\t\t<\/div>\n\t\t\t\t<div class=\"elementor-element elementor-element-a2643bc elementor-widget-divider--view-line elementor-widget elementor-widget-divider\" data-id=\"a2643bc\" data-element_type=\"widget\" data-e-type=\"widget\" data-widget_type=\"divider.default\">\n\t\t\t\t<div class=\"elementor-widget-container\">\n\t\t\t\t\t\t\t<div class=\"elementor-divider\">\n\t\t\t<span class=\"elementor-divider-separator\">\n\t\t\t\t\t\t<\/span>\n\t\t<\/div>\n\t\t\t\t\t\t<\/div>\n\t\t\t\t<\/div>\n\t\t\t\t\t<\/div>\n\t\t\t\t<\/div>\n\t\t<div class=\"elementor-element elementor-element-2c2cf15 e-flex e-con-boxed e-con e-parent\" data-id=\"2c2cf15\" data-element_type=\"container\" data-e-type=\"container\">\n\t\t\t\t\t<div class=\"e-con-inner\">\n\t\t\t\t<div class=\"elementor-element elementor-element-0bc0460 elementor-widget elementor-widget-heading\" data-id=\"0bc0460\" data-element_type=\"widget\" data-e-type=\"widget\" data-widget_type=\"heading.default\">\n\t\t\t\t<div class=\"elementor-widget-container\">\n\t\t\t\t\t<h2 class=\"elementor-heading-title elementor-size-default\"><h2 data-elementor-setting-key=\"title\" data-pen-placeholder=\"Type Here...\" style=\"font-family: var( --e-global-typography-primary-font-family ), Sans-serif;font-weight: var( --e-global-typography-primary-font-weight );line-height: var( --e-global-typography-primary-line-height );font-size: var( --e-global-typography-primary-font-size );text-transform: none;font-style: normal;letter-spacing: var( --e-global-typography-primary-letter-spacing )\">Potenziate la vostra pubblicit\u00e0 con la creazione di contenuti guidati dall'AI<span style=\"color: var( --e-global-color-primary );font-family: var( --e-global-typography-primary-font-family ), Sans-serif;font-size: var( --e-global-typography-primary-font-size );font-style: var( --e-global-typography-primary-font-style );font-weight: var( --e-global-typography-primary-font-weight );letter-spacing: var( --e-global-typography-primary-letter-spacing );text-transform: var( --e-global-typography-primary-text-transform );text-align: var(--text-align);background-color: var( --e-global-color-43e86c6 )\"><\/span><\/h2><\/h2>\t\t\t\t<\/div>\n\t\t\t\t<\/div>\n\t\t\t\t<div class=\"elementor-element elementor-element-98b7bf7 elementor-widget elementor-widget-text-editor\" data-id=\"98b7bf7\" data-element_type=\"widget\" data-e-type=\"widget\" data-widget_type=\"text-editor.default\">\n\t\t\t\t<div class=\"elementor-widget-container\">\n\t\t\t\t\t\t\t\t\t<p><\/p><p><span style=\"font-weight: bolder;\">Il potere dell'intelligenza artificiale nel marketing<\/span><\/p><p>L'IA sta rivoluzionando il modo in cui le aziende affrontano il marketing. Sfruttando algoritmi avanzati e l'apprendimento automatico, l'IA \u00e8 in grado di analizzare grandi quantit\u00e0 di dati, identificare schemi e fornire approfondimenti per migliorare il processo decisionale. Ecco come l'IA sta ridisegnando il panorama del marketing:<\/p><ol><li style=\"font-size: 16px;\"><p><span style=\"font-weight: bolder;\">Efficienza e velocit\u00e0<\/span>: L'intelligenza artificiale automatizza le attivit\u00e0 che richiedono tempo, consentendo alle aziende di concentrarsi sulla strategia e sulla creativit\u00e0. Che si tratti di analizzare i dati dei clienti, prevedere le tendenze del mercato o generare contenuti, l'IA \u00e8 in grado di farlo in modo pi\u00f9 rapido e accurato degli esseri umani, liberando tempo prezioso per il vostro team.<\/p><\/li><li style=\"font-size: 16px;\"><p><span style=\"font-weight: bolder;\">Personalizzazione su scala<\/span>: Uno dei vantaggi pi\u00f9 significativi dell'IA \u00e8 la sua capacit\u00e0 di offrire esperienze personalizzate. Analizzando il comportamento e le preferenze degli utenti, l'IA pu\u00f2 creare contenuti su misura che risuonano con i singoli clienti, migliorando il coinvolgimento e aumentando i tassi di conversione.<\/p><\/li><li style=\"font-size: 16px;\"><p><span style=\"font-weight: bolder;\">Approfondimenti basati sui dati<\/span>: L'intelligenza artificiale eccelle nell'elaborazione e nell'analisi di grandi insiemi di dati, fornendo alle aziende intuizioni attuabili. Queste intuizioni aiutano a identificare ci\u00f2 che funziona e ci\u00f2 che non funziona, consentendo rapidi aggiustamenti e l'ottimizzazione delle strategie di marketing.<\/p><\/li><li style=\"font-size: 16px;\"><p><span style=\"font-weight: bolder;\">Analisi predittiva<\/span>: L'intelligenza artificiale \u00e8 in grado di prevedere le tendenze future e i comportamenti dei clienti sulla base dei dati storici, consentendo alle aziende di anticipare i cambiamenti del mercato e di rimanere in testa alla concorrenza. Questo approccio proattivo garantisce che le strategie di marketing siano sempre pertinenti ed efficaci.<\/p><\/li><\/ol><p><\/p>\t\t\t\t\t\t\t\t<\/div>\n\t\t\t\t<\/div>\n\t\t\t\t<div class=\"elementor-element elementor-element-731f2fc elementor-widget elementor-widget-image\" data-id=\"731f2fc\" data-element_type=\"widget\" data-e-type=\"widget\" data-widget_type=\"image.default\">\n\t\t\t\t<div class=\"elementor-widget-container\">\n\t\t\t\t\t\t\t\t\t\t\t\t\t\t\t<img decoding=\"async\" width=\"1800\" height=\"1013\" src=\"https:\/\/eurosalesman.com\/wp-content\/uploads\/google-deepmind-tikhtH3QRSQ-unsplash.jpg\" class=\"attachment-full size-full wp-image-1209\" alt=\"google-deepmind-tikhtH3QRSQ-unsplash\" srcset=\"https:\/\/eurosalesman.com\/wp-content\/uploads\/google-deepmind-tikhtH3QRSQ-unsplash.jpg 1800w, https:\/\/eurosalesman.com\/wp-content\/uploads\/google-deepmind-tikhtH3QRSQ-unsplash-512x288.jpg 512w, https:\/\/eurosalesman.com\/wp-content\/uploads\/google-deepmind-tikhtH3QRSQ-unsplash-1024x576.jpg 1024w, https:\/\/eurosalesman.com\/wp-content\/uploads\/google-deepmind-tikhtH3QRSQ-unsplash-256x144.jpg 256w, https:\/\/eurosalesman.com\/wp-content\/uploads\/google-deepmind-tikhtH3QRSQ-unsplash-768x432.jpg 768w, https:\/\/eurosalesman.com\/wp-content\/uploads\/google-deepmind-tikhtH3QRSQ-unsplash-1536x864.jpg 1536w\" sizes=\"(max-width: 1800px) 100vw, 1800px\" \/>\t\t\t\t\t\t\t\t\t\t\t\t\t\t\t<\/div>\n\t\t\t\t<\/div>\n\t\t\t\t<div class=\"elementor-element elementor-element-0a74d9c elementor-widget elementor-widget-text-editor\" data-id=\"0a74d9c\" data-element_type=\"widget\" data-e-type=\"widget\" data-widget_type=\"text-editor.default\">\n\t\t\t\t<div class=\"elementor-widget-container\">\n\t\t\t\t\t\t\t\t\t<p><\/p><p><span style=\"font-weight: bolder;\">Creazione di contenuti potenziata dall'intelligenza artificiale con Eurosalesman<\/span><\/p><p>In Eurosalesman, facciamo un ulteriore passo avanti nella potenza dell'intelligenza artificiale, integrandola direttamente nel costruttore di pagine della nostra piattaforma. Le nostre funzioni di intelligenza artificiale semplificano il processo di creazione dei contenuti, rendendo pi\u00f9 facile la creazione di annunci convincenti ed efficaci che catturano l'attenzione e portano risultati. Ecco come l'intelligenza artificiale pu\u00f2 essere utile ai vostri sforzi pubblicitari:<\/p><ul><li style=\"font-size: 16px;\"><p><span style=\"font-weight: bolder;\">Generazione intelligente di contenuti<\/span>: I nostri strumenti basati sull'intelligenza artificiale vi aiutano a generare contenuti di alta qualit\u00e0 per i vostri annunci in modo rapido e semplice. Analizzando le esigenze della vostra azienda, il pubblico di riferimento e le tendenze del settore, la nostra AI crea contenuti non solo coinvolgenti, ma anche adatti ai vostri obiettivi specifici. Che si tratti di titoli accattivanti, testi persuasivi o inviti all'azione, la nostra IA garantisce che i contenuti siano ottimizzati per il successo.<\/p><\/li><li style=\"font-size: 16px;\"><p><span style=\"font-weight: bolder;\">Ottimizzato per le prestazioni<\/span>: Creare contenuti che risuonino con il vostro pubblico \u00e8 fondamentale per il successo dei vostri annunci. La nostra intelligenza artificiale analizza i dati delle campagne precedenti, identifica ci\u00f2 che funziona meglio e applica queste intuizioni per generare contenuti che massimizzino il coinvolgimento e le conversioni. Questo approccio basato sui dati garantisce che i vostri annunci abbiano sempre un rendimento ottimale.<\/p><\/li><li style=\"font-size: 16px;\"><p><span style=\"font-weight: bolder;\">Personalizzazione per le vostre esigenze<\/span>: Ogni azienda \u00e8 unica e cos\u00ec le sue esigenze pubblicitarie. La nostra AI vi permette di personalizzare i contenuti in base ai vostri obiettivi specifici, al vostro settore e al vostro pubblico di riferimento. Che si tratti di aumentare la notoriet\u00e0 del marchio, di promuovere le vendite o di coinvolgere i clienti, i nostri strumenti di intelligenza artificiale offrono la flessibilit\u00e0 e la precisione necessarie per raggiungere i vostri obiettivi.<\/p><\/li><li style=\"font-size: 16px;\"><p><span style=\"font-weight: bolder;\">Miglioramento continuo<\/span>: L'IA non si limita a creare contenuti, ma impara e migliora nel tempo. Analizzando continuamente le performance dei vostri annunci, la nostra AI adatta e perfeziona le sue strategie di generazione di contenuti, assicurando che i vostri sforzi di marketing rimangano efficaci e pertinenti al mutare delle condizioni di mercato.<\/p><\/li><\/ul><p><\/p>\t\t\t\t\t\t\t\t<\/div>\n\t\t\t\t<\/div>\n\t\t\t\t\t<\/div>\n\t\t\t\t<\/div>\n\t\t<div class=\"elementor-element elementor-element-ac7066a e-con-full e-flex e-con e-parent\" data-id=\"ac7066a\" data-element_type=\"container\" data-e-type=\"container\" data-settings=\"{&quot;background_background&quot;:&quot;classic&quot;}\">\n\t\t<div class=\"elementor-element elementor-element-2bbd0ae e-con-full e-flex e-con e-child\" data-id=\"2bbd0ae\" data-element_type=\"container\" data-e-type=\"container\">\n\t\t\t\t<div class=\"elementor-element elementor-element-1886253 elementor-invisible elementor-widget elementor-widget-heading\" data-id=\"1886253\" data-element_type=\"widget\" data-e-type=\"widget\" data-settings=\"{&quot;_animation&quot;:&quot;fadeIn&quot;}\" data-widget_type=\"heading.default\">\n\t\t\t\t<div class=\"elementor-widget-container\">\n\t\t\t\t\t<h2 class=\"elementor-heading-title elementor-size-default\">Volete incrementare la vostra attivit\u00e0 oggi?<\/h2>\t\t\t\t<\/div>\n\t\t\t\t<\/div>\n\t\t\t\t<div class=\"elementor-element elementor-element-faceb79 elementor-invisible elementor-widget elementor-widget-text-editor\" data-id=\"faceb79\" data-element_type=\"widget\" data-e-type=\"widget\" data-settings=\"{&quot;_animation&quot;:&quot;fadeIn&quot;,&quot;_animation_delay&quot;:300}\" data-widget_type=\"text-editor.default\">\n\t\t\t\t<div class=\"elementor-widget-container\">\n\t\t\t\t\t\t\t\t\t<p>Contattateci oggi stesso per saperne di pi\u00f9 su come possiamo aiutarvi a raggiungere i vostri obiettivi di marketing con precisione e sicurezza.<\/p>\t\t\t\t\t\t\t\t<\/div>\n\t\t\t\t<\/div>\n\t\t\t\t<div class=\"elementor-element elementor-element-14c413e elementor-align-justify elementor-widget__width-initial elementor-invisible elementor-widget elementor-widget-button\" data-id=\"14c413e\" data-element_type=\"widget\" data-e-type=\"widget\" data-settings=\"{&quot;_animation&quot;:&quot;fadeIn&quot;,&quot;_animation_delay&quot;:600}\" data-widget_type=\"button.default\">\n\t\t\t\t<div class=\"elementor-widget-container\">\n\t\t\t\t\t\t\t\t\t<div class=\"elementor-button-wrapper\">\n\t\t\t\t\t<a class=\"elementor-button elementor-button-link elementor-size-sm\" href=\"https:\/\/eurosalesman.com\/it\/about\/contact\/\">\n\t\t\t\t\t\t<span class=\"elementor-button-content-wrapper\">\n\t\t\t\t\t\t\t\t\t<span class=\"elementor-button-text\">contattateci<\/span>\n\t\t\t\t\t<\/span>\n\t\t\t\t\t<\/a>\n\t\t\t\t<\/div>\n\t\t\t\t\t\t\t\t<\/div>\n\t\t\t\t<\/div>\n\t\t\t\t<\/div>\n\t\t<div class=\"elementor-element elementor-element-7ca93f2 e-con-full e-flex e-con e-child\" data-id=\"7ca93f2\" data-element_type=\"container\" data-e-type=\"container\" data-settings=\"{&quot;background_background&quot;:&quot;classic&quot;}\">\n\t\t\t\t<\/div>\n\t\t\t\t<\/div>\n\t\t\t\t<\/div>","protected":false},"excerpt":{"rendered":"<p>Nel frenetico mondo digitale di oggi, per stare davanti alla concorrenza non bastano solo le buone idee: servono strumenti intelligenti che aiutino a realizzarle in modo efficiente ed efficace. In Eurosalesman, sfruttiamo la potenza dell'intelligenza artificiale (AI) per trasformare il modo in cui i nostri clienti creano e ottimizzano i loro contenuti pubblicitari, rendendo pi\u00f9 facile che mai il coinvolgimento del pubblico e il raggiungimento degli obiettivi di marketing.<\/p>","protected":false},"author":3,"featured_media":0,"parent":0,"menu_order":0,"comment_status":"closed","ping_status":"closed","template":"","meta":{"_seopress_robots_primary_cat":"","_seopress_titles_title":"","_seopress_titles_desc":"","_seopress_robots_index":"","footnotes":""},"class_list":["post-1397","page","type-page","status-publish","hentry"],"_links":{"self":[{"href":"https:\/\/eurosalesman.com\/it\/wp-json\/wp\/v2\/pages\/1397","targetHints":{"allow":["GET"]}}],"collection":[{"href":"https:\/\/eurosalesman.com\/it\/wp-json\/wp\/v2\/pages"}],"about":[{"href":"https:\/\/eurosalesman.com\/it\/wp-json\/wp\/v2\/types\/page"}],"author":[{"embeddable":true,"href":"https:\/\/eurosalesman.com\/it\/wp-json\/wp\/v2\/users\/3"}],"replies":[{"embeddable":true,"href":"https:\/\/eurosalesman.com\/it\/wp-json\/wp\/v2\/comments?post=1397"}],"version-history":[{"count":7,"href":"https:\/\/eurosalesman.com\/it\/wp-json\/wp\/v2\/pages\/1397\/revisions"}],"predecessor-version":[{"id":1716,"href":"https:\/\/eurosalesman.com\/it\/wp-json\/wp\/v2\/pages\/1397\/revisions\/1716"}],"wp:attachment":[{"href":"https:\/\/eurosalesman.com\/it\/wp-json\/wp\/v2\/media?parent=1397"}],"curies":[{"name":"wp","href":"https:\/\/api.w.org\/{rel}","templated":true}]}}