{"id":1403,"date":"2024-10-09T16:41:52","date_gmt":"2024-10-09T14:41:52","guid":{"rendered":"https:\/\/eurosalesman.com\/?page_id=1403"},"modified":"2025-02-03T13:48:39","modified_gmt":"2025-02-03T12:48:39","slug":"trademarks","status":"publish","type":"page","link":"https:\/\/eurosalesman.com\/it\/trademarks\/","title":{"rendered":"Marchi di fabbrica"},"content":{"rendered":"<div data-elementor-type=\"wp-page\" data-elementor-id=\"1403\" class=\"elementor elementor-1403\" data-elementor-post-type=\"page\">\n\t\t\t\t<div class=\"elementor-element elementor-element-72113fb3 e-con-full e-flex e-con e-parent\" data-id=\"72113fb3\" data-element_type=\"container\" data-e-type=\"container\" data-settings=\"{&quot;background_background&quot;:&quot;classic&quot;}\">\n\t\t<div class=\"elementor-element elementor-element-4969b433 e-flex e-con-boxed e-con e-child\" data-id=\"4969b433\" data-element_type=\"container\" data-e-type=\"container\">\n\t\t\t\t\t<div class=\"e-con-inner\">\n\t\t\t\t<div class=\"elementor-element elementor-element-61d7f021 elementor-invisible elementor-widget elementor-widget-heading\" data-id=\"61d7f021\" data-element_type=\"widget\" data-e-type=\"widget\" data-settings=\"{&quot;_animation&quot;:&quot;fadeIn&quot;}\" data-widget_type=\"heading.default\">\n\t\t\t\t<div class=\"elementor-widget-container\">\n\t\t\t\t\t<h1 class=\"elementor-heading-title elementor-size-default\">Marchi di fabbrica<\/h1>\t\t\t\t<\/div>\n\t\t\t\t<\/div>\n\t\t\t\t\t<\/div>\n\t\t\t\t<\/div>\n\t\t\t\t<div class=\"elementor-element elementor-element-5a9ced46 elementor-widget__width-initial elementor-absolute elementor-widget-mobile__width-inherit elementor-invisible elementor-widget elementor-widget-image\" data-id=\"5a9ced46\" data-element_type=\"widget\" data-e-type=\"widget\" data-settings=\"{&quot;_position&quot;:&quot;absolute&quot;,&quot;_animation&quot;:&quot;slideInRight&quot;}\" data-widget_type=\"image.default\">\n\t\t\t\t<div class=\"elementor-widget-container\">\n\t\t\t\t\t\t\t\t\t\t\t\t\t\t\t<img fetchpriority=\"high\" decoding=\"async\" width=\"800\" height=\"510\" src=\"https:\/\/eurosalesman.com\/wp-content\/uploads\/dl.beatsnoop.com-3000-DFAQElCj6f-1024x653.jpg\" class=\"attachment-large size-large wp-image-1198\" alt=\"dl.beatsnoop.com-3000-DFAQElCj6f\" srcset=\"https:\/\/eurosalesman.com\/wp-content\/uploads\/dl.beatsnoop.com-3000-DFAQElCj6f-1024x653.jpg 1024w, https:\/\/eurosalesman.com\/wp-content\/uploads\/dl.beatsnoop.com-3000-DFAQElCj6f-512x327.jpg 512w, https:\/\/eurosalesman.com\/wp-content\/uploads\/dl.beatsnoop.com-3000-DFAQElCj6f-256x163.jpg 256w, https:\/\/eurosalesman.com\/wp-content\/uploads\/dl.beatsnoop.com-3000-DFAQElCj6f-768x490.jpg 768w, https:\/\/eurosalesman.com\/wp-content\/uploads\/dl.beatsnoop.com-3000-DFAQElCj6f-1536x980.jpg 1536w, https:\/\/eurosalesman.com\/wp-content\/uploads\/dl.beatsnoop.com-3000-DFAQElCj6f-2048x1306.jpg 2048w\" sizes=\"(max-width: 800px) 100vw, 800px\" \/>\t\t\t\t\t\t\t\t\t\t\t\t\t\t\t<\/div>\n\t\t\t\t<\/div>\n\t\t\t\t<\/div>\n\t\t<div class=\"elementor-element elementor-element-3f55ad98 e-flex e-con-boxed e-con e-parent\" data-id=\"3f55ad98\" data-element_type=\"container\" data-e-type=\"container\">\n\t\t\t\t\t<div class=\"e-con-inner\">\n\t\t\t\t<div class=\"elementor-element elementor-element-593e40a8 elementor-widget elementor-widget-theme-post-excerpt\" data-id=\"593e40a8\" data-element_type=\"widget\" data-e-type=\"widget\" data-widget_type=\"theme-post-excerpt.default\">\n\t\t\t\t<div class=\"elementor-widget-container\">\n\t\t\t\t\tI marchi sono molto pi\u00f9 che semplici simboli o loghi: rappresentano la reputazione, la qualit\u00e0 e i valori del vostro marchio. La protezione del marchio assicura che il vostro marchio sia legalmente protetto da usi non autorizzati, contraffazioni e violazioni. Questo non solo protegge la vostra attivit\u00e0, ma aumenta anche la credibilit\u00e0 e l'affidabilit\u00e0 del vostro marchio agli occhi dei clienti.\t\t\t\t<\/div>\n\t\t\t\t<\/div>\n\t\t\t\t<div class=\"elementor-element elementor-element-69d2bac4 elementor-widget-divider--view-line elementor-widget elementor-widget-divider\" data-id=\"69d2bac4\" data-element_type=\"widget\" data-e-type=\"widget\" data-widget_type=\"divider.default\">\n\t\t\t\t<div class=\"elementor-widget-container\">\n\t\t\t\t\t\t\t<div class=\"elementor-divider\">\n\t\t\t<span class=\"elementor-divider-separator\">\n\t\t\t\t\t\t<\/span>\n\t\t<\/div>\n\t\t\t\t\t\t<\/div>\n\t\t\t\t<\/div>\n\t\t\t\t<div class=\"elementor-element elementor-element-5d1c05f elementor-widget elementor-widget-heading\" data-id=\"5d1c05f\" data-element_type=\"widget\" data-e-type=\"widget\" data-widget_type=\"heading.default\">\n\t\t\t\t<div class=\"elementor-widget-container\">\n\t\t\t\t\t<h2 class=\"elementor-heading-title elementor-size-default\">Proteggete il vostro marchio con la sicurezza del marchio globale<\/h2>\t\t\t\t<\/div>\n\t\t\t\t<\/div>\n\t\t\t\t<div class=\"elementor-element elementor-element-b55b5a4 elementor-widget elementor-widget-text-editor\" data-id=\"b55b5a4\" data-element_type=\"widget\" data-e-type=\"widget\" data-widget_type=\"text-editor.default\">\n\t\t\t\t<div class=\"elementor-widget-container\">\n\t\t\t\t\t\t\t\t\t\n<div class=\"flex-shrink-0 flex flex-col relative items-end\">\n<div class=\"pt-0\">\n<div class=\"gizmo-bot-avatar flex h-8 w-8 items-center justify-center overflow-hidden rounded-full\">\n<div class=\"relative p-1 rounded-sm flex items-center justify-center bg-token-main-surface-primary text-token-text-primary h-8 w-8\">\n<h3>Perch\u00e9 i marchi sono importanti<\/h3>\n<p>I marchi sono <strong>pi\u00f9 che semplici loghi o simboli<\/strong>-sono le fondamenta del vostro marchio. <strong>identit\u00e0, reputazione e vantaggio competitivo<\/strong>. A <strong>una forte strategia di marchio<\/strong> garantisce che il vostro marchio sia:<br \/><br \/>\u2714\ufe0f <strong>Legalmente protetti contro le violazioni e le contraffazioni<\/strong><br \/>\u2714\ufe0f <strong>Facilmente distinguibili dai concorrenti sul mercato<\/strong><br \/>\u2714\ufe0f <strong>Riconosciuti e fidati dai clienti di tutto il mondo<\/strong><\/p>\n<p>Con l'aumento <strong>competizione globale<\/strong>proteggere la propria identit\u00e0 aziendale \u00e8 pi\u00f9 importante che mai. Ecco perch\u00e9 Eurosalesman\u00ae offre <strong>Servizi completi di protezione del marchio<\/strong>assicurando che il vostro marchio rimanga <strong>sicuro, conforme e posizionato per il successo a lungo termine<\/strong>.<\/p>\n<\/div>\n<\/div>\n<\/div>\n<\/div>\n\t\t\t\t\t\t\t\t<\/div>\n\t\t\t\t<\/div>\n\t\t\t\t<div class=\"elementor-element elementor-element-9cff7d0 elementor-widget-divider--view-line elementor-widget elementor-widget-divider\" data-id=\"9cff7d0\" data-element_type=\"widget\" data-e-type=\"widget\" data-widget_type=\"divider.default\">\n\t\t\t\t<div class=\"elementor-widget-container\">\n\t\t\t\t\t\t\t<div class=\"elementor-divider\">\n\t\t\t<span class=\"elementor-divider-separator\">\n\t\t\t\t\t\t<\/span>\n\t\t<\/div>\n\t\t\t\t\t\t<\/div>\n\t\t\t\t<\/div>\n\t\t\t\t<div class=\"elementor-element elementor-element-a3bb677 elementor-widget elementor-widget-text-editor\" data-id=\"a3bb677\" data-element_type=\"widget\" data-e-type=\"widget\" data-widget_type=\"text-editor.default\">\n\t\t\t\t<div class=\"elementor-widget-container\">\n\t\t\t\t\t\t\t\t\t\n<h3>Protezione del marchio con Eurosalesman\u00ae - Un vantaggio unico<\/h3>\n<p>Eurosalesman\u00ae non \u00e8 solo una piattaforma pubblicitaria: \u00e8 una <strong>rete commerciale con marchio globale<\/strong> che si integra:<br \/><br \/>\u2714\ufe0f <strong>Protezione legale registrata dall'OMPI (n. reg. 1317106, per 193 paesi).<\/strong><br \/>\u2714\ufe0f <strong>Domini esclusivi del mercato nazionale (ccTLD) per la sicurezza del marchio locale<\/strong><br \/>\u2714\ufe0f <strong>Partnership globali con EUIPO, ICANN e WIPO per tutelare il vostro marchio<\/strong><\/p>\n<p>A differenza delle piattaforme pubblicitarie online standard, Eurosalesman\u00ae assicura che <strong>ogni azienda che opera all'interno della nostra rete beneficia di una protezione del marchio leader del settore<\/strong>.<\/p>\n<p>\ud83d\udd39 <strong>Assicurate il vostro marchio in oltre 70 mercati locali con i domini di mercato nazionali (ccTLD)<\/strong><br \/>\ud83d\udd39 <strong>Impedire l'uso non autorizzato del vostro marchio su internet<\/strong><br \/>\ud83d\udd39 <strong>Stabilire una presenza affidabile e legalmente supportata nelle principali regioni economiche del mondo<\/strong><\/p>\n\t\t\t\t\t\t\t\t<\/div>\n\t\t\t\t<\/div>\n\t\t\t\t<div class=\"elementor-element elementor-element-5c48c65 elementor-widget elementor-widget-image\" data-id=\"5c48c65\" data-element_type=\"widget\" data-e-type=\"widget\" data-widget_type=\"image.default\">\n\t\t\t\t<div class=\"elementor-widget-container\">\n\t\t\t\t\t\t\t\t\t\t\t\t\t\t\t<img decoding=\"async\" width=\"2457\" height=\"1567\" src=\"https:\/\/eurosalesman.com\/wp-content\/uploads\/dl.beatsnoop.com-3000-wPzkZRQlas.jpg\" class=\"attachment-full size-full wp-image-1199\" alt=\"dl.beatsnoop.com-3000-wPzkZRQlas\" srcset=\"https:\/\/eurosalesman.com\/wp-content\/uploads\/dl.beatsnoop.com-3000-wPzkZRQlas.jpg 2457w, https:\/\/eurosalesman.com\/wp-content\/uploads\/dl.beatsnoop.com-3000-wPzkZRQlas-512x327.jpg 512w, https:\/\/eurosalesman.com\/wp-content\/uploads\/dl.beatsnoop.com-3000-wPzkZRQlas-1024x653.jpg 1024w, https:\/\/eurosalesman.com\/wp-content\/uploads\/dl.beatsnoop.com-3000-wPzkZRQlas-256x163.jpg 256w, https:\/\/eurosalesman.com\/wp-content\/uploads\/dl.beatsnoop.com-3000-wPzkZRQlas-768x490.jpg 768w, https:\/\/eurosalesman.com\/wp-content\/uploads\/dl.beatsnoop.com-3000-wPzkZRQlas-1536x980.jpg 1536w, https:\/\/eurosalesman.com\/wp-content\/uploads\/dl.beatsnoop.com-3000-wPzkZRQlas-2048x1306.jpg 2048w\" sizes=\"(max-width: 2457px) 100vw, 2457px\" \/>\t\t\t\t\t\t\t\t\t\t\t\t\t\t\t<\/div>\n\t\t\t\t<\/div>\n\t\t\t\t<div class=\"elementor-element elementor-element-0fb9bbf elementor-widget elementor-widget-text-editor\" data-id=\"0fb9bbf\" data-element_type=\"widget\" data-e-type=\"widget\" data-widget_type=\"text-editor.default\">\n\t\t\t\t<div class=\"elementor-widget-container\">\n\t\t\t\t\t\t\t\t\t<h3>Protezione globale del marchio online con ICANN<\/h3>\n<p>Nell'odierno mondo digitale, il vostro <strong>la presenza online \u00e8 importante quanto la posizione sul mercato fisico<\/strong>. <strong>ICANN (Internet Corporation for Assigned Names and Numbers)<\/strong> assicura che il vostro marchio <strong>i nomi di dominio restano protetti contro il cybersquatting e l'uso fraudolento<\/strong>.<\/p>\n<p>Eurosalesman\u00ae collabora con ICANN per:<br \/><br \/>\u2705 <strong>Assicuratevi i nomi di dominio del vostro marchio nei principali mercati globali<\/strong><br \/>\u2705 <strong>Impedire ai concorrenti di abusare dell'identit\u00e0 del vostro marchio online<\/strong><br \/>\u2705 <strong>Attivare meccanismi di risoluzione delle controversie per combattere le violazioni dei domini<\/strong><\/p>\n<p>Grazie alla supervisione dell'ICANN, il vostro marchio rimane <strong>protetto digitalmente<\/strong> in tutto il panorama internet globale.<\/p>\n<p><!-- \/wp:paragraph --><\/p>\t\t\t\t\t\t\t\t<\/div>\n\t\t\t\t<\/div>\n\t\t\t\t<div class=\"elementor-element elementor-element-3fac080 elementor-widget-divider--view-line elementor-widget elementor-widget-divider\" data-id=\"3fac080\" data-element_type=\"widget\" data-e-type=\"widget\" data-widget_type=\"divider.default\">\n\t\t\t\t<div class=\"elementor-widget-container\">\n\t\t\t\t\t\t\t<div class=\"elementor-divider\">\n\t\t\t<span class=\"elementor-divider-separator\">\n\t\t\t\t\t\t<\/span>\n\t\t<\/div>\n\t\t\t\t\t\t<\/div>\n\t\t\t\t<\/div>\n\t\t\t\t<div class=\"elementor-element elementor-element-06aaf2a elementor-widget elementor-widget-text-editor\" data-id=\"06aaf2a\" data-element_type=\"widget\" data-e-type=\"widget\" data-widget_type=\"text-editor.default\">\n\t\t\t\t<div class=\"elementor-widget-container\">\n\t\t\t\t\t\t\t\t\t<h3>Protezione dei marchi internazionali con l'OMPI<\/h3>\n<p>Per le aziende che si espandono in <strong>mercati globali oltre l'Europa<\/strong>Eurosalesman\u00ae collabora con <strong>WIPO (Organizzazione Mondiale della Propriet\u00e0 Intellettuale)<\/strong> da offrire:<br \/><br \/>\ud83d\udd39 <strong>Registrazione del marchio in pi\u00f9 paesi con un'unica domanda<\/strong><br \/>\ud83d\udd39 <strong>Protezione legale contro le violazioni transfrontaliere<\/strong><br \/>\ud83d\udd39 <strong>Riconoscimento nell'ambito del Sistema di Madrid per la sicurezza dei marchi internazionali<\/strong><\/p>\n<p>Il <strong>Sistema di Madrid dell'OMPI<\/strong> semplifica <strong>registrazione globale del marchio<\/strong>assicurando che il vostro <strong>La propriet\u00e0 intellettuale \u00e8 protetta in pi\u00f9 giurisdizioni senza la necessit\u00e0 di presentare domande separate.<\/strong>.<\/p>\n<p>Con la registrazione sostenuta dall'OMPI, la vostra azienda beneficia di:<br \/><br \/>\u2714\ufe0f <strong>Riduzione dei costi di deposito dei marchi in pi\u00f9 nazioni<\/strong><br \/>\u2714\ufe0f <strong>Tempi di elaborazione pi\u00f9 rapidi per la protezione del marchio internazionale<\/strong><br \/>\u2714\ufe0f <strong>Gestione senza soluzione di continuit\u00e0 dei rinnovi e dell'applicazione del marchio<\/strong><\/p>\n<p><!-- \/wp:paragraph --><\/p>\t\t\t\t\t\t\t\t<\/div>\n\t\t\t\t<\/div>\n\t\t\t\t\t<\/div>\n\t\t\t\t<\/div>\n\t\t<div class=\"elementor-element elementor-element-1150817d e-con-full e-flex e-con e-parent\" data-id=\"1150817d\" data-element_type=\"container\" data-e-type=\"container\" data-settings=\"{&quot;background_background&quot;:&quot;classic&quot;}\">\n\t\t<div class=\"elementor-element elementor-element-30c848fc e-con-full e-flex e-con e-child\" data-id=\"30c848fc\" data-element_type=\"container\" data-e-type=\"container\">\n\t\t\t\t<div class=\"elementor-element elementor-element-5fd159c9 elementor-invisible elementor-widget elementor-widget-heading\" data-id=\"5fd159c9\" data-element_type=\"widget\" data-e-type=\"widget\" data-settings=\"{&quot;_animation&quot;:&quot;fadeIn&quot;}\" data-widget_type=\"heading.default\">\n\t\t\t\t<div class=\"elementor-widget-container\">\n\t\t\t\t\t<h2 class=\"elementor-heading-title elementor-size-default\">Volete incrementare la vostra attivit\u00e0 oggi?<\/h2>\t\t\t\t<\/div>\n\t\t\t\t<\/div>\n\t\t\t\t<div class=\"elementor-element elementor-element-18a69f95 elementor-invisible elementor-widget elementor-widget-text-editor\" data-id=\"18a69f95\" data-element_type=\"widget\" data-e-type=\"widget\" data-settings=\"{&quot;_animation&quot;:&quot;fadeIn&quot;,&quot;_animation_delay&quot;:300}\" data-widget_type=\"text-editor.default\">\n\t\t\t\t<div class=\"elementor-widget-container\">\n\t\t\t\t\t\t\t\t\t<p>Contattateci oggi stesso per saperne di pi\u00f9 su come possiamo aiutarvi a raggiungere i vostri obiettivi di marketing con precisione e sicurezza.<\/p>\t\t\t\t\t\t\t\t<\/div>\n\t\t\t\t<\/div>\n\t\t\t\t<div class=\"elementor-element elementor-element-8e2bd2c elementor-align-justify elementor-widget__width-initial elementor-invisible elementor-widget elementor-widget-button\" data-id=\"8e2bd2c\" data-element_type=\"widget\" data-e-type=\"widget\" data-settings=\"{&quot;_animation&quot;:&quot;fadeIn&quot;,&quot;_animation_delay&quot;:600}\" data-widget_type=\"button.default\">\n\t\t\t\t<div class=\"elementor-widget-container\">\n\t\t\t\t\t\t\t\t\t<div class=\"elementor-button-wrapper\">\n\t\t\t\t\t<a class=\"elementor-button elementor-button-link elementor-size-sm\" href=\"https:\/\/eurosalesman.com\/it\/about\/contact\/\">\n\t\t\t\t\t\t<span class=\"elementor-button-content-wrapper\">\n\t\t\t\t\t\t\t\t\t<span class=\"elementor-button-text\">contattateci<\/span>\n\t\t\t\t\t<\/span>\n\t\t\t\t\t<\/a>\n\t\t\t\t<\/div>\n\t\t\t\t\t\t\t\t<\/div>\n\t\t\t\t<\/div>\n\t\t\t\t<\/div>\n\t\t<div class=\"elementor-element elementor-element-295d0164 e-con-full e-flex e-con e-child\" data-id=\"295d0164\" data-element_type=\"container\" data-e-type=\"container\" data-settings=\"{&quot;background_background&quot;:&quot;classic&quot;}\">\n\t\t\t\t<\/div>\n\t\t\t\t<\/div>\n\t\t\t\t<\/div>","protected":false},"excerpt":{"rendered":"<p>I marchi sono molto pi\u00f9 che semplici simboli o loghi: rappresentano la reputazione, la qualit\u00e0 e i valori del vostro marchio. La protezione del marchio assicura che il vostro marchio sia legalmente protetto da usi non autorizzati, contraffazioni e violazioni. Questo non solo protegge la vostra attivit\u00e0, ma aumenta anche la credibilit\u00e0 e l'affidabilit\u00e0 del vostro marchio agli occhi dei clienti.<\/p>","protected":false},"author":3,"featured_media":0,"parent":0,"menu_order":0,"comment_status":"closed","ping_status":"closed","template":"","meta":{"_seopress_robots_primary_cat":"","_seopress_titles_title":"","_seopress_titles_desc":"","_seopress_robots_index":"","footnotes":""},"class_list":["post-1403","page","type-page","status-publish","hentry"],"_links":{"self":[{"href":"https:\/\/eurosalesman.com\/it\/wp-json\/wp\/v2\/pages\/1403","targetHints":{"allow":["GET"]}}],"collection":[{"href":"https:\/\/eurosalesman.com\/it\/wp-json\/wp\/v2\/pages"}],"about":[{"href":"https:\/\/eurosalesman.com\/it\/wp-json\/wp\/v2\/types\/page"}],"author":[{"embeddable":true,"href":"https:\/\/eurosalesman.com\/it\/wp-json\/wp\/v2\/users\/3"}],"replies":[{"embeddable":true,"href":"https:\/\/eurosalesman.com\/it\/wp-json\/wp\/v2\/comments?post=1403"}],"version-history":[{"count":13,"href":"https:\/\/eurosalesman.com\/it\/wp-json\/wp\/v2\/pages\/1403\/revisions"}],"predecessor-version":[{"id":1856,"href":"https:\/\/eurosalesman.com\/it\/wp-json\/wp\/v2\/pages\/1403\/revisions\/1856"}],"wp:attachment":[{"href":"https:\/\/eurosalesman.com\/it\/wp-json\/wp\/v2\/media?parent=1403"}],"curies":[{"name":"wp","href":"https:\/\/api.w.org\/{rel}","templated":true}]}}