{"id":1412,"date":"2024-10-09T16:44:54","date_gmt":"2024-10-09T14:44:54","guid":{"rendered":"https:\/\/eurosalesman.com\/?page_id=1412"},"modified":"2024-10-09T16:45:47","modified_gmt":"2024-10-09T14:45:47","slug":"terms-and-conditions","status":"publish","type":"page","link":"https:\/\/eurosalesman.com\/it\/terms-and-conditions\/","title":{"rendered":"Termini e condizioni"},"content":{"rendered":"<div data-elementor-type=\"wp-page\" data-elementor-id=\"1412\" class=\"elementor elementor-1412\" data-elementor-post-type=\"page\">\n\t\t\t\t<div class=\"elementor-element elementor-element-c371250 e-flex e-con-boxed e-con e-parent\" data-id=\"c371250\" data-element_type=\"container\" data-e-type=\"container\">\n\t\t\t\t\t<div class=\"e-con-inner\">\n\t\t\t\t<div class=\"elementor-element elementor-element-9b75477 elementor-widget elementor-widget-text-editor\" data-id=\"9b75477\" data-element_type=\"widget\" data-e-type=\"widget\" data-widget_type=\"text-editor.default\">\n\t\t\t\t<div class=\"elementor-widget-container\">\n\t\t\t\t\t\t\t\t\t<h2 class=\"wp-block-heading\">ADS Termini e condizioni in tutto il mondo Eurosalesman AB Svezia Multisito Eurosalesman.com\/eurosalesman.xx<\/h2>\n<p><br \/>Eurosalesman informa i clienti\/inserzionisti che quanto segue si applica alla pubblicit\u00e0\/alla pubblicazione di materiale su HYPERLINK \"http: \/\/www.eurosalesman.xx\".<br \/>www.eurosalesman.xx. HYPERLINK \"http: \/\/www.eurosalesman.xx\" L'URL www.eurosalesman.xx \u00e8 utilizzato come termine generale per tutte le pagine rilevanti del portale web Eurosalesman, contenente il marchio registrato Eurosalesman\u00ae.<\/p>\n<h3 class=\"wp-block-heading\">Leggi esterne e origine delle merci<\/h3>\n<p><br \/>Molti prodotti e servizi sono regolamentati da leggi che possono differire da un Paese all'altro. Tutti i clienti\/inserzionisti hanno la responsabilit\u00e0 di assicurarsi di aver compreso le leggi che si applicano alla loro attivit\u00e0\/servizi\/prodotti in ogni singolo paese e la piena responsabilit\u00e0 di essere chiari.<\/p>\n<h3 class=\"wp-block-heading\">Seguire queste leggi<\/h3>\n<p><br \/>L'osservanza di queste leggi \u00e8 completamente a carico del cliente\/inserzionista. Se non viene fatto in alcun modo, Eurosalesman ha il diritto di ritirare immediatamente il materiale pubblicato senza alcuna pretesa da parte del cliente\/proprietario. Eurosalesman si attribuisce quindi anche il diritto di rimuovere i link negli annunci \/ materiale pubblicato collegati a pagine che non sono conformi alle leggi del paese previsto, alla morale o all'etica.<\/p>\n<h3 class=\"wp-block-heading\"><br \/>Aree particolarmente sensibili<\/h3>\n<p><br \/>Le aree particolarmente sensibili sono l'alcol, i casin\u00f2, il gioco d'azzardo, i fuochi d'artificio, la sanit\u00e0, la pornografia e le aree limitrofe, la sanit\u00e0 e i prodotti farmaceutici, le droghe e gli accessori per le droghe, i prodotti del tabacco e le armi, ecc.<br \/>L'inserzionista non pu\u00f2 vendere o commercializzare prodotti contraffatti o rubati.<br \/>www.eurosalesman.xx<\/p>\n<h3 class=\"wp-block-heading\">Contenuto di responsabilit\u00e0<\/h3>\n<p><br \/>Sebbene Eurosalesman AB gestisca il contenuto di ogni sito web all'interno di www.eurosalesman.xx con la massima accuratezza possibile, Eurosalesman AB non pu\u00f2 sempre garantire un contenuto completo e impeccabile o corretto. Non ci assumiamo alcuna responsabilit\u00e0 per eventuali danni diretti o indiretti derivanti dall'uso di tutte le pagine web HYPERLINK<br \/>\"http: \/\/www.eurosalesman.xx\" www.eurosalesman.xx.<\/p>\n<h3 class=\"wp-block-heading\">Collegamenti esterni<\/h3>\n<p><br \/>Eurosalesman AB non \u00e8 responsabile del contenuto delle pagine web di altre aziende o organizzazioni. Ci\u00f2 vale anche nel caso in cui siano presenti link ad altri siti web.<br \/>HYPERLINK \"http: \/\/www.eurosalesman.xx\" www.eurosalesman.xx. Sono sempre i proprietari di questi<br \/>pagine web collegate che sono responsabili e controllano il contenuto delle loro pagine. Se Eurosalesman riceve informazioni su violazioni della legge o altri contenuti dannosi sotto qualsiasi aspetto<br \/>i link vengono ovviamente rimossi immediatamente.<\/p>\n<h3 class=\"wp-block-heading\">Protezione dei dati<\/h3>\n<p><br \/>Tutte le informazioni personali fornite da HYPERLINK http:\/\/www.eurosalesman.xx www.eurosalesman.xx saranno trattate con la massima riservatezza e serviranno a fornire<br \/>al cliente\/inserzionista il miglior servizio personale possibile. Eurosalesman garantisce che tutte le informazioni di natura personale non saranno trasmesse a terzi e assicura che i dati riservati saranno trattati con la massima riservatezza in conformit\u00e0 alla legge sulla protezione dei dati in Svezia, all'UE e al GDPR.<\/p>\n<h3 class=\"wp-block-heading\">Marchi, brand e loghi<\/h3>\n<p><br \/>Marchi e loghi su HYPERLINK \"http: \/\/www.eurosalesman.xx\"<br \/>www.eurosalesman.xx \u00e8 di propriet\u00e0 del titolare del marchio anche se non dovrebbe essere chiaro all'indirizzo HYPERLINK \"http: \/\/www.eurosalesman.xx\" www.eurosalesman.xx ed Eurosalesman consente l'uso di marchi\/loghi solo dove la legge lo permette chiaramente.<br \/>Lo stesso vale per il materiale protetto da copyright che viene pubblicato solo con l'autorizzazione del titolare o con le eccezioni consentite dalla legge.<\/p>\n<h3 class=\"wp-block-heading\">Procedura per ordinare annunci e servizi pubblicitari a tempo su eurosalesman.com e sui siti locali Eurosalesman.xx<\/h3>\n<p><br \/>L'ordine dello sviluppo pubblicitario e quindi del servizio pubblicitario a tempo sul sito web di Eurosalesman.com si considera effettuato il giorno\/mese\/anno in cui Eurosalesman Sweden AB riceve un ordine elettronico da parte di un responsabile degli acquisti e il prezzo di acquisto viene pagato, a beneficio di Eurosalesman.com Il responsabile degli acquisti ha firmato il modulo d'ordine. L'ordine diventa vincolante non appena le condizioni sono soddisfatte. Eurosalesman.com deve confermare il contenuto dell'ordine tramite ads@eurosalesman.com a causa delle normative locali dei diversi Paesi,<br \/><br \/><strong>Il diritto di rifiutare lo sviluppo e il lancio di pubblicit\u00e0<\/strong><br \/>Eurosalesman Sweden AB determina se un progetto pubblicitario \u00e8 in conflitto con gli usi, i costumi e le leggi tradizionali di un determinato paese. Eurosalesman Sweden AB ha il diritto di rifiutare i servizi di sviluppo pubblicitario e il tempo di pubblicit\u00e0 per tale ordine su tutti i siti web locali. Il rimborso ecc. avviene in conformit\u00e0 alla voce Disposizioni per la cancellazione dei progetti pubblicitari.<br \/><br \/><strong>Lancio di un servizio di pubblicit\u00e0 e tempo di pubblicit\u00e0<\/strong><br \/>Il momento del lancio di un annuncio deve essere determinato dopo il completamento della base pubblicitaria.<br \/><br \/><strong>Linguaggio di sviluppo della pubblicit\u00e0<\/strong><br \/>Tutte le comunicazioni tra Eurosalesman Sweden AB e gli acquirenti degli annunci devono avvenire via e-mail in inglese\/svedese,<\/p>\n<p><strong>Calcolo della scadenza e data di scadenza<\/strong><br \/>Per il calcolo delle scadenze ecc. presso il cliente, la data di consegna di Eurosalesman sar\u00e0 considerata la data di ricevimento del cliente.<br \/><br \/><strong>Ora della bozza di annuncio di Eurosalesman Sweden AB<\/strong><br \/>Se applicabile, Eurosalesman Sweden AB deve presentare una bozza dell'annuncio al responsabile degli acquisti entro 14 giorni dalla conferma dell'ordine corrente da parte di Eurosalesman Sweden AB.<br \/><br \/><strong>Diritto del cliente alla correzione del materiale pubblicitario<\/strong><br \/>La parte che ordina lo sviluppo di materiale pubblicitario per una pubblicit\u00e0 completa<br \/>Eurosalesman Sweden AB pu\u00f2 richiedere la correzione del materiale pubblicitario ordinato entro limiti ragionevoli, come la combinazione di colori, la disposizione del testo e cos\u00ec via. Massimo 3 correzioni scritte via e-mail entro 15 giorni dal ricevimento della prima bozza pubblicitaria di Eurosalesman. 3 correzioni scritte via e-mail entro un periodo di 15 giorni dal ricevimento della prima bozza pubblicitaria di Eurosalesman. Affinch\u00e9 ci\u00f2 sia valido, il cliente\/destinatario deve inviare un'e-mail a Eurosalesman entro 7 giorni dalla ricezione della prima bozza pubblicitaria contenente commenti\/correzioni della bozza pubblicitaria iniziale.<br \/><br \/><strong>Disposizioni relative alla mancata esecuzione di correzioni entro i termini stabiliti<\/strong><br \/>In assenza di commenti\/correzioni entro 7 giorni, la prima bozza di annuncio di Eurosalesman si considerer\u00e0 approvata dal responsabile degli acquisti nel suo stato attuale, verr\u00e0 avviato l'acquisto tra le parti e il servizio si intender\u00e0 consegnato.<br \/>Quanto sopra si applica anche al diritto di 15 giorni per le correzioni\/commenti. La scadenza \u00e8 di 7 giorni dalla data della prima correzione. Se il responsabile degli acquisti non ha contattato Eurosalesman, l'acquisto del prodotto in questione da Eurosalesman sar\u00e0 considerato avvenuto.<br \/><br \/><strong>Propriet\u00e0 dell'annuncio<\/strong><br \/>Al termine del periodo di pubblicit\u00e0, il responsabile degli acquisti avr\u00e0 diritto al materiale pubblicitario sviluppato da Eurosalesman nel suo stato attuale. I servizi associati ecc. devono essere rinnovati dalle parti come da accordo.<\/p>\n<p><strong>Disposizioni per la cancellazione di progetti pubblicitari<\/strong><br \/>In caso di annullamento di un progetto pubblicitario ordinato si applicano le seguenti disposizioni.<br \/>In generale, Eurosalesman Sweden AB e il responsabile degli acquisti devono cercare di raggiungere un consenso.<br \/>Il responsabile degli acquisti ha diritto al rimborso del pagamento anticipato per l'affitto del servizio di pubblicit\u00e0 per ogni spazio pubblicitario ordinato dal responsabile degli acquisti durante il periodo in questione, a meno che le parti non abbiano gi\u00e0 raggiunto un accordo ed eventualmente abbiano trasmesso al responsabile degli acquisti il materiale per lo sviluppo degli annunci via e-mail.<\/p>\n<p><strong>Per il rimborso del canone anticipato per il servizio di pubblicit\u00e0 a tempo devono essere rispettate le seguenti condizioni:<\/strong><br \/>La richiesta deve essere fatta per iscritto, inviata via e-mail a ads@eurosalesman.com e rilasciata da un responsabile degli acquisti. La richiesta deve contenere un conto e tutte le informazioni finanziarie necessarie per facilitare la transazione. Tutti i costi e le transazioni ad essi associati saranno coperti dal responsabile degli acquisti e saranno detratti dall'importo dell'acquisto rimborsato.<br \/>La data di annullamento deve cadere prima della conferma d'ordine o prima della prima bozza di annuncio di Eurosalesman. In seguito, da 1 a 6 giorni dopo la prima bozza pubblicitaria di Eurosalesman e da 1 a 6 giorni dopo il periodo di correzione\/commento di 15 giorni per la bozza pubblicitaria. .<br \/>Se le condizioni di cui sopra non vengono rispettate, c'\u00e8 il rischio che la cancellazione dell'annuncio non sia valida, nel qual caso non verr\u00e0 rimborsato alcun importo.<br \/>Se avete domande o dubbi sulla pubblicit\u00e0, inviate un'e-mail a ads@eurosalesman.com.<\/p>\n<h3 class=\"wp-block-heading\">Controversie<\/h3>\n<p>Le controversie che sorgono in relazione al presente accordo e in altri contesti correlati HYPERLINK \"http: \/\/www.eurosalesman.xx\"<br \/>www.eurosalesman.xx. HYPERLINK \"http: \/\/www.eurosalesman.xx\" L'URL www.eurosalesman.xx \u00e8 utilizzato come termine generale per tutte le pagine rilevanti del portale web Eurosalesman, che contengono il marchio registrato Eurosalesman\u00ae e il marchio di fabbrica Eurosalesman\u00ae.<br \/>con Eurosalesman Sweden AB, \u00e8 solo la versione in lingua inglese\/svedese che si applica e costituisce la base di tutti i contatti relativi alle controversie con Eurosalesman.world\/Eurosalesman Sweden AB. Le controversie saranno risolte mediante arbitrato in conformit\u00e0 al Regolamento per l'Arbitrato Semplificato dell'Istituto di Arbitrato della Camera di Commercio di Stoccolma. La sede del procedimento arbitrale sar\u00e0 Stoccolma. La lingua della procedura sar\u00e0 l'inglese o lo svedese o il diritto comunitario applicabile alla controversia.<\/p>\t\t\t\t\t\t\t\t<\/div>\n\t\t\t\t<\/div>\n\t\t\t\t\t<\/div>\n\t\t\t\t<\/div>\n\t\t\t\t<\/div>","protected":false},"excerpt":{"rendered":"<p>ADS Termini e condizioni in tutto il mondo Eurosalesman AB Sweden Multisite Eurosalesman.com\/eurosalesman.xx Eurosalesman informa i clienti\/inserzionisti che quanto segue si applica alla pubblicit\u00e0\/alla pubblicazione di materiale su HYPERLINK \"http: \/\/www.eurosalesman.xx \"www.eurosalesman.xx. HYPERLINK \"http: \/\/www.eurosalesman.xx\" L'URL www.eurosalesman.xx \u00e8 utilizzato come termine generale per tutte le pagine pertinenti del portale web Eurosalesman, contenenti il marchio registrato Eurosalesman\u00ae. Leggi esterne e [...]<\/p>","protected":false},"author":3,"featured_media":0,"parent":0,"menu_order":0,"comment_status":"closed","ping_status":"closed","template":"","meta":{"_seopress_robots_primary_cat":"","_seopress_titles_title":"","_seopress_titles_desc":"","_seopress_robots_index":"","footnotes":""},"class_list":["post-1412","page","type-page","status-publish","hentry"],"_links":{"self":[{"href":"https:\/\/eurosalesman.com\/it\/wp-json\/wp\/v2\/pages\/1412","targetHints":{"allow":["GET"]}}],"collection":[{"href":"https:\/\/eurosalesman.com\/it\/wp-json\/wp\/v2\/pages"}],"about":[{"href":"https:\/\/eurosalesman.com\/it\/wp-json\/wp\/v2\/types\/page"}],"author":[{"embeddable":true,"href":"https:\/\/eurosalesman.com\/it\/wp-json\/wp\/v2\/users\/3"}],"replies":[{"embeddable":true,"href":"https:\/\/eurosalesman.com\/it\/wp-json\/wp\/v2\/comments?post=1412"}],"version-history":[{"count":4,"href":"https:\/\/eurosalesman.com\/it\/wp-json\/wp\/v2\/pages\/1412\/revisions"}],"predecessor-version":[{"id":1416,"href":"https:\/\/eurosalesman.com\/it\/wp-json\/wp\/v2\/pages\/1412\/revisions\/1416"}],"wp:attachment":[{"href":"https:\/\/eurosalesman.com\/it\/wp-json\/wp\/v2\/media?parent=1412"}],"curies":[{"name":"wp","href":"https:\/\/api.w.org\/{rel}","templated":true}]}}