{"id":1963,"date":"2025-02-13T16:23:45","date_gmt":"2025-02-13T15:23:45","guid":{"rendered":"https:\/\/eurosalesman.com\/?post_type=product&#038;p=1963"},"modified":"2025-03-26T13:21:12","modified_gmt":"2025-03-26T12:21:12","slug":"growth-off-page-seo-package","status":"publish","type":"product","link":"https:\/\/eurosalesman.com\/it\/services\/growth-off-page-seo-package\/","title":{"rendered":"Crescita SEO off-page"},"content":{"rendered":"<section class=\"package-content\">\n<div class=\"two-column-container\">\n<p><!-- Left Column: How It Works --><\/p>\n<div class=\"first column\">\n<h3>Come funziona<\/h3>\n<dl class=\"steps\">\n<dt>Fase 1:<\/dt>\n<dd>L'utente fornisce i backlink desiderati al proprio sito web (URL, testi di ancoraggio, ecc.).<\/dd>\n<dt>Fase 2:<\/dt>\n<dd>Il nostro team crea post SEO-friendly e integra i vostri backlink nei siti del nostro network.<\/dd>\n<dt>Fase 3:<\/dt>\n<dd>I post vengono pubblicati sui nostri siti ad alta autorevolezza, aumentando la credibilit\u00e0 del vostro sito e le metriche SEO.<\/dd>\n<dt>Passo 4:<\/dt>\n<dd>Riceverete un rapporto mensile sulle prestazioni che illustra i risultati e l'impatto.<\/dd>\n<\/dl>\n<\/div>\n<p><!-- Right Column: What You Get --><\/p>\n<div class=\"column\">\n<h3>Cosa si ottiene<\/h3>\n<dl class=\"what-you-get\">\n<dt>Pubblicazioni di rete<\/dt>\n<dd>I backlink forniti sono perfettamente integrati in post coinvolgenti e SEO-friendly.<br \/>\nPubblicazione garantita su siti selezionati all'interno della nostra rete premium.<\/dd>\n<dt>Ottimizzazione dei contenuti<\/dt>\n<dd>Ogni post \u00e8 realizzato in modo da allinearsi alle migliori pratiche SEO, migliorando la rilevanza e la visibilit\u00e0.<br \/>\nIl nostro team editoriale garantisce che i contenuti supportino efficacemente la vostra strategia di backlink.<\/dd>\n<dt>Rendicontazione delle prestazioni<\/dt>\n<dd>Rapporti mensili che monitorano le prestazioni dei post, la visibilit\u00e0 dei backlink e l'impatto SEO.<br \/>\nApprofondimenti e raccomandazioni per aiutarvi a massimizzare i vostri guadagni SEO.<\/dd>\n<\/dl>\n<\/div>\n<\/div>\n<\/section>","protected":false},"excerpt":{"rendered":"<p>Accelerate il SEO del vostro sito web sfruttando la nostra rete esclusiva di <strong>52 siti ad alta autorevolezza<\/strong>. Con il nostro Pacchetto Crescita, pubblichiamo post ottimizzati per la SEO su <strong>20 siti selezionati<\/strong>, ognuno dei quali contiene <strong>1 collegamento contestuale<\/strong> al vostro sito web. Questa integrazione avanzata di backlink di qualit\u00e0 \u00e8 progettata per aumentare ulteriormente l'autorit\u00e0 del vostro dominio, migliorare il posizionamento delle parole chiave e guidare il traffico organico mirato.<\/p>\n<ul>\n<li><strong>20 Messaggi di rete:<\/strong> Pubblicate su 30 dei nostri 52 siti premium.<\/li>\n<li><strong>3 Outlink per post:<\/strong> Ogni post include backlink contestuali al vostro sito.<\/li>\n<li><strong>Contenuti ottimizzati per la SEO:<\/strong> Post realizzati con competenza e adattati alla vostra strategia SEO.<\/li>\n<li><strong>Rendicontazione delle prestazioni:<\/strong> Approfondimenti mensili e analisi dettagliate per monitorare i vostri progressi.<\/li>\n<\/ul>\n<p>Elevate la vostra presenza online con il nostro pacchetto SEO Off-Page per la crescita.<\/p>","protected":false},"featured_media":2378,"comment_status":"closed","ping_status":"closed","template":"","meta":{"_seopress_robots_primary_cat":"","_seopress_titles_title":"","_seopress_titles_desc":"","_seopress_robots_index":""},"product_brand":[],"product_cat":[36],"product_tag":[],"class_list":{"0":"post-1963","1":"product","2":"type-product","3":"status-publish","4":"has-post-thumbnail","6":"product_cat-seo","8":"first","9":"instock","10":"virtual","11":"purchasable","12":"product-type-simple"},"_links":{"self":[{"href":"https:\/\/eurosalesman.com\/it\/wp-json\/wp\/v2\/product\/1963","targetHints":{"allow":["GET"]}}],"collection":[{"href":"https:\/\/eurosalesman.com\/it\/wp-json\/wp\/v2\/product"}],"about":[{"href":"https:\/\/eurosalesman.com\/it\/wp-json\/wp\/v2\/types\/product"}],"replies":[{"embeddable":true,"href":"https:\/\/eurosalesman.com\/it\/wp-json\/wp\/v2\/comments?post=1963"}],"wp:featuredmedia":[{"embeddable":true,"href":"https:\/\/eurosalesman.com\/it\/wp-json\/wp\/v2\/media\/2378"}],"wp:attachment":[{"href":"https:\/\/eurosalesman.com\/it\/wp-json\/wp\/v2\/media?parent=1963"}],"wp:term":[{"taxonomy":"product_brand","embeddable":true,"href":"https:\/\/eurosalesman.com\/it\/wp-json\/wp\/v2\/product_brand?post=1963"},{"taxonomy":"product_cat","embeddable":true,"href":"https:\/\/eurosalesman.com\/it\/wp-json\/wp\/v2\/product_cat?post=1963"},{"taxonomy":"product_tag","embeddable":true,"href":"https:\/\/eurosalesman.com\/it\/wp-json\/wp\/v2\/product_tag?post=1963"}],"curies":[{"name":"wp","href":"https:\/\/api.w.org\/{rel}","templated":true}]}}