{"id":2112,"date":"2025-02-25T14:52:18","date_gmt":"2025-02-25T13:52:18","guid":{"rendered":"https:\/\/eurosalesman.com\/?post_type=product&#038;p=2112"},"modified":"2025-03-19T14:31:27","modified_gmt":"2025-03-19T13:31:27","slug":"ppi-ad-impact-africa","status":"publish","type":"product","link":"https:\/\/eurosalesman.com\/it\/services\/ppi-ad-impact-africa\/","title":{"rendered":"Impatto degli annunci PPI - Africa"},"content":{"rendered":"<section class=\"package-content\">\n<div class=\"two-column-container\">\n<p><!-- Left Column: How It Works --><\/p>\n<div class=\"first column\">\n<h3>Come funziona<\/h3>\n<dl class=\"steps\">\n<dt>Fase 1:<\/dt>\n<dd>L'utente fornisce la creativit\u00e0 dell'annuncio, i dettagli del pubblico target e gli obiettivi della campagna.<\/dd>\n<dt>Fase 2:<\/dt>\n<dd>La nostra piattaforma posiziona strategicamente il vostro annuncio sulla nostra rete di alta qualit\u00e0.<\/dd>\n<dt>Fase 3:<\/dt>\n<dd>Si paga solo quando gli utenti interagiscono con l'annuncio.<\/dd>\n<dt>Passo 4:<\/dt>\n<dd>Ricevete rapporti dettagliati e trasparenti sulle prestazioni per monitorare ogni interazione e misurare il ROI.<\/dd>\n<\/dl>\n<\/div>\n<p><!-- Right Column: What You Get --><\/p>\n<div class=\"column\">\n<h3>Cosa si ottiene<\/h3>\n<dl class=\"what-you-get\">\n<dt>Pagamenti per interazione<\/dt>\n<dd>Investite solo nel coinvolgimento autentico degli utenti, assicurandovi che ogni dollaro porti a dei risultati.<\/dd>\n<dt>Posizionamento di annunci di alta qualit\u00e0<\/dt>\n<dd>I vostri annunci vengono visualizzati sulla nostra rete premium, raggiungendo un pubblico mirato e coinvolto.<\/dd>\n<dt>Analitica trasparente<\/dt>\n<dd>Accedete a rapporti completi che descrivono in dettaglio ogni interazione, clic e metrica di coinvolgimento.<\/dd>\n<dt>Budgeting flessibile<\/dt>\n<dd>Regolate la spesa pubblicitaria in tempo reale in base alle prestazioni, garantendo un ROI ottimale.<\/dd>\n<\/dl>\n<\/div>\n<\/div>\n<\/section>","protected":false},"excerpt":{"rendered":"<p data-start=\"34\" data-end=\"93\"><strong data-start=\"34\" data-end=\"91\">Espandete il vostro raggio d'azione nei mercati africani in pi\u00f9 rapida crescita<\/strong><\/p>\n<p data-start=\"95\" data-end=\"415\">L'Africa \u00e8 uno dei mercati pi\u00f9 dinamici e in rapida espansione del mondo, ricco di potenzialit\u00e0 non sfruttate. Il <strong data-start=\"204\" data-end=\"230\">Impatto degli annunci PPI - Africa<\/strong> Il pacchetto \u00e8 stato progettato per posizionare la vostra azienda di fronte al pubblico giusto, facendo leva su <strong data-start=\"321\" data-end=\"373\">I domini di mercato esclusivi di Eurosalesman (ccTLD)<\/strong> e strategie pubblicitarie basate sui dati.<\/p>\n<p data-start=\"417\" data-end=\"807\">Con <strong data-start=\"422\" data-end=\"447\">Contenuti pubblicitari alimentati dall'intelligenza artificiale<\/strong> su misura per i consumatori africani e <strong data-start=\"483\" data-end=\"531\">Tracciamento delle prestazioni supportato da Google Analytics<\/strong>Questo pacchetto assicura che le vostre campagne raggiungano <strong data-start=\"577\" data-end=\"614\">massima visibilit\u00e0 e coinvolgimento<\/strong> nelle regioni chiave. Eurosalesman\u00ae combina l'inserimento di annunci mirati con strategie localizzate per aiutare il vostro marchio <strong data-start=\"721\" data-end=\"805\">distinguersi, attrarre acquirenti e convertire il traffico in reali opportunit\u00e0 di business.<\/strong><\/p>\n<p data-start=\"809\" data-end=\"1351\">\u2714 <strong data-start=\"811\" data-end=\"840\">Ottimizzazione degli annunci localizzati<\/strong> - I vostri annunci sono personalizzati per risuonare con specifici mercati africani, migliorando i tassi di coinvolgimento e di conversione.<br data-start=\"952\" data-end=\"955\" \/>\u2714 <strong data-start=\"957\" data-end=\"984\">Visibilit\u00e0 geo-targettizzata<\/strong> - Apparire nelle ricerche locali pertinenti con <strong data-start=\"1026\" data-end=\"1053\">domini di primo livello geografici specifici per paese<\/strong> che garantiscono la priorit\u00e0 dei motori di ricerca.<br data-start=\"1095\" data-end=\"1098\" \/>\u2714 <strong data-start=\"1100\" data-end=\"1127\">Prestazioni basate sui dati<\/strong> - Ottenere <strong data-start=\"1134\" data-end=\"1166\">approfondimenti analitici in tempo reale<\/strong> per perfezionare e ottimizzare le vostre campagne per ottenere il massimo impatto.<br data-start=\"1224\" data-end=\"1227\" \/>\u2714 <strong data-start=\"1229\" data-end=\"1254\">Ingresso nel mercato senza soluzione di continuit\u00e0<\/strong> - Sfruttate le economie pi\u00f9 promettenti dell'Africa con una strategia pubblicitaria strutturata e legalmente protetta.<\/p>\n<p data-start=\"1353\" data-end=\"1484\"><strong data-start=\"1353\" data-end=\"1482\">Sfruttate la potenza della pubblicit\u00e0 mirata con Eurosalesman\u00ae e stabilite una forte presenza sul mercato africano.<\/strong><\/p>","protected":false},"featured_media":2227,"comment_status":"closed","ping_status":"closed","template":"","meta":{"_seopress_robots_primary_cat":"","_seopress_titles_title":"","_seopress_titles_desc":"","_seopress_robots_index":""},"product_brand":[],"product_cat":[39],"product_tag":[],"class_list":{"0":"post-2112","1":"product","2":"type-product","3":"status-publish","4":"has-post-thumbnail","6":"product_cat-advertising","8":"first","9":"instock","10":"shipping-taxable","11":"purchasable","12":"product-type-variable"},"_links":{"self":[{"href":"https:\/\/eurosalesman.com\/it\/wp-json\/wp\/v2\/product\/2112","targetHints":{"allow":["GET"]}}],"collection":[{"href":"https:\/\/eurosalesman.com\/it\/wp-json\/wp\/v2\/product"}],"about":[{"href":"https:\/\/eurosalesman.com\/it\/wp-json\/wp\/v2\/types\/product"}],"replies":[{"embeddable":true,"href":"https:\/\/eurosalesman.com\/it\/wp-json\/wp\/v2\/comments?post=2112"}],"wp:featuredmedia":[{"embeddable":true,"href":"https:\/\/eurosalesman.com\/it\/wp-json\/wp\/v2\/media\/2227"}],"wp:attachment":[{"href":"https:\/\/eurosalesman.com\/it\/wp-json\/wp\/v2\/media?parent=2112"}],"wp:term":[{"taxonomy":"product_brand","embeddable":true,"href":"https:\/\/eurosalesman.com\/it\/wp-json\/wp\/v2\/product_brand?post=2112"},{"taxonomy":"product_cat","embeddable":true,"href":"https:\/\/eurosalesman.com\/it\/wp-json\/wp\/v2\/product_cat?post=2112"},{"taxonomy":"product_tag","embeddable":true,"href":"https:\/\/eurosalesman.com\/it\/wp-json\/wp\/v2\/product_tag?post=2112"}],"curies":[{"name":"wp","href":"https:\/\/api.w.org\/{rel}","templated":true}]}}