{"id":1385,"date":"2024-10-09T16:33:18","date_gmt":"2024-10-09T14:33:18","guid":{"rendered":"https:\/\/eurosalesman.com\/?page_id=1385"},"modified":"2025-02-13T10:33:34","modified_gmt":"2025-02-13T09:33:34","slug":"solution-analytics","status":"publish","type":"page","link":"https:\/\/eurosalesman.com\/pt\/solution-analytics\/","title":{"rendered":"Anal\u00edtica"},"content":{"rendered":"<div data-elementor-type=\"wp-page\" data-elementor-id=\"1385\" class=\"elementor elementor-1385\" data-elementor-post-type=\"page\">\n\t\t\t\t<div class=\"elementor-element elementor-element-42222dd e-con-full e-flex e-con e-parent\" data-id=\"42222dd\" data-element_type=\"container\" data-e-type=\"container\" data-settings=\"{&quot;background_background&quot;:&quot;classic&quot;}\">\n\t\t<div class=\"elementor-element elementor-element-05e17a3 e-flex e-con-boxed e-con e-child\" data-id=\"05e17a3\" data-element_type=\"container\" data-e-type=\"container\">\n\t\t\t\t\t<div class=\"e-con-inner\">\n\t\t\t\t<div class=\"elementor-element elementor-element-97556fa elementor-invisible elementor-widget elementor-widget-heading\" data-id=\"97556fa\" data-element_type=\"widget\" data-e-type=\"widget\" data-settings=\"{&quot;_animation&quot;:&quot;fadeIn&quot;}\" data-widget_type=\"heading.default\">\n\t\t\t\t<div class=\"elementor-widget-container\">\n\t\t\t\t\t<h1 class=\"elementor-heading-title elementor-size-default\">Anal\u00edtica<\/h1>\t\t\t\t<\/div>\n\t\t\t\t<\/div>\n\t\t\t\t\t<\/div>\n\t\t\t\t<\/div>\n\t\t\t\t<div class=\"elementor-element elementor-element-0db2bf3 elementor-widget__width-initial elementor-absolute elementor-widget-mobile__width-inherit elementor-invisible elementor-widget elementor-widget-image\" data-id=\"0db2bf3\" data-element_type=\"widget\" data-e-type=\"widget\" data-settings=\"{&quot;_position&quot;:&quot;absolute&quot;,&quot;_animation&quot;:&quot;slideInRight&quot;}\" data-widget_type=\"image.default\">\n\t\t\t\t<div class=\"elementor-widget-container\">\n\t\t\t\t\t\t\t\t\t\t\t\t\t\t\t<img fetchpriority=\"high\" decoding=\"async\" width=\"800\" height=\"398\" src=\"https:\/\/eurosalesman.com\/wp-content\/uploads\/dl.beatsnoop.com-3000-0No9QwKcFH-1024x510.jpg\" class=\"attachment-large size-large wp-image-1196\" alt=\"dl.beatsnoop.com-3000-0No9QwKcFH\" srcset=\"https:\/\/eurosalesman.com\/wp-content\/uploads\/dl.beatsnoop.com-3000-0No9QwKcFH-1024x510.jpg 1024w, https:\/\/eurosalesman.com\/wp-content\/uploads\/dl.beatsnoop.com-3000-0No9QwKcFH-512x255.jpg 512w, https:\/\/eurosalesman.com\/wp-content\/uploads\/dl.beatsnoop.com-3000-0No9QwKcFH-256x128.jpg 256w, https:\/\/eurosalesman.com\/wp-content\/uploads\/dl.beatsnoop.com-3000-0No9QwKcFH-768x383.jpg 768w, https:\/\/eurosalesman.com\/wp-content\/uploads\/dl.beatsnoop.com-3000-0No9QwKcFH-1536x765.jpg 1536w, https:\/\/eurosalesman.com\/wp-content\/uploads\/dl.beatsnoop.com-3000-0No9QwKcFH-2048x1020.jpg 2048w\" sizes=\"(max-width: 800px) 100vw, 800px\" \/>\t\t\t\t\t\t\t\t\t\t\t\t\t\t\t<\/div>\n\t\t\t\t<\/div>\n\t\t\t\t<\/div>\n\t\t<div class=\"elementor-element elementor-element-08d0e0a e-flex e-con-boxed e-con e-parent\" data-id=\"08d0e0a\" data-element_type=\"container\" data-e-type=\"container\">\n\t\t\t\t\t<div class=\"e-con-inner\">\n\t\t\t\t<div class=\"elementor-element elementor-element-dc575f0 elementor-widget elementor-widget-theme-post-excerpt\" data-id=\"dc575f0\" data-element_type=\"widget\" data-e-type=\"widget\" data-widget_type=\"theme-post-excerpt.default\">\n\t\t\t\t<div class=\"elementor-widget-container\">\n\t\t\t\t\tNo Eurosalesman, acreditamos que o conhecimento \u00e9 poder. \u00c9 por isso que utilizamos o Google Analytics para fornecer informa\u00e7\u00f5es abrangentes sobre o desempenho dos an\u00fancios criados na nossa plataforma. Ao tirar partido desta poderosa ferramenta, oferecemos aos nossos clientes dados detalhados e acion\u00e1veis que melhoram a tomada de decis\u00f5es, optimizam as estrat\u00e9gias de marketing e maximizam o retorno do investimento.\t\t\t\t<\/div>\n\t\t\t\t<\/div>\n\t\t\t\t<div class=\"elementor-element elementor-element-64e3296 elementor-widget-divider--view-line elementor-widget elementor-widget-divider\" data-id=\"64e3296\" data-element_type=\"widget\" data-e-type=\"widget\" data-widget_type=\"divider.default\">\n\t\t\t\t<div class=\"elementor-widget-container\">\n\t\t\t\t\t\t\t<div class=\"elementor-divider\">\n\t\t\t<span class=\"elementor-divider-separator\">\n\t\t\t\t\t\t<\/span>\n\t\t<\/div>\n\t\t\t\t\t\t<\/div>\n\t\t\t\t<\/div>\n\t\t\t\t\t<\/div>\n\t\t\t\t<\/div>\n\t\t<div class=\"elementor-element elementor-element-25b29c9 e-flex e-con-boxed e-con e-parent\" data-id=\"25b29c9\" data-element_type=\"container\" data-e-type=\"container\">\n\t\t\t\t\t<div class=\"e-con-inner\">\n\t\t\t\t<div class=\"elementor-element elementor-element-31f8ca4 elementor-widget elementor-widget-heading\" data-id=\"31f8ca4\" data-element_type=\"widget\" data-e-type=\"widget\" data-widget_type=\"heading.default\">\n\t\t\t\t<div class=\"elementor-widget-container\">\n\t\t\t\t\t<h2 class=\"elementor-heading-title elementor-size-default\">Maximize o seu impacto publicit\u00e1rio com o Google Analytics e o Eurosalesman\u00ae\n<\/h2>\t\t\t\t<\/div>\n\t\t\t\t<\/div>\n\t\t\t\t<div class=\"elementor-element elementor-element-d331778 elementor-widget elementor-widget-text-editor\" data-id=\"d331778\" data-element_type=\"widget\" data-e-type=\"widget\" data-widget_type=\"text-editor.default\">\n\t\t\t\t<div class=\"elementor-widget-container\">\n\t\t\t\t\t\t\t\t\t\n<h3>Porqu\u00ea<strong> Google Analytics?<\/strong><\/h3>\n<p>O Google Analytics \u00e9 o l\u00edder mundial em <strong>servi\u00e7o de an\u00e1lise da web<\/strong>, fornecendo \u00e0s empresas <strong>relat\u00f3rios pormenorizados<\/strong> sobre o seu p\u00fablico, fontes de tr\u00e1fego e desempenho de convers\u00e3o. Eis como <strong>A integra\u00e7\u00e3o do Eurosalesman\u00ae com o Google Analytics beneficia as suas campanhas publicit\u00e1rias:<\/strong><\/p>\n<h4><br \/>Informa\u00e7\u00f5es detalhadas sobre o p\u00fablico<\/h4>\n<p>Obter um <strong>uma imagem clara de quem s\u00e3o os seus clientes<\/strong>, de onde prov\u00eam e como interagem com os seus an\u00fancios. <strong>O Google Analytics fornece dados demogr\u00e1ficos e geogr\u00e1ficos<\/strong>, permitindo-lhe <strong>aperfei\u00e7oe as suas mensagens<\/strong> para p\u00fablicos espec\u00edficos e maximizar o envolvimento.<\/p>\n<h4><strong><br \/><\/strong>Acompanhamento de dados em tempo real<\/h4>\n<p>Monitorizar o <strong>desempenho dos seus an\u00fancios instantaneamente<\/strong>. Os relat\u00f3rios em tempo real ajudam-no a <strong>ajustar as campanhas em tempo real<\/strong>A sua empresa est\u00e1 a trabalhar em conjunto com o seu fornecedor de servi\u00e7os, assegurando que os seus d\u00f3lares de publicidade s\u00e3o sempre gastos onde t\u00eam maior impacto.<\/p>\n<h4><strong><br \/><\/strong>An\u00e1lise exaustiva do tr\u00e1fego<\/h4>\n<p>Identificar <strong>quais as fontes de tr\u00e1fego que geram mais visitantes<\/strong> para os seus an\u00fancios - quer seja de <strong>pesquisa org\u00e2nica, redes sociais, tr\u00e1fego direto ou s\u00edtios de refer\u00eancia<\/strong>. Este conhecimento ajuda as empresas <strong>investir em canais de elevado desempenho<\/strong> e afetar os seus or\u00e7amentos de forma mais eficaz.<\/p>\n<h4><br \/>Acompanhamento de convers\u00f5es e medi\u00e7\u00e3o de objectivos<\/h4>\n<p>Medir o qu\u00ea <strong>verdadeiramente importante<\/strong>-vendas, inscri\u00e7\u00f5es, pedidos de informa\u00e7\u00e3o ou qualquer outra a\u00e7\u00e3o importante. O Google Analytics ajuda a monitorizar <strong>at\u00e9 que ponto os seus an\u00fancios convertem visitantes em clientes<\/strong>, permitindo-lhe <strong>aperfei\u00e7oe as suas estrat\u00e9gias para obter o m\u00e1ximo impacto<\/strong>.<\/p>\n<h4><strong><br \/><\/strong>Insights comportamentais para um maior envolvimento<\/h4>\n<p>Compreender <strong>como os utilizadores navegam no seu s\u00edtio<\/strong> e interagem com o seu conte\u00fado. Ao analisar <strong>fluxo de utilizadores e m\u00e9tricas de envolvimento<\/strong>pode otimizar as p\u00e1ginas de destino e os an\u00fancios criativos para <strong>aumentar as convers\u00f5es e reduzir as taxas de rejei\u00e7\u00e3o<\/strong>.<\/p>\n<h4><strong><br \/><\/strong>Relat\u00f3rios e pain\u00e9is de controlo personalizados<\/h4>\n<p>Alfaiate <strong>pain\u00e9is de controlo anal\u00edticos<\/strong> \u00e0s necessidades da sua empresa. O Google Analytics permite-lhe <strong>criar relat\u00f3rios personalizados<\/strong> que se concentram em <strong>indicadores-chave de desempenho (KPIs)<\/strong> relevantes para as suas campanhas, tornando a an\u00e1lise de dados <strong>r\u00e1pido e acion\u00e1vel<\/strong>.<\/p>\n\t\t\t\t\t\t\t\t<\/div>\n\t\t\t\t<\/div>\n\t\t\t\t<div class=\"elementor-element elementor-element-186ba9f elementor-widget elementor-widget-image\" data-id=\"186ba9f\" data-element_type=\"widget\" data-e-type=\"widget\" data-widget_type=\"image.default\">\n\t\t\t\t<div class=\"elementor-widget-container\">\n\t\t\t\t\t\t\t\t\t\t\t\t\t\t\t<img decoding=\"async\" width=\"2457\" height=\"1566\" src=\"https:\/\/eurosalesman.com\/wp-content\/uploads\/dl.beatsnoop.com-3000-nVdOcX1YhR.jpg\" class=\"attachment-full size-full wp-image-1202\" alt=\"dl.beatsnoop.com-3000-nVdOcX1YhR\" srcset=\"https:\/\/eurosalesman.com\/wp-content\/uploads\/dl.beatsnoop.com-3000-nVdOcX1YhR.jpg 2457w, https:\/\/eurosalesman.com\/wp-content\/uploads\/dl.beatsnoop.com-3000-nVdOcX1YhR-512x326.jpg 512w, https:\/\/eurosalesman.com\/wp-content\/uploads\/dl.beatsnoop.com-3000-nVdOcX1YhR-1024x653.jpg 1024w, https:\/\/eurosalesman.com\/wp-content\/uploads\/dl.beatsnoop.com-3000-nVdOcX1YhR-256x163.jpg 256w, https:\/\/eurosalesman.com\/wp-content\/uploads\/dl.beatsnoop.com-3000-nVdOcX1YhR-768x489.jpg 768w, https:\/\/eurosalesman.com\/wp-content\/uploads\/dl.beatsnoop.com-3000-nVdOcX1YhR-1536x979.jpg 1536w, https:\/\/eurosalesman.com\/wp-content\/uploads\/dl.beatsnoop.com-3000-nVdOcX1YhR-2048x1305.jpg 2048w\" sizes=\"(max-width: 2457px) 100vw, 2457px\" \/>\t\t\t\t\t\t\t\t\t\t\t\t\t\t\t<\/div>\n\t\t\t\t<\/div>\n\t\t\t\t<div class=\"elementor-element elementor-element-a9e834c elementor-widget elementor-widget-text-editor\" data-id=\"a9e834c\" data-element_type=\"widget\" data-e-type=\"widget\" data-widget_type=\"text-editor.default\">\n\t\t\t\t<div class=\"elementor-widget-container\">\n\t\t\t\t\t\t\t\t\t<h3>Combinando a an\u00e1lise com o acesso ao mercado: Uma vantagem poderosa<\/h3>\n<h4>\u00a0<\/h4>\n<h4>Publicidade direcionada em mais de 70 mercados globais<\/h4>\n<p>O Google Analytics permite \u00e0s empresas <strong>direcionar an\u00fancios com precis\u00e3o<\/strong>. O acesso do Eurosalesman\u00ae a <strong>Dom\u00ednios do mercado nacional (ccTLDs)<\/strong> garante que as empresas possam <strong>alcan\u00e7ar clientes em regi\u00f5es espec\u00edficas com estrat\u00e9gias optimizadas localmente<\/strong>.<\/p>\n<h4><br \/>Estrat\u00e9gias de campanha localizadas<\/h4>\n<p>Mercados diferentes <strong>reagir de forma diferente<\/strong> \u00e0 publicidade. O Google Analytics revela <strong>como os clientes se envolvem com os seus an\u00fancios em todas as regi\u00f5es<\/strong>, permitindo-lhe:<\/p>\n<ul>\n<li><strong>Personalizar o envio de mensagens<\/strong> para diferentes prefer\u00eancias culturais<\/li>\n<li><strong>Otimizar os an\u00fancios criativos<\/strong> com base em <strong>tend\u00eancias regionais de envolvimento<\/strong><\/li>\n<li><strong>Aumentar as convers\u00f5es<\/strong> adaptando as ofertas ao p\u00fablico local<\/li>\n<\/ul>\n<p>Quer esteja a fazer publicidade em <strong>Nova Iorque, Paris, T\u00f3quio, Lagos ou Sydney<\/strong>O Eurosalesman\u00ae garante que os seus an\u00fancios <strong>ligar-se \u00e0s pessoas certas nos mercados certos<\/strong>.<\/p>\n<h4><br \/>Otimiza\u00e7\u00e3o cont\u00ednua para um ROI m\u00e1ximo<\/h4>\n<p>Utiliza\u00e7\u00e3o <strong>Testes A\/B, compara\u00e7\u00f5es regionais e m\u00e9tricas de envolvimento<\/strong> para aperfei\u00e7oar a sua estrat\u00e9gia de publicidade. Ao combinar <strong>Informa\u00e7\u00f5es sobre o Google Analytics com o acesso ao mercado do Eurosalesman\u00ae<\/strong>as empresas podem:<\/p>\n<ul>\n<li><strong>Teste v\u00e1rias varia\u00e7\u00f5es de an\u00fancios para encontrar o conte\u00fado com melhor desempenho<\/strong><\/li>\n<li><strong>Ajustar as campanhas com base em informa\u00e7\u00f5es sobre dados regionais<\/strong><\/li>\n<li><strong>Optimize para um melhor envolvimento, custos mais baixos e convers\u00f5es mais elevadas<\/strong><\/li>\n<\/ul>\n<h4><br \/>Tomada de decis\u00f5es com base em dados<\/h4>\n<p>Fazer <strong>decis\u00f5es de marketing estrat\u00e9gicas e baseadas em dados<\/strong> com o Google Analytics. Com <strong>informa\u00e7\u00f5es pormenorizadas sobre o desempenho<\/strong>, pode:<\/p>\n<ul>\n<li><strong>Atribuir or\u00e7amentos de publicidade de forma mais eficiente<\/strong><\/li>\n<li><strong>Investir em mercados com elevado desempenho<\/strong><\/li>\n<li><strong>Identificar oportunidades de expans\u00e3o ainda n\u00e3o exploradas<\/strong><\/li>\n<\/ul>\n<p><!-- \/wp:paragraph --><\/p>\t\t\t\t\t\t\t\t<\/div>\n\t\t\t\t<\/div>\n\t\t\t\t\t<\/div>\n\t\t\t\t<\/div>\n\t\t<div class=\"elementor-element elementor-element-0b1f324 e-con-full e-flex e-con e-parent\" data-id=\"0b1f324\" data-element_type=\"container\" data-e-type=\"container\" data-settings=\"{&quot;background_background&quot;:&quot;classic&quot;}\">\n\t\t<div class=\"elementor-element elementor-element-e19bc2b e-con-full e-flex e-con e-child\" data-id=\"e19bc2b\" data-element_type=\"container\" data-e-type=\"container\">\n\t\t\t\t<div class=\"elementor-element elementor-element-446f235 elementor-invisible elementor-widget elementor-widget-heading\" data-id=\"446f235\" data-element_type=\"widget\" data-e-type=\"widget\" data-settings=\"{&quot;_animation&quot;:&quot;fadeIn&quot;}\" data-widget_type=\"heading.default\">\n\t\t\t\t<div class=\"elementor-widget-container\">\n\t\t\t\t\t<h2 class=\"elementor-heading-title elementor-size-default\">Quer impulsionar o seu neg\u00f3cio hoje?<\/h2>\t\t\t\t<\/div>\n\t\t\t\t<\/div>\n\t\t\t\t<div class=\"elementor-element elementor-element-3c8c550 elementor-invisible elementor-widget elementor-widget-text-editor\" data-id=\"3c8c550\" data-element_type=\"widget\" data-e-type=\"widget\" data-settings=\"{&quot;_animation&quot;:&quot;fadeIn&quot;,&quot;_animation_delay&quot;:300}\" data-widget_type=\"text-editor.default\">\n\t\t\t\t<div class=\"elementor-widget-container\">\n\t\t\t\t\t\t\t\t\t<p>Contacte-nos hoje para saber mais sobre como podemos ajud\u00e1-lo a atingir os seus objectivos de marketing com precis\u00e3o e confian\u00e7a.<\/p>\t\t\t\t\t\t\t\t<\/div>\n\t\t\t\t<\/div>\n\t\t\t\t<div class=\"elementor-element elementor-element-efbfb9a elementor-align-justify elementor-widget__width-initial elementor-invisible elementor-widget elementor-widget-button\" data-id=\"efbfb9a\" data-element_type=\"widget\" data-e-type=\"widget\" data-settings=\"{&quot;_animation&quot;:&quot;fadeIn&quot;,&quot;_animation_delay&quot;:600}\" data-widget_type=\"button.default\">\n\t\t\t\t<div class=\"elementor-widget-container\">\n\t\t\t\t\t\t\t\t\t<div class=\"elementor-button-wrapper\">\n\t\t\t\t\t<a class=\"elementor-button elementor-button-link elementor-size-sm\" href=\"https:\/\/eurosalesman.com\/pt\/about\/contact\/\">\n\t\t\t\t\t\t<span class=\"elementor-button-content-wrapper\">\n\t\t\t\t\t\t\t\t\t<span class=\"elementor-button-text\">contactar-nos<\/span>\n\t\t\t\t\t<\/span>\n\t\t\t\t\t<\/a>\n\t\t\t\t<\/div>\n\t\t\t\t\t\t\t\t<\/div>\n\t\t\t\t<\/div>\n\t\t\t\t<\/div>\n\t\t<div class=\"elementor-element elementor-element-cea26a3 e-con-full e-flex e-con e-child\" data-id=\"cea26a3\" data-element_type=\"container\" data-e-type=\"container\" data-settings=\"{&quot;background_background&quot;:&quot;classic&quot;}\">\n\t\t\t\t<\/div>\n\t\t\t\t<\/div>\n\t\t\t\t<\/div>","protected":false},"excerpt":{"rendered":"<p>No Eurosalesman, acreditamos que o conhecimento \u00e9 poder. \u00c9 por isso que utilizamos o Google Analytics para fornecer informa\u00e7\u00f5es abrangentes sobre o desempenho dos an\u00fancios criados na nossa plataforma. Ao tirar partido desta poderosa ferramenta, oferecemos aos nossos clientes dados detalhados e acion\u00e1veis que melhoram a tomada de decis\u00f5es, optimizam as estrat\u00e9gias de marketing e maximizam o retorno do investimento.<\/p>","protected":false},"author":3,"featured_media":0,"parent":0,"menu_order":0,"comment_status":"closed","ping_status":"closed","template":"","meta":{"_seopress_robots_primary_cat":"","_seopress_titles_title":"","_seopress_titles_desc":"","_seopress_robots_index":"","footnotes":""},"class_list":["post-1385","page","type-page","status-publish","hentry"],"_links":{"self":[{"href":"https:\/\/eurosalesman.com\/pt\/wp-json\/wp\/v2\/pages\/1385","targetHints":{"allow":["GET"]}}],"collection":[{"href":"https:\/\/eurosalesman.com\/pt\/wp-json\/wp\/v2\/pages"}],"about":[{"href":"https:\/\/eurosalesman.com\/pt\/wp-json\/wp\/v2\/types\/page"}],"author":[{"embeddable":true,"href":"https:\/\/eurosalesman.com\/pt\/wp-json\/wp\/v2\/users\/3"}],"replies":[{"embeddable":true,"href":"https:\/\/eurosalesman.com\/pt\/wp-json\/wp\/v2\/comments?post=1385"}],"version-history":[{"count":13,"href":"https:\/\/eurosalesman.com\/pt\/wp-json\/wp\/v2\/pages\/1385\/revisions"}],"predecessor-version":[{"id":1859,"href":"https:\/\/eurosalesman.com\/pt\/wp-json\/wp\/v2\/pages\/1385\/revisions\/1859"}],"wp:attachment":[{"href":"https:\/\/eurosalesman.com\/pt\/wp-json\/wp\/v2\/media?parent=1385"}],"curies":[{"name":"wp","href":"https:\/\/api.w.org\/{rel}","templated":true}]}}