{"id":1412,"date":"2024-10-09T16:44:54","date_gmt":"2024-10-09T14:44:54","guid":{"rendered":"https:\/\/eurosalesman.com\/?page_id=1412"},"modified":"2024-10-09T16:45:47","modified_gmt":"2024-10-09T14:45:47","slug":"terms-and-conditions","status":"publish","type":"page","link":"https:\/\/eurosalesman.com\/pt\/terms-and-conditions\/","title":{"rendered":"Termos e condi\u00e7\u00f5es"},"content":{"rendered":"<div data-elementor-type=\"wp-page\" data-elementor-id=\"1412\" class=\"elementor elementor-1412\" data-elementor-post-type=\"page\">\n\t\t\t\t<div class=\"elementor-element elementor-element-c371250 e-flex e-con-boxed e-con e-parent\" data-id=\"c371250\" data-element_type=\"container\" data-e-type=\"container\">\n\t\t\t\t\t<div class=\"e-con-inner\">\n\t\t\t\t<div class=\"elementor-element elementor-element-9b75477 elementor-widget elementor-widget-text-editor\" data-id=\"9b75477\" data-element_type=\"widget\" data-e-type=\"widget\" data-widget_type=\"text-editor.default\">\n\t\t\t\t<div class=\"elementor-widget-container\">\n\t\t\t\t\t\t\t\t\t<h2 class=\"wp-block-heading\">ADS Termos e condi\u00e7\u00f5es a n\u00edvel mundial Eurosalesman AB Su\u00e9cia Multisite Eurosalesman.com\/eurosalesman.xx<\/h2>\n<p><br \/>O Eurosalesman informa os clientes \/ anunciantes que se aplica o seguinte material de publicidade \/ publica\u00e7\u00e3o no HYPERLINK \"http: \/\/www.eurosalesman.xx\"<br \/>www.eurosalesman.xx. HYPERLINK \"http: \/\/www.eurosalesman.xx\" O URL www.eurosalesman.xx \u00e9 utilizado como termo geral para todas as p\u00e1ginas relevantes do portal web Eurosalesman, que cont\u00e9m a marca registada Eurosalesman\u00ae.<\/p>\n<h3 class=\"wp-block-heading\">Leis externas e origem das mercadorias<\/h3>\n<p><br \/>Muitos produtos e servi\u00e7os s\u00e3o regulados por leis que podem diferir entre diferentes pa\u00edses. Todos os clientes\/anunciantes s\u00e3o respons\u00e1veis por garantir que compreendem as leis que se aplicam \u00e0 sua atividade\/servi\u00e7os\/produtos em cada pa\u00eds e s\u00e3o totalmente respons\u00e1veis por serem claros<\/p>\n<h3 class=\"wp-block-heading\">Cumprir estas leis<\/h3>\n<p><br \/>O cumprimento destas leis \u00e9 da inteira responsabilidade do cliente\/anunciante. Se n\u00e3o for feito de alguma forma, o Eurosalesman possui o direito de retirar imediatamente o material publicado sem qualquer reclama\u00e7\u00e3o do cliente \/ propriet\u00e1rio. O Eurosalesman, portanto, tamb\u00e9m atribui o direito de remover links em an\u00fancios \/ material publicado vinculado a p\u00e1ginas que n\u00e3o est\u00e3o em conformidade com as leis, moral ou \u00e9tica do pa\u00eds pretendido.<\/p>\n<h3 class=\"wp-block-heading\"><br \/>Zonas particularmente sens\u00edveis<\/h3>\n<p><br \/>Os dom\u00ednios particularmente sens\u00edveis s\u00e3o o \u00e1lcool, os casinos, os jogos de azar, os fogos de artif\u00edcio, os cuidados de sa\u00fade, a pornografia e \u00e1reas conexas, os cuidados de sa\u00fade e os produtos farmac\u00eauticos, as drogas e os acess\u00f3rios para drogas, os produtos do tabaco e as armas, etc.<br \/>O anunciante n\u00e3o pode vender ou comercializar bens falsificados ou roubados<br \/>www.eurosalesman.xx<\/p>\n<h3 class=\"wp-block-heading\">Conte\u00fado da responsabilidade<\/h3>\n<p><br \/>Embora a Eurosalesman AB trate o conte\u00fado de cada s\u00edtio Web em www.eurosalesman.xx com a maior precis\u00e3o poss\u00edvel, a Eurosalesman AB n\u00e3o pode garantir sempre um conte\u00fado completo e sem falhas ou correto. N\u00e3o assumimos qualquer responsabilidade por quaisquer danos diretos ou indirectos resultantes da utiliza\u00e7\u00e3o de todas as p\u00e1ginas web HYPERLINK<br \/>\"http: \/\/www.eurosalesman.xx\" www.eurosalesman.xx.<\/p>\n<h3 class=\"wp-block-heading\">Liga\u00e7\u00f5es externas<\/h3>\n<p><br \/>A Eurosalesman AB n\u00e3o \u00e9 respons\u00e1vel pelo conte\u00fado das p\u00e1ginas Web pertencentes a outras empresas ou organiza\u00e7\u00f5es. Isto tamb\u00e9m se aplica se existirem liga\u00e7\u00f5es a outros s\u00edtios Web<br \/>HYPERLINK \"http: \/\/www.eurosalesman.xx\" www.eurosalesman.xx. S\u00e3o sempre os propriet\u00e1rios desses<br \/>p\u00e1ginas Web ligadas que s\u00e3o respons\u00e1veis e controlam o conte\u00fado das suas p\u00e1ginas. Se o Eurosalesman receber informa\u00e7\u00f5es sobre viola\u00e7\u00f5es da lei ou outros conte\u00fados prejudiciais em qualquer aspeto<br \/>as liga\u00e7\u00f5es s\u00e3o, naturalmente, imediatamente removidas.<\/p>\n<h3 class=\"wp-block-heading\">Prote\u00e7\u00e3o de dados<\/h3>\n<p><br \/>Todas as informa\u00e7\u00f5es pessoais fornecidas pela HYPERLINK http:\/\/www.eurosalesman.xx www.eurosalesman.xx ser\u00e3o tratadas de forma muito confidencial e destinam-se a fornecer<br \/>ao cliente\/anunciante o melhor servi\u00e7o pessoal poss\u00edvel. O Eurosalesman garante que todas as informa\u00e7\u00f5es de natureza pessoal n\u00e3o ser\u00e3o transmitidas a terceiros e assegura que os dados confidenciais ser\u00e3o tratados com a maior confian\u00e7a, de acordo com a lei de prote\u00e7\u00e3o de dados aplic\u00e1vel na Su\u00e9cia, UE e RGPD<\/p>\n<h3 class=\"wp-block-heading\">Marcas registadas, marcas e log\u00f3tipos<\/h3>\n<p><br \/>Marcas e log\u00f3tipos em HYPERLINK \"http: \/\/www.eurosalesman.xx\"<br \/>www.eurosalesman.xx \u00e9 propriedade do propriet\u00e1rio da marca registada, mesmo que n\u00e3o seja claro em HYPERLINK \"http: \/\/www.eurosalesman.xx\" www.eurosalesman.xx e o Eurosalesman apenas permite a utiliza\u00e7\u00e3o de marcas registadas \/ log\u00f3tipos quando a lei o permite claramente.<br \/>O mesmo se aplica ao material protegido por direitos de autor que s\u00f3 \u00e9 publicado com autoriza\u00e7\u00e3o do titular ou com a exce\u00e7\u00e3o permitida por lei.<\/p>\n<h3 class=\"wp-block-heading\">Procedimento para encomendar an\u00fancios e servi\u00e7o de tempo de publicidade em eurosalesman.com e nos s\u00edtios Web locais Eurosalesman.xx<\/h3>\n<p><br \/>A encomenda do desenvolvimento de an\u00fancios e, portanto, do servi\u00e7o de tempo de publicidade no s\u00edtio Eurosalesman.com \u00e9 considerada como tendo ocorrido no dia\/m\u00eas\/ano em que a Eurosalesman Sweden AB recebe uma encomenda eletr\u00f3nica de um gestor de compras e o pre\u00e7o de compra \u00e9 pago, beneficiando assim o Eurosalesman.com O gestor de compras assinou o formul\u00e1rio de encomenda. A encomenda torna-se vinculativa logo que as condi\u00e7\u00f5es sejam cumpridas. Eurosalesman.com deve confirmar o conte\u00fado do pedido. via ads@eurosalesman.com devido aos regulamentos locais dos diferentes pa\u00edses,<br \/><br \/><strong>O direito de recusa de desenvolver e lan\u00e7ar publicidade<\/strong><br \/>A Eurosalesman Sweden AB determina se um projeto publicit\u00e1rio est\u00e1 em conflito com os usos, costumes e leis tradicionais de um determinado pa\u00eds. A Eurosalesman Sweden AB tem o direito de recusar os servi\u00e7os de desenvolvimento de publicidade e o tempo de publicidade para tal encomenda em todos os s\u00edtios Web locais. O reembolso, etc., \u00e9 efectuado de acordo com o ponto Disposi\u00e7\u00f5es para a anula\u00e7\u00e3o de projectos publicit\u00e1rios<br \/><br \/><strong>Lan\u00e7amento de um servi\u00e7o de publicidade e de tempo de publicidade<\/strong><br \/>O momento de lan\u00e7ar um an\u00fancio deve ser determinado ap\u00f3s a conclus\u00e3o da base do an\u00fancio.<br \/><br \/><strong>Linguagem do desenvolvimento publicit\u00e1rio<\/strong><br \/>Todas as comunica\u00e7\u00f5es entre a Eurosalesman Sweden AB e os compradores de an\u00fancios devem ser efectuadas por correio eletr\u00f3nico em ingl\u00eas\/sueco,<\/p>\n<p><strong>C\u00e1lculo do prazo e data de vencimento<\/strong><br \/>Para efeitos de c\u00e1lculo dos prazos, etc., no cliente, a data de entrega do Eurosalesman ser\u00e1 considerada como a data de rece\u00e7\u00e3o do cliente<br \/><br \/><strong>Hora do projeto de an\u00fancio da Eurosalesman Sweden AB<\/strong><br \/>Se for caso disso, a Eurosalesman Sweden AB deve apresentar um projeto de an\u00fancio ao gestor de compras no prazo de 14 dias a contar da confirma\u00e7\u00e3o da encomenda atual pela Eurosalesman Sweden AB.<br \/><br \/><strong>Direito do cliente \u00e0 corre\u00e7\u00e3o dos materiais publicit\u00e1rios<\/strong><br \/>A parte que encomenda o desenvolvimento de materiais publicit\u00e1rios para um an\u00fancio completo<br \/>A Eurosalesman Sweden AB pode exigir a corre\u00e7\u00e3o dos materiais publicit\u00e1rios encomendados dentro de limites razo\u00e1veis, como o esquema de cores, a disposi\u00e7\u00e3o do texto, etc. M\u00e1x. 3 correc\u00e7\u00f5es escritas por correio eletr\u00f3nico num per\u00edodo de 15 dias ap\u00f3s a rece\u00e7\u00e3o do primeiro projeto de an\u00fancio do Eurosalesman. Para que isto seja v\u00e1lido, o cliente\/destinat\u00e1rio deve enviar um e-mail ao Eurosalesman no prazo de 7 dias ap\u00f3s a rece\u00e7\u00e3o do primeiro projeto de an\u00fancio com coment\u00e1rios\/correc\u00e7\u00f5es do projeto inicial de an\u00fancio.<br \/><br \/><strong>Disposi\u00e7\u00f5es relativas \u00e0 n\u00e3o realiza\u00e7\u00e3o de correc\u00e7\u00f5es num prazo determinado<\/strong><br \/>Se n\u00e3o forem feitos coment\u00e1rios\/correc\u00e7\u00f5es no prazo de 7 dias, o primeiro projeto de an\u00fancio do Eurosalesman ser\u00e1 considerado como aprovado pelo gestor de compras no seu estado atual, ser\u00e1 iniciada uma compra entre as partes e o servi\u00e7o ser\u00e1 considerado entregue.<br \/>O acima exposto aplica-se igualmente ao direito de 15 dias para correc\u00e7\u00f5es\/coment\u00e1rios. Existe um prazo de 7 dias a partir da data da primeira corre\u00e7\u00e3o. Se o gestor de compras n\u00e3o tiver contactado o Eurosalesman, considera-se que foi efectuada uma compra do produto em quest\u00e3o ao Eurosalesman.<br \/><br \/><strong>Propriedade do an\u00fancio<\/strong><br \/>Ap\u00f3s o fim do per\u00edodo de publicidade, o gestor de compras ter\u00e1 direito aos materiais publicit\u00e1rios desenvolvidos pelo Eurosalesman no seu estado atual. Os servi\u00e7os associados, etc., devem ser renovados pelas partes conforme o acordo.<\/p>\n<p><strong>Disposi\u00e7\u00f5es para a anula\u00e7\u00e3o de projectos de publicidade<\/strong><br \/>Em caso de anula\u00e7\u00e3o de um projeto de publicidade encomendado, aplicam-se as seguintes disposi\u00e7\u00f5es<br \/>De um modo geral, o Eurosalesman Sweden AB e o gestor de compras esfor\u00e7ar-se-\u00e3o por chegar a um consenso.<br \/>O gestor de compras tem direito ao reembolso de um pagamento adiantado pelo aluguer do tempo de publicidade do servi\u00e7o por cada espa\u00e7o publicit\u00e1rio encomendado pelo gestor de compras durante o per\u00edodo em quest\u00e3o, a menos que as partes j\u00e1 tenham chegado a acordo e tenham eventualmente enviado materiais para o desenvolvimento de an\u00fancios por correio eletr\u00f3nico ao gestor de compras.<\/p>\n<p><strong>Devem ser respeitadas as seguintes condi\u00e7\u00f5es para o reembolso do adiantamento do aluguer do servi\u00e7o de tempos de publicidade:<\/strong><br \/>O pedido deve ser feito por escrito e enviado por correio eletr\u00f3nico para ads@eurosalesman.com e emitido por um gestor de compras. O pedido deve conter uma conta, bem como todas as informa\u00e7\u00f5es financeiras necess\u00e1rias para facilitar esta transa\u00e7\u00e3o. Todos os custos e transac\u00e7\u00f5es associados ser\u00e3o suportados pelo gestor de compras e ser\u00e3o deduzidos do montante da compra reembolsada.<br \/>A data de cancelamento deve ser anterior \u00e0 confirma\u00e7\u00e3o da encomenda ou ao primeiro projeto de an\u00fancio do Eurosalesman. Depois disso, 1 a 6 dias ap\u00f3s o primeiro projeto de an\u00fancio do Eurosalesman e, em seguida, 1 a 6 dias ap\u00f3s o per\u00edodo de corre\u00e7\u00e3o\/coment\u00e1rio de 15 dias do projeto de an\u00fancio. .<br \/>Se as condi\u00e7\u00f5es acima referidas n\u00e3o forem cumpridas, existe o risco de a anula\u00e7\u00e3o do an\u00fancio n\u00e3o ser v\u00e1lida, caso em que n\u00e3o ser\u00e1 reembolsado qualquer dinheiro ao utilizador.<br \/>Se tiver d\u00favidas ou preocupa\u00e7\u00f5es sobre a publicidade, envie um e-mail para ads@eurosalesman.com<\/p>\n<h3 class=\"wp-block-heading\">Lit\u00edgios<\/h3>\n<p>Lit\u00edgios relacionados com o presente acordo e noutros contextos conexos HYPERLINK \"http: \/\/www.eurosalesman.xx\"<br \/>www.eurosalesman.xx. HYPERLINK \"http: \/\/www.eurosalesman.xx\" O URL www.eurosalesman.xx \u00e9 utilizado como termo geral para todas as p\u00e1ginas relevantes do portal web Eurosalesman, que cont\u00e9m a marca registada Eurosalesman\u00ae e<br \/>com a Eurosalesman Sweden AB, \u00e9 apenas a vers\u00e3o em ingl\u00eas\/sueco que se aplica e constitui a base de todos os contactos relativos a lit\u00edgios com a Eurosalesman.world\/Eurosalesman Sweden AB. Os lit\u00edgios ser\u00e3o resolvidos por arbitragem de acordo com as Regras de Arbitragem Simplificada do Instituto de Arbitragem da C\u00e2mara de Com\u00e9rcio de Estocolmo. A sede do processo de arbitragem \u00e9 Estocolmo. A l\u00edngua do processo ser\u00e1 o ingl\u00eas ou o sueco ou aplicar-se-\u00e1 ao lit\u00edgio a legisla\u00e7\u00e3o comunit\u00e1ria aplic\u00e1vel<\/p>\t\t\t\t\t\t\t\t<\/div>\n\t\t\t\t<\/div>\n\t\t\t\t\t<\/div>\n\t\t\t\t<\/div>\n\t\t\t\t<\/div>","protected":false},"excerpt":{"rendered":"<p>ADS Termos e condi\u00e7\u00f5es a n\u00edvel mundial Eurosalesman AB Su\u00e9cia Multisite Eurosalesman.com\/eurosalesman.xx A Eurosalesman notifica os clientes \/ anunciantes de que se aplica o seguinte material de publicidade \/ publica\u00e7\u00e3o em HYPERLINK \"http: \/\/www.eurosalesman.xx \"www.eurosalesman.xx. HYPERLINK \"http: \/\/www.eurosalesman.xx\" O URL www.eurosalesman.xx \u00e9 utilizado como termo geral para todas as p\u00e1ginas relevantes do portal web Eurosalesman, que cont\u00e9m a marca registada Eurosalesman\u00ae. Leis externas e [...]<\/p>","protected":false},"author":3,"featured_media":0,"parent":0,"menu_order":0,"comment_status":"closed","ping_status":"closed","template":"","meta":{"_seopress_robots_primary_cat":"","_seopress_titles_title":"","_seopress_titles_desc":"","_seopress_robots_index":"","footnotes":""},"class_list":["post-1412","page","type-page","status-publish","hentry"],"_links":{"self":[{"href":"https:\/\/eurosalesman.com\/pt\/wp-json\/wp\/v2\/pages\/1412","targetHints":{"allow":["GET"]}}],"collection":[{"href":"https:\/\/eurosalesman.com\/pt\/wp-json\/wp\/v2\/pages"}],"about":[{"href":"https:\/\/eurosalesman.com\/pt\/wp-json\/wp\/v2\/types\/page"}],"author":[{"embeddable":true,"href":"https:\/\/eurosalesman.com\/pt\/wp-json\/wp\/v2\/users\/3"}],"replies":[{"embeddable":true,"href":"https:\/\/eurosalesman.com\/pt\/wp-json\/wp\/v2\/comments?post=1412"}],"version-history":[{"count":4,"href":"https:\/\/eurosalesman.com\/pt\/wp-json\/wp\/v2\/pages\/1412\/revisions"}],"predecessor-version":[{"id":1416,"href":"https:\/\/eurosalesman.com\/pt\/wp-json\/wp\/v2\/pages\/1412\/revisions\/1416"}],"wp:attachment":[{"href":"https:\/\/eurosalesman.com\/pt\/wp-json\/wp\/v2\/media?parent=1412"}],"curies":[{"name":"wp","href":"https:\/\/api.w.org\/{rel}","templated":true}]}}