{"id":1920,"date":"2025-02-13T15:38:15","date_gmt":"2025-02-13T14:38:15","guid":{"rendered":"https:\/\/eurosalesman.com\/?post_type=product&#038;p=1920"},"modified":"2025-09-24T15:14:53","modified_gmt":"2025-09-24T13:14:53","slug":"basic-off-page-seo-package","status":"publish","type":"product","link":"https:\/\/eurosalesman.com\/pt\/services\/basic-off-page-seo-package\/","title":{"rendered":"SEO b\u00e1sico fora da p\u00e1gina"},"content":{"rendered":"<section class=\"package-content\">\n<div class=\"two-column-container\">\n<p><!-- Left Column: How It Works --><\/p>\n<div class=\"first column\">\n<h3>Como funciona<\/h3>\n<dl class=\"steps\">\n<dt>Passo 1:<\/dt>\n<dd>O utilizador fornece os backlinks desejados para o seu s\u00edtio Web (URLs, textos \u00e2ncora, etc.).<\/dd>\n<dt>Passo 2:<\/dt>\n<dd>A nossa equipa cria publica\u00e7\u00f5es optimizadas para SEO e integra os seus backlinks nos sites da nossa rede.<\/dd>\n<dt>Passo 3:<\/dt>\n<dd>As publica\u00e7\u00f5es s\u00e3o publicadas nos nossos sites de elevada autoridade, aumentando a credibilidade do seu site e as m\u00e9tricas de SEO.<\/dd>\n<dt>Passo 4:<\/dt>\n<dd>Recebe um relat\u00f3rio mensal de desempenho que descreve os resultados e o impacto.<\/dd>\n<\/dl>\n<\/div>\n<p><!-- Right Column: What You Get --><\/p>\n<div class=\"column\">\n<h3>O que obt\u00e9m<\/h3>\n<dl class=\"what-you-get\">\n<dt>Publica\u00e7\u00e3o em rede<\/dt>\n<dd>As suas backlinks fornecidas s\u00e3o perfeitamente integradas em publica\u00e7\u00f5es envolventes e optimizadas para SEO.<br \/>\nPublica\u00e7\u00e3o garantida em s\u00edtios selecionados da nossa rede premium.<\/dd>\n<dt>Otimiza\u00e7\u00e3o de conte\u00fados<\/dt>\n<dd>Cada publica\u00e7\u00e3o \u00e9 elaborada de acordo com as melhores pr\u00e1ticas de SEO, aumentando a relev\u00e2ncia e a visibilidade.<br \/>\nA nossa equipa editorial garante que o conte\u00fado apoia eficazmente a sua estrat\u00e9gia de backlinks.<\/dd>\n<dt>Relat\u00f3rios de desempenho<\/dt>\n<dd>Relat\u00f3rios mensais que acompanham o desempenho dos posts, a visibilidade dos backlinks e o impacto SEO.<br \/>\nInforma\u00e7\u00f5es e recomenda\u00e7\u00f5es para o ajudar a maximizar os seus ganhos de SEO.<\/dd>\n<\/dl>\n<\/div>\n<\/div>\n<\/section>","protected":false},"excerpt":{"rendered":"<p data-start=\"228\" data-end=\"477\">Acelere a SEO do seu s\u00edtio Web tirando partido da nossa rede exclusiva de\u00a0<strong>52 s\u00edtios de elevada autoridade<\/strong>. Com o nosso Pacote de Crescimento, publicamos posts optimizados para SEO em\u00a0<strong>8 locais selecionados<\/strong>, cada um contendo\u00a0<strong>1 hiperliga\u00e7\u00e3o contextual<\/strong>\u00a0para o seu s\u00edtio Web.<\/p>\n<p class=\"\" data-start=\"479\" data-end=\"760\">Este pacote combina <strong data-start=\"500\" data-end=\"586\">backlinks de elevada autoridade, visibilidade local optimizada e desempenho de an\u00fancios em tempo real<\/strong> para ajudar a sua empresa a classificar-se, a ser encontrada e a converter. Perfeito para empresas que est\u00e3o a dar o seu primeiro passo s\u00e9rio em dire\u00e7\u00e3o a <strong data-start=\"701\" data-end=\"727\">dom\u00ednio local em linha<\/strong>-com <strong data-start=\"733\" data-end=\"757\">sem fideliza\u00e7\u00e3o a longo prazo<\/strong>.<\/p>","protected":false},"featured_media":2378,"comment_status":"closed","ping_status":"closed","template":"","meta":{"_seopress_robots_primary_cat":"","_seopress_titles_title":"","_seopress_titles_desc":"","_seopress_robots_index":""},"product_brand":[],"product_cat":[36],"product_tag":[],"class_list":{"0":"post-1920","1":"product","2":"type-product","3":"status-publish","4":"has-post-thumbnail","6":"product_cat-seo","8":"first","9":"instock","10":"virtual","11":"purchasable","12":"product-type-simple"},"_links":{"self":[{"href":"https:\/\/eurosalesman.com\/pt\/wp-json\/wp\/v2\/product\/1920","targetHints":{"allow":["GET"]}}],"collection":[{"href":"https:\/\/eurosalesman.com\/pt\/wp-json\/wp\/v2\/product"}],"about":[{"href":"https:\/\/eurosalesman.com\/pt\/wp-json\/wp\/v2\/types\/product"}],"replies":[{"embeddable":true,"href":"https:\/\/eurosalesman.com\/pt\/wp-json\/wp\/v2\/comments?post=1920"}],"wp:featuredmedia":[{"embeddable":true,"href":"https:\/\/eurosalesman.com\/pt\/wp-json\/wp\/v2\/media\/2378"}],"wp:attachment":[{"href":"https:\/\/eurosalesman.com\/pt\/wp-json\/wp\/v2\/media?parent=1920"}],"wp:term":[{"taxonomy":"product_brand","embeddable":true,"href":"https:\/\/eurosalesman.com\/pt\/wp-json\/wp\/v2\/product_brand?post=1920"},{"taxonomy":"product_cat","embeddable":true,"href":"https:\/\/eurosalesman.com\/pt\/wp-json\/wp\/v2\/product_cat?post=1920"},{"taxonomy":"product_tag","embeddable":true,"href":"https:\/\/eurosalesman.com\/pt\/wp-json\/wp\/v2\/product_tag?post=1920"}],"curies":[{"name":"wp","href":"https:\/\/api.w.org\/{rel}","templated":true}]}}