{"id":2117,"date":"2025-02-25T14:52:42","date_gmt":"2025-02-25T13:52:42","guid":{"rendered":"https:\/\/eurosalesman.com\/?post_type=product&#038;p=2117"},"modified":"2025-03-19T14:32:33","modified_gmt":"2025-03-19T13:32:33","slug":"ppi-ad-impact-oceania","status":"publish","type":"product","link":"https:\/\/eurosalesman.com\/pt\/services\/ppi-ad-impact-oceania\/","title":{"rendered":"Impacto dos an\u00fancios PPI - Oce\u00e2nia"},"content":{"rendered":"<section class=\"package-content\">\n<div class=\"two-column-container\">\n<p><!-- Left Column: How It Works --><\/p>\n<div class=\"first column\">\n<h3>Como funciona<\/h3>\n<dl class=\"steps\">\n<dt>Passo 1:<\/dt>\n<dd>O utilizador fornece o criativo do an\u00fancio, os detalhes do p\u00fablico-alvo e os objectivos da campanha.<\/dd>\n<dt>Passo 2:<\/dt>\n<dd>A nossa plataforma coloca estrategicamente o seu an\u00fancio na nossa rede de alta qualidade.<\/dd>\n<dt>Passo 3:<\/dt>\n<dd>S\u00f3 paga quando os utilizadores interagem com o seu an\u00fancio.<\/dd>\n<dt>Passo 4:<\/dt>\n<dd>Receba relat\u00f3rios de desempenho detalhados e transparentes para acompanhar cada intera\u00e7\u00e3o e medir o ROI.<\/dd>\n<\/dl>\n<\/div>\n<p><!-- Right Column: What You Get --><\/p>\n<div class=\"column\">\n<h3>O que obt\u00e9m<\/h3>\n<dl class=\"what-you-get\">\n<dt>Pagamento por intera\u00e7\u00e3o<\/dt>\n<dd>Invista apenas em compromissos genu\u00ednos com os utilizadores, assegurando que cada d\u00f3lar gera resultados.<\/dd>\n<dt>Coloca\u00e7\u00f5es de an\u00fancios de alta qualidade<\/dt>\n<dd>Os seus an\u00fancios s\u00e3o apresentados na nossa rede premium, alcan\u00e7ando um p\u00fablico-alvo direcionado e empenhado.<\/dd>\n<dt>An\u00e1lise transparente<\/dt>\n<dd>Aceda a relat\u00f3rios abrangentes que detalham todas as m\u00e9tricas de intera\u00e7\u00e3o, clique e envolvimento.<\/dd>\n<dt>Or\u00e7amenta\u00e7\u00e3o flex\u00edvel<\/dt>\n<dd>Ajuste os seus gastos com publicidade em tempo real com base no desempenho, garantindo um ROI \u00f3timo.<\/dd>\n<\/dl>\n<\/div>\n<\/div>\n<\/section>","protected":false},"excerpt":{"rendered":"<p data-start=\"35\" data-end=\"100\"><strong data-start=\"35\" data-end=\"98\">Expanda a sua marca na Austr\u00e1lia, Nova Zel\u00e2ndia e noutros pa\u00edses<\/strong><\/p>\n<p data-start=\"102\" data-end=\"438\">A Oce\u00e2nia oferece um mercado altamente desenvolvido e rico em oportunidades, com economias fortes e consumidores digitalmente empenhados. A <strong data-start=\"224\" data-end=\"251\">Impacto dos an\u00fancios PPI - Oce\u00e2nia<\/strong> posiciona a sua empresa para o sucesso, utilizando <strong data-start=\"309\" data-end=\"361\">Dom\u00ednios de mercado exclusivos do Eurosalesman (ccTLD)<\/strong> e <strong data-start=\"366\" data-end=\"394\">Estrat\u00e9gias de publicidade baseadas em IA<\/strong> para maximizar a visibilidade em toda a regi\u00e3o.<\/p>\n<p data-start=\"440\" data-end=\"725\">Com <strong data-start=\"445\" data-end=\"545\">campanhas publicit\u00e1rias personalizadas optimizadas para p\u00fablicos na Austr\u00e1lia, Nova Zel\u00e2ndia e mercados vizinhos<\/strong>, combinado com <strong data-start=\"561\" data-end=\"609\">Controlo de desempenho orientado para o Google Analytics<\/strong>Com este pacote, a sua marca destaca-se, atrai os clientes certos e promove um envolvimento significativo.<\/p>\n<p data-start=\"727\" data-end=\"1281\">\u2714 <strong data-start=\"729\" data-end=\"761\">Segmenta\u00e7\u00e3o de an\u00fancios espec\u00edfica do mercado<\/strong> - Estrat\u00e9gias de publicidade personalizadas concebidas para se ligarem aos consumidores em todo o mundo <strong data-start=\"831\" data-end=\"875\">Austr\u00e1lia, Nova Zel\u00e2ndia e Pac\u00edfico.<\/strong><br data-start=\"875\" data-end=\"878\" \/>\u2714 <strong data-start=\"880\" data-end=\"913\">Presen\u00e7a na pesquisa geo-optimizada<\/strong> - Melhore a capacidade de descoberta da sua marca com <strong data-start=\"958\" data-end=\"985\">ccTLDs espec\u00edficos do pa\u00eds<\/strong> para melhorar a classifica\u00e7\u00e3o nas pesquisas locais.<br data-start=\"1021\" data-end=\"1024\" \/>\u2714 <strong data-start=\"1026\" data-end=\"1053\" data-is-only-node=\"\">Publicidade baseada em dados<\/strong> - Acompanhe o desempenho da campanha em <strong data-start=\"1086\" data-end=\"1099\">em tempo real<\/strong> para otimizar e aperfei\u00e7oar os seus esfor\u00e7os de marketing.<br data-start=\"1146\" data-end=\"1149\" \/>\u2714 <strong data-start=\"1151\" data-end=\"1176\">Entrada no mercado sem problemas<\/strong> - Expanda sem esfor\u00e7o com <strong data-start=\"1204\" data-end=\"1246\">estrat\u00e9gias de publicidade estruturadas e conformes<\/strong> adaptada \u00e0 regi\u00e3o da Oce\u00e2nia.<\/p>\n<p data-start=\"1283\" data-end=\"1416\"><strong data-start=\"1283\" data-end=\"1414\">Com o Eurosalesman\u00ae, a sua empresa obt\u00e9m a vantagem competitiva necess\u00e1ria para estabelecer uma presen\u00e7a forte e duradoura na Oce\u00e2nia.<\/strong><\/p>","protected":false},"featured_media":2230,"comment_status":"closed","ping_status":"closed","template":"","meta":{"_seopress_robots_primary_cat":"","_seopress_titles_title":"","_seopress_titles_desc":"","_seopress_robots_index":""},"product_brand":[],"product_cat":[39],"product_tag":[],"class_list":{"0":"post-2117","1":"product","2":"type-product","3":"status-publish","4":"has-post-thumbnail","6":"product_cat-advertising","8":"first","9":"instock","10":"shipping-taxable","11":"purchasable","12":"product-type-variable"},"_links":{"self":[{"href":"https:\/\/eurosalesman.com\/pt\/wp-json\/wp\/v2\/product\/2117","targetHints":{"allow":["GET"]}}],"collection":[{"href":"https:\/\/eurosalesman.com\/pt\/wp-json\/wp\/v2\/product"}],"about":[{"href":"https:\/\/eurosalesman.com\/pt\/wp-json\/wp\/v2\/types\/product"}],"replies":[{"embeddable":true,"href":"https:\/\/eurosalesman.com\/pt\/wp-json\/wp\/v2\/comments?post=2117"}],"wp:featuredmedia":[{"embeddable":true,"href":"https:\/\/eurosalesman.com\/pt\/wp-json\/wp\/v2\/media\/2230"}],"wp:attachment":[{"href":"https:\/\/eurosalesman.com\/pt\/wp-json\/wp\/v2\/media?parent=2117"}],"wp:term":[{"taxonomy":"product_brand","embeddable":true,"href":"https:\/\/eurosalesman.com\/pt\/wp-json\/wp\/v2\/product_brand?post=2117"},{"taxonomy":"product_cat","embeddable":true,"href":"https:\/\/eurosalesman.com\/pt\/wp-json\/wp\/v2\/product_cat?post=2117"},{"taxonomy":"product_tag","embeddable":true,"href":"https:\/\/eurosalesman.com\/pt\/wp-json\/wp\/v2\/product_tag?post=2117"}],"curies":[{"name":"wp","href":"https:\/\/api.w.org\/{rel}","templated":true}]}}