{"id":2381,"date":"2025-03-26T13:41:28","date_gmt":"2025-03-26T12:41:28","guid":{"rendered":"https:\/\/eurosalesman.com\/?post_type=product&#038;p=2381"},"modified":"2025-03-26T13:47:42","modified_gmt":"2025-03-26T12:47:42","slug":"starter-visibility-bundle","status":"publish","type":"product","link":"https:\/\/eurosalesman.com\/pt\/services\/starter-visibility-bundle\/","title":{"rendered":"Pacote de Visibilidade para Iniciantes"},"content":{"rendered":"<section class=\"package-content\">\n<div class=\"two-column-container\">\n<p><!-- Left Column: How It Works --><\/p>\n<div class=\"first column\">\n<h3>Como funciona<\/h3>\n<dl class=\"steps\">\n<dt>Passo 1:<\/dt>\n<dd>Configuramos o seu perfil empresarial no Google e reunimos as principais palavras-chave locais e \u00e1reas-alvo.<\/dd>\n<dt>Passo 2:<\/dt>\n<dd>A nossa equipa lan\u00e7a a sua campanha inicial de an\u00fancios com an\u00fancios orientados geograficamente e um texto de an\u00fancio personalizado para chegar aos clientes locais.<\/dd>\n<dt>Passo 3:<\/dt>\n<dd>Asseguramos 10 backlinks de alta autoridade mensalmente com texto \u00e2ncora optimizado apontando para as suas p\u00e1ginas-chave para um impacto SEO local.<\/dd>\n<dt>Passo 4:<\/dt>\n<dd>Recebe um relat\u00f3rio mensal transparente com resultados de PPC, desempenho de backlinks e informa\u00e7\u00f5es estrat\u00e9gicas.<\/dd>\n<\/dl>\n<\/div>\n<p><!-- Right Column: What You Get --><\/p>\n<div class=\"column\">\n<h3>O que obt\u00e9m<\/h3>\n<dl class=\"what-you-get\">\n<dt>Impulso de SEO local de elevada autoridade<\/dt>\n<dd>10 backlinks de qualidade mensalmente com texto \u00e2ncora optimizado direcionado para as suas palavras-chave locais, al\u00e9m da configura\u00e7\u00e3o e otimiza\u00e7\u00e3o do perfil empresarial do Google.<\/dd>\n<dt>Campanha inicial do Google Ads<\/dt>\n<dd>Campanha totalmente gerida, concebida para gerar cerca de 1.000 intera\u00e7\u00f5es de an\u00fancios locais por m\u00eas, com an\u00fancios orientados geograficamente e otimiza\u00e7\u00e3o cont\u00ednua de texto e palavras-chave.<\/dd>\n<dt>Relat\u00f3rios de desempenho e apoio<\/dt>\n<dd>Painel de controlo mensal que resume o desempenho de SEO e PPC, al\u00e9m de suporte por e-mail para quest\u00f5es de estrat\u00e9gia e ajustes de campanha.<\/dd>\n<\/dl>\n<\/div>\n<\/div>\n<\/section>","protected":false},"excerpt":{"rendered":"<p>Entre com confian\u00e7a nos mercados locais com uma combina\u00e7\u00e3o poderosa de SEO fora da p\u00e1gina, an\u00fancios geo-direcionados e relat\u00f3rios transparentes - concebidos para criar confian\u00e7a, impulsionar o tr\u00e1fego e estabelecer o seu neg\u00f3cio onde \u00e9 mais importante: a sua \u00e1rea local.<\/p>\n<p>Este pacote combina backlinks de elevada autoridade, visibilidade local optimizada e desempenho de an\u00fancios em tempo real para ajudar a sua empresa a classificar-se, a ser encontrada e a converter. Perfeito para empresas que est\u00e3o a dar o seu primeiro passo s\u00e9rio em dire\u00e7\u00e3o ao dom\u00ednio local online - sem qualquer compromisso a longo prazo.<\/p>","protected":false},"featured_media":2382,"comment_status":"closed","ping_status":"closed","template":"","meta":{"_seopress_robots_primary_cat":"","_seopress_titles_title":"","_seopress_titles_desc":"","_seopress_robots_index":""},"product_brand":[],"product_cat":[41],"product_tag":[],"class_list":{"0":"post-2381","1":"product","2":"type-product","3":"status-publish","4":"has-post-thumbnail","6":"product_cat-bundle","8":"first","9":"instock","10":"shipping-taxable","11":"purchasable","12":"product-type-simple"},"_links":{"self":[{"href":"https:\/\/eurosalesman.com\/pt\/wp-json\/wp\/v2\/product\/2381","targetHints":{"allow":["GET"]}}],"collection":[{"href":"https:\/\/eurosalesman.com\/pt\/wp-json\/wp\/v2\/product"}],"about":[{"href":"https:\/\/eurosalesman.com\/pt\/wp-json\/wp\/v2\/types\/product"}],"replies":[{"embeddable":true,"href":"https:\/\/eurosalesman.com\/pt\/wp-json\/wp\/v2\/comments?post=2381"}],"wp:featuredmedia":[{"embeddable":true,"href":"https:\/\/eurosalesman.com\/pt\/wp-json\/wp\/v2\/media\/2382"}],"wp:attachment":[{"href":"https:\/\/eurosalesman.com\/pt\/wp-json\/wp\/v2\/media?parent=2381"}],"wp:term":[{"taxonomy":"product_brand","embeddable":true,"href":"https:\/\/eurosalesman.com\/pt\/wp-json\/wp\/v2\/product_brand?post=2381"},{"taxonomy":"product_cat","embeddable":true,"href":"https:\/\/eurosalesman.com\/pt\/wp-json\/wp\/v2\/product_cat?post=2381"},{"taxonomy":"product_tag","embeddable":true,"href":"https:\/\/eurosalesman.com\/pt\/wp-json\/wp\/v2\/product_tag?post=2381"}],"curies":[{"name":"wp","href":"https:\/\/api.w.org\/{rel}","templated":true}]}}