{"id":2385,"date":"2025-03-26T13:45:23","date_gmt":"2025-03-26T12:45:23","guid":{"rendered":"https:\/\/eurosalesman.com\/?post_type=product&#038;p=2385"},"modified":"2025-03-26T13:48:59","modified_gmt":"2025-03-26T12:48:59","slug":"local-market-dominator-bundle","status":"publish","type":"product","link":"https:\/\/eurosalesman.com\/pt\/services\/local-market-dominator-bundle\/","title":{"rendered":"Pacote Dominador do Mercado Local"},"content":{"rendered":"<section class=\"package-content\">\n<div class=\"two-column-container\">\n<p><!-- Left Column: How It Works --><\/p>\n<div class=\"first column\">\n<h3>Como funciona<\/h3>\n<dl class=\"steps\">\n<dt>Passo 1:<\/dt>\n<dd>Realizamos uma an\u00e1lise profunda do mercado local, refinamos as estrat\u00e9gias de palavras-chave e lan\u00e7amos SEO local avan\u00e7ado, cria\u00e7\u00e3o de cita\u00e7\u00f5es e registo de dom\u00ednios.<\/dd>\n<dt>Passo 2:<\/dt>\n<dd>A nossa equipa gere an\u00fancios de grande volume e campanhas dedicadas, incluindo retargeting e cria\u00e7\u00e3o de textos de an\u00fancios com tecnologia de IA.<\/dd>\n<dt>Passo 3:<\/dt>\n<dd>Asseguramos mensalmente 40 backlinks premium e de elevada relev\u00e2ncia e optimizamos continuamente com base na classifica\u00e7\u00e3o e no desempenho do tr\u00e1fego.<\/dd>\n<dt>Passo 4:<\/dt>\n<dd>Acede ao seu painel de desempenho 24 horas por dia, 7 dias por semana, e participa numa chamada estrat\u00e9gica mensal com o seu especialista em marketing para analisar os resultados e aperfei\u00e7oar as campanhas.<\/dd>\n<\/dl>\n<\/div>\n<p><!-- Right Column: What You Get --><\/p>\n<div class=\"column\">\n<h3>O que obt\u00e9m<\/h3>\n<dl class=\"what-you-get\">\n<dt>Poder de SEO local premium<\/dt>\n<dd>40 backlinks mensais de alto n\u00edvel, SEO local profundo e otimiza\u00e7\u00e3o cont\u00ednua para dominar os seus principais termos de pesquisa locais.<\/dd>\n<dt>Dom\u00ednio do an\u00fancio omnicanal<\/dt>\n<dd>Cliques direcionados com an\u00fancios e conjuntos de an\u00fancios novos - alimentados por um texto de an\u00fancio exclusivo gerado por IA.<\/dd>\n<dt>Painel de controlo 24\/7 e estrat\u00e9gia especializada<\/dt>\n<dd>Painel de controlo de desempenho de acesso total e chamadas mensais de an\u00e1lise da estrat\u00e9gia com o seu especialista de marketing dedicado.<\/dd>\n<dt>Vantagens exclusivas do Eurosalesman<\/dt>\n<dd>Consulta de marcas registadas, gest\u00e3o de dom\u00ednios locais seguros (ccTLD) e conte\u00fados trimestrais gerados por IA adaptados \u00e0 sua marca e ao seu mercado.<\/dd>\n<\/dl>\n<\/div>\n<\/div>\n<\/section>","protected":false},"excerpt":{"rendered":"<p class=\"\" data-start=\"253\" data-end=\"601\">O <strong data-start=\"257\" data-end=\"290\">Pacote Dominador do Mercado Local<\/strong> foi concebido para empresas prontas a liderar o seu mercado local com um <strong data-start=\"355\" data-end=\"393\">estrat\u00e9gia global, tudo em um<\/strong>. Combina\u00e7\u00e3o <strong data-start=\"405\" data-end=\"515\">SEO off-page premium, an\u00fancios omnicanal de grande volume, consultoria especializada e vantagens exclusivas de marca registada<\/strong>Este pacote d\u00e1 \u00e0 sua marca tudo o que precisa para superar os concorrentes locais.<\/p>\n<p class=\"\" data-start=\"603\" data-end=\"962\">Com <strong data-start=\"608\" data-end=\"728\">40 backlinks mensais de elevada relev\u00e2ncia, gest\u00e3o avan\u00e7ada de SEO local e campanhas publicit\u00e1rias direcionadas<\/strong>A sua empresa ganha o m\u00e1ximo de visibilidade, confian\u00e7a e envolvimento. <strong data-start=\"793\" data-end=\"846\">Cria\u00e7\u00e3o de textos publicit\u00e1rios e conte\u00fados trimestrais com recurso a IA<\/strong> asseguram que se mant\u00e9m atento, enquanto <strong data-start=\"876\" data-end=\"932\">consulta de marcas e registo de dom\u00ednios locais<\/strong> proporcionar uma prote\u00e7\u00e3o duradoura.<\/p>\n<p class=\"\" data-start=\"964\" data-end=\"1148\"><strong data-start=\"964\" data-end=\"1065\">Acompanhe o desempenho 24 horas por dia, 7 dias por semana e aperfei\u00e7oe a sua estrat\u00e9gia todos os meses com o seu especialista em marketing dedicado.<\/strong> Esta \u00e9 a sua solu\u00e7\u00e3o de servi\u00e7o completo para <strong data-start=\"1105\" data-end=\"1147\">dom\u00ednio e crescimento locais sustent\u00e1veis<\/strong>.<\/p>","protected":false},"featured_media":2382,"comment_status":"closed","ping_status":"closed","template":"","meta":{"_seopress_robots_primary_cat":"","_seopress_titles_title":"","_seopress_titles_desc":"","_seopress_robots_index":""},"product_brand":[],"product_cat":[41],"product_tag":[],"class_list":{"0":"post-2385","1":"product","2":"type-product","3":"status-publish","4":"has-post-thumbnail","6":"product_cat-bundle","8":"first","9":"instock","10":"shipping-taxable","11":"purchasable","12":"product-type-simple"},"_links":{"self":[{"href":"https:\/\/eurosalesman.com\/pt\/wp-json\/wp\/v2\/product\/2385","targetHints":{"allow":["GET"]}}],"collection":[{"href":"https:\/\/eurosalesman.com\/pt\/wp-json\/wp\/v2\/product"}],"about":[{"href":"https:\/\/eurosalesman.com\/pt\/wp-json\/wp\/v2\/types\/product"}],"replies":[{"embeddable":true,"href":"https:\/\/eurosalesman.com\/pt\/wp-json\/wp\/v2\/comments?post=2385"}],"wp:featuredmedia":[{"embeddable":true,"href":"https:\/\/eurosalesman.com\/pt\/wp-json\/wp\/v2\/media\/2382"}],"wp:attachment":[{"href":"https:\/\/eurosalesman.com\/pt\/wp-json\/wp\/v2\/media?parent=2385"}],"wp:term":[{"taxonomy":"product_brand","embeddable":true,"href":"https:\/\/eurosalesman.com\/pt\/wp-json\/wp\/v2\/product_brand?post=2385"},{"taxonomy":"product_cat","embeddable":true,"href":"https:\/\/eurosalesman.com\/pt\/wp-json\/wp\/v2\/product_cat?post=2385"},{"taxonomy":"product_tag","embeddable":true,"href":"https:\/\/eurosalesman.com\/pt\/wp-json\/wp\/v2\/product_tag?post=2385"}],"curies":[{"name":"wp","href":"https:\/\/api.w.org\/{rel}","templated":true}]}}