{"id":1385,"date":"2024-10-09T16:33:18","date_gmt":"2024-10-09T14:33:18","guid":{"rendered":"https:\/\/eurosalesman.com\/?page_id=1385"},"modified":"2025-02-13T10:33:34","modified_gmt":"2025-02-13T09:33:34","slug":"solution-analytics","status":"publish","type":"page","link":"https:\/\/eurosalesman.com\/sv\/solution-analytics\/","title":{"rendered":"Analys"},"content":{"rendered":"<div data-elementor-type=\"wp-page\" data-elementor-id=\"1385\" class=\"elementor elementor-1385\" data-elementor-post-type=\"page\">\n\t\t\t\t<div class=\"elementor-element elementor-element-42222dd e-con-full e-flex e-con e-parent\" data-id=\"42222dd\" data-element_type=\"container\" data-e-type=\"container\" data-settings=\"{&quot;background_background&quot;:&quot;classic&quot;}\">\n\t\t<div class=\"elementor-element elementor-element-05e17a3 e-flex e-con-boxed e-con e-child\" data-id=\"05e17a3\" data-element_type=\"container\" data-e-type=\"container\">\n\t\t\t\t\t<div class=\"e-con-inner\">\n\t\t\t\t<div class=\"elementor-element elementor-element-97556fa elementor-invisible elementor-widget elementor-widget-heading\" data-id=\"97556fa\" data-element_type=\"widget\" data-e-type=\"widget\" data-settings=\"{&quot;_animation&quot;:&quot;fadeIn&quot;}\" data-widget_type=\"heading.default\">\n\t\t\t\t<div class=\"elementor-widget-container\">\n\t\t\t\t\t<h1 class=\"elementor-heading-title elementor-size-default\">Analys<\/h1>\t\t\t\t<\/div>\n\t\t\t\t<\/div>\n\t\t\t\t\t<\/div>\n\t\t\t\t<\/div>\n\t\t\t\t<div class=\"elementor-element elementor-element-0db2bf3 elementor-widget__width-initial elementor-absolute elementor-widget-mobile__width-inherit elementor-invisible elementor-widget elementor-widget-image\" data-id=\"0db2bf3\" data-element_type=\"widget\" data-e-type=\"widget\" data-settings=\"{&quot;_position&quot;:&quot;absolute&quot;,&quot;_animation&quot;:&quot;slideInRight&quot;}\" data-widget_type=\"image.default\">\n\t\t\t\t<div class=\"elementor-widget-container\">\n\t\t\t\t\t\t\t\t\t\t\t\t\t\t\t<img fetchpriority=\"high\" decoding=\"async\" width=\"800\" height=\"398\" src=\"https:\/\/eurosalesman.com\/wp-content\/uploads\/dl.beatsnoop.com-3000-0No9QwKcFH-1024x510.jpg\" class=\"attachment-large size-large wp-image-1196\" alt=\"dl.beatsnoop.com-3000-0No9QwKcFH\" srcset=\"https:\/\/eurosalesman.com\/wp-content\/uploads\/dl.beatsnoop.com-3000-0No9QwKcFH-1024x510.jpg 1024w, https:\/\/eurosalesman.com\/wp-content\/uploads\/dl.beatsnoop.com-3000-0No9QwKcFH-512x255.jpg 512w, https:\/\/eurosalesman.com\/wp-content\/uploads\/dl.beatsnoop.com-3000-0No9QwKcFH-256x128.jpg 256w, https:\/\/eurosalesman.com\/wp-content\/uploads\/dl.beatsnoop.com-3000-0No9QwKcFH-768x383.jpg 768w, https:\/\/eurosalesman.com\/wp-content\/uploads\/dl.beatsnoop.com-3000-0No9QwKcFH-1536x765.jpg 1536w, https:\/\/eurosalesman.com\/wp-content\/uploads\/dl.beatsnoop.com-3000-0No9QwKcFH-2048x1020.jpg 2048w\" sizes=\"(max-width: 800px) 100vw, 800px\" \/>\t\t\t\t\t\t\t\t\t\t\t\t\t\t\t<\/div>\n\t\t\t\t<\/div>\n\t\t\t\t<\/div>\n\t\t<div class=\"elementor-element elementor-element-08d0e0a e-flex e-con-boxed e-con e-parent\" data-id=\"08d0e0a\" data-element_type=\"container\" data-e-type=\"container\">\n\t\t\t\t\t<div class=\"e-con-inner\">\n\t\t\t\t<div class=\"elementor-element elementor-element-dc575f0 elementor-widget elementor-widget-theme-post-excerpt\" data-id=\"dc575f0\" data-element_type=\"widget\" data-e-type=\"widget\" data-widget_type=\"theme-post-excerpt.default\">\n\t\t\t\t<div class=\"elementor-widget-container\">\n\t\t\t\t\tP\u00e5 Eurosalesman tror vi att kunskap \u00e4r makt. Det \u00e4r d\u00e4rf\u00f6r vi anv\u00e4nder Google Analytics f\u00f6r att ge omfattande insikter i hur annonser som skapats p\u00e5 v\u00e5r plattform presterar. Genom att utnyttja detta kraftfulla verktyg erbjuder vi v\u00e5ra kunder detaljerade, handlingsbara data som f\u00f6rb\u00e4ttrar beslutsfattandet, optimerar marknadsf\u00f6ringsstrategier och maximerar avkastningen p\u00e5 investeringen.\t\t\t\t<\/div>\n\t\t\t\t<\/div>\n\t\t\t\t<div class=\"elementor-element elementor-element-64e3296 elementor-widget-divider--view-line elementor-widget elementor-widget-divider\" data-id=\"64e3296\" data-element_type=\"widget\" data-e-type=\"widget\" data-widget_type=\"divider.default\">\n\t\t\t\t<div class=\"elementor-widget-container\">\n\t\t\t\t\t\t\t<div class=\"elementor-divider\">\n\t\t\t<span class=\"elementor-divider-separator\">\n\t\t\t\t\t\t<\/span>\n\t\t<\/div>\n\t\t\t\t\t\t<\/div>\n\t\t\t\t<\/div>\n\t\t\t\t\t<\/div>\n\t\t\t\t<\/div>\n\t\t<div class=\"elementor-element elementor-element-25b29c9 e-flex e-con-boxed e-con e-parent\" data-id=\"25b29c9\" data-element_type=\"container\" data-e-type=\"container\">\n\t\t\t\t\t<div class=\"e-con-inner\">\n\t\t\t\t<div class=\"elementor-element elementor-element-31f8ca4 elementor-widget elementor-widget-heading\" data-id=\"31f8ca4\" data-element_type=\"widget\" data-e-type=\"widget\" data-widget_type=\"heading.default\">\n\t\t\t\t<div class=\"elementor-widget-container\">\n\t\t\t\t\t<h2 class=\"elementor-heading-title elementor-size-default\">Maximera din annonseringseffekt med Google Analytics och Eurosalesman\u00ae\n<\/h2>\t\t\t\t<\/div>\n\t\t\t\t<\/div>\n\t\t\t\t<div class=\"elementor-element elementor-element-d331778 elementor-widget elementor-widget-text-editor\" data-id=\"d331778\" data-element_type=\"widget\" data-e-type=\"widget\" data-widget_type=\"text-editor.default\">\n\t\t\t\t<div class=\"elementor-widget-container\">\n\t\t\t\t\t\t\t\t\t\n<h3>Varf\u00f6r<strong> Google Analytics?<\/strong><\/h3>\n<p>Google Analytics \u00e4r v\u00e4rldens ledande system f\u00f6r <strong>webbanalystj\u00e4nst<\/strong>och f\u00f6rser f\u00f6retag med <strong>djupg\u00e5ende rapporter<\/strong> p\u00e5 deras m\u00e5lgrupp, trafikk\u00e4llor och konverteringsresultat. S\u00e5 h\u00e4r g\u00f6r du <strong>Eurosalesman\u00ae:s integration med Google Analytics gynnar dina reklamkampanjer:<\/strong><\/p>\n<h4><br \/>Detaljerade m\u00e5lgruppsinsikter<\/h4>\n<p>H\u00e4mta en <strong>tydlig bild av vilka dina kunder \u00e4r<\/strong>var de kommer ifr\u00e5n och hur de interagerar med dina annonser. <strong>Google Analytics tillhandah\u00e5ller demografiska och geografiska data<\/strong>, vilket g\u00f6r att du kan <strong>f\u00f6rfina ditt budskap<\/strong> f\u00f6r specifika m\u00e5lgrupper och maximera engagemanget.<\/p>\n<h4><strong><br \/><\/strong>Sp\u00e5rning av data i realtid<\/h4>\n<p>\u00d6vervaka <strong>prestanda f\u00f6r dina annonser direkt<\/strong>. Rapporter i realtid hj\u00e4lper dig <strong>justera kampanjer i farten<\/strong>Vi ser till att dina reklampengar alltid anv\u00e4nds d\u00e4r de g\u00f6r st\u00f6rst nytta.<\/p>\n<h4><strong><br \/><\/strong>Omfattande trafikanalys<\/h4>\n<p>Identifiera <strong>vilka trafikk\u00e4llor som driver flest bes\u00f6kare<\/strong> till dina annonser - oavsett om det \u00e4r fr\u00e5n <strong>organisk s\u00f6kning, sociala medier, direkttrafik eller h\u00e4nvisningswebbplatser<\/strong>. Denna insikt hj\u00e4lper f\u00f6retag <strong>investera i h\u00f6gpresterande kanaler<\/strong> och f\u00f6rdela sina budgetar p\u00e5 ett mer effektivt s\u00e4tt.<\/p>\n<h4><br \/>Konverteringssp\u00e5rning och m\u00e5lm\u00e4tning<\/h4>\n<p>M\u00e4t vad <strong>verkligen betyder n\u00e5got<\/strong>-F\u00f6rs\u00e4ljning, registreringar, f\u00f6rfr\u00e5gningar eller n\u00e5gon annan viktig \u00e5tg\u00e4rd. Google Analytics hj\u00e4lper till att sp\u00e5ra <strong>hur v\u00e4l dina annonser konverterar bes\u00f6kare till kunder<\/strong>, vilket g\u00f6r att du kan <strong>f\u00f6rfina dina strategier f\u00f6r maximal effekt<\/strong>.<\/p>\n<h4><strong><br \/><\/strong>Beteendeinsikter f\u00f6r \u00f6kat engagemang<\/h4>\n<p>F\u00f6rst\u00e5 <strong>hur anv\u00e4ndare navigerar p\u00e5 din webbplats<\/strong> och interagera med ditt inneh\u00e5ll. Genom att analysera <strong>m\u00e4tningar av anv\u00e4ndarfl\u00f6de och engagemang<\/strong>kan du optimera m\u00e5lsidor och annonsmaterial f\u00f6r att <strong>\u00f6ka konverteringen och s\u00e4nka studsfrekvensen<\/strong>.<\/p>\n<h4><strong><br \/><\/strong>Anpassade rapporter och instrumentpaneler<\/h4>\n<p>Skr\u00e4ddare <strong>instrumentpaneler f\u00f6r analys<\/strong> till dina aff\u00e4rsbehov. Med Google Analytics kan du <strong>skapa anpassade rapporter<\/strong> som fokuserar p\u00e5 <strong>viktiga resultatindikatorer (KPI:er)<\/strong> relevanta f\u00f6r dina kampanjer, vilket g\u00f6r dataanalysen <strong>snabb och handlingsinriktad<\/strong>.<\/p>\n\t\t\t\t\t\t\t\t<\/div>\n\t\t\t\t<\/div>\n\t\t\t\t<div class=\"elementor-element elementor-element-186ba9f elementor-widget elementor-widget-image\" data-id=\"186ba9f\" data-element_type=\"widget\" data-e-type=\"widget\" data-widget_type=\"image.default\">\n\t\t\t\t<div class=\"elementor-widget-container\">\n\t\t\t\t\t\t\t\t\t\t\t\t\t\t\t<img decoding=\"async\" width=\"2457\" height=\"1566\" src=\"https:\/\/eurosalesman.com\/wp-content\/uploads\/dl.beatsnoop.com-3000-nVdOcX1YhR.jpg\" class=\"attachment-full size-full wp-image-1202\" alt=\"dl.beatsnoop.com-3000-nVdOcX1YhR\" srcset=\"https:\/\/eurosalesman.com\/wp-content\/uploads\/dl.beatsnoop.com-3000-nVdOcX1YhR.jpg 2457w, https:\/\/eurosalesman.com\/wp-content\/uploads\/dl.beatsnoop.com-3000-nVdOcX1YhR-512x326.jpg 512w, https:\/\/eurosalesman.com\/wp-content\/uploads\/dl.beatsnoop.com-3000-nVdOcX1YhR-1024x653.jpg 1024w, https:\/\/eurosalesman.com\/wp-content\/uploads\/dl.beatsnoop.com-3000-nVdOcX1YhR-256x163.jpg 256w, https:\/\/eurosalesman.com\/wp-content\/uploads\/dl.beatsnoop.com-3000-nVdOcX1YhR-768x489.jpg 768w, https:\/\/eurosalesman.com\/wp-content\/uploads\/dl.beatsnoop.com-3000-nVdOcX1YhR-1536x979.jpg 1536w, https:\/\/eurosalesman.com\/wp-content\/uploads\/dl.beatsnoop.com-3000-nVdOcX1YhR-2048x1305.jpg 2048w\" sizes=\"(max-width: 2457px) 100vw, 2457px\" \/>\t\t\t\t\t\t\t\t\t\t\t\t\t\t\t<\/div>\n\t\t\t\t<\/div>\n\t\t\t\t<div class=\"elementor-element elementor-element-a9e834c elementor-widget elementor-widget-text-editor\" data-id=\"a9e834c\" data-element_type=\"widget\" data-e-type=\"widget\" data-widget_type=\"text-editor.default\">\n\t\t\t\t<div class=\"elementor-widget-container\">\n\t\t\t\t\t\t\t\t\t<h3>Kombinera analys med marknadstilltr\u00e4de: En kraftfull f\u00f6rdel<\/h3>\n<h4>\u00a0<\/h4>\n<h4>Riktad annonsering p\u00e5 \u00f6ver 70 globala marknader<\/h4>\n<p>Google Analytics g\u00f6r det m\u00f6jligt f\u00f6r f\u00f6retag att <strong>rikta annonser med precision<\/strong>. Eurosalesman\u00ae:s tillg\u00e5ng till <strong>Dom\u00e4ner f\u00f6r nationella marknader (ccTLD)<\/strong> s\u00e4kerst\u00e4ller att f\u00f6retag kan <strong>n\u00e5 kunder i specifika regioner med lokalt optimerade strategier<\/strong>.<\/p>\n<h4><br \/>Lokaliserade kampanjstrategier<\/h4>\n<p>Olika marknader <strong>reagera p\u00e5 olika s\u00e4tt<\/strong> till reklam. Google Analytics avsl\u00f6jar <strong>hur kunder engagerar sig i dina annonser i olika regioner<\/strong>, vilket g\u00f6r det m\u00f6jligt f\u00f6r dig att:<\/p>\n<ul>\n<li><strong>Anpassa meddelanden<\/strong> f\u00f6r olika kulturella preferenser<\/li>\n<li><strong>Optimera annonsmaterial<\/strong> baserat p\u00e5 <strong>regionala trender f\u00f6r engagemang<\/strong><\/li>\n<li><strong>\u00d6ka konverteringarna<\/strong> genom att skr\u00e4ddarsy erbjudanden till lokala m\u00e5lgrupper<\/li>\n<\/ul>\n<p>Oavsett om du annonserar i <strong>New York, Paris, Tokyo, Lagos eller Sydney<\/strong>Eurosalesman\u00ae s\u00e4kerst\u00e4ller att dina annonser <strong>n\u00e5 ut till r\u00e4tt personer p\u00e5 r\u00e4tt marknader<\/strong>.<\/p>\n<h4><br \/>Kontinuerlig optimering f\u00f6r maximal ROI<\/h4>\n<p>Anv\u00e4ndning <strong>A\/B-testning, regionala j\u00e4mf\u00f6relser och m\u00e4tv\u00e4rden f\u00f6r engagemang<\/strong> f\u00f6r att f\u00f6rfina din annonseringsstrategi. Genom att kombinera <strong>Google Analytics-insikter med Eurosalesman\u00ae:s marknadstillg\u00e5ng<\/strong>kan f\u00f6retag g\u00f6ra det:<\/p>\n<ul>\n<li><strong>Testa flera annonsvarianter f\u00f6r att hitta det inneh\u00e5ll som ger b\u00e4st resultat<\/strong><\/li>\n<li><strong>Justera kampanjerna baserat p\u00e5 regionala datainsikter<\/strong><\/li>\n<li><strong>Optimera f\u00f6r b\u00e4ttre engagemang, l\u00e4gre kostnader och h\u00f6gre konvertering<\/strong><\/li>\n<\/ul>\n<h4><br \/>Datadrivet beslutsfattande<\/h4>\n<p>G\u00f6r <strong>strategiska, dataunderst\u00f6dda marknadsf\u00f6ringsbeslut<\/strong> med Google Analytics. Med <strong>detaljerade insikter om prestanda<\/strong>kan du g\u00f6ra det:<\/p>\n<ul>\n<li><strong>F\u00f6rdela reklambudgetar mer effektivt<\/strong><\/li>\n<li><strong>Investera i h\u00f6gpresterande marknader<\/strong><\/li>\n<li><strong>Identifiera outnyttjade m\u00f6jligheter till expansion<\/strong><\/li>\n<\/ul>\n<p><!-- \/wp:paragraph --><\/p>\t\t\t\t\t\t\t\t<\/div>\n\t\t\t\t<\/div>\n\t\t\t\t\t<\/div>\n\t\t\t\t<\/div>\n\t\t<div class=\"elementor-element elementor-element-0b1f324 e-con-full e-flex e-con e-parent\" data-id=\"0b1f324\" data-element_type=\"container\" data-e-type=\"container\" data-settings=\"{&quot;background_background&quot;:&quot;classic&quot;}\">\n\t\t<div class=\"elementor-element elementor-element-e19bc2b e-con-full e-flex e-con e-child\" data-id=\"e19bc2b\" data-element_type=\"container\" data-e-type=\"container\">\n\t\t\t\t<div class=\"elementor-element elementor-element-446f235 elementor-invisible elementor-widget elementor-widget-heading\" data-id=\"446f235\" data-element_type=\"widget\" data-e-type=\"widget\" data-settings=\"{&quot;_animation&quot;:&quot;fadeIn&quot;}\" data-widget_type=\"heading.default\">\n\t\t\t\t<div class=\"elementor-widget-container\">\n\t\t\t\t\t<h2 class=\"elementor-heading-title elementor-size-default\">Vill du s\u00e4tta fart p\u00e5 ditt f\u00f6retag redan idag?<\/h2>\t\t\t\t<\/div>\n\t\t\t\t<\/div>\n\t\t\t\t<div class=\"elementor-element elementor-element-3c8c550 elementor-invisible elementor-widget elementor-widget-text-editor\" data-id=\"3c8c550\" data-element_type=\"widget\" data-e-type=\"widget\" data-settings=\"{&quot;_animation&quot;:&quot;fadeIn&quot;,&quot;_animation_delay&quot;:300}\" data-widget_type=\"text-editor.default\">\n\t\t\t\t<div class=\"elementor-widget-container\">\n\t\t\t\t\t\t\t\t\t<p>Kontakta oss idag f\u00f6r att f\u00e5 veta mer om hur vi kan hj\u00e4lpa dig att uppn\u00e5 dina marknadsf\u00f6ringsm\u00e5l med precision och s\u00e4kerhet.<\/p>\t\t\t\t\t\t\t\t<\/div>\n\t\t\t\t<\/div>\n\t\t\t\t<div class=\"elementor-element elementor-element-efbfb9a elementor-align-justify elementor-widget__width-initial elementor-invisible elementor-widget elementor-widget-button\" data-id=\"efbfb9a\" data-element_type=\"widget\" data-e-type=\"widget\" data-settings=\"{&quot;_animation&quot;:&quot;fadeIn&quot;,&quot;_animation_delay&quot;:600}\" data-widget_type=\"button.default\">\n\t\t\t\t<div class=\"elementor-widget-container\">\n\t\t\t\t\t\t\t\t\t<div class=\"elementor-button-wrapper\">\n\t\t\t\t\t<a class=\"elementor-button elementor-button-link elementor-size-sm\" href=\"https:\/\/eurosalesman.com\/sv\/about\/contact\/\">\n\t\t\t\t\t\t<span class=\"elementor-button-content-wrapper\">\n\t\t\t\t\t\t\t\t\t<span class=\"elementor-button-text\">Kontakta oss<\/span>\n\t\t\t\t\t<\/span>\n\t\t\t\t\t<\/a>\n\t\t\t\t<\/div>\n\t\t\t\t\t\t\t\t<\/div>\n\t\t\t\t<\/div>\n\t\t\t\t<\/div>\n\t\t<div class=\"elementor-element elementor-element-cea26a3 e-con-full e-flex e-con e-child\" data-id=\"cea26a3\" data-element_type=\"container\" data-e-type=\"container\" data-settings=\"{&quot;background_background&quot;:&quot;classic&quot;}\">\n\t\t\t\t<\/div>\n\t\t\t\t<\/div>\n\t\t\t\t<\/div>","protected":false},"excerpt":{"rendered":"<p>P\u00e5 Eurosalesman tror vi att kunskap \u00e4r makt. Det \u00e4r d\u00e4rf\u00f6r vi anv\u00e4nder Google Analytics f\u00f6r att ge omfattande insikter i hur annonser som skapats p\u00e5 v\u00e5r plattform presterar. Genom att utnyttja detta kraftfulla verktyg erbjuder vi v\u00e5ra kunder detaljerade, handlingsbara data som f\u00f6rb\u00e4ttrar beslutsfattandet, optimerar marknadsf\u00f6ringsstrategier och maximerar avkastningen p\u00e5 investeringen.<\/p>","protected":false},"author":3,"featured_media":0,"parent":0,"menu_order":0,"comment_status":"closed","ping_status":"closed","template":"","meta":{"_seopress_robots_primary_cat":"","_seopress_titles_title":"","_seopress_titles_desc":"","_seopress_robots_index":"","footnotes":""},"class_list":["post-1385","page","type-page","status-publish","hentry"],"_links":{"self":[{"href":"https:\/\/eurosalesman.com\/sv\/wp-json\/wp\/v2\/pages\/1385","targetHints":{"allow":["GET"]}}],"collection":[{"href":"https:\/\/eurosalesman.com\/sv\/wp-json\/wp\/v2\/pages"}],"about":[{"href":"https:\/\/eurosalesman.com\/sv\/wp-json\/wp\/v2\/types\/page"}],"author":[{"embeddable":true,"href":"https:\/\/eurosalesman.com\/sv\/wp-json\/wp\/v2\/users\/3"}],"replies":[{"embeddable":true,"href":"https:\/\/eurosalesman.com\/sv\/wp-json\/wp\/v2\/comments?post=1385"}],"version-history":[{"count":13,"href":"https:\/\/eurosalesman.com\/sv\/wp-json\/wp\/v2\/pages\/1385\/revisions"}],"predecessor-version":[{"id":1859,"href":"https:\/\/eurosalesman.com\/sv\/wp-json\/wp\/v2\/pages\/1385\/revisions\/1859"}],"wp:attachment":[{"href":"https:\/\/eurosalesman.com\/sv\/wp-json\/wp\/v2\/media?parent=1385"}],"curies":[{"name":"wp","href":"https:\/\/api.w.org\/{rel}","templated":true}]}}