{"id":1397,"date":"2024-10-09T16:38:34","date_gmt":"2024-10-09T14:38:34","guid":{"rendered":"https:\/\/eurosalesman.com\/?page_id=1397"},"modified":"2024-11-21T14:23:12","modified_gmt":"2024-11-21T13:23:12","slug":"ai","status":"publish","type":"page","link":"https:\/\/eurosalesman.com\/sv\/ai\/","title":{"rendered":"AI"},"content":{"rendered":"<div data-elementor-type=\"wp-page\" data-elementor-id=\"1397\" class=\"elementor elementor-1397\" data-elementor-post-type=\"page\">\n\t\t\t\t<div class=\"elementor-element elementor-element-08918d0 e-con-full e-flex e-con e-parent\" data-id=\"08918d0\" data-element_type=\"container\" data-e-type=\"container\" data-settings=\"{&quot;background_background&quot;:&quot;classic&quot;}\">\n\t\t<div class=\"elementor-element elementor-element-a0d0aec e-flex e-con-boxed e-con e-child\" data-id=\"a0d0aec\" data-element_type=\"container\" data-e-type=\"container\">\n\t\t\t\t\t<div class=\"e-con-inner\">\n\t\t\t\t<div class=\"elementor-element elementor-element-8015925 elementor-invisible elementor-widget elementor-widget-heading\" data-id=\"8015925\" data-element_type=\"widget\" data-e-type=\"widget\" data-settings=\"{&quot;_animation&quot;:&quot;fadeIn&quot;}\" data-widget_type=\"heading.default\">\n\t\t\t\t<div class=\"elementor-widget-container\">\n\t\t\t\t\t<h1 class=\"elementor-heading-title elementor-size-default\">AI<\/h1>\t\t\t\t<\/div>\n\t\t\t\t<\/div>\n\t\t\t\t\t<\/div>\n\t\t\t\t<\/div>\n\t\t\t\t<div class=\"elementor-element elementor-element-94d5b96 elementor-widget__width-initial elementor-absolute elementor-widget-mobile__width-inherit elementor-invisible elementor-widget elementor-widget-image\" data-id=\"94d5b96\" data-element_type=\"widget\" data-e-type=\"widget\" data-settings=\"{&quot;_position&quot;:&quot;absolute&quot;,&quot;_animation&quot;:&quot;slideInRight&quot;}\" data-widget_type=\"image.default\">\n\t\t\t\t<div class=\"elementor-widget-container\">\n\t\t\t\t\t\t\t\t\t\t\t\t\t\t\t<img fetchpriority=\"high\" decoding=\"async\" width=\"800\" height=\"427\" src=\"https:\/\/eurosalesman.com\/wp-content\/uploads\/dl.beatsnoop.com-3000-msjnWEStYO-1024x546.jpg\" class=\"attachment-large size-large wp-image-1200\" alt=\"dl.beatsnoop.com-3000-msjnWEStYO\" srcset=\"https:\/\/eurosalesman.com\/wp-content\/uploads\/dl.beatsnoop.com-3000-msjnWEStYO-1024x546.jpg 1024w, https:\/\/eurosalesman.com\/wp-content\/uploads\/dl.beatsnoop.com-3000-msjnWEStYO-512x273.jpg 512w, https:\/\/eurosalesman.com\/wp-content\/uploads\/dl.beatsnoop.com-3000-msjnWEStYO-256x136.jpg 256w, https:\/\/eurosalesman.com\/wp-content\/uploads\/dl.beatsnoop.com-3000-msjnWEStYO-768x409.jpg 768w, https:\/\/eurosalesman.com\/wp-content\/uploads\/dl.beatsnoop.com-3000-msjnWEStYO-1536x819.jpg 1536w, https:\/\/eurosalesman.com\/wp-content\/uploads\/dl.beatsnoop.com-3000-msjnWEStYO-2048x1092.jpg 2048w\" sizes=\"(max-width: 800px) 100vw, 800px\" \/>\t\t\t\t\t\t\t\t\t\t\t\t\t\t\t<\/div>\n\t\t\t\t<\/div>\n\t\t\t\t<\/div>\n\t\t<div class=\"elementor-element elementor-element-7a0614e e-flex e-con-boxed e-con e-parent\" data-id=\"7a0614e\" data-element_type=\"container\" data-e-type=\"container\">\n\t\t\t\t\t<div class=\"e-con-inner\">\n\t\t\t\t<div class=\"elementor-element elementor-element-3b41e9b elementor-widget elementor-widget-theme-post-excerpt\" data-id=\"3b41e9b\" data-element_type=\"widget\" data-e-type=\"widget\" data-widget_type=\"theme-post-excerpt.default\">\n\t\t\t\t<div class=\"elementor-widget-container\">\n\t\t\t\t\tI dagens snabba digitala v\u00e4rld kr\u00e4vs det mer \u00e4n bara bra id\u00e9er f\u00f6r att ligga steget f\u00f6re konkurrenterna - det kr\u00e4vs smarta verktyg som kan hj\u00e4lpa dig att genomf\u00f6ra dessa id\u00e9er p\u00e5 ett effektivt s\u00e4tt. P\u00e5 Eurosalesman utnyttjar vi kraften i artificiell intelligens (AI) f\u00f6r att f\u00f6r\u00e4ndra hur v\u00e5ra kunder skapar och optimerar sitt reklaminneh\u00e5ll, vilket g\u00f6r det enklare \u00e4n n\u00e5gonsin att engagera sig med din publik och uppn\u00e5 dina marknadsf\u00f6ringsm\u00e5l.\t\t\t\t<\/div>\n\t\t\t\t<\/div>\n\t\t\t\t<div class=\"elementor-element elementor-element-a2643bc elementor-widget-divider--view-line elementor-widget elementor-widget-divider\" data-id=\"a2643bc\" data-element_type=\"widget\" data-e-type=\"widget\" data-widget_type=\"divider.default\">\n\t\t\t\t<div class=\"elementor-widget-container\">\n\t\t\t\t\t\t\t<div class=\"elementor-divider\">\n\t\t\t<span class=\"elementor-divider-separator\">\n\t\t\t\t\t\t<\/span>\n\t\t<\/div>\n\t\t\t\t\t\t<\/div>\n\t\t\t\t<\/div>\n\t\t\t\t\t<\/div>\n\t\t\t\t<\/div>\n\t\t<div class=\"elementor-element elementor-element-2c2cf15 e-flex e-con-boxed e-con e-parent\" data-id=\"2c2cf15\" data-element_type=\"container\" data-e-type=\"container\">\n\t\t\t\t\t<div class=\"e-con-inner\">\n\t\t\t\t<div class=\"elementor-element elementor-element-0bc0460 elementor-widget elementor-widget-heading\" data-id=\"0bc0460\" data-element_type=\"widget\" data-e-type=\"widget\" data-widget_type=\"heading.default\">\n\t\t\t\t<div class=\"elementor-widget-container\">\n\t\t\t\t\t<h2 class=\"elementor-heading-title elementor-size-default\"><h2 data-elementor-setting-key=\"title\" data-pen-placeholder=\"Type Here...\" style=\"font-family: var( --e-global-typography-primary-font-family ), Sans-serif;font-weight: var( --e-global-typography-primary-font-weight );line-height: var( --e-global-typography-primary-line-height );font-size: var( --e-global-typography-primary-font-size );text-transform: none;font-style: normal;letter-spacing: var( --e-global-typography-primary-letter-spacing )\">St\u00e4rk din annonsering med AI-driven inneh\u00e5llsskapande<span style=\"color: var( --e-global-color-primary );font-family: var( --e-global-typography-primary-font-family ), Sans-serif;font-size: var( --e-global-typography-primary-font-size );font-style: var( --e-global-typography-primary-font-style );font-weight: var( --e-global-typography-primary-font-weight );letter-spacing: var( --e-global-typography-primary-letter-spacing );text-transform: var( --e-global-typography-primary-text-transform );text-align: var(--text-align);background-color: var( --e-global-color-43e86c6 )\"><\/span><\/h2><\/h2>\t\t\t\t<\/div>\n\t\t\t\t<\/div>\n\t\t\t\t<div class=\"elementor-element elementor-element-98b7bf7 elementor-widget elementor-widget-text-editor\" data-id=\"98b7bf7\" data-element_type=\"widget\" data-e-type=\"widget\" data-widget_type=\"text-editor.default\">\n\t\t\t\t<div class=\"elementor-widget-container\">\n\t\t\t\t\t\t\t\t\t<p><\/p><p><span style=\"font-weight: bolder;\">AI:s kraft i marknadsf\u00f6ringen<\/span><\/p><p>AI h\u00e5ller p\u00e5 att revolutionera f\u00f6retagens s\u00e4tt att arbeta med marknadsf\u00f6ring. Genom att utnyttja avancerade algoritmer och maskininl\u00e4rning kan AI analysera stora m\u00e4ngder data, identifiera m\u00f6nster och ge insikter som leder till b\u00e4ttre beslutsfattande. H\u00e4r \u00e4r hur AI omformar marknadsf\u00f6ringslandskapet:<\/p><ol><li style=\"font-size: 16px;\"><p><span style=\"font-weight: bolder;\">Effektivitet och hastighet<\/span>: AI automatiserar tidskr\u00e4vande uppgifter, vilket g\u00f6r att f\u00f6retag kan fokusera p\u00e5 strategi och kreativitet. Oavsett om det handlar om att analysera kunddata, f\u00f6rutse marknadstrender eller generera inneh\u00e5ll kan AI g\u00f6ra det snabbare och mer exakt \u00e4n m\u00e4nniskor, vilket frig\u00f6r v\u00e4rdefull tid f\u00f6r ditt team.<\/p><\/li><li style=\"font-size: 16px;\"><p><span style=\"font-weight: bolder;\">Personalisering i stor skala<\/span>: En av AI:s viktigaste f\u00f6rdelar \u00e4r dess f\u00f6rm\u00e5ga att leverera personliga upplevelser. Genom att analysera anv\u00e4ndarnas beteende och preferenser kan AI skapa skr\u00e4ddarsytt inneh\u00e5ll som passar enskilda kunder, vilket f\u00f6rb\u00e4ttrar engagemanget och \u00f6kar konverteringsgraden.<\/p><\/li><li style=\"font-size: 16px;\"><p><span style=\"font-weight: bolder;\">Datadrivna insikter<\/span>: AI \u00e4r utm\u00e4rkt p\u00e5 att bearbeta och analysera stora datam\u00e4ngder, vilket ger f\u00f6retag handlingsbara insikter. Dessa insikter hj\u00e4lper till att identifiera vad som fungerar och vad som inte fungerar, vilket m\u00f6jligg\u00f6r snabba justeringar och optimering av marknadsf\u00f6ringsstrategier.<\/p><\/li><li style=\"font-size: 16px;\"><p><span style=\"font-weight: bolder;\">Prediktiv analys<\/span>: AI kan f\u00f6rutse framtida trender och kundbeteenden baserat p\u00e5 historiska data, vilket g\u00f6r det m\u00f6jligt f\u00f6r f\u00f6retag att f\u00f6rutse marknadsf\u00f6r\u00e4ndringar och ligga steget f\u00f6re konkurrenterna. Detta proaktiva tillv\u00e4gag\u00e5ngss\u00e4tt s\u00e4kerst\u00e4ller att dina marknadsf\u00f6ringsstrategier alltid \u00e4r relevanta och effektiva.<\/p><\/li><\/ol><p><\/p>\t\t\t\t\t\t\t\t<\/div>\n\t\t\t\t<\/div>\n\t\t\t\t<div class=\"elementor-element elementor-element-731f2fc elementor-widget elementor-widget-image\" data-id=\"731f2fc\" data-element_type=\"widget\" data-e-type=\"widget\" data-widget_type=\"image.default\">\n\t\t\t\t<div class=\"elementor-widget-container\">\n\t\t\t\t\t\t\t\t\t\t\t\t\t\t\t<img decoding=\"async\" width=\"1800\" height=\"1013\" src=\"https:\/\/eurosalesman.com\/wp-content\/uploads\/google-deepmind-tikhtH3QRSQ-unsplash.jpg\" class=\"attachment-full size-full wp-image-1209\" alt=\"google-deepmind-tikhtH3QRSQ-unsplash\" srcset=\"https:\/\/eurosalesman.com\/wp-content\/uploads\/google-deepmind-tikhtH3QRSQ-unsplash.jpg 1800w, https:\/\/eurosalesman.com\/wp-content\/uploads\/google-deepmind-tikhtH3QRSQ-unsplash-512x288.jpg 512w, https:\/\/eurosalesman.com\/wp-content\/uploads\/google-deepmind-tikhtH3QRSQ-unsplash-1024x576.jpg 1024w, https:\/\/eurosalesman.com\/wp-content\/uploads\/google-deepmind-tikhtH3QRSQ-unsplash-256x144.jpg 256w, https:\/\/eurosalesman.com\/wp-content\/uploads\/google-deepmind-tikhtH3QRSQ-unsplash-768x432.jpg 768w, https:\/\/eurosalesman.com\/wp-content\/uploads\/google-deepmind-tikhtH3QRSQ-unsplash-1536x864.jpg 1536w\" sizes=\"(max-width: 1800px) 100vw, 1800px\" \/>\t\t\t\t\t\t\t\t\t\t\t\t\t\t\t<\/div>\n\t\t\t\t<\/div>\n\t\t\t\t<div class=\"elementor-element elementor-element-0a74d9c elementor-widget elementor-widget-text-editor\" data-id=\"0a74d9c\" data-element_type=\"widget\" data-e-type=\"widget\" data-widget_type=\"text-editor.default\">\n\t\t\t\t<div class=\"elementor-widget-container\">\n\t\t\t\t\t\t\t\t\t<p><\/p><p><span style=\"font-weight: bolder;\">AI-drivet inneh\u00e5llsskapande med Eurosalesman<\/span><\/p><p>P\u00e5 Eurosalesman tar vi kraften i AI ett steg l\u00e4ngre genom att integrera den direkt i v\u00e5r plattforms sidbyggare. V\u00e5ra AI-funktioner effektiviserar processen f\u00f6r att skapa inneh\u00e5ll, vilket g\u00f6r det enklare f\u00f6r dig att skapa \u00f6vertygande och effektiva annonser som f\u00e5ngar uppm\u00e4rksamhet och ger resultat. H\u00e4r \u00e4r hur v\u00e5r AI kan gynna dina annonseringsinsatser:<\/p><ul><li style=\"font-size: 16px;\"><p><span style=\"font-weight: bolder;\">Intelligent generering av inneh\u00e5ll<\/span>: V\u00e5ra AI-drivna verktyg hj\u00e4lper dig att generera h\u00f6gkvalitativt inneh\u00e5ll f\u00f6r dina annonser snabbt och enkelt. Genom att analysera dina aff\u00e4rsbehov, din m\u00e5lgrupp och branschtrender skapar v\u00e5r AI inneh\u00e5ll som inte bara \u00e4r engagerande utan ocks\u00e5 skr\u00e4ddarsytt f\u00f6r dina specifika m\u00e5l. Oavsett om du beh\u00f6ver f\u00e4ngslande rubriker, \u00f6vertygande annonstexter eller \u00f6vertygande uppmaningar till handling, ser v\u00e5r AI till att ditt inneh\u00e5ll \u00e4r optimerat f\u00f6r framg\u00e5ng.<\/p><\/li><li style=\"font-size: 16px;\"><p><span style=\"font-weight: bolder;\">Optimerad f\u00f6r prestanda<\/span>: Att skapa inneh\u00e5ll som resonerar med din publik \u00e4r avg\u00f6rande f\u00f6r att dina annonser ska lyckas. V\u00e5r AI analyserar data fr\u00e5n tidigare kampanjer, identifierar vad som fungerar b\u00e4st och till\u00e4mpar dessa insikter f\u00f6r att generera inneh\u00e5ll som maximerar engagemang och konverteringar. Detta datadrivna tillv\u00e4gag\u00e5ngss\u00e4tt s\u00e4kerst\u00e4ller att dina annonser alltid presterar som b\u00e4st.<\/p><\/li><li style=\"font-size: 16px;\"><p><span style=\"font-weight: bolder;\">Anpassning efter dina behov<\/span>: Varje f\u00f6retag \u00e4r unikt, och s\u00e5 \u00e4r \u00e4ven dess annonseringsbehov. Med v\u00e5r AI kan du anpassa inneh\u00e5ll baserat p\u00e5 dina specifika m\u00e5l, din bransch och din m\u00e5lgrupp. Oavsett om du vill \u00f6ka varum\u00e4rkesk\u00e4nnedomen, driva f\u00f6rs\u00e4ljning eller engagera kunder, ger v\u00e5ra AI-verktyg den flexibilitet och precision som kr\u00e4vs f\u00f6r att uppn\u00e5 dina m\u00e5l.<\/p><\/li><li style=\"font-size: 16px;\"><p><span style=\"font-weight: bolder;\">Kontinuerlig f\u00f6rb\u00e4ttring<\/span>: AI slutar inte bara med att skapa inneh\u00e5ll - det l\u00e4r sig och f\u00f6rb\u00e4ttras \u00f6ver tid. Genom att kontinuerligt analysera resultatet av dina annonser anpassar och f\u00f6rfinar v\u00e5r AI sina strategier f\u00f6r inneh\u00e5llsgenerering, vilket s\u00e4kerst\u00e4ller att dina marknadsf\u00f6ringsinsatser f\u00f6rblir effektiva och relevanta n\u00e4r marknadsf\u00f6rh\u00e5llandena f\u00f6r\u00e4ndras.<\/p><\/li><\/ul><p><\/p>\t\t\t\t\t\t\t\t<\/div>\n\t\t\t\t<\/div>\n\t\t\t\t\t<\/div>\n\t\t\t\t<\/div>\n\t\t<div class=\"elementor-element elementor-element-ac7066a e-con-full e-flex e-con e-parent\" data-id=\"ac7066a\" data-element_type=\"container\" data-e-type=\"container\" data-settings=\"{&quot;background_background&quot;:&quot;classic&quot;}\">\n\t\t<div class=\"elementor-element elementor-element-2bbd0ae e-con-full e-flex e-con e-child\" data-id=\"2bbd0ae\" data-element_type=\"container\" data-e-type=\"container\">\n\t\t\t\t<div class=\"elementor-element elementor-element-1886253 elementor-invisible elementor-widget elementor-widget-heading\" data-id=\"1886253\" data-element_type=\"widget\" data-e-type=\"widget\" data-settings=\"{&quot;_animation&quot;:&quot;fadeIn&quot;}\" data-widget_type=\"heading.default\">\n\t\t\t\t<div class=\"elementor-widget-container\">\n\t\t\t\t\t<h2 class=\"elementor-heading-title elementor-size-default\">Vill du s\u00e4tta fart p\u00e5 ditt f\u00f6retag redan idag?<\/h2>\t\t\t\t<\/div>\n\t\t\t\t<\/div>\n\t\t\t\t<div class=\"elementor-element elementor-element-faceb79 elementor-invisible elementor-widget elementor-widget-text-editor\" data-id=\"faceb79\" data-element_type=\"widget\" data-e-type=\"widget\" data-settings=\"{&quot;_animation&quot;:&quot;fadeIn&quot;,&quot;_animation_delay&quot;:300}\" data-widget_type=\"text-editor.default\">\n\t\t\t\t<div class=\"elementor-widget-container\">\n\t\t\t\t\t\t\t\t\t<p>Kontakta oss idag f\u00f6r att f\u00e5 veta mer om hur vi kan hj\u00e4lpa dig att uppn\u00e5 dina marknadsf\u00f6ringsm\u00e5l med precision och s\u00e4kerhet.<\/p>\t\t\t\t\t\t\t\t<\/div>\n\t\t\t\t<\/div>\n\t\t\t\t<div class=\"elementor-element elementor-element-14c413e elementor-align-justify elementor-widget__width-initial elementor-invisible elementor-widget elementor-widget-button\" data-id=\"14c413e\" data-element_type=\"widget\" data-e-type=\"widget\" data-settings=\"{&quot;_animation&quot;:&quot;fadeIn&quot;,&quot;_animation_delay&quot;:600}\" data-widget_type=\"button.default\">\n\t\t\t\t<div class=\"elementor-widget-container\">\n\t\t\t\t\t\t\t\t\t<div class=\"elementor-button-wrapper\">\n\t\t\t\t\t<a class=\"elementor-button elementor-button-link elementor-size-sm\" href=\"https:\/\/eurosalesman.com\/sv\/about\/contact\/\">\n\t\t\t\t\t\t<span class=\"elementor-button-content-wrapper\">\n\t\t\t\t\t\t\t\t\t<span class=\"elementor-button-text\">Kontakta oss<\/span>\n\t\t\t\t\t<\/span>\n\t\t\t\t\t<\/a>\n\t\t\t\t<\/div>\n\t\t\t\t\t\t\t\t<\/div>\n\t\t\t\t<\/div>\n\t\t\t\t<\/div>\n\t\t<div class=\"elementor-element elementor-element-7ca93f2 e-con-full e-flex e-con e-child\" data-id=\"7ca93f2\" data-element_type=\"container\" data-e-type=\"container\" data-settings=\"{&quot;background_background&quot;:&quot;classic&quot;}\">\n\t\t\t\t<\/div>\n\t\t\t\t<\/div>\n\t\t\t\t<\/div>","protected":false},"excerpt":{"rendered":"<p>I dagens snabba digitala v\u00e4rld kr\u00e4vs det mer \u00e4n bara bra id\u00e9er f\u00f6r att ligga steget f\u00f6re konkurrenterna - det kr\u00e4vs smarta verktyg som kan hj\u00e4lpa dig att genomf\u00f6ra dessa id\u00e9er p\u00e5 ett effektivt s\u00e4tt. P\u00e5 Eurosalesman utnyttjar vi kraften i artificiell intelligens (AI) f\u00f6r att f\u00f6r\u00e4ndra hur v\u00e5ra kunder skapar och optimerar sitt reklaminneh\u00e5ll, vilket g\u00f6r det enklare \u00e4n n\u00e5gonsin att engagera sig med din publik och uppn\u00e5 dina marknadsf\u00f6ringsm\u00e5l.<\/p>","protected":false},"author":3,"featured_media":0,"parent":0,"menu_order":0,"comment_status":"closed","ping_status":"closed","template":"","meta":{"_seopress_robots_primary_cat":"","_seopress_titles_title":"","_seopress_titles_desc":"","_seopress_robots_index":"","footnotes":""},"class_list":["post-1397","page","type-page","status-publish","hentry"],"_links":{"self":[{"href":"https:\/\/eurosalesman.com\/sv\/wp-json\/wp\/v2\/pages\/1397","targetHints":{"allow":["GET"]}}],"collection":[{"href":"https:\/\/eurosalesman.com\/sv\/wp-json\/wp\/v2\/pages"}],"about":[{"href":"https:\/\/eurosalesman.com\/sv\/wp-json\/wp\/v2\/types\/page"}],"author":[{"embeddable":true,"href":"https:\/\/eurosalesman.com\/sv\/wp-json\/wp\/v2\/users\/3"}],"replies":[{"embeddable":true,"href":"https:\/\/eurosalesman.com\/sv\/wp-json\/wp\/v2\/comments?post=1397"}],"version-history":[{"count":7,"href":"https:\/\/eurosalesman.com\/sv\/wp-json\/wp\/v2\/pages\/1397\/revisions"}],"predecessor-version":[{"id":1716,"href":"https:\/\/eurosalesman.com\/sv\/wp-json\/wp\/v2\/pages\/1397\/revisions\/1716"}],"wp:attachment":[{"href":"https:\/\/eurosalesman.com\/sv\/wp-json\/wp\/v2\/media?parent=1397"}],"curies":[{"name":"wp","href":"https:\/\/api.w.org\/{rel}","templated":true}]}}