{"id":1403,"date":"2024-10-09T16:41:52","date_gmt":"2024-10-09T14:41:52","guid":{"rendered":"https:\/\/eurosalesman.com\/?page_id=1403"},"modified":"2025-02-03T13:48:39","modified_gmt":"2025-02-03T12:48:39","slug":"trademarks","status":"publish","type":"page","link":"https:\/\/eurosalesman.com\/sv\/trademarks\/","title":{"rendered":"Varum\u00e4rken"},"content":{"rendered":"<div data-elementor-type=\"wp-page\" data-elementor-id=\"1403\" class=\"elementor elementor-1403\" data-elementor-post-type=\"page\">\n\t\t\t\t<div class=\"elementor-element elementor-element-72113fb3 e-con-full e-flex e-con e-parent\" data-id=\"72113fb3\" data-element_type=\"container\" data-e-type=\"container\" data-settings=\"{&quot;background_background&quot;:&quot;classic&quot;}\">\n\t\t<div class=\"elementor-element elementor-element-4969b433 e-flex e-con-boxed e-con e-child\" data-id=\"4969b433\" data-element_type=\"container\" data-e-type=\"container\">\n\t\t\t\t\t<div class=\"e-con-inner\">\n\t\t\t\t<div class=\"elementor-element elementor-element-61d7f021 elementor-invisible elementor-widget elementor-widget-heading\" data-id=\"61d7f021\" data-element_type=\"widget\" data-e-type=\"widget\" data-settings=\"{&quot;_animation&quot;:&quot;fadeIn&quot;}\" data-widget_type=\"heading.default\">\n\t\t\t\t<div class=\"elementor-widget-container\">\n\t\t\t\t\t<h1 class=\"elementor-heading-title elementor-size-default\">Varum\u00e4rken<\/h1>\t\t\t\t<\/div>\n\t\t\t\t<\/div>\n\t\t\t\t\t<\/div>\n\t\t\t\t<\/div>\n\t\t\t\t<div class=\"elementor-element elementor-element-5a9ced46 elementor-widget__width-initial elementor-absolute elementor-widget-mobile__width-inherit elementor-invisible elementor-widget elementor-widget-image\" data-id=\"5a9ced46\" data-element_type=\"widget\" data-e-type=\"widget\" data-settings=\"{&quot;_position&quot;:&quot;absolute&quot;,&quot;_animation&quot;:&quot;slideInRight&quot;}\" data-widget_type=\"image.default\">\n\t\t\t\t<div class=\"elementor-widget-container\">\n\t\t\t\t\t\t\t\t\t\t\t\t\t\t\t<img fetchpriority=\"high\" decoding=\"async\" width=\"800\" height=\"510\" src=\"https:\/\/eurosalesman.com\/wp-content\/uploads\/dl.beatsnoop.com-3000-DFAQElCj6f-1024x653.jpg\" class=\"attachment-large size-large wp-image-1198\" alt=\"dl.beatsnoop.com-3000-DFAQElCj6f\" srcset=\"https:\/\/eurosalesman.com\/wp-content\/uploads\/dl.beatsnoop.com-3000-DFAQElCj6f-1024x653.jpg 1024w, https:\/\/eurosalesman.com\/wp-content\/uploads\/dl.beatsnoop.com-3000-DFAQElCj6f-512x327.jpg 512w, https:\/\/eurosalesman.com\/wp-content\/uploads\/dl.beatsnoop.com-3000-DFAQElCj6f-256x163.jpg 256w, https:\/\/eurosalesman.com\/wp-content\/uploads\/dl.beatsnoop.com-3000-DFAQElCj6f-768x490.jpg 768w, https:\/\/eurosalesman.com\/wp-content\/uploads\/dl.beatsnoop.com-3000-DFAQElCj6f-1536x980.jpg 1536w, https:\/\/eurosalesman.com\/wp-content\/uploads\/dl.beatsnoop.com-3000-DFAQElCj6f-2048x1306.jpg 2048w\" sizes=\"(max-width: 800px) 100vw, 800px\" \/>\t\t\t\t\t\t\t\t\t\t\t\t\t\t\t<\/div>\n\t\t\t\t<\/div>\n\t\t\t\t<\/div>\n\t\t<div class=\"elementor-element elementor-element-3f55ad98 e-flex e-con-boxed e-con e-parent\" data-id=\"3f55ad98\" data-element_type=\"container\" data-e-type=\"container\">\n\t\t\t\t\t<div class=\"e-con-inner\">\n\t\t\t\t<div class=\"elementor-element elementor-element-593e40a8 elementor-widget elementor-widget-theme-post-excerpt\" data-id=\"593e40a8\" data-element_type=\"widget\" data-e-type=\"widget\" data-widget_type=\"theme-post-excerpt.default\">\n\t\t\t\t<div class=\"elementor-widget-container\">\n\t\t\t\t\tVarum\u00e4rken \u00e4r mer \u00e4n bara symboler eller logotyper; de representerar ditt varum\u00e4rkes rykte, kvalitet och v\u00e4rderingar. De s\u00e4rskiljer dina produkter och tj\u00e4nster fr\u00e5n konkurrenternas, och ett starkt varum\u00e4rkesskydd s\u00e4kerst\u00e4ller att ditt varum\u00e4rke \u00e4r r\u00e4ttsligt skyddat mot obeh\u00f6rig anv\u00e4ndning, f\u00f6rfalskning och intr\u00e5ng. Detta skyddar inte bara ditt f\u00f6retag utan \u00f6kar ocks\u00e5 ditt varum\u00e4rkes trov\u00e4rdighet och p\u00e5litlighet i kundernas \u00f6gon.\t\t\t\t<\/div>\n\t\t\t\t<\/div>\n\t\t\t\t<div class=\"elementor-element elementor-element-69d2bac4 elementor-widget-divider--view-line elementor-widget elementor-widget-divider\" data-id=\"69d2bac4\" data-element_type=\"widget\" data-e-type=\"widget\" data-widget_type=\"divider.default\">\n\t\t\t\t<div class=\"elementor-widget-container\">\n\t\t\t\t\t\t\t<div class=\"elementor-divider\">\n\t\t\t<span class=\"elementor-divider-separator\">\n\t\t\t\t\t\t<\/span>\n\t\t<\/div>\n\t\t\t\t\t\t<\/div>\n\t\t\t\t<\/div>\n\t\t\t\t<div class=\"elementor-element elementor-element-5d1c05f elementor-widget elementor-widget-heading\" data-id=\"5d1c05f\" data-element_type=\"widget\" data-e-type=\"widget\" data-widget_type=\"heading.default\">\n\t\t\t\t<div class=\"elementor-widget-container\">\n\t\t\t\t\t<h2 class=\"elementor-heading-title elementor-size-default\">Skydda ditt varum\u00e4rke med global varum\u00e4rkess\u00e4kerhet<\/h2>\t\t\t\t<\/div>\n\t\t\t\t<\/div>\n\t\t\t\t<div class=\"elementor-element elementor-element-b55b5a4 elementor-widget elementor-widget-text-editor\" data-id=\"b55b5a4\" data-element_type=\"widget\" data-e-type=\"widget\" data-widget_type=\"text-editor.default\">\n\t\t\t\t<div class=\"elementor-widget-container\">\n\t\t\t\t\t\t\t\t\t\n<div class=\"flex-shrink-0 flex flex-col relative items-end\">\n<div class=\"pt-0\">\n<div class=\"gizmo-bot-avatar flex h-8 w-8 items-center justify-center overflow-hidden rounded-full\">\n<div class=\"relative p-1 rounded-sm flex items-center justify-center bg-token-main-surface-primary text-token-text-primary h-8 w-8\">\n<h3>Varf\u00f6r varum\u00e4rken \u00e4r viktiga<\/h3>\n<p>Varum\u00e4rken \u00e4r <strong>mer \u00e4n bara logotyper eller symboler<\/strong>-de \u00e4r grunden f\u00f6r ditt varum\u00e4rkes <strong>identitet, anseende och konkurrensf\u00f6rdelar<\/strong>. A <strong>stark varum\u00e4rkesstrategi<\/strong> s\u00e4kerst\u00e4ller att ditt varum\u00e4rke \u00e4r det:<br \/><br \/>\u2714\ufe0f <strong>R\u00e4ttsligt skydd mot intr\u00e5ng och f\u00f6rfalskning<\/strong><br \/>\u2714\ufe0f <strong>L\u00e4tt att skilja fr\u00e5n konkurrenterna p\u00e5 marknaden<\/strong><br \/>\u2714\ufe0f <strong>Erk\u00e4nd och betrodd av kunder \u00f6ver hela v\u00e4rlden<\/strong><\/p>\n<p>Med \u00f6kande <strong>global konkurrens<\/strong>Att skydda ditt f\u00f6retags identitet \u00e4r viktigare \u00e4n n\u00e5gonsin. Det \u00e4r d\u00e4rf\u00f6r Eurosalesman\u00ae erbjuder <strong>omfattande tj\u00e4nster f\u00f6r varum\u00e4rkesskydd<\/strong>och se till att ditt varum\u00e4rke f\u00f6rblir <strong>s\u00e4ker, kompatibel och positionerad f\u00f6r l\u00e5ngsiktig framg\u00e5ng<\/strong>.<\/p>\n<\/div>\n<\/div>\n<\/div>\n<\/div>\n\t\t\t\t\t\t\t\t<\/div>\n\t\t\t\t<\/div>\n\t\t\t\t<div class=\"elementor-element elementor-element-9cff7d0 elementor-widget-divider--view-line elementor-widget elementor-widget-divider\" data-id=\"9cff7d0\" data-element_type=\"widget\" data-e-type=\"widget\" data-widget_type=\"divider.default\">\n\t\t\t\t<div class=\"elementor-widget-container\">\n\t\t\t\t\t\t\t<div class=\"elementor-divider\">\n\t\t\t<span class=\"elementor-divider-separator\">\n\t\t\t\t\t\t<\/span>\n\t\t<\/div>\n\t\t\t\t\t\t<\/div>\n\t\t\t\t<\/div>\n\t\t\t\t<div class=\"elementor-element elementor-element-a3bb677 elementor-widget elementor-widget-text-editor\" data-id=\"a3bb677\" data-element_type=\"widget\" data-e-type=\"widget\" data-widget_type=\"text-editor.default\">\n\t\t\t\t<div class=\"elementor-widget-container\">\n\t\t\t\t\t\t\t\t\t\n<h3>Varum\u00e4rkesskydd med Eurosalesman\u00ae - en unik f\u00f6rdel<\/h3>\n<p>Eurosalesman\u00ae \u00e4r inte bara en annonsplattform - det \u00e4r en <strong>globalt varum\u00e4rkesskyddat aff\u00e4rsn\u00e4tverk<\/strong> som integrerar:<br \/><br \/>\u2714\ufe0f <strong>WIPO-registrerat r\u00e4ttsligt skydd (Reg. nr 1317106, omfattar 193 l\u00e4nder)<\/strong><br \/>\u2714\ufe0f <strong>Exklusiva nationella marknadsdom\u00e4ner (ccTLD) f\u00f6r att skydda lokala varum\u00e4rken<\/strong><br \/>\u2714\ufe0f <strong>Globala partnerskap med EUIPO, ICANN och WIPO f\u00f6r att skydda ditt varum\u00e4rke<\/strong><\/p>\n<p>Till skillnad fr\u00e5n vanliga plattformar f\u00f6r onlineannonsering s\u00e4kerst\u00e4ller Eurosalesman\u00ae att <strong>varje f\u00f6retag som verkar inom v\u00e5rt n\u00e4tverk drar nytta av branschledande varum\u00e4rkesskydd<\/strong>.<\/p>\n<p>\ud83d\udd39 <strong>S\u00e4kra ditt varum\u00e4rke p\u00e5 \u00f6ver 70 lokala marknader med nationella marknadsdom\u00e4ner (ccTLD)<\/strong><br \/>\ud83d\udd39 <strong>F\u00f6rhindra obeh\u00f6rig anv\u00e4ndning av ditt varum\u00e4rke p\u00e5 internet<\/strong><br \/>\ud83d\udd39 <strong>Etablera en p\u00e5litlig, lagligt st\u00f6dd n\u00e4rvaro i v\u00e4rldens fr\u00e4msta ekonomiska regioner<\/strong><\/p>\n\t\t\t\t\t\t\t\t<\/div>\n\t\t\t\t<\/div>\n\t\t\t\t<div class=\"elementor-element elementor-element-5c48c65 elementor-widget elementor-widget-image\" data-id=\"5c48c65\" data-element_type=\"widget\" data-e-type=\"widget\" data-widget_type=\"image.default\">\n\t\t\t\t<div class=\"elementor-widget-container\">\n\t\t\t\t\t\t\t\t\t\t\t\t\t\t\t<img decoding=\"async\" width=\"2457\" height=\"1567\" src=\"https:\/\/eurosalesman.com\/wp-content\/uploads\/dl.beatsnoop.com-3000-wPzkZRQlas.jpg\" class=\"attachment-full size-full wp-image-1199\" alt=\"dl.beatsnoop.com-3000-wPzkZRQlas\" srcset=\"https:\/\/eurosalesman.com\/wp-content\/uploads\/dl.beatsnoop.com-3000-wPzkZRQlas.jpg 2457w, https:\/\/eurosalesman.com\/wp-content\/uploads\/dl.beatsnoop.com-3000-wPzkZRQlas-512x327.jpg 512w, https:\/\/eurosalesman.com\/wp-content\/uploads\/dl.beatsnoop.com-3000-wPzkZRQlas-1024x653.jpg 1024w, https:\/\/eurosalesman.com\/wp-content\/uploads\/dl.beatsnoop.com-3000-wPzkZRQlas-256x163.jpg 256w, https:\/\/eurosalesman.com\/wp-content\/uploads\/dl.beatsnoop.com-3000-wPzkZRQlas-768x490.jpg 768w, https:\/\/eurosalesman.com\/wp-content\/uploads\/dl.beatsnoop.com-3000-wPzkZRQlas-1536x980.jpg 1536w, https:\/\/eurosalesman.com\/wp-content\/uploads\/dl.beatsnoop.com-3000-wPzkZRQlas-2048x1306.jpg 2048w\" sizes=\"(max-width: 2457px) 100vw, 2457px\" \/>\t\t\t\t\t\t\t\t\t\t\t\t\t\t\t<\/div>\n\t\t\t\t<\/div>\n\t\t\t\t<div class=\"elementor-element elementor-element-0fb9bbf elementor-widget elementor-widget-text-editor\" data-id=\"0fb9bbf\" data-element_type=\"widget\" data-e-type=\"widget\" data-widget_type=\"text-editor.default\">\n\t\t\t\t<div class=\"elementor-widget-container\">\n\t\t\t\t\t\t\t\t\t<h3>Globalt varum\u00e4rkesskydd online med ICANN<\/h3>\n<p>I dagens digitala v\u00e4rld m\u00e5ste din <strong>online-n\u00e4rvaro \u00e4r lika viktig som din fysiska marknadsposition<\/strong>. <strong>ICANN (Internet Corporation for Assigned Names and Numbers)<\/strong> s\u00e4kerst\u00e4ller att ditt varum\u00e4rkes <strong>dom\u00e4nnamn f\u00f6rblir skyddade mot cybersquatting och bedr\u00e4glig anv\u00e4ndning<\/strong>.<\/p>\n<p>Eurosalesman\u00ae samarbetar med ICANN f\u00f6r att:<br \/><br \/>\u2705 <strong>S\u00e4kra ditt varum\u00e4rkes dom\u00e4nnamn p\u00e5 viktiga globala marknader<\/strong><br \/>\u2705 <strong>F\u00f6rhindra att konkurrenter missbrukar din varum\u00e4rkesidentitet p\u00e5 n\u00e4tet<\/strong><br \/>\u2705 <strong>M\u00f6jligg\u00f6ra tvistl\u00f6sningsmekanismer f\u00f6r att bek\u00e4mpa dom\u00e4nintr\u00e5ng<\/strong><\/p>\n<p>Med ICANN:s tillsyn f\u00f6rblir ditt varum\u00e4rke <strong>digitalt skyddad<\/strong> i det globala internetlandskapet.<\/p>\n<p><!-- \/wp:paragraph --><\/p>\t\t\t\t\t\t\t\t<\/div>\n\t\t\t\t<\/div>\n\t\t\t\t<div class=\"elementor-element elementor-element-3fac080 elementor-widget-divider--view-line elementor-widget elementor-widget-divider\" data-id=\"3fac080\" data-element_type=\"widget\" data-e-type=\"widget\" data-widget_type=\"divider.default\">\n\t\t\t\t<div class=\"elementor-widget-container\">\n\t\t\t\t\t\t\t<div class=\"elementor-divider\">\n\t\t\t<span class=\"elementor-divider-separator\">\n\t\t\t\t\t\t<\/span>\n\t\t<\/div>\n\t\t\t\t\t\t<\/div>\n\t\t\t\t<\/div>\n\t\t\t\t<div class=\"elementor-element elementor-element-06aaf2a elementor-widget elementor-widget-text-editor\" data-id=\"06aaf2a\" data-element_type=\"widget\" data-e-type=\"widget\" data-widget_type=\"text-editor.default\">\n\t\t\t\t<div class=\"elementor-widget-container\">\n\t\t\t\t\t\t\t\t\t<h3>Internationellt varum\u00e4rkesskydd med WIPO<\/h3>\n<p>F\u00f6r f\u00f6retag som expanderar till <strong>globala marknader utanf\u00f6r Europa<\/strong>, Eurosalesman\u00ae samarbetar med <strong>WIPO (V\u00e4rldsorganisationen f\u00f6r den intellektuella \u00e4gander\u00e4tten)<\/strong> att erbjuda:<br \/><br \/>\ud83d\udd39 <strong>Varum\u00e4rkesregistrering i flera l\u00e4nder med en enda ans\u00f6kan<\/strong><br \/>\ud83d\udd39 <strong>R\u00e4ttsligt skydd mot gr\u00e4ns\u00f6verskridande intr\u00e5ng<\/strong><br \/>\ud83d\udd39 <strong>Erk\u00e4nnande enligt Madrid-systemet f\u00f6r internationell varum\u00e4rkess\u00e4kerhet<\/strong><\/p>\n<p>Den <strong>WIPO:s Madrid-system<\/strong> f\u00f6renklar <strong>global varum\u00e4rkesregistrering<\/strong>och s\u00e4kerst\u00e4lla att din <strong>immateriella r\u00e4ttigheter skyddas i flera jurisdiktioner utan kr\u00e5ngel med separata ans\u00f6kningar<\/strong>.<\/p>\n<p>Med WIPO-st\u00f6dd registrering drar ditt f\u00f6retag nytta av:<br \/><br \/>\u2714\ufe0f <strong>L\u00e4gre kostnader f\u00f6r varum\u00e4rkesans\u00f6kningar i flera l\u00e4nder<\/strong><br \/>\u2714\ufe0f <strong>Snabbare handl\u00e4ggningstider f\u00f6r internationellt varum\u00e4rkesskydd<\/strong><br \/>\u2714\ufe0f <strong>S\u00f6ml\u00f6s hantering av f\u00f6rnyelse och uppr\u00e4tth\u00e5llande av varum\u00e4rken<\/strong><\/p>\n<p><!-- \/wp:paragraph --><\/p>\t\t\t\t\t\t\t\t<\/div>\n\t\t\t\t<\/div>\n\t\t\t\t\t<\/div>\n\t\t\t\t<\/div>\n\t\t<div class=\"elementor-element elementor-element-1150817d e-con-full e-flex e-con e-parent\" data-id=\"1150817d\" data-element_type=\"container\" data-e-type=\"container\" data-settings=\"{&quot;background_background&quot;:&quot;classic&quot;}\">\n\t\t<div class=\"elementor-element elementor-element-30c848fc e-con-full e-flex e-con e-child\" data-id=\"30c848fc\" data-element_type=\"container\" data-e-type=\"container\">\n\t\t\t\t<div class=\"elementor-element elementor-element-5fd159c9 elementor-invisible elementor-widget elementor-widget-heading\" data-id=\"5fd159c9\" data-element_type=\"widget\" data-e-type=\"widget\" data-settings=\"{&quot;_animation&quot;:&quot;fadeIn&quot;}\" data-widget_type=\"heading.default\">\n\t\t\t\t<div class=\"elementor-widget-container\">\n\t\t\t\t\t<h2 class=\"elementor-heading-title elementor-size-default\">Vill du s\u00e4tta fart p\u00e5 ditt f\u00f6retag redan idag?<\/h2>\t\t\t\t<\/div>\n\t\t\t\t<\/div>\n\t\t\t\t<div class=\"elementor-element elementor-element-18a69f95 elementor-invisible elementor-widget elementor-widget-text-editor\" data-id=\"18a69f95\" data-element_type=\"widget\" data-e-type=\"widget\" data-settings=\"{&quot;_animation&quot;:&quot;fadeIn&quot;,&quot;_animation_delay&quot;:300}\" data-widget_type=\"text-editor.default\">\n\t\t\t\t<div class=\"elementor-widget-container\">\n\t\t\t\t\t\t\t\t\t<p>Kontakta oss idag f\u00f6r att f\u00e5 veta mer om hur vi kan hj\u00e4lpa dig att uppn\u00e5 dina marknadsf\u00f6ringsm\u00e5l med precision och s\u00e4kerhet.<\/p>\t\t\t\t\t\t\t\t<\/div>\n\t\t\t\t<\/div>\n\t\t\t\t<div class=\"elementor-element elementor-element-8e2bd2c elementor-align-justify elementor-widget__width-initial elementor-invisible elementor-widget elementor-widget-button\" data-id=\"8e2bd2c\" data-element_type=\"widget\" data-e-type=\"widget\" data-settings=\"{&quot;_animation&quot;:&quot;fadeIn&quot;,&quot;_animation_delay&quot;:600}\" data-widget_type=\"button.default\">\n\t\t\t\t<div class=\"elementor-widget-container\">\n\t\t\t\t\t\t\t\t\t<div class=\"elementor-button-wrapper\">\n\t\t\t\t\t<a class=\"elementor-button elementor-button-link elementor-size-sm\" href=\"https:\/\/eurosalesman.com\/sv\/about\/contact\/\">\n\t\t\t\t\t\t<span class=\"elementor-button-content-wrapper\">\n\t\t\t\t\t\t\t\t\t<span class=\"elementor-button-text\">Kontakta oss<\/span>\n\t\t\t\t\t<\/span>\n\t\t\t\t\t<\/a>\n\t\t\t\t<\/div>\n\t\t\t\t\t\t\t\t<\/div>\n\t\t\t\t<\/div>\n\t\t\t\t<\/div>\n\t\t<div class=\"elementor-element elementor-element-295d0164 e-con-full e-flex e-con e-child\" data-id=\"295d0164\" data-element_type=\"container\" data-e-type=\"container\" data-settings=\"{&quot;background_background&quot;:&quot;classic&quot;}\">\n\t\t\t\t<\/div>\n\t\t\t\t<\/div>\n\t\t\t\t<\/div>","protected":false},"excerpt":{"rendered":"<p>Varum\u00e4rken \u00e4r mer \u00e4n bara symboler eller logotyper; de representerar ditt varum\u00e4rkes rykte, kvalitet och v\u00e4rderingar. De s\u00e4rskiljer dina produkter och tj\u00e4nster fr\u00e5n konkurrenternas, och ett starkt varum\u00e4rkesskydd s\u00e4kerst\u00e4ller att ditt varum\u00e4rke \u00e4r r\u00e4ttsligt skyddat mot obeh\u00f6rig anv\u00e4ndning, f\u00f6rfalskning och intr\u00e5ng. Detta skyddar inte bara ditt f\u00f6retag utan \u00f6kar ocks\u00e5 ditt varum\u00e4rkes trov\u00e4rdighet och p\u00e5litlighet i kundernas \u00f6gon.<\/p>","protected":false},"author":3,"featured_media":0,"parent":0,"menu_order":0,"comment_status":"closed","ping_status":"closed","template":"","meta":{"_seopress_robots_primary_cat":"","_seopress_titles_title":"","_seopress_titles_desc":"","_seopress_robots_index":"","footnotes":""},"class_list":["post-1403","page","type-page","status-publish","hentry"],"_links":{"self":[{"href":"https:\/\/eurosalesman.com\/sv\/wp-json\/wp\/v2\/pages\/1403","targetHints":{"allow":["GET"]}}],"collection":[{"href":"https:\/\/eurosalesman.com\/sv\/wp-json\/wp\/v2\/pages"}],"about":[{"href":"https:\/\/eurosalesman.com\/sv\/wp-json\/wp\/v2\/types\/page"}],"author":[{"embeddable":true,"href":"https:\/\/eurosalesman.com\/sv\/wp-json\/wp\/v2\/users\/3"}],"replies":[{"embeddable":true,"href":"https:\/\/eurosalesman.com\/sv\/wp-json\/wp\/v2\/comments?post=1403"}],"version-history":[{"count":13,"href":"https:\/\/eurosalesman.com\/sv\/wp-json\/wp\/v2\/pages\/1403\/revisions"}],"predecessor-version":[{"id":1856,"href":"https:\/\/eurosalesman.com\/sv\/wp-json\/wp\/v2\/pages\/1403\/revisions\/1856"}],"wp:attachment":[{"href":"https:\/\/eurosalesman.com\/sv\/wp-json\/wp\/v2\/media?parent=1403"}],"curies":[{"name":"wp","href":"https:\/\/api.w.org\/{rel}","templated":true}]}}