{"id":1412,"date":"2024-10-09T16:44:54","date_gmt":"2024-10-09T14:44:54","guid":{"rendered":"https:\/\/eurosalesman.com\/?page_id=1412"},"modified":"2024-10-09T16:45:47","modified_gmt":"2024-10-09T14:45:47","slug":"terms-and-conditions","status":"publish","type":"page","link":"https:\/\/eurosalesman.com\/sv\/terms-and-conditions\/","title":{"rendered":"Villkor och anvisningar"},"content":{"rendered":"<div data-elementor-type=\"wp-page\" data-elementor-id=\"1412\" class=\"elementor elementor-1412\" data-elementor-post-type=\"page\">\n\t\t\t\t<div class=\"elementor-element elementor-element-c371250 e-flex e-con-boxed e-con e-parent\" data-id=\"c371250\" data-element_type=\"container\" data-e-type=\"container\">\n\t\t\t\t\t<div class=\"e-con-inner\">\n\t\t\t\t<div class=\"elementor-element elementor-element-9b75477 elementor-widget elementor-widget-text-editor\" data-id=\"9b75477\" data-element_type=\"widget\" data-e-type=\"widget\" data-widget_type=\"text-editor.default\">\n\t\t\t\t<div class=\"elementor-widget-container\">\n\t\t\t\t\t\t\t\t\t<h2 class=\"wp-block-heading\">ADS Allm\u00e4nna villkor f\u00f6r hela v\u00e4rlden Eurosalesman AB Sverige Multisite Eurosalesman.com\/eurosalesman.xx<\/h2>\n<p><br \/>Eurosalesman meddelar h\u00e4rmed kunder\/annons\u00f6rer att f\u00f6ljande g\u00e4ller f\u00f6r annonsering\/publicering av material p\u00e5 HYPERLINK \"http: \/\/www.eurosalesman.xx\"<br \/>www.eurosalesman.xx. HYPERL\u00c4NK \"http: \/\/www.eurosalesman.xx\" URL www.eurosalesman.xx anv\u00e4nds som en allm\u00e4n term f\u00f6r alla relevanta sidor i webbportalen Eurosalesman, som inneh\u00e5ller det registrerade varum\u00e4rket Eurosalesman\u00ae.<\/p>\n<h3 class=\"wp-block-heading\">Externa lagar och varornas ursprung<\/h3>\n<p><br \/>M\u00e5nga produkter och tj\u00e4nster regleras av lagar som kan skilja sig \u00e5t mellan olika l\u00e4nder. Alla kunder\/annons\u00f6rer \u00e4r ansvariga f\u00f6r att s\u00e4kerst\u00e4lla att de f\u00f6rst\u00e5r de lagar som g\u00e4ller f\u00f6r deras verksamhet\/tj\u00e4nster\/produkter i varje enskilt land och har det fulla ansvaret f\u00f6r att vara tydliga<\/p>\n<h3 class=\"wp-block-heading\">F\u00f6lj dessa lagar<\/h3>\n<p><br \/>Att f\u00f6lja dessa lagar \u00e5ligger helt och h\u00e5llet kund\/annons\u00f6r. Om s\u00e5 inte sker p\u00e5 n\u00e5got s\u00e4tt \u00e4ger Eurosalesman r\u00e4tt att dra tillbaka publicerat material omedelbart utan n\u00e5gra anspr\u00e5k fr\u00e5n kund\/\u00e4gare. Eurosalesman tillskriver sig d\u00e4rmed ocks\u00e5 r\u00e4tten att ta bort l\u00e4nkar i annonser\/publicerat material som \u00e4r l\u00e4nkade till sidor som inte \u00f6verensst\u00e4mmer med det avsedda landets lagar, moral eller etik.<\/p>\n<h3 class=\"wp-block-heading\"><br \/>S\u00e4rskilt k\u00e4nsliga omr\u00e5den<\/h3>\n<p><br \/>S\u00e4rskilt k\u00e4nsliga omr\u00e5den \u00e4r alkohol, kasino, spel, fyrverkerier, sjukv\u00e5rd, pornografi och angr\u00e4nsande omr\u00e5den, sjukv\u00e5rd och l\u00e4kemedel, narkotika och narkotikatillbeh\u00f6r, tobaksprodukter och vapen m.m.<br \/>Annons\u00f6ren f\u00e5r inte s\u00e4lja eller marknadsf\u00f6ra f\u00f6rfalskade eller stulna varor<br \/>www.eurosalesman.xx<\/p>\n<h3 class=\"wp-block-heading\">Ansvar inneh\u00e5ll<\/h3>\n<p><br \/>\u00c4ven om Eurosalesman AB hanterar inneh\u00e5llet p\u00e5 varje webbplats inom www.eurosalesman.xx med st\u00f6rsta m\u00f6jliga noggrannhet, kan Eurosalesman AB inte alltid garantera fullst\u00e4ndigt och felfritt eller korrekt inneh\u00e5ll. Vi p\u00e5tar oss inget ansvar f\u00f6r eventuella skador som direkt eller indirekt uppst\u00e5r genom anv\u00e4ndning av alla HYPERLINK-webbsidor<br \/>\"http: \/\/www.eurosalesman.xx\" www.eurosalesman.xx.<\/p>\n<h3 class=\"wp-block-heading\">Externa l\u00e4nkar<\/h3>\n<p><br \/>Eurosalesman AB har inget ansvar f\u00f6r inneh\u00e5llet p\u00e5 webbsidor som tillh\u00f6r andra f\u00f6retag eller organisationer. Detta g\u00e4ller \u00e4ven om det finns l\u00e4nkar till andra webbplatser<br \/>HYPERL\u00c4NK \"http: \/\/www.eurosalesman.xx\" www.eurosalesman.xx. Det \u00e4r alltid \u00e4garna till dessa<br \/>l\u00e4nkade webbsidor som \u00e4r ansvariga f\u00f6r och kontrollerar inneh\u00e5llet p\u00e5 sina sidor. Om Eurosalesman f\u00e5r information om lag\u00f6vertr\u00e4delser eller annat skadligt inneh\u00e5ll i n\u00e5got avseende<br \/>l\u00e4nkarna \u00e4r naturligtvis omedelbart borttagna.<\/p>\n<h3 class=\"wp-block-heading\">Skydd av personuppgifter<\/h3>\n<p><br \/>All personlig information hos HYPERLINK http:\/\/www.eurosalesman.xx www.eurosalesman.xx kommer att behandlas mycket konfidentiellt och \u00e4r till f\u00f6r att kunna ge<br \/>kunden\/annons\u00f6ren b\u00e4sta m\u00f6jliga personliga service. Eurosalesman garanterar att all information av personlig karakt\u00e4r inte kommer att vidarebefordras till tredje part och f\u00f6rs\u00e4krar h\u00e4rmed att konfidentiella uppgifter kommer att behandlas med st\u00f6rsta f\u00f6rtroende enligt g\u00e4llande dataskyddslag i Sverige, EU och GDPR<\/p>\n<h3 class=\"wp-block-heading\">Varum\u00e4rken och logotyper<\/h3>\n<p><br \/>Varum\u00e4rken och logotyper p\u00e5 HYPERLINK \"http: \/\/www.eurosalesman.xx\"<br \/>www.eurosalesman.xx \u00e4r varum\u00e4rkes\u00e4garens egendom \u00e4ven om det inte skulle framg\u00e5 p\u00e5 HYPERLINK \"http: \/\/www.eurosalesman.xx\" www.eurosalesman.xx och Eurosalesman till\u00e5ter endast anv\u00e4ndning av varum\u00e4rken\/logotyper d\u00e4r lagen tydligt till\u00e5ter det.<br \/>Detsamma g\u00e4ller upphovsr\u00e4ttsskyddat material som publiceras endast med tillst\u00e5nd fr\u00e5n innehavaren eller med det undantag som lagen medger.<\/p>\n<h3 class=\"wp-block-heading\">F\u00f6rfarande f\u00f6r best\u00e4llning av annonser och annonsering av tidstj\u00e4nster p\u00e5 eurosalesman.com och lokala webbplatser Eurosalesman.xx<\/h3>\n<p><br \/>Best\u00e4llning av annonsutveckling och d\u00e4rmed annonstidstj\u00e4nst p\u00e5 Eurosalesman.coms hemsida anses ha skett den dag\/m\u00e5nad\/\u00e5r d\u00e5 Eurosalesman Sweden AB erh\u00e5llit en elektronisk best\u00e4llning fr\u00e5n en ink\u00f6psansvarig och k\u00f6peskillingen erlagts till Eurosalesman.coms f\u00f6rdel Ink\u00f6psansvarig har undertecknat best\u00e4llningsformul\u00e4ret. Best\u00e4llningen blir bindande s\u00e5 snart villkoren \u00e4r uppfyllda. Eurosalesman.com m\u00e5ste bekr\u00e4fta inneh\u00e5llet i best\u00e4llningen. via ads@eurosalesman.com p\u00e5 grund av de olika l\u00e4ndernas lokala best\u00e4mmelser,<br \/><br \/><strong>R\u00e4tt att v\u00e4gra utveckla och lansera reklam<\/strong><br \/>Eurosalesman Sweden AB avg\u00f6r om ett annonsprojekt strider mot traditionellt bruk, sedv\u00e4njor och lagar i ett visst land. Eurosalesman Sweden AB har r\u00e4tt att neka tj\u00e4nsterna annonsutveckling och annonseringstid f\u00f6r en s\u00e5dan best\u00e4llning p\u00e5 alla lokala webbplatser. \u00c5terbetalning m.m. sker i enlighet med punkt Best\u00e4mmelser f\u00f6r avbokning av reklamprojekt<br \/><br \/><strong>Lansering av en annons och annonsering av tidstj\u00e4nst<\/strong><br \/>Tidpunkten f\u00f6r annonsering b\u00f6r best\u00e4mmas efter det att annonseringsunderlaget \u00e4r f\u00e4rdigst\u00e4llt.<br \/><br \/><strong>Spr\u00e5k f\u00f6r utveckling av annonser<\/strong><br \/>All kommunikation mellan Eurosalesman Sweden AB och annonsk\u00f6pare ska ske via e-post p\u00e5 engelska\/svenska,<\/p>\n<p><strong>Ber\u00e4kning av deadline och f\u00f6rfallodag<\/strong><br \/>Vid ber\u00e4kning av tidsfrister etc. hos kunden ska Eurosalesmans leveransdag anses vara kundens mottagningsdag<br \/><br \/><strong>Tidpunkt f\u00f6r Eurosalesman Sweden AB:s annonsutkast<\/strong><br \/>Eurosalesman Sweden AB ska i f\u00f6rekommande fall presentera ett utkast till annons f\u00f6r ink\u00f6psansvarig inom 14 dagar fr\u00e5n Eurosalesman Sweden AB:s bekr\u00e4ftelse av aktuell order.<br \/><br \/><strong>Kundens r\u00e4tt till r\u00e4ttelse av reklammaterial<\/strong><br \/>Den som best\u00e4ller framtagning av reklammaterial f\u00f6r en komplett annons<br \/>Eurosalesman Sweden AB kan kr\u00e4va korrigering av det best\u00e4llda reklammaterialet inom rimliga gr\u00e4nser s\u00e5som f\u00e4rgs\u00e4ttning, textlayout och s\u00e5 vidare. Max. 3 skriftliga korrigeringar via e-post inom en period av 15 dagar fr\u00e5n mottagandet av Eurosalesmans f\u00f6rsta utkast till annons. F\u00f6r att detta ska vara giltigt m\u00e5ste kunden\/mottagaren skicka ett e-postmeddelande till Eurosalesman inom 7 dagar efter det att det f\u00f6rsta utkastet till annons med kommentarer\/korrigeringar av det f\u00f6rsta utkastet till annons har mottagits.<br \/><br \/><strong>Best\u00e4mmelser om underl\u00e5tenhet att g\u00f6ra r\u00e4ttelser inom angiven tidsram<\/strong><br \/>Om inga kommentarer\/korrigeringar g\u00f6rs inom 7 dagar ska Eurosalesmans f\u00f6rsta utkast till annons anses vara godk\u00e4nt av ink\u00f6psansvarig i sitt nuvarande skick, ett k\u00f6p kommer att initieras mellan parterna och tj\u00e4nsten anses vara levererad.<br \/>Ovanst\u00e5ende g\u00e4ller \u00e4ven f\u00f6r den 15 dagar l\u00e5nga r\u00e4tten till r\u00e4ttelser\/kommentarer. Det finns en tidsfrist p\u00e5 7 dagar fr\u00e5n det f\u00f6rsta korrigeringsdatumet. Om den ink\u00f6psansvarige inte har kontaktat Eurosalesman kommer ett k\u00f6p av den aktuella produkten fr\u00e5n Eurosalesman att anses ha \u00e4gt rum.<br \/><br \/><strong>\u00c4gander\u00e4tt till annonsen<\/strong><br \/>Efter annonseringstidens utg\u00e5ng har ink\u00f6psansvarig r\u00e4tt till det av Eurosalesman framtagna annonsmaterialet i dess nuvarande skick. D\u00e4rtill h\u00f6rande Tj\u00e4nster etc. skall f\u00f6rnyas av parterna enligt avtal.<\/p>\n<p><strong>Avs\u00e4ttningar f\u00f6r annullering av annonseringsprojekt<\/strong><br \/>F\u00f6ljande ska g\u00e4lla vid avbest\u00e4llning av best\u00e4llt annonsprojekt.<br \/>I allm\u00e4nhet ska Eurosalesman Sweden AB och ink\u00f6psansvarig str\u00e4va efter att n\u00e5 samf\u00f6rst\u00e5nd.<br \/>Den ink\u00f6psansvarige har r\u00e4tt till \u00e5terbetalning av f\u00f6rskottsbetalning f\u00f6r hyra av tj\u00e4nsten annonstid f\u00f6r varje annonsplats som den ink\u00f6psansvarige best\u00e4llt under den aktuella perioden om inte parterna redan tr\u00e4ffat avtal och eventuellt skickat material f\u00f6r framtagande av annonser via e-post till den ink\u00f6psansvarige.<\/p>\n<p><strong>F\u00f6ljande villkor f\u00f6r \u00e5terbetalning av f\u00f6rskottshyra f\u00f6r reklamtidstj\u00e4nsten m\u00e5ste iakttas:<\/strong><br \/>Ans\u00f6kan ska g\u00f6ras skriftligen och mailas till ads@eurosalesman.com och utf\u00e4rdas av en ink\u00f6psansvarig. Ans\u00f6kan m\u00e5ste inneh\u00e5lla ett konto samt all n\u00f6dv\u00e4ndig finansiell information som underl\u00e4ttar denna transaktion. Alla kostnader och d\u00e4rmed sammanh\u00e4ngande transaktioner ska t\u00e4ckas av ink\u00f6psansvarig och ska dras av fr\u00e5n den \u00e5terbetalade k\u00f6pesumman.<br \/>Avbest\u00e4llningsdagen m\u00e5ste antingen infalla f\u00f6re ordererk\u00e4nnandet eller f\u00f6re Eurosalesmans f\u00f6rsta utkast till annons. D\u00e4refter 1-6 dagar efter Eurosalesmans f\u00f6rsta utkast till annons, och d\u00e4refter 1-6 dagar efter den 15 dagar l\u00e5nga korrigerings-\/kommentarperioden f\u00f6r utkastet till annons. .<br \/>Om villkoren ovan inte uppfylls finns det en risk att avbest\u00e4llningen av annonsen inte \u00e4r giltig och i s\u00e5 fall kommer inga pengar att \u00e5terbetalas till dig.<br \/>Om du har n\u00e5gra fr\u00e5gor eller funderingar kring annonsering, v\u00e4nligen skicka ett e-postmeddelande till ads@eurosalesman.com<\/p>\n<h3 class=\"wp-block-heading\">Tvister<\/h3>\n<p>Tvist med anledning av detta avtal och d\u00e4rmed sammanh\u00e4ngande andra sammanhang HYPERLINK \"http: \/\/www.eurosalesman.xx\"<br \/>www.eurosalesman.xx. HYPERL\u00c4NK \"http: \/\/www.eurosalesman.xx\" URL www.eurosalesman.xx anv\u00e4nds som en allm\u00e4n term f\u00f6r alla relevanta sidor i webbportalen Eurosalesman, som inneh\u00e5ller det registrerade varum\u00e4rket Eurosalesman\u00ae och<br \/>med Eurosalesman Sweden AB \u00e4r det endast den engelsk\/svenska spr\u00e5kversionen som g\u00e4ller och som ligger till grund f\u00f6r alla kontakter avseende tvister med Eurosalesman.world\/Eurosalesman Sweden AB. Tvister skall avg\u00f6ras genom skiljedom i enlighet med Regler f\u00f6r F\u00f6renklat Skiljef\u00f6rfarande f\u00f6r Stockholms Handelskammares Skiljedomsinstitut. Skiljef\u00f6rfarandets s\u00e4te skall vara Stockholm. F\u00f6rfarandets spr\u00e5k ska vara engelska eller svenska eller till\u00e4mplig EU-r\u00e4tt ska g\u00e4lla f\u00f6r tvisten.<\/p>\t\t\t\t\t\t\t\t<\/div>\n\t\t\t\t<\/div>\n\t\t\t\t\t<\/div>\n\t\t\t\t<\/div>\n\t\t\t\t<\/div>","protected":false},"excerpt":{"rendered":"<p>ADS Allm\u00e4nna villkor worldwide Eurosalesman AB Sweden Multisite Eurosalesman.com\/eurosalesman.xx Eurosalesman meddelar h\u00e4rmed kunder\/annons\u00f6rer att f\u00f6ljande g\u00e4ller f\u00f6r annonsering\/publicering av material p\u00e5 HYPERLINK \"http: \/\/www.eurosalesman.xx\"www.eurosalesman.xx. HYPERL\u00c4NK \"http: \/\/www.eurosalesman.xx\" URL www.eurosalesman.xx anv\u00e4nds som en allm\u00e4n term f\u00f6r alla relevanta sidor i webbportalen Eurosalesman, som inneh\u00e5ller det registrerade varum\u00e4rket Eurosalesman\u00ae. Externa lagar och [...]<\/p>","protected":false},"author":3,"featured_media":0,"parent":0,"menu_order":0,"comment_status":"closed","ping_status":"closed","template":"","meta":{"_seopress_robots_primary_cat":"","_seopress_titles_title":"","_seopress_titles_desc":"","_seopress_robots_index":"","footnotes":""},"class_list":["post-1412","page","type-page","status-publish","hentry"],"_links":{"self":[{"href":"https:\/\/eurosalesman.com\/sv\/wp-json\/wp\/v2\/pages\/1412","targetHints":{"allow":["GET"]}}],"collection":[{"href":"https:\/\/eurosalesman.com\/sv\/wp-json\/wp\/v2\/pages"}],"about":[{"href":"https:\/\/eurosalesman.com\/sv\/wp-json\/wp\/v2\/types\/page"}],"author":[{"embeddable":true,"href":"https:\/\/eurosalesman.com\/sv\/wp-json\/wp\/v2\/users\/3"}],"replies":[{"embeddable":true,"href":"https:\/\/eurosalesman.com\/sv\/wp-json\/wp\/v2\/comments?post=1412"}],"version-history":[{"count":4,"href":"https:\/\/eurosalesman.com\/sv\/wp-json\/wp\/v2\/pages\/1412\/revisions"}],"predecessor-version":[{"id":1416,"href":"https:\/\/eurosalesman.com\/sv\/wp-json\/wp\/v2\/pages\/1412\/revisions\/1416"}],"wp:attachment":[{"href":"https:\/\/eurosalesman.com\/sv\/wp-json\/wp\/v2\/media?parent=1412"}],"curies":[{"name":"wp","href":"https:\/\/api.w.org\/{rel}","templated":true}]}}