{"id":1964,"date":"2025-02-13T16:27:50","date_gmt":"2025-02-13T15:27:50","guid":{"rendered":"https:\/\/eurosalesman.com\/?post_type=product&#038;p=1964"},"modified":"2025-03-26T13:21:15","modified_gmt":"2025-03-26T12:21:15","slug":"premium-off-page-seo-package","status":"publish","type":"product","link":"https:\/\/eurosalesman.com\/sv\/services\/premium-off-page-seo-package\/","title":{"rendered":"Premium Off-Page SEO"},"content":{"rendered":"<section class=\"package-content\">\n<div class=\"two-column-container\">\n<p><!-- Left Column: How It Works --><\/p>\n<div class=\"first column\">\n<h3>Hur det fungerar<\/h3>\n<dl class=\"steps\">\n<dt>Steg 1:<\/dt>\n<dd>Du tillhandah\u00e5ller de \u00f6nskade bak\u00e5tl\u00e4nkarna till din webbplats (webbadresser, ankartexter etc.).<\/dd>\n<dt>Steg 2:<\/dt>\n<dd>V\u00e5rt team skapar SEO-v\u00e4nliga inl\u00e4gg och integrerar dina backlinks p\u00e5 v\u00e5ra n\u00e4tverkssajter.<\/dd>\n<dt>Steg 3:<\/dt>\n<dd>Inl\u00e4ggen publiceras p\u00e5 v\u00e5ra webbplatser med h\u00f6g auktoritet, vilket \u00f6kar din webbplats trov\u00e4rdighet och SEO-m\u00e4tv\u00e4rden.<\/dd>\n<dt>Steg 4:<\/dt>\n<dd>Du f\u00e5r en m\u00e5natlig resultatrapport som beskriver resultaten och effekterna.<\/dd>\n<\/dl>\n<\/div>\n<p><!-- Right Column: What You Get --><\/p>\n<div class=\"column\">\n<h3>Vad du f\u00e5r<\/h3>\n<dl class=\"what-you-get\">\n<dt>N\u00e4tverk Post Publishing<\/dt>\n<dd>De backlinks du tillhandah\u00e5ller integreras s\u00f6ml\u00f6st i engagerande, SEO-v\u00e4nliga inl\u00e4gg.<br \/>\nGaranterad publicering p\u00e5 utvalda sajter inom v\u00e5rt premiumn\u00e4tverk.<\/dd>\n<dt>Optimering av inneh\u00e5ll<\/dt>\n<dd>Varje inl\u00e4gg \u00e4r utformat f\u00f6r att f\u00f6lja b\u00e4sta praxis f\u00f6r SEO, vilket f\u00f6rb\u00e4ttrar relevansen och synligheten.<br \/>\nV\u00e5rt redaktionella team ser till att inneh\u00e5llet st\u00f6der din backlink-strategi p\u00e5 ett effektivt s\u00e4tt.<\/dd>\n<dt>Rapportering av resultat<\/dt>\n<dd>M\u00e5nadsrapporter som sp\u00e5rar inl\u00e4ggets prestanda, synlighet f\u00f6r bak\u00e5tl\u00e4nkar och SEO-effekt.<br \/>\nInsikter och rekommendationer som hj\u00e4lper dig att maximera dina SEO-vinster.<\/dd>\n<\/dl>\n<\/div>\n<\/div>\n<\/section>","protected":false},"excerpt":{"rendered":"<p>Dominera s\u00f6kmotorerna och \u00f6ka din auktoritet p\u00e5 n\u00e4tet med v\u00e5rt Premium Off-Page SEO-paket. Utnyttja v\u00e5rt fullst\u00e4ndiga n\u00e4tverk av <strong>52 webbplatser med h\u00f6g auktoritet<\/strong> f\u00f6r o\u00f6vertr\u00e4ffad exponering. Med v\u00e5rt Premiumpaket publicerar vi SEO-optimerade inl\u00e4gg p\u00e5 <strong>alla 52 platser<\/strong>, var och en med <strong>1 kontextuell utl\u00e4nk<\/strong> till din webbplats. Denna omfattande strategi \u00e4r utformad f\u00f6r att avsev\u00e4rt \u00f6ka din dom\u00e4nauktoritet, h\u00f6ja din s\u00f6kordsrankning och driva organisk trafik av h\u00f6g kvalitet.<\/p>\n<ul>\n<li><strong>52 N\u00e4tverksinl\u00e4gg:<\/strong> Bli publicerad p\u00e5 alla 52 av v\u00e5ra premiumsajter.<\/li>\n<li><strong>5 utl\u00e4nkar per inl\u00e4gg:<\/strong> Varje inl\u00e4gg inneh\u00e5ller kontextuella bak\u00e5tl\u00e4nkar till din webbplats.<\/li>\n<li><strong>Avancerat SEO-inneh\u00e5ll:<\/strong> Expertutformat inneh\u00e5ll som \u00e4r optimerat f\u00f6r maximal effekt.<\/li>\n<li><strong>Omfattande rapportering:<\/strong> Detaljerad m\u00e5natlig analys och anv\u00e4ndbara insikter.<\/li>\n<\/ul>\n<p>F\u00f6rb\u00e4ttra din SEO-strategi och dominera din nisch med v\u00e5rt Premium Off-Page SEO-paket.<\/p>","protected":false},"featured_media":2378,"comment_status":"closed","ping_status":"closed","template":"","meta":{"_seopress_robots_primary_cat":"","_seopress_titles_title":"","_seopress_titles_desc":"","_seopress_robots_index":""},"product_brand":[],"product_cat":[36],"product_tag":[],"class_list":{"0":"post-1964","1":"product","2":"type-product","3":"status-publish","4":"has-post-thumbnail","6":"product_cat-seo","8":"first","9":"instock","10":"virtual","11":"purchasable","12":"product-type-simple"},"_links":{"self":[{"href":"https:\/\/eurosalesman.com\/sv\/wp-json\/wp\/v2\/product\/1964","targetHints":{"allow":["GET"]}}],"collection":[{"href":"https:\/\/eurosalesman.com\/sv\/wp-json\/wp\/v2\/product"}],"about":[{"href":"https:\/\/eurosalesman.com\/sv\/wp-json\/wp\/v2\/types\/product"}],"replies":[{"embeddable":true,"href":"https:\/\/eurosalesman.com\/sv\/wp-json\/wp\/v2\/comments?post=1964"}],"wp:featuredmedia":[{"embeddable":true,"href":"https:\/\/eurosalesman.com\/sv\/wp-json\/wp\/v2\/media\/2378"}],"wp:attachment":[{"href":"https:\/\/eurosalesman.com\/sv\/wp-json\/wp\/v2\/media?parent=1964"}],"wp:term":[{"taxonomy":"product_brand","embeddable":true,"href":"https:\/\/eurosalesman.com\/sv\/wp-json\/wp\/v2\/product_brand?post=1964"},{"taxonomy":"product_cat","embeddable":true,"href":"https:\/\/eurosalesman.com\/sv\/wp-json\/wp\/v2\/product_cat?post=1964"},{"taxonomy":"product_tag","embeddable":true,"href":"https:\/\/eurosalesman.com\/sv\/wp-json\/wp\/v2\/product_tag?post=1964"}],"curies":[{"name":"wp","href":"https:\/\/api.w.org\/{rel}","templated":true}]}}