{"id":2076,"date":"2025-02-25T13:48:41","date_gmt":"2025-02-25T12:48:41","guid":{"rendered":"https:\/\/eurosalesman.com\/?post_type=product&#038;p=2076"},"modified":"2025-03-19T14:38:16","modified_gmt":"2025-03-19T13:38:16","slug":"ppi-global-ad-impact","status":"publish","type":"product","link":"https:\/\/eurosalesman.com\/sv\/services\/ppi-global-ad-impact\/","title":{"rendered":"PPI Global annonsp\u00e5verkan"},"content":{"rendered":"<section class=\"package-content\">\n<div class=\"two-column-container\">\n<p><!-- Left Column: How It Works --><\/p>\n<div class=\"first column\">\n<h3>Hur det fungerar<\/h3>\n<dl class=\"steps\">\n<dt>Steg 1:<\/dt>\n<dd>Du tillhandah\u00e5ller annonsmaterial, m\u00e5lgruppsinformation och kampanjm\u00e5l.<\/dd>\n<dt>Steg 2:<\/dt>\n<dd>V\u00e5r plattform placerar din annons p\u00e5 ett strategiskt s\u00e4tt i v\u00e5rt h\u00f6gkvalitativa n\u00e4tverk.<\/dd>\n<dt>Steg 3:<\/dt>\n<dd>Du betalar bara n\u00e4r anv\u00e4ndarna interagerar med din annons.<\/dd>\n<dt>Steg 4:<\/dt>\n<dd>F\u00e5 detaljerade, transparenta resultatrapporter f\u00f6r att sp\u00e5ra varje interaktion och m\u00e4ta ROI.<\/dd>\n<\/dl>\n<\/div>\n<p><!-- Right Column: What You Get --><\/p>\n<div class=\"column\">\n<h3>Vad du f\u00e5r<\/h3>\n<dl class=\"what-you-get\">\n<dt>Betalning per interaktion<\/dt>\n<dd>Investera bara i \u00e4kta anv\u00e4ndarmedverkan och se till att varje dollar ger resultat.<\/dd>\n<dt>H\u00f6gkvalitativa annonsplaceringar<\/dt>\n<dd>Dina annonser visas i v\u00e5rt premiumn\u00e4tverk och n\u00e5r en riktad, engagerad publik.<\/dd>\n<dt>Transparent analys<\/dt>\n<dd>F\u00e5 tillg\u00e5ng till omfattande rapporter som beskriver varje interaktion, klick och engagemangsm\u00e4tning.<\/dd>\n<dt>Flexibel budgetering<\/dt>\n<dd>Justera dina annonsutgifter i realtid baserat p\u00e5 resultat f\u00f6r att s\u00e4kerst\u00e4lla optimal ROI.<\/dd>\n<\/dl>\n<\/div>\n<\/div>\n<\/section>","protected":false},"excerpt":{"rendered":"<p>&nbsp;<\/p>\n<p data-start=\"32\" data-end=\"85\"><strong data-start=\"32\" data-end=\"83\">Sl\u00e4pp loss ditt varum\u00e4rkes potential \u00f6ver hela v\u00e4rlden<\/strong><\/p>\n<p data-start=\"87\" data-end=\"520\">F\u00f6r f\u00f6retag som \u00e4r redo att g\u00f6ra en v\u00e4rldsomsp\u00e4nnande insats \u00e4r <strong data-start=\"140\" data-end=\"164\">PPI Global annonsp\u00e5verkan<\/strong> paketet ger o\u00f6vertr\u00e4ffad r\u00e4ckvidd \u00f6ver hela <strong data-start=\"208\" data-end=\"260\">Nordamerika, Europa, Asien, Afrika och Oceanien<\/strong>. Genom att kombinera <strong data-start=\"275\" data-end=\"327\">Eurosalesmans exklusiva marknadsdom\u00e4ner (ccTLD)<\/strong> med precisionsinriktad annonsering, AI-drivet inneh\u00e5llsskapande och <strong data-start=\"397\" data-end=\"434\">Google Analytics-drivna insikter<\/strong>Detta paket s\u00e4kerst\u00e4ller att ditt varum\u00e4rke sticker ut p\u00e5 de mest konkurrensutsatta globala marknaderna.<\/p>\n<p data-start=\"522\" data-end=\"753\">Med en <strong data-start=\"529\" data-end=\"592\">datadriven, juridiskt skyddad och strategiskt optimerad<\/strong> Eurosalesman\u00ae ger f\u00f6retag verktygen f\u00f6r att <strong data-start=\"667\" data-end=\"751\">maximera engagemanget, f\u00f6rb\u00e4ttra s\u00f6kbarheten och driva konverteringar \u00f6ver hela v\u00e4rlden.<\/strong><\/p>\n<p data-start=\"755\" data-end=\"1279\">\u2714 <strong data-start=\"757\" data-end=\"789\">Marknadspenetration \u00f6ver hela v\u00e4rlden<\/strong> - F\u00e5 en n\u00e4rvaro i <strong data-start=\"810\" data-end=\"832\">viktiga globala regioner<\/strong> med riktade annonsstrategier som \u00e4r anpassade till olika marknader.<br data-start=\"889\" data-end=\"892\" \/>\u2714 <strong data-start=\"894\" data-end=\"920\">Lokaliserad annonsinriktning<\/strong> - Dra nytta av <strong data-start=\"936\" data-end=\"976\">geooptimerat, AI-drivet annonsinneh\u00e5ll<\/strong> som g\u00e5r hem hos publiken i olika l\u00e4nder.<br data-start=\"1030\" data-end=\"1033\" \/>\u2714 <strong data-start=\"1035\" data-end=\"1070\">Global synlighet i s\u00f6kmotorer<\/strong> - S\u00e4ker <strong data-start=\"1080\" data-end=\"1129\">topplaceringar i internationella s\u00f6kresultat<\/strong> anv\u00e4nda landsspecifika ccTLD:er.<br data-start=\"1160\" data-end=\"1163\" \/>\u2714 <strong data-start=\"1165\" data-end=\"1199\">Insikter om prestanda i realtid<\/strong> - Utnyttja <strong data-start=\"1210\" data-end=\"1239\">Sp\u00e5rning i Google Analytics<\/strong> f\u00f6r att f\u00f6rfina kampanjer och optimera ROI.<\/p>\n<p data-start=\"1281\" data-end=\"1432\"><strong data-start=\"1281\" data-end=\"1430\">Med Eurosalesman\u00ae f\u00e5r ditt f\u00f6retag en konkurrensf\u00f6rdel p\u00e5 v\u00e4rldens mest v\u00e4rdefulla marknader - s\u00e4kert, strategiskt och med maximal effekt.<\/strong><\/p>\n<p>&nbsp;<\/p>","protected":false},"featured_media":2282,"comment_status":"closed","ping_status":"closed","template":"","meta":{"_seopress_robots_primary_cat":"","_seopress_titles_title":"","_seopress_titles_desc":"","_seopress_robots_index":""},"product_brand":[],"product_cat":[39],"product_tag":[],"class_list":{"0":"post-2076","1":"product","2":"type-product","3":"status-publish","4":"has-post-thumbnail","6":"product_cat-advertising","8":"first","9":"instock","10":"shipping-taxable","11":"purchasable","12":"product-type-variable"},"_links":{"self":[{"href":"https:\/\/eurosalesman.com\/sv\/wp-json\/wp\/v2\/product\/2076","targetHints":{"allow":["GET"]}}],"collection":[{"href":"https:\/\/eurosalesman.com\/sv\/wp-json\/wp\/v2\/product"}],"about":[{"href":"https:\/\/eurosalesman.com\/sv\/wp-json\/wp\/v2\/types\/product"}],"replies":[{"embeddable":true,"href":"https:\/\/eurosalesman.com\/sv\/wp-json\/wp\/v2\/comments?post=2076"}],"wp:featuredmedia":[{"embeddable":true,"href":"https:\/\/eurosalesman.com\/sv\/wp-json\/wp\/v2\/media\/2282"}],"wp:attachment":[{"href":"https:\/\/eurosalesman.com\/sv\/wp-json\/wp\/v2\/media?parent=2076"}],"wp:term":[{"taxonomy":"product_brand","embeddable":true,"href":"https:\/\/eurosalesman.com\/sv\/wp-json\/wp\/v2\/product_brand?post=2076"},{"taxonomy":"product_cat","embeddable":true,"href":"https:\/\/eurosalesman.com\/sv\/wp-json\/wp\/v2\/product_cat?post=2076"},{"taxonomy":"product_tag","embeddable":true,"href":"https:\/\/eurosalesman.com\/sv\/wp-json\/wp\/v2\/product_tag?post=2076"}],"curies":[{"name":"wp","href":"https:\/\/api.w.org\/{rel}","templated":true}]}}