{"id":2381,"date":"2025-03-26T13:41:28","date_gmt":"2025-03-26T12:41:28","guid":{"rendered":"https:\/\/eurosalesman.com\/?post_type=product&#038;p=2381"},"modified":"2025-03-26T13:47:42","modified_gmt":"2025-03-26T12:47:42","slug":"starter-visibility-bundle","status":"publish","type":"product","link":"https:\/\/eurosalesman.com\/sv\/services\/starter-visibility-bundle\/","title":{"rendered":"Startpaket f\u00f6r synlighet"},"content":{"rendered":"<section class=\"package-content\">\n<div class=\"two-column-container\">\n<p><!-- Left Column: How It Works --><\/p>\n<div class=\"first column\">\n<h3>Hur det fungerar<\/h3>\n<dl class=\"steps\">\n<dt>Steg 1:<\/dt>\n<dd>Vi skapar din Google Business-profil och samlar in viktiga lokala s\u00f6kord och m\u00e5lomr\u00e5den.<\/dd>\n<dt>Steg 2:<\/dt>\n<dd>V\u00e5rt team lanserar din Ads-startkampanj med geoinriktade annonser och skr\u00e4ddarsydda annonstexter f\u00f6r att n\u00e5 lokala kunder.<\/dd>\n<dt>Steg 3:<\/dt>\n<dd>Vi s\u00e4krar 10 backlinks med h\u00f6g auktoritet varje m\u00e5nad med optimerad ankartext som pekar p\u00e5 dina nyckelsidor f\u00f6r lokal SEO-effekt.<\/dd>\n<dt>Steg 4:<\/dt>\n<dd>Du f\u00e5r en transparent m\u00e5nadsrapport med PPC-resultat, backlinkprestanda och strategiska insikter.<\/dd>\n<\/dl>\n<\/div>\n<p><!-- Right Column: What You Get --><\/p>\n<div class=\"column\">\n<h3>Vad du f\u00e5r<\/h3>\n<dl class=\"what-you-get\">\n<dt>Lokal SEO-boost med h\u00f6g auktoritet<\/dt>\n<dd>10 kvalitetsbaksl\u00e4nkar varje m\u00e5nad med optimerad ankartext som riktar sig till dina lokala s\u00f6kord, plus installation och optimering av Google Business Profile.<\/dd>\n<dt>Startkampanj f\u00f6r Google Ads<\/dt>\n<dd>Fullt hanterad kampanj utformad f\u00f6r att generera ~1 000 lokala annonsinteraktioner varje m\u00e5nad, med geom\u00e5linriktade annonser och l\u00f6pande copy- och s\u00f6kordsoptimering.<\/dd>\n<dt>Prestationsrapportering och support<\/dt>\n<dd>M\u00e5natlig instrumentpanel som sammanfattar SEO- och PPC-prestanda, plus e-postsupport f\u00f6r strategifr\u00e5gor och kampanjjusteringar.<\/dd>\n<\/dl>\n<\/div>\n<\/div>\n<\/section>","protected":false},"excerpt":{"rendered":"<p>Ta steget in p\u00e5 lokala marknader med en kraftfull kombination av off-page SEO, geoinriktade annonser och transparent rapportering - utformad f\u00f6r att bygga f\u00f6rtroende, driva trafik och etablera ditt f\u00f6retag d\u00e4r det betyder mest: i ditt lokala omr\u00e5de.<\/p>\n<p>Det h\u00e4r paketet kombinerar backlinks med h\u00f6g auktoritet, optimerad lokal synlighet och annonsprestanda i realtid f\u00f6r att hj\u00e4lpa ditt f\u00f6retag att rankas, hittas och konvertera. Perfekt f\u00f6r f\u00f6retag som tar sitt f\u00f6rsta seri\u00f6sa steg mot lokal dominans p\u00e5 n\u00e4tet - utan l\u00e5ngsiktig inl\u00e5sning.<\/p>","protected":false},"featured_media":2382,"comment_status":"closed","ping_status":"closed","template":"","meta":{"_seopress_robots_primary_cat":"","_seopress_titles_title":"","_seopress_titles_desc":"","_seopress_robots_index":""},"product_brand":[],"product_cat":[41],"product_tag":[],"class_list":{"0":"post-2381","1":"product","2":"type-product","3":"status-publish","4":"has-post-thumbnail","6":"product_cat-bundle","8":"first","9":"instock","10":"shipping-taxable","11":"purchasable","12":"product-type-simple"},"_links":{"self":[{"href":"https:\/\/eurosalesman.com\/sv\/wp-json\/wp\/v2\/product\/2381","targetHints":{"allow":["GET"]}}],"collection":[{"href":"https:\/\/eurosalesman.com\/sv\/wp-json\/wp\/v2\/product"}],"about":[{"href":"https:\/\/eurosalesman.com\/sv\/wp-json\/wp\/v2\/types\/product"}],"replies":[{"embeddable":true,"href":"https:\/\/eurosalesman.com\/sv\/wp-json\/wp\/v2\/comments?post=2381"}],"wp:featuredmedia":[{"embeddable":true,"href":"https:\/\/eurosalesman.com\/sv\/wp-json\/wp\/v2\/media\/2382"}],"wp:attachment":[{"href":"https:\/\/eurosalesman.com\/sv\/wp-json\/wp\/v2\/media?parent=2381"}],"wp:term":[{"taxonomy":"product_brand","embeddable":true,"href":"https:\/\/eurosalesman.com\/sv\/wp-json\/wp\/v2\/product_brand?post=2381"},{"taxonomy":"product_cat","embeddable":true,"href":"https:\/\/eurosalesman.com\/sv\/wp-json\/wp\/v2\/product_cat?post=2381"},{"taxonomy":"product_tag","embeddable":true,"href":"https:\/\/eurosalesman.com\/sv\/wp-json\/wp\/v2\/product_tag?post=2381"}],"curies":[{"name":"wp","href":"https:\/\/api.w.org\/{rel}","templated":true}]}}